{"id":11856,"date":"2023-02-15T17:08:30","date_gmt":"2023-02-15T16:08:30","guid":{"rendered":"https:\/\/www.efaflex.com\/?page_id=11856"},"modified":"2026-05-11T13:18:14","modified_gmt":"2026-05-11T11:18:14","slug":"unternehmensfuehrung","status":"publish","type":"page","link":"https:\/\/www.efaflex.com\/de\/unternehmen\/unternehmensfuehrung\/","title":{"rendered":"Unternehmensf\u00fchrung"},"content":{"rendered":"\r\n<script type=\"application\/javascript\">\r\n    window.addEventListener('DOMContentLoaded', function() {\r\n        jQuery(document).ready(function($){\r\n            var sliderid = \"block_466f87612bc9e93069d3d21aacef6760\";\r\n            $('#'+sliderid).slick({\r\n                infinite: true,\r\n                dots: false,\r\n                lazyLoad: 'ondemand',\r\n                autoplay: false,\r\n                arrows: true,\r\n                fade: true,\r\n                speed: 500,\r\n                pauseOnHover: false,\r\n                prevArrow: '<div class=\"slick-prev slick-button\"><svg xmlns=\"http:\/\/www.w3.org\/2000\/svg\" viewBox=\"0 0 448 512\"><!--! Font Awesome Pro 6.1.1 by @fontawesome - https:\/\/fontawesome.com License - https:\/\/fontawesome.com\/license (Commercial License) Copyright 2022 Fonticons, Inc. --><path d=\"M77.25 256l137.4-137.4c12.5-12.5 12.5-32.75 0-45.25s-32.75-12.5-45.25 0l-160 160c-12.5 12.5-12.5 32.75 0 45.25l160 160C175.6 444.9 183.8 448 192 448s16.38-3.125 22.62-9.375c12.5-12.5 12.5-32.75 0-45.25L77.25 256zM269.3 256l137.4-137.4c12.5-12.5 12.5-32.75 0-45.25s-32.75-12.5-45.25 0l-160 160c-12.5 12.5-12.5 32.75 0 45.25l160 160C367.6 444.9 375.8 448 384 448s16.38-3.125 22.62-9.375c12.5-12.5 12.5-32.75 0-45.25L269.3 256z\"\/><\/svg><\/div>',\r\n                nextArrow: '<div class=\"slick-next slick-button\"><svg xmlns=\"http:\/\/www.w3.org\/2000\/svg\" viewBox=\"0 0 448 512\"><!--! Font Awesome Pro 6.1.1 by @fontawesome - https:\/\/fontawesome.com License - https:\/\/fontawesome.com\/license (Commercial License) Copyright 2022 Fonticons, Inc. --><path fill=\"ff0000\" style=\"height: 22px\" d=\"M246.6 233.4l-160-160c-12.5-12.5-32.75-12.5-45.25 0s-12.5 32.75 0 45.25L178.8 256l-137.4 137.4c-12.5 12.5-12.5 32.75 0 45.25C47.63 444.9 55.81 448 64 448s16.38-3.125 22.62-9.375l160-160C259.1 266.1 259.1 245.9 246.6 233.4zM438.6 233.4l-160-160c-12.5-12.5-32.75-12.5-45.25 0s-12.5 32.75 0 45.25L370.8 256l-137.4 137.4c-12.5 12.5-12.5 32.75 0 45.25C239.6 444.9 247.8 448 256 448s16.38-3.125 22.62-9.375l160-160C451.1 266.1 451.1 245.9 438.6 233.4z\"\/><\/svg><\/div>',\r\n            });\r\n        });\r\n    });\r\n<\/script>\r\n\r\n<div id=\"block_466f87612bc9e93069d3d21aacef6760\" class=\"bild-video-text-slider block-header-bild-video-text-slider\">\r\n                        <div>\r\n                <div class=\"bild-video-text-slider--slide\">\r\n                                            <div class=\"img-vid-box\">\r\n                            <div class=\"img-sizer\">\r\n                                <img decoding=\"async\" width=\"1772\" height=\"800\" src=\"https:\/\/www.efaflex.com\/wp-content\/uploads\/2025\/11\/firmengebaeude-efaflex-bruckberg-1772x800.jpg\" class=\"attachment-image-big size-image-big\" alt=\"\" \/>                            <\/div>\r\n                        <\/div>\r\n                        <div class=\"video-text\">\r\n                            <h1>Die <span class=\"highlighted\">Unternehmensf\u00fchrung.<\/span><\/h1>\n                        <\/div>\r\n                                    <\/div>\r\n\r\n            <\/div>\r\n            <\/div>\n\n\r\n\r\n<div id=\"breadcrump-block_9f72781edc52c2640ee261d368891d86\" class=\"inner\">\r\n        <nav class=\"breadcrumb\"><a href=\"https:\/\/www.efaflex.com\/de\/\">Startseite<\/a> \/ <span class=\"current-page\">Seite<\/span><\/nav>    <\/div>\n\n\n<div style=\"height:100px\" aria-hidden=\"true\" class=\"wp-block-spacer\"><\/div>\n\n\n\r\n\r\n<div id=\"textmodul-3-spalten-block_8449bb80e916968eaf42a2595bbe35f0\" class=\"textmodul-3-spalten\">\r\n    <div class=\"inner\">\r\n        <div class=\"custom-flex-box\">\r\n                            <h2 class=\"flex-box-thirty break headline-two\">Unsere Gesellschafter.<\/h2>                        <div class=\"flex-box-thirty\"><p>Seit der Gr\u00fcndung 1974 ist die EFAFLEX Tor- und Sicherheitssysteme GmbH &amp; Co. KG ein familiengef\u00fchrtes Unternehmen. An der Spitze stehen die zwei Gesellschafter Christopher Seysen und Petra Rejc.<\/p>\n<\/div>\r\n            <div class=\"flex-box-thirty\"><p>Familie Seysen ist f\u00fcr den Gesch\u00e4ftsbereich Vertrieb und Familie Rejc f\u00fcr den Gesch\u00e4ftsbereich Technik verantwortlich.<\/p>\n<\/div>\r\n        <\/div>\r\n    <\/div>\r\n<\/div>\r\n\n\n\n<div style=\"height:200px\" aria-hidden=\"true\" class=\"wp-block-spacer\"><\/div>\n\n\n<div class=\"inner\">\r\n    <div id=\"bild-text-modul-1-3-block_39a6fd869e8d0d0c69732335c825d9d2\" class=\"themen-container custom-flex-box\">\r\n                                    <div class=\"thema-box flex-box-thirty\">\r\n                                            <div class=\"bild-box\">\r\n                                                                                                                    <img decoding=\"async\" width=\"480\" height=\"340\" src=\"https:\/\/www.efaflex.com\/wp-content\/uploads\/2023\/01\/Gesellschafter_Christopher-Seysen-e1674736583893.jpg\" class=\"attachment-thementease-thumbnail size-thementease-thumbnail\" alt=\"\" srcset=\"https:\/\/www.efaflex.com\/wp-content\/uploads\/2023\/01\/Gesellschafter_Christopher-Seysen-e1674736583893.jpg 480w, https:\/\/www.efaflex.com\/wp-content\/uploads\/2023\/01\/Gesellschafter_Christopher-Seysen-e1674736583893-300x213.jpg 300w\" sizes=\"(max-width: 480px) 100vw, 480px\" \/>                                                    <\/div>\r\n                                            \r\n                                                                <h2 class=\"headline-two\">\r\n                                                        Christopher Seysen                        <\/h2>\r\n                    \r\n                        <p class=\"normal-font\">Christopher Seysen ist seit 1998 Gesellschafter der EFAFLEX Tor- und Sicherheitssysteme GmbH &#038; Co. KG und f\u00fchrt das Unternehmen bereits in zweiter Generation. Bis 2013 fungierte er au\u00dferdem als Gesch\u00e4ftsf\u00fchrer f\u00fcr den Bereich Vertrieb, eine Position, die er 2002 von seinem Vater \u00fcbernommen hatte. Gemeinsam haben die beiden ein Netz von Vertriebs- und Kundendienstniederlassungen auf allen Kontinenten aufgebaut, Tochtergesellschaften gegr\u00fcndet und EFAFLEX damit klar auf dem Weltmarkt positioniert. Bis heute ist Christopher Seysen zudem Gesch\u00e4ftsf\u00fchrer der gr\u00f6\u00dften Tochtergesellschaft f\u00fcr Vertrieb und Kundendienst.<\/p>\r\n                                                                                        <\/div>\r\n                            <div class=\"thema-box flex-box-thirty\">\r\n                                            <div class=\"bild-box\">\r\n                                                                                                                    <img decoding=\"async\" width=\"1920\" height=\"1250\" src=\"https:\/\/www.efaflex.com\/wp-content\/uploads\/2026\/05\/rejc-petra-gesellschafter-technik-e1778493526449.jpg\" class=\"attachment-thementease-thumbnail size-thementease-thumbnail\" alt=\"\" srcset=\"https:\/\/www.efaflex.com\/wp-content\/uploads\/2026\/05\/rejc-petra-gesellschafter-technik-e1778493526449.jpg 1920w, https:\/\/www.efaflex.com\/wp-content\/uploads\/2026\/05\/rejc-petra-gesellschafter-technik-e1778493526449-300x195.jpg 300w, https:\/\/www.efaflex.com\/wp-content\/uploads\/2026\/05\/rejc-petra-gesellschafter-technik-e1778493526449-1024x667.jpg 1024w, https:\/\/www.efaflex.com\/wp-content\/uploads\/2026\/05\/rejc-petra-gesellschafter-technik-e1778493526449-768x500.jpg 768w, https:\/\/www.efaflex.com\/wp-content\/uploads\/2026\/05\/rejc-petra-gesellschafter-technik-e1778493526449-1536x1000.jpg 1536w\" sizes=\"(max-width: 1920px) 100vw, 1920px\" \/>                                                    <\/div>\r\n                                            \r\n                                                                <h2 class=\"headline-two\">\r\n                                                        Petra Rejc                        <\/h2>\r\n                    \r\n                        <p class=\"normal-font\">Petra Rejc ist seit 1998 Gesellschafterin der EFAFLEX Tor- und Sicherheitssysteme GmbH &#038; Co. KG und f\u00fchrt das Unternehmen bereits in zweiter Generation. Bis 2013 fungierte sie au\u00dferdem als Gesch\u00e4ftsf\u00fchrerin f\u00fcr den Bereich Technik, eine Position, die sie ab 1998 gemeinsam mit ihrem Vater ausgef\u00fchrt hatte. Bis heute ist sie Gesch\u00e4ftsf\u00fchrerin der Entwicklungsgesellschaft in Slowenien und damit ma\u00dfgeblich f\u00fcr die Produktentwicklung verantwortlich. Gemeinsam mit ihrem Vater hat sie Entwicklungs- und Fertigungsstandorte aufgebaut, Vertriebs- und Kundendienstniederlassungen sowie weltweit Tochtergesellschaften gegr\u00fcndet.<\/p>\r\n                                                                                        <\/div>\r\n                        <\/div>\r\n<\/div>\r\n\n\n\n<div style=\"height:100px\" aria-hidden=\"true\" class=\"wp-block-spacer\"><\/div>\n\n\n<div class=\"inner\">\r\n    <div id=\"bild-text-modul-1-3-block_85a6ca41fcaaff6b6b35b88c79dae952\" class=\"themen-container custom-flex-box\">\r\n                                    <div class=\"thema-box flex-box-thirty\">\r\n                                            <div class=\"bild-box\">\r\n                                                                                                                    <img decoding=\"async\" width=\"1620\" height=\"1376\" src=\"https:\/\/www.efaflex.com\/wp-content\/uploads\/2023\/12\/IMG_3731-zugeschnitten-und-schwarzweiss-1-e1778493045390.jpg\" class=\"attachment-thementease-thumbnail size-thementease-thumbnail\" alt=\"\" srcset=\"https:\/\/www.efaflex.com\/wp-content\/uploads\/2023\/12\/IMG_3731-zugeschnitten-und-schwarzweiss-1-e1778493045390.jpg 1620w, https:\/\/www.efaflex.com\/wp-content\/uploads\/2023\/12\/IMG_3731-zugeschnitten-und-schwarzweiss-1-e1778493045390-300x255.jpg 300w, https:\/\/www.efaflex.com\/wp-content\/uploads\/2023\/12\/IMG_3731-zugeschnitten-und-schwarzweiss-1-e1778493045390-768x652.jpg 768w, https:\/\/www.efaflex.com\/wp-content\/uploads\/2023\/12\/IMG_3731-zugeschnitten-und-schwarzweiss-1-e1778493045390-1024x870.jpg 1024w, https:\/\/www.efaflex.com\/wp-content\/uploads\/2023\/12\/IMG_3731-zugeschnitten-und-schwarzweiss-1-e1778493045390-1536x1305.jpg 1536w\" sizes=\"(max-width: 1620px) 100vw, 1620px\" \/>                                                    <\/div>\r\n                                            \r\n                                                                <h2 class=\"headline-two\">\r\n                                                        Manfred Seysen (\u2020 2024)                        <\/h2>\r\n                    \r\n                        <p class=\"normal-font\">Manfred Seysen war Gesellschafter und Mitgr\u00fcnder der EFAFLEX Tor- und Sicherheitssysteme GmbH &#038; Co. KG. Das Unternehmen gr\u00fcndete er 1974 gemeinsam mit Gabriel Rejc und Gustav Meyer. Er \u00fcbernahm zun\u00e4chst die Abteilung \u201eTore\u201c, die sich damals ausschlie\u00dflich auf schnelllaufende Industrietore konzentrierte. Von 1986 bis 2002 war er Gesch\u00e4ftsf\u00fchrer f\u00fcr den Bereich Vertrieb, bevor er die Position an seinen Sohn Christopher \u00fcbergab. Gemeinsam haben Vater und Sohn ein gro\u00dfes Netz von Vertriebs- und Kundendienstniederlassungen auf allen Kontinenten aufgebaut und weltweit Tochtergesellschaften gegr\u00fcndet.<\/p>\r\n                                                                                        <\/div>\r\n                            <div class=\"thema-box flex-box-thirty\">\r\n                                            <div class=\"bild-box\">\r\n                                                                                                                    <img decoding=\"async\" width=\"1920\" height=\"1279\" src=\"https:\/\/www.efaflex.com\/wp-content\/uploads\/2026\/05\/rejc-gabrijel-gesellschafter-technik.jpg\" class=\"attachment-thementease-thumbnail size-thementease-thumbnail\" alt=\"\" srcset=\"https:\/\/www.efaflex.com\/wp-content\/uploads\/2026\/05\/rejc-gabrijel-gesellschafter-technik.jpg 1920w, https:\/\/www.efaflex.com\/wp-content\/uploads\/2026\/05\/rejc-gabrijel-gesellschafter-technik-300x200.jpg 300w, https:\/\/www.efaflex.com\/wp-content\/uploads\/2026\/05\/rejc-gabrijel-gesellschafter-technik-1024x682.jpg 1024w, https:\/\/www.efaflex.com\/wp-content\/uploads\/2026\/05\/rejc-gabrijel-gesellschafter-technik-768x512.jpg 768w, https:\/\/www.efaflex.com\/wp-content\/uploads\/2026\/05\/rejc-gabrijel-gesellschafter-technik-1536x1023.jpg 1536w, https:\/\/www.efaflex.com\/wp-content\/uploads\/2026\/05\/rejc-gabrijel-gesellschafter-technik-1083x720.jpg 1083w, https:\/\/www.efaflex.com\/wp-content\/uploads\/2026\/05\/rejc-gabrijel-gesellschafter-technik-382x254.jpg 382w\" sizes=\"(max-width: 1920px) 100vw, 1920px\" \/>                                                    <\/div>\r\n                                            \r\n                                                                <h2 class=\"headline-two\">\r\n                                                        Gabrijel Rejc (\u2020 2023)                        <\/h2>\r\n                    \r\n                        <p class=\"normal-font\">Gabrijel Rejc war Gesellschafter und Mitgr\u00fcnder der EFAFLEX Tor- und Sicherheitssysteme GmbH &#038; Co. KG. Das Unternehmen gr\u00fcndete er 1974 gemeinsam mit Manfred Seysen und Gustav Meyer. Von 1986 bis 2007 war er Gesch\u00e4ftsf\u00fchrer f\u00fcr den Bereich Technik, bevor er die Position an seine Tochter Petra \u00fcbergab. Seine bahnbrechenden Erfindungen begr\u00fcndeten das Marktsegment der schnelllaufenden Industrietore. W\u00e4hrend seiner T\u00e4tigkeit wurden zahlreiche Patente f\u00fcr seine Erfindungen erteilt. Hervorzuheben ist hierbei insbesondere die Spiraltortechnologie aus dem Jahr 1992. Gemeinsam haben Vater und Tochter Entwicklungs- und Fertigungsstandorte aufgebaut, Vertriebs- und Kundendienstniederlassungen sowie weltweit Tochtergesellschaften gegr\u00fcndet.<\/p>\r\n                                                                                        <\/div>\r\n                        <\/div>\r\n<\/div>\r\n\n\n\n<div style=\"height:200px\" aria-hidden=\"true\" class=\"wp-block-spacer\"><\/div>\n\n\n\r\n<div id=\"bild-text-modul-links-rechts-block_ef6a2f7ebb5557bd0209c2e1809dd9c6\" class=\"bild-text-modul-container\">\r\n    <div class=\"inner\">\r\n                                                                                        <div id=\"\" class=\"bild-text-modul-links bild-text-modul\">\r\n                                <div class=\"custom-flex-box\">\r\n                                    <div class=\"flex-box-sixty bild-container\">\r\n                                                                                                                                                                                                                                                                                        <img decoding=\"async\" width=\"1920\" height=\"966\" src=\"https:\/\/www.efaflex.com\/wp-content\/uploads\/2022\/07\/efaflex-unternehmen-philosophie.jpg\" class=\"attachment-full size-full\" alt=\"\" srcset=\"https:\/\/www.efaflex.com\/wp-content\/uploads\/2022\/07\/efaflex-unternehmen-philosophie.jpg 1920w, https:\/\/www.efaflex.com\/wp-content\/uploads\/2022\/07\/efaflex-unternehmen-philosophie-300x151.jpg 300w, https:\/\/www.efaflex.com\/wp-content\/uploads\/2022\/07\/efaflex-unternehmen-philosophie-768x386.jpg 768w, https:\/\/www.efaflex.com\/wp-content\/uploads\/2022\/07\/efaflex-unternehmen-philosophie-1024x515.jpg 1024w, https:\/\/www.efaflex.com\/wp-content\/uploads\/2022\/07\/efaflex-unternehmen-philosophie-1536x773.jpg 1536w\" sizes=\"(max-width: 1920px) 100vw, 1920px\" \/>                                                                                                                                                                        <\/div>\r\n\r\n                                    <div class=\"flex-box-fourty text-container\">\r\n                                        <div class=\"text-container-flex\">\r\n                                            <div class=\"text-inner\">\r\n                                                                                                                                                            <div class=\"text-left-border\">\r\n                                                            <div class=\"text-cut\">\r\n                                                                                                                                    <span>Unternehmensphilosophie<\/span>\r\n                                                                 \r\n\r\n                                                                                                                                          <h2 class=\"headline-two\">Werte, die uns ausmachen.<\/h2>                                                                   \r\n\r\n                                                                \r\n                                                            <\/div>\r\n                                                            <div class=\"button-box\">\r\n                                                                                                                                                                                                                                                                                                                                                              <a class=\"load-more-button\" href=\"https:\/\/www.efaflex.com\/de\/unternehmen\/unternehmensphilosophie\/%20\" target=\"_blank\">Mehr erfahren<\/a>\r\n                                                                                                                                                                                                                                                                        <\/div>\r\n                                                        <\/div>\r\n                                                                                                                                                <\/div>\r\n                                        <\/div>\r\n                                    <\/div>\r\n                                <\/div>\r\n                            <\/div>\r\n\r\n                                    \r\n            \r\n\r\n        \r\n\r\n\r\n        <\/div>\r\n<\/div>\r\n\r\n<style>\r\n    .bild-text-modul {\r\n        scroll-margin-top: 143px;\r\n    }\r\n<\/style>\n\n\n<div style=\"height:100px\" aria-hidden=\"true\" class=\"wp-block-spacer\"><\/div>\n","protected":false},"excerpt":{"rendered":"","protected":false},"author":6,"featured_media":0,"parent":19,"menu_order":0,"comment_status":"closed","ping_status":"closed","template":"","meta":{"_acf_changed":false,"footnotes":""},"categories":[],"tags":[],"class_list":["post-11856","page","type-page","status-publish","hentry"],"acf":[],"_links":{"self":[{"href":"https:\/\/www.efaflex.com\/de\/wp-json\/wp\/v2\/pages\/11856","targetHints":{"allow":["GET"]}}],"collection":[{"href":"https:\/\/www.efaflex.com\/de\/wp-json\/wp\/v2\/pages"}],"about":[{"href":"https:\/\/www.efaflex.com\/de\/wp-json\/wp\/v2\/types\/page"}],"author":[{"embeddable":true,"href":"https:\/\/www.efaflex.com\/de\/wp-json\/wp\/v2\/users\/6"}],"replies":[{"embeddable":true,"href":"https:\/\/www.efaflex.com\/de\/wp-json\/wp\/v2\/comments?post=11856"}],"version-history":[{"count":19,"href":"https:\/\/www.efaflex.com\/de\/wp-json\/wp\/v2\/pages\/11856\/revisions"}],"predecessor-version":[{"id":38045,"href":"https:\/\/www.efaflex.com\/de\/wp-json\/wp\/v2\/pages\/11856\/revisions\/38045"}],"up":[{"embeddable":true,"href":"https:\/\/www.efaflex.com\/de\/wp-json\/wp\/v2\/pages\/19"}],"wp:attachment":[{"href":"https:\/\/www.efaflex.com\/de\/wp-json\/wp\/v2\/media?parent=11856"}],"wp:term":[{"taxonomy":"category","embeddable":true,"href":"https:\/\/www.efaflex.com\/de\/wp-json\/wp\/v2\/categories?post=11856"},{"taxonomy":"post_tag","embeddable":true,"href":"https:\/\/www.efaflex.com\/de\/wp-json\/wp\/v2\/tags?post=11856"}],"curies":[{"name":"wp","href":"https:\/\/api.w.org\/{rel}","templated":true}]}}