{"id":140,"date":"2022-05-10T11:37:19","date_gmt":"2022-05-10T09:37:19","guid":{"rendered":"https:\/\/www.efaflex.com\/\/?page_id=140"},"modified":"2024-12-16T15:50:56","modified_gmt":"2024-12-16T14:50:56","slug":"professionals-berufserfahrene","status":"publish","type":"page","link":"https:\/\/www.efaflex.com\/de\/karriere\/professionals-berufserfahrene\/","title":{"rendered":"Professionals \/ Berufserfahrene"},"content":{"rendered":"\r\n<script type=\"application\/javascript\">\r\n    window.addEventListener('DOMContentLoaded', function() {\r\n        jQuery(document).ready(function($){\r\n            var sliderid = \"block_700d9e69542658c035b5f0f718505d96\";\r\n            $('#'+sliderid).slick({\r\n                infinite: true,\r\n                dots: false,\r\n                lazyLoad: 'ondemand',\r\n                autoplay: false,\r\n                arrows: true,\r\n                fade: true,\r\n                speed: 500,\r\n                pauseOnHover: false,\r\n                prevArrow: '<div class=\"slick-prev slick-button\"><svg xmlns=\"http:\/\/www.w3.org\/2000\/svg\" viewBox=\"0 0 448 512\"><!--! Font Awesome Pro 6.1.1 by @fontawesome - https:\/\/fontawesome.com License - https:\/\/fontawesome.com\/license (Commercial License) Copyright 2022 Fonticons, Inc. --><path d=\"M77.25 256l137.4-137.4c12.5-12.5 12.5-32.75 0-45.25s-32.75-12.5-45.25 0l-160 160c-12.5 12.5-12.5 32.75 0 45.25l160 160C175.6 444.9 183.8 448 192 448s16.38-3.125 22.62-9.375c12.5-12.5 12.5-32.75 0-45.25L77.25 256zM269.3 256l137.4-137.4c12.5-12.5 12.5-32.75 0-45.25s-32.75-12.5-45.25 0l-160 160c-12.5 12.5-12.5 32.75 0 45.25l160 160C367.6 444.9 375.8 448 384 448s16.38-3.125 22.62-9.375c12.5-12.5 12.5-32.75 0-45.25L269.3 256z\"\/><\/svg><\/div>',\r\n                nextArrow: '<div class=\"slick-next slick-button\"><svg xmlns=\"http:\/\/www.w3.org\/2000\/svg\" viewBox=\"0 0 448 512\"><!--! Font Awesome Pro 6.1.1 by @fontawesome - https:\/\/fontawesome.com License - https:\/\/fontawesome.com\/license (Commercial License) Copyright 2022 Fonticons, Inc. --><path fill=\"ff0000\" style=\"height: 22px\" d=\"M246.6 233.4l-160-160c-12.5-12.5-32.75-12.5-45.25 0s-12.5 32.75 0 45.25L178.8 256l-137.4 137.4c-12.5 12.5-12.5 32.75 0 45.25C47.63 444.9 55.81 448 64 448s16.38-3.125 22.62-9.375l160-160C259.1 266.1 259.1 245.9 246.6 233.4zM438.6 233.4l-160-160c-12.5-12.5-32.75-12.5-45.25 0s-12.5 32.75 0 45.25L370.8 256l-137.4 137.4c-12.5 12.5-12.5 32.75 0 45.25C239.6 444.9 247.8 448 256 448s16.38-3.125 22.62-9.375l160-160C451.1 266.1 451.1 245.9 438.6 233.4z\"\/><\/svg><\/div>',\r\n            });\r\n        });\r\n    });\r\n<\/script>\r\n\r\n<div id=\"block_700d9e69542658c035b5f0f718505d96\" class=\"bild-video-text-slider block-header-bild-video-text-slider\">\r\n                        <div>\r\n                <div class=\"bild-video-text-slider--slide\">\r\n                                            <div class=\"img-vid-box\">\r\n                            <div class=\"img-sizer\">\r\n                                <img decoding=\"async\" width=\"1243\" height=\"800\" src=\"https:\/\/www.efaflex.com\/wp-content\/uploads\/2022\/07\/professionals-berufsausbildung-karriere-header-efaflex-1243x800.jpg\" class=\"attachment-image-big size-image-big\" alt=\"\" \/>                            <\/div>\r\n                        <\/div>\r\n                        <div class=\"video-text\">\r\n                            <h1>EFAFLEX: f\u00fcr <span class=\"highlighted\">Berufserfahrene und Professionals.<\/span><\/h1>\n                        <\/div>\r\n                                    <\/div>\r\n\r\n            <\/div>\r\n            <\/div>\n\n\r\n\r\n<div id=\"breadcrump-block_b8e8d26285addce9fd45ee9ad6fa9945\" class=\"inner\">\r\n        <nav class=\"breadcrumb\"><a href=\"https:\/\/www.efaflex.com\/de\/\">Startseite<\/a> \/ <span class=\"current-page\">Seite<\/span><\/nav>    <\/div>\n\n\n<div style=\"height:100px\" aria-hidden=\"true\" class=\"wp-block-spacer\"><\/div>\n\n\n\r\n\r\n<div id=\"textmodul-3-spalten-block_ec12e016a2cb329baac9dda72ed0de62\" class=\"textmodul-3-spalten\">\r\n    <div class=\"inner\">\r\n        <div class=\"custom-flex-box\">\r\n                            <h2 class=\"flex-box-thirty break headline-two\">Ihr Job bei EFAFLEX.<\/h2>                        <div class=\"flex-box-thirty\"><p>Kommen Sie in unser Team und erleben Sie selbst, wie die Kreativit\u00e4t und Begeisterung unserer Mitarbeiter:innen EFAFLEX zum weltweiten Marktf\u00fchrer im Bereich Schnelllauf-Industrietore macht \u2013 gestern, heute und auch in Zukunft.<\/p>\n<p>Unsere Mitarbeiter:innen sollen gern bei uns arbeiten und sich hier wohlf\u00fchlen. Damit dies so bleibt, tun wir sehr viel f\u00fcr das kleine und gro\u00dfe Gl\u00fcck unserer Belegschaft im Berufsalltag.<\/p>\n<p>Wir bieten verschiedene M\u00f6glichkeiten und Unterst\u00fctzung beim Einstieg in den neuen Job.<br \/>\nKommen Sie zu uns ins Team. Wir freuen uns auf Sie!<\/p>\n<\/div>\r\n            <div class=\"flex-box-thirty\"><\/div>\r\n        <\/div>\r\n    <\/div>\r\n<\/div>\r\n\n\n\n<div style=\"height:100px\" aria-hidden=\"true\" class=\"wp-block-spacer\"><\/div>\n\n\n\r\n\r\n\r\n<div id=\"ausgabe-der-stellenangebote-block_19b6fe7718627f90fb6a43463261b46d\" class=\"block-ausgabe-der-stellenangebote inner\">\r\n\r\n    <div class=\"custom-flex-box\">\r\n                                <div class=\"offene-stellenangebote--stelle flex-box-fifty\">\r\n                <h2>Fachlagerist (m\/w\/d) \u2013 Bruckberg<\/h2>\r\n                <a class=\"load-more-button\" href=\"https:\/\/www.efaflex.com\/de\/stellenangebote\/fachlagerist-m-w-d-bruckberg\/\">Jobbeschreibung<\/a>\r\n            <\/div>\r\n                                <div class=\"offene-stellenangebote--stelle flex-box-fifty\">\r\n                <h2>Betriebsschlosser (m\/w\/d) \u2013 Bruckberg<\/h2>\r\n                <a class=\"load-more-button\" href=\"https:\/\/www.efaflex.com\/de\/stellenangebote\/betriebsschlosser-m-w-d-bruckberg\/\">Jobbeschreibung<\/a>\r\n            <\/div>\r\n                                <div class=\"offene-stellenangebote--stelle flex-box-fifty\">\r\n                <h2>Servicetechniker f\u00fcr Industrietore (m\/w\/d) \u2013 Sachsen<\/h2>\r\n                <a class=\"load-more-button\" href=\"https:\/\/www.efaflex.com\/de\/stellenangebote\/servicetechniker-fuer-industrietore-m-w-d-sachsen\/\">Jobbeschreibung<\/a>\r\n            <\/div>\r\n                                <div class=\"offene-stellenangebote--stelle flex-box-fifty\">\r\n                <h2>Servicetechniker f\u00fcr Industrietore (m\/w\/d) \u2013 Hilden<\/h2>\r\n                <a class=\"load-more-button\" href=\"https:\/\/www.efaflex.com\/de\/stellenangebote\/servicetechniker-fuer-industrietore-m-w-d-hilden\/\">Jobbeschreibung<\/a>\r\n            <\/div>\r\n                                <div class=\"offene-stellenangebote--stelle flex-box-fifty\">\r\n                <h2>Servicetechniker f\u00fcr Industrietore (m\/w\/d) \u2013 Berlin<\/h2>\r\n                <a class=\"load-more-button\" href=\"https:\/\/www.efaflex.com\/de\/stellenangebote\/servicetechniker-fuer-industrietore-m-w-d-berlin\/\">Jobbeschreibung<\/a>\r\n            <\/div>\r\n                                <div class=\"offene-stellenangebote--stelle flex-box-fifty\">\r\n                <h2>Disponent (m\/w\/d) \u2013 Hilden<\/h2>\r\n                <a class=\"load-more-button\" href=\"https:\/\/www.efaflex.com\/de\/stellenangebote\/disponent-m-w-d-hilden\/\">Jobbeschreibung<\/a>\r\n            <\/div>\r\n                                <div class=\"offene-stellenangebote--stelle flex-box-fifty\">\r\n                <h2>Disponent (m\/w\/d) \u2013 Raunheim<\/h2>\r\n                <a class=\"load-more-button\" href=\"https:\/\/www.efaflex.com\/de\/stellenangebote\/disponent-m-w-d-raunheim\/\">Jobbeschreibung<\/a>\r\n            <\/div>\r\n                                <div class=\"offene-stellenangebote--stelle flex-box-fifty\">\r\n                <h2>Bauleiter \/ Systemspezialist f\u00fcr Industrietore (m\/w\/d) \u2013 Bundesweit<\/h2>\r\n                <a class=\"load-more-button\" href=\"https:\/\/www.efaflex.com\/de\/stellenangebote\/bauleiter-systemspezialist-fuer-industrietore-m-w-d-bundesweit\/\">Jobbeschreibung<\/a>\r\n            <\/div>\r\n                                <div class=\"offene-stellenangebote--stelle flex-box-fifty\">\r\n                <h2>Steuerfachkraft \/ Bilanzbuchhalter (m\/w\/d) Umsatzsteuer \u2013 Bruckberg<\/h2>\r\n                <a class=\"load-more-button\" href=\"https:\/\/www.efaflex.com\/de\/stellenangebote\/steuerfachkraft-bilanzbuchhalter-m-w-d-umsatzsteuer-bruckberg\/\">Jobbeschreibung<\/a>\r\n            <\/div>\r\n                                <div class=\"offene-stellenangebote--stelle flex-box-fifty\">\r\n                <h2>Servicetechniker f\u00fcr Industrietore (m\/w\/d) \u2013 Baden-W\u00fcrttemberg<\/h2>\r\n                <a class=\"load-more-button\" href=\"https:\/\/www.efaflex.com\/de\/stellenangebote\/servicetechniker-fuer-industrietore-m-w-d-baden-wuerttemberg\/\">Jobbeschreibung<\/a>\r\n            <\/div>\r\n                                <div class=\"offene-stellenangebote--stelle flex-box-fifty\">\r\n                <h2>Servicetechniker f\u00fcr Industrietore (m\/w\/d) \u2013 Bayern<\/h2>\r\n                <a class=\"load-more-button\" href=\"https:\/\/www.efaflex.com\/de\/stellenangebote\/servicetechniker-fuer-industrietore-m-w-d-bayern\/\">Jobbeschreibung<\/a>\r\n            <\/div>\r\n                                <div class=\"offene-stellenangebote--stelle flex-box-fifty\">\r\n                <h2>Servicetechniker f\u00fcr Industrietore (m\/w\/d) \u2013 Rhein-Main<\/h2>\r\n                <a class=\"load-more-button\" href=\"https:\/\/www.efaflex.com\/de\/stellenangebote\/servicetechniker-fuer-industrietore-m-w-d-rhein-main\/\">Jobbeschreibung<\/a>\r\n            <\/div>\r\n            <\/div>\r\n<\/div>\n\n\n<div style=\"height:100px\" aria-hidden=\"true\" class=\"wp-block-spacer\"><\/div>\n\n\n\r\n<div id=\"benefits-modul-block_427c1c79f89b90b3e91cf6aa6796e400\" class=\"benefits-modul inner\">\r\n    <h2>Auf einen Blick:<\/h2>\r\n            <div class=\"custom-flex-box\">\r\n                            <div class=\"flex-box-fifty benefits-modul--benefit\">\r\n                    <img decoding=\"async\" width=\"49\" height=\"49\" src=\"https:\/\/www.efaflex.com\/wp-content\/themes\/efaflex\/assets\/img\/benefits-check.svg\" alt=\"Benefits Check Icon\">\r\n                    <div>\r\n                        Umfangreiche Einarbeitung                                            <\/div>\r\n                <\/div>\r\n                            <div class=\"flex-box-fifty benefits-modul--benefit\">\r\n                    <img decoding=\"async\" width=\"49\" height=\"49\" src=\"https:\/\/www.efaflex.com\/wp-content\/themes\/efaflex\/assets\/img\/benefits-check.svg\" alt=\"Benefits Check Icon\">\r\n                    <div>\r\n                        Vielf\u00e4ltige Weiterbildungsm\u00f6glichkeiten                                            <\/div>\r\n                <\/div>\r\n                            <div class=\"flex-box-fifty benefits-modul--benefit\">\r\n                    <img decoding=\"async\" width=\"49\" height=\"49\" src=\"https:\/\/www.efaflex.com\/wp-content\/themes\/efaflex\/assets\/img\/benefits-check.svg\" alt=\"Benefits Check Icon\">\r\n                    <div>\r\n                        Aufstiegschancen innerhalb des Unternehmens                                            <\/div>\r\n                <\/div>\r\n                            <div class=\"flex-box-fifty benefits-modul--benefit\">\r\n                    <img decoding=\"async\" width=\"49\" height=\"49\" src=\"https:\/\/www.efaflex.com\/wp-content\/themes\/efaflex\/assets\/img\/benefits-check.svg\" alt=\"Benefits Check Icon\">\r\n                    <div>\r\n                         Attraktive, leistungsbezogene Verg\u00fctung                                            <\/div>\r\n                <\/div>\r\n                            <div class=\"flex-box-fifty benefits-modul--benefit\">\r\n                    <img decoding=\"async\" width=\"49\" height=\"49\" src=\"https:\/\/www.efaflex.com\/wp-content\/themes\/efaflex\/assets\/img\/benefits-check.svg\" alt=\"Benefits Check Icon\">\r\n                    <div>\r\n                        Kollegiales Umfeld und guter Teamgeist                                            <\/div>\r\n                <\/div>\r\n                            <div class=\"flex-box-fifty benefits-modul--benefit\">\r\n                    <img decoding=\"async\" width=\"49\" height=\"49\" src=\"https:\/\/www.efaflex.com\/wp-content\/themes\/efaflex\/assets\/img\/benefits-check.svg\" alt=\"Benefits Check Icon\">\r\n                    <div>\r\n                        Flexible Arbeitszeitmodelle zur Vereinbarkeit von Familie und Beruf                                            <\/div>\r\n                <\/div>\r\n                    <\/div>\r\n        <div class=\"benefits-modul--links\">\r\n                                    <\/div>\r\n<\/div>\n\n\n<div style=\"height:100px\" aria-hidden=\"true\" class=\"wp-block-spacer\"><\/div>\n\n\n\r\n<div id=\"headline-zweizeilig-block_5f5f605b017279249c4bbc270570a4bc\" class=\"headline-zweizeilig headline-zweizeilig-zentriert inner smalltext\">\r\n    <p>Interesse geweckt? Dann<br \/>\nbewerben Sie sich jetzt bei <span class=\"highlighted\">EFAFLEX:<\/span><\/p>\n            <\/div>\r\n\n\n\n<div style=\"height:100px\" aria-hidden=\"true\" class=\"wp-block-spacer\"><\/div>\n\n\n\r\n\r\n<div id=\"bild-text-modul-rechts-zweizeilig-block_ca423b683ad3938771a1f09a00342d2c\" class=\"bild-text-modul-zweizeilig-container\">\r\n            \r\n\r\n\r\n            \r\n                                    \r\n\r\n                            <div class=\"bild-text-modul-links-zweizeilig bild-text-modul-zweizeilig\">\r\n                                <div class=\"custom-flex-box-no-margin\">\r\n\r\n                                    <div class=\"flex-box-fifty-no-margin bild-container\">\r\n                                                                                                                                                                                                                                                                                        <img decoding=\"async\" width=\"960\" height=\"720\" src=\"https:\/\/www.efaflex.com\/wp-content\/uploads\/2022\/07\/Digitales_Tor_Tablet_A3-8.jpg\" class=\"attachment-full size-full\" alt=\"\" srcset=\"https:\/\/www.efaflex.com\/wp-content\/uploads\/2022\/07\/Digitales_Tor_Tablet_A3-8.jpg 960w, https:\/\/www.efaflex.com\/wp-content\/uploads\/2022\/07\/Digitales_Tor_Tablet_A3-8-300x225.jpg 300w, https:\/\/www.efaflex.com\/wp-content\/uploads\/2022\/07\/Digitales_Tor_Tablet_A3-8-768x576.jpg 768w\" sizes=\"(max-width: 960px) 100vw, 960px\" \/>                                                                                                                                                                        <\/div>\r\n\r\n                                    <div class=\"flex-box-fifty-no-margin text-container\">\r\n                                        <div class=\"text-container-flex\">\r\n                                            <div class=\"text-inner\">\r\n                                                                                                                                                            <div class=\"text-left-border\">\r\n                                                            <div class=\"text-cut\">\r\n                                                                \r\n                                                                                                                                    <h3 class=\"headline-two medium-h2\">Ihre Ansprechpartnerin.<\/h3>                                                                \r\n<!--                                                                <h2 class=\"medium-h2\">--><!--<\/h2>-->\r\n                                                                <p class=\"normal-font\">Name: Beate Hammerl<br \/>\r\nE-Mail: karriere@efaflex.com<\/p>\r\n                                                            <\/div>\r\n                                                            <div class=\"button-box\">\r\n                                                                                                                                                                                            <\/div>\r\n                                                        <\/div>\r\n                                                                                                                                                <\/div>\r\n                                        <\/div>\r\n                                    <\/div>\r\n                                <\/div>\r\n                            <\/div>\r\n\r\n                                    \r\n            \r\n\r\n        \r\n\r\n\r\n    <\/div>\n\n\n<div style=\"height:100px\" aria-hidden=\"true\" class=\"wp-block-spacer\"><\/div>\n\n\n\r\n<div id=\"headline-zweizeilig-block_629769204e4d3\" class=\"headline-zweizeilig headline-zweizeilig-zentriert inner smalltext\">\r\n    <p>Nicht das Passende f\u00fcr Sie dabei? Dann freuen wir uns \u00fcber Ihre <span class=\"highlighted\">Initiativbewerbung!<\/span><\/p>\n                    <a class=\"load-more-button\" href=\"https:\/\/www.efaflex.com\/de\/karriere\/offene-stellen-initiativbewerbung\/initiativbewerbung\/\" target=\"_blank\">Zur Initiativbewerbung<\/a>\r\n    <\/div>\r\n\n\n\n<div style=\"height:100px\" aria-hidden=\"true\" class=\"wp-block-spacer\"><\/div>\n","protected":false},"excerpt":{"rendered":"","protected":false},"author":2,"featured_media":0,"parent":21,"menu_order":17,"comment_status":"closed","ping_status":"closed","template":"","meta":{"_acf_changed":false,"footnotes":""},"categories":[],"tags":[],"class_list":["post-140","page","type-page","status-publish","hentry"],"acf":[],"_links":{"self":[{"href":"https:\/\/www.efaflex.com\/de\/wp-json\/wp\/v2\/pages\/140","targetHints":{"allow":["GET"]}}],"collection":[{"href":"https:\/\/www.efaflex.com\/de\/wp-json\/wp\/v2\/pages"}],"about":[{"href":"https:\/\/www.efaflex.com\/de\/wp-json\/wp\/v2\/types\/page"}],"author":[{"embeddable":true,"href":"https:\/\/www.efaflex.com\/de\/wp-json\/wp\/v2\/users\/2"}],"replies":[{"embeddable":true,"href":"https:\/\/www.efaflex.com\/de\/wp-json\/wp\/v2\/comments?post=140"}],"version-history":[{"count":16,"href":"https:\/\/www.efaflex.com\/de\/wp-json\/wp\/v2\/pages\/140\/revisions"}],"predecessor-version":[{"id":28551,"href":"https:\/\/www.efaflex.com\/de\/wp-json\/wp\/v2\/pages\/140\/revisions\/28551"}],"up":[{"embeddable":true,"href":"https:\/\/www.efaflex.com\/de\/wp-json\/wp\/v2\/pages\/21"}],"wp:attachment":[{"href":"https:\/\/www.efaflex.com\/de\/wp-json\/wp\/v2\/media?parent=140"}],"wp:term":[{"taxonomy":"category","embeddable":true,"href":"https:\/\/www.efaflex.com\/de\/wp-json\/wp\/v2\/categories?post=140"},{"taxonomy":"post_tag","embeddable":true,"href":"https:\/\/www.efaflex.com\/de\/wp-json\/wp\/v2\/tags?post=140"}],"curies":[{"name":"wp","href":"https:\/\/api.w.org\/{rel}","templated":true}]}}