{"id":150,"date":"2022-05-10T11:38:41","date_gmt":"2022-05-10T09:38:41","guid":{"rendered":"https:\/\/www.efaflex.com\/\/?page_id=150"},"modified":"2026-01-27T14:42:14","modified_gmt":"2026-01-27T13:42:14","slug":"downloadbereich","status":"publish","type":"page","link":"https:\/\/www.efaflex.com\/de\/downloadbereich\/","title":{"rendered":"Downloadbereich"},"content":{"rendered":"\r\n\r\n<div id=\"breadcrump-block_723916a02e0ad9edaeee0540b35f16d8\" class=\"inner\">\r\n        <nav class=\"breadcrumb\"><a href=\"https:\/\/www.efaflex.com\/de\/\">Startseite<\/a> \/ <span class=\"current-page\">Seite<\/span><\/nav>    <\/div>\n\n\n<div style=\"height:100px\" aria-hidden=\"true\" class=\"wp-block-spacer\"><\/div>\n\n\n\r\n\r\n<div id=\"textmodul-3-spalten-block_0f0d711044b955cea2a77ae8146db25f\" class=\"textmodul-3-spalten\">\r\n    <div class=\"inner\">\r\n        <div class=\"custom-flex-box\">\r\n                            <h1 class=\"flex-box-thirty break headline-two\">Download-Bereich. <\/h1>                        <div class=\"flex-box-thirty\"><p>In unserem \u00fcbersichtlichen Download-Bereich stellen wir Ihnen umfangreiches Zusatzmaterial zur Verf\u00fcgung: Produktbrosch\u00fcren, Anleitungen und Flyer \u00fcber Schnelllauftore, zu unseren Sicherheitssystemen, Vorfeld\u00fcberwachung, Montagebedingungen und Ausschreibungstexte unserer Produkte.<\/p>\n<\/div>\r\n            <div class=\"flex-box-thirty\"><\/div>\r\n        <\/div>\r\n    <\/div>\r\n<\/div>\r\n\n\n\n<div style=\"height:100px\" aria-hidden=\"true\" class=\"wp-block-spacer\"><\/div>\n\n\n\r\n\r\n\r\n\r\n\r\n<div id=\"bild-modul-1-4-quicklink-block_ba56b08e6e9884f763be93c60c255acf\" class=\"bild-modul-1-4-quicklink inner\">\r\n                <div class=\"custom-flex-box\">\r\n                                                                    \r\n                <div class=\"flex-box-twentyfive bild-modul-1-4-quicklink--image\" style=\"background-image: url('https:\/\/www.efaflex.com\/wp-content\/uploads\/2022\/07\/titelbild-welt-der-tore-prospekt-400x550.jpg')\">\r\n                                                                <a href=\"https:\/\/www.efaflex.com\/de\/downloadbereich\/broschueren\/\" class=\"bild-link\">\r\n                                            <div class=\"text-box\">\r\n                            <h2 class=\"medium-h2\">Brosch\u00fcren<\/h2>\r\n\r\n                                                            <span class=\"load-more-button\">Mehr erfahren<\/span>\r\n                                                    <\/div>\r\n                        <div class=\"bild-modul-1-3-quicklink--background\"><\/div>\r\n                                            <\/a>\r\n                                    <\/div>\r\n\r\n                                                                                    \r\n                <div class=\"flex-box-twentyfive bild-modul-1-4-quicklink--image\" style=\"background-image: url('https:\/\/www.efaflex.com\/wp-content\/uploads\/2023\/02\/architekten-service-planung-efaflex-400x550.jpg')\">\r\n                                                                <a href=\"https:\/\/www.efaflex.com\/de\/service\/architekten-service\/\" class=\"bild-link\">\r\n                                            <div class=\"text-box\">\r\n                            <h2 class=\"medium-h2\">Architekten-Service<\/h2>\r\n\r\n                                                            <span class=\"load-more-button\">Mehr erfahren<\/span>\r\n                                                    <\/div>\r\n                        <div class=\"bild-modul-1-3-quicklink--background\"><\/div>\r\n                                            <\/a>\r\n                                    <\/div>\r\n\r\n                                                                                    \r\n                <div class=\"flex-box-twentyfive bild-modul-1-4-quicklink--image\" style=\"background-image: url('https:\/\/www.efaflex.com\/wp-content\/uploads\/2022\/07\/referenzen-400x550.jpg')\">\r\n                                                                <a href=\"https:\/\/www.efaflex.com\/de\/produkte\/referenzen\/\" class=\"bild-link\">\r\n                                            <div class=\"text-box\">\r\n                            <h2 class=\"medium-h2\">Referenzen<\/h2>\r\n\r\n                                                            <span class=\"load-more-button\">Mehr erfahren<\/span>\r\n                                                    <\/div>\r\n                        <div class=\"bild-modul-1-3-quicklink--background\"><\/div>\r\n                                            <\/a>\r\n                                    <\/div>\r\n\r\n                                                                                    \r\n                <div class=\"flex-box-twentyfive bild-modul-1-4-quicklink--image\" style=\"background-image: url('https:\/\/www.efaflex.com\/wp-content\/uploads\/2024\/10\/istock-1338554612-achtung-lizenz-nur-fuer-com-at-ch-pl-gekauft-400x550.jpg')\">\r\n                                                                <a href=\"https:\/\/www.efaflex.com\/de\/downloadbereich\/lieferanten\/\" class=\"bild-link\">\r\n                                            <div class=\"text-box\">\r\n                            <h2 class=\"medium-h2\">Lieferanten<\/h2>\r\n\r\n                                                            <span class=\"load-more-button\">Mehr erfahren<\/span>\r\n                                                    <\/div>\r\n                        <div class=\"bild-modul-1-3-quicklink--background\"><\/div>\r\n                                            <\/a>\r\n                                    <\/div>\r\n\r\n                                                                                    \r\n                <div class=\"flex-box-twentyfive bild-modul-1-4-quicklink--image\" style=\"background-image: url('https:\/\/www.efaflex.com\/wp-content\/uploads\/2022\/07\/Rectangle-441-1-400x550.jpg')\">\r\n                                                                <a href=\"https:\/\/www.efaflex.com\/de\/schnelllauftore\/bim\/\" class=\"bild-link\">\r\n                                            <div class=\"text-box\">\r\n                            <h2 class=\"medium-h2\">BIM-Modelle<\/h2>\r\n\r\n                                                            <span class=\"load-more-button\">Mehr erfahren<\/span>\r\n                                                    <\/div>\r\n                        <div class=\"bild-modul-1-3-quicklink--background\"><\/div>\r\n                                            <\/a>\r\n                                    <\/div>\r\n\r\n                                    <\/div>\r\n    <\/div>\n\n\n<div style=\"height:100px\" aria-hidden=\"true\" class=\"wp-block-spacer\"><\/div>\n","protected":false},"excerpt":{"rendered":"","protected":false},"author":2,"featured_media":0,"parent":0,"menu_order":61,"comment_status":"closed","ping_status":"closed","template":"","meta":{"_acf_changed":false,"footnotes":""},"categories":[],"tags":[],"class_list":["post-150","page","type-page","status-publish","hentry"],"acf":[],"_links":{"self":[{"href":"https:\/\/www.efaflex.com\/de\/wp-json\/wp\/v2\/pages\/150","targetHints":{"allow":["GET"]}}],"collection":[{"href":"https:\/\/www.efaflex.com\/de\/wp-json\/wp\/v2\/pages"}],"about":[{"href":"https:\/\/www.efaflex.com\/de\/wp-json\/wp\/v2\/types\/page"}],"author":[{"embeddable":true,"href":"https:\/\/www.efaflex.com\/de\/wp-json\/wp\/v2\/users\/2"}],"replies":[{"embeddable":true,"href":"https:\/\/www.efaflex.com\/de\/wp-json\/wp\/v2\/comments?post=150"}],"version-history":[{"count":18,"href":"https:\/\/www.efaflex.com\/de\/wp-json\/wp\/v2\/pages\/150\/revisions"}],"predecessor-version":[{"id":36630,"href":"https:\/\/www.efaflex.com\/de\/wp-json\/wp\/v2\/pages\/150\/revisions\/36630"}],"wp:attachment":[{"href":"https:\/\/www.efaflex.com\/de\/wp-json\/wp\/v2\/media?parent=150"}],"wp:term":[{"taxonomy":"category","embeddable":true,"href":"https:\/\/www.efaflex.com\/de\/wp-json\/wp\/v2\/categories?post=150"},{"taxonomy":"post_tag","embeddable":true,"href":"https:\/\/www.efaflex.com\/de\/wp-json\/wp\/v2\/tags?post=150"}],"curies":[{"name":"wp","href":"https:\/\/api.w.org\/{rel}","templated":true}]}}