{"id":2403,"date":"2022-06-23T14:44:01","date_gmt":"2022-06-23T12:44:01","guid":{"rendered":"https:\/\/www.efaflex.com\/?page_id=2403"},"modified":"2024-07-12T00:00:14","modified_gmt":"2024-07-11T22:00:14","slug":"explosionsschutz","status":"publish","type":"page","link":"https:\/\/www.efaflex.com\/de\/industrietore\/fachanwendungen\/explosionsschutz\/","title":{"rendered":"Explosionsschutz"},"content":{"rendered":"\r\n<script type=\"application\/javascript\">\r\n    window.addEventListener('DOMContentLoaded', function() {\r\n        jQuery(document).ready(function($){\r\n            var sliderid = \"block_81b7383ed5d7486dff2c77c7301d87af\";\r\n            $('#'+sliderid).slick({\r\n                infinite: true,\r\n                dots: false,\r\n                lazyLoad: 'ondemand',\r\n                autoplay: false,\r\n                arrows: true,\r\n                fade: true,\r\n                speed: 500,\r\n                pauseOnHover: false,\r\n                prevArrow: '<div class=\"slick-prev slick-button\"><svg xmlns=\"http:\/\/www.w3.org\/2000\/svg\" viewBox=\"0 0 448 512\"><!--! Font Awesome Pro 6.1.1 by @fontawesome - https:\/\/fontawesome.com License - https:\/\/fontawesome.com\/license (Commercial License) Copyright 2022 Fonticons, Inc. --><path d=\"M77.25 256l137.4-137.4c12.5-12.5 12.5-32.75 0-45.25s-32.75-12.5-45.25 0l-160 160c-12.5 12.5-12.5 32.75 0 45.25l160 160C175.6 444.9 183.8 448 192 448s16.38-3.125 22.62-9.375c12.5-12.5 12.5-32.75 0-45.25L77.25 256zM269.3 256l137.4-137.4c12.5-12.5 12.5-32.75 0-45.25s-32.75-12.5-45.25 0l-160 160c-12.5 12.5-12.5 32.75 0 45.25l160 160C367.6 444.9 375.8 448 384 448s16.38-3.125 22.62-9.375c12.5-12.5 12.5-32.75 0-45.25L269.3 256z\"\/><\/svg><\/div>',\r\n                nextArrow: '<div class=\"slick-next slick-button\"><svg xmlns=\"http:\/\/www.w3.org\/2000\/svg\" viewBox=\"0 0 448 512\"><!--! Font Awesome Pro 6.1.1 by @fontawesome - https:\/\/fontawesome.com License - https:\/\/fontawesome.com\/license (Commercial License) Copyright 2022 Fonticons, Inc. --><path fill=\"ff0000\" style=\"height: 22px\" d=\"M246.6 233.4l-160-160c-12.5-12.5-32.75-12.5-45.25 0s-12.5 32.75 0 45.25L178.8 256l-137.4 137.4c-12.5 12.5-12.5 32.75 0 45.25C47.63 444.9 55.81 448 64 448s16.38-3.125 22.62-9.375l160-160C259.1 266.1 259.1 245.9 246.6 233.4zM438.6 233.4l-160-160c-12.5-12.5-32.75-12.5-45.25 0s-12.5 32.75 0 45.25L370.8 256l-137.4 137.4c-12.5 12.5-12.5 32.75 0 45.25C239.6 444.9 247.8 448 256 448s16.38-3.125 22.62-9.375l160-160C451.1 266.1 451.1 245.9 438.6 233.4z\"\/><\/svg><\/div>',\r\n            });\r\n        });\r\n    });\r\n<\/script>\r\n\r\n<div id=\"block_81b7383ed5d7486dff2c77c7301d87af\" class=\"bild-video-text-slider block-header-bild-video-text-slider\">\r\n                        <div>\r\n                <div class=\"bild-video-text-slider--slide\">\r\n                                            <div class=\"img-vid-box\">\r\n                            <div class=\"img-sizer\">\r\n                                <img decoding=\"async\" width=\"1920\" height=\"800\" src=\"https:\/\/www.efaflex.com\/wp-content\/uploads\/2022\/07\/explosionsschutz-branche-industrietore-efa-sst-ex-efaflex-1920x800.jpg\" class=\"attachment-image-big size-image-big\" alt=\"\" \/>                            <\/div>\r\n                        <\/div>\r\n                        <div class=\"video-text\">\r\n                            <h1>Tor-L\u00f6sungen f\u00fcr den <span class=\"highlighted\">Explosionsschutz.<\/span><\/h1>\n                        <\/div>\r\n                                    <\/div>\r\n\r\n            <\/div>\r\n            <\/div>\n\n\r\n\r\n<div id=\"breadcrump-block_5823d038880b46d09e743943661471fc\" class=\"inner\">\r\n        <nav class=\"breadcrumb\"><a href=\"https:\/\/www.efaflex.com\/de\/\">Startseite<\/a> \/ <span class=\"current-page\">Seite<\/span><\/nav>    <\/div>\n\n\n<div style=\"height:100px\" aria-hidden=\"true\" class=\"wp-block-spacer\"><\/div>\n\n\n\r\n\r\n<div id=\"textmodul-3-spalten-block_efbab3c984e923b279c78972671a8411\" class=\"textmodul-3-spalten\">\r\n    <div class=\"inner\">\r\n        <div class=\"custom-flex-box\">\r\n                            <h2 class=\"flex-box-thirty break headline-two false\">Zuverl\u00e4ssiger und wirksamer Explosionsschutz.<\/h2>\r\n                        <div class=\"flex-box-thirty\"><p>In vielen Unternehmen gibt es in der Produktion Bereiche, in denen mit explosionsgef\u00e4hrdeten Stoffen gearbeitet wird, aufgrund derer sich eine gef\u00e4hrliche explosionsf\u00e4hige Atmosph\u00e4re in der Luft bilden kann. Hier darf es keinesfalls zu einer Funkenbildung kommen. Je nach Wahrscheinlichkeit des Auftretens dieser Atmosph\u00e4re werden die Bereiche in sogenannte EX-Zonen klassifiziert: 0, 1, 2, 21 und 22. Schnelllauftore der Serie EX von EFAFLEX sind<\/p>\n<\/div>\r\n            <div class=\"flex-box-thirty\"><p>speziell f\u00fcr den Einsatz in explosionsgef\u00e4hrdeten Bereichen gem\u00e4\u00df ATEX-Richtlinie 2014\/34\/EU ausgelegt. Der mechanische Explosionsschutz richtet sich dabei nach den Anforderungen der jeweiligen EX-Schutz-Zone. Alle Tore der Serie EX sind in den EX-Zonen 1 und 2 einsetzbar, sowie optional auf Anfrage in den EX-Schutz-Zonen 21 und 22 und gew\u00e4hrleisten so ein H\u00f6chstma\u00df an Sicherheit f\u00fcr Mitarbeiter, Produkte und Einrichtungen.<\/p>\n<\/div>\r\n        <\/div>\r\n    <\/div>\r\n<\/div>\r\n\n\n\n<div style=\"height:100px\" aria-hidden=\"true\" class=\"wp-block-spacer\"><\/div>\n\n\n\r\n\r\n<script type=\"application\/javascript\">\r\n    window.addEventListener('DOMContentLoaded', function() {\r\n        jQuery(document).ready(function($){\r\n            $('.slider-produktvergleich').slick({\r\n                infinite: true,\r\n                dots: false,\r\n                lazyLoad: 'ondemand',\r\n                arrows: false,\r\n                fade: true,\r\n                speed: 500,\r\n                pauseOnHover: true,\r\n                asNavFor: '.slider-produktvergleich-nav',\r\n            });\r\n\r\n            $('.slider-produktvergleich-nav').slick({\r\n                infinite: true,\r\n                dots: false,\r\n                lazyLoad: 'ondemand',\r\n                arrows: true,\r\n                fade: false,\r\n                speed: 500,\r\n                pauseOnHover: true,\r\n                asNavFor: '.slider-produktvergleich',\r\n                focusOnSelect: true,\r\n                slidesToShow: 4,\r\n                slidesToScroll: 1,\r\n                swipeToSlide: true,\r\n                prevArrow: '<div class=\"slick-prev slick-button\"><svg xmlns=\"http:\/\/www.w3.org\/2000\/svg\" viewBox=\"0 0 448 512\"><!--! Font Awesome Pro 6.1.1 by @fontawesome - https:\/\/fontawesome.com License - https:\/\/fontawesome.com\/license (Commercial License) Copyright 2022 Fonticons, Inc. --><path d=\"M77.25 256l137.4-137.4c12.5-12.5 12.5-32.75 0-45.25s-32.75-12.5-45.25 0l-160 160c-12.5 12.5-12.5 32.75 0 45.25l160 160C175.6 444.9 183.8 448 192 448s16.38-3.125 22.62-9.375c12.5-12.5 12.5-32.75 0-45.25L77.25 256zM269.3 256l137.4-137.4c12.5-12.5 12.5-32.75 0-45.25s-32.75-12.5-45.25 0l-160 160c-12.5 12.5-12.5 32.75 0 45.25l160 160C367.6 444.9 375.8 448 384 448s16.38-3.125 22.62-9.375c12.5-12.5 12.5-32.75 0-45.25L269.3 256z\"\/><\/svg><\/div>',\r\n                nextArrow: '<div class=\"slick-next slick-button\"><svg xmlns=\"http:\/\/www.w3.org\/2000\/svg\" viewBox=\"0 0 448 512\"><!--! Font Awesome Pro 6.1.1 by @fontawesome - https:\/\/fontawesome.com License - https:\/\/fontawesome.com\/license (Commercial License) Copyright 2022 Fonticons, Inc. --><path fill=\"ff0000\" style=\"height: 22px\" d=\"M246.6 233.4l-160-160c-12.5-12.5-32.75-12.5-45.25 0s-12.5 32.75 0 45.25L178.8 256l-137.4 137.4c-12.5 12.5-12.5 32.75 0 45.25C47.63 444.9 55.81 448 64 448s16.38-3.125 22.62-9.375l160-160C259.1 266.1 259.1 245.9 246.6 233.4zM438.6 233.4l-160-160c-12.5-12.5-32.75-12.5-45.25 0s-12.5 32.75 0 45.25L370.8 256l-137.4 137.4c-12.5 12.5-12.5 32.75 0 45.25C239.6 444.9 247.8 448 256 448s16.38-3.125 22.62-9.375l160-160C451.1 266.1 451.1 245.9 438.6 233.4z\"\/><\/svg><\/div>',\r\n                responsive: [\r\n                    {\r\n                        breakpoint: 768,\r\n                        settings: {\r\n                            slidesToShow: 3,\r\n                        }\r\n                    },\r\n                    {\r\n                        breakpoint: 480,\r\n                        settings: {\r\n                            slidesToShow: 2,\r\n                        }\r\n                    }\r\n                ]\r\n            });\r\n        });\r\n    });\r\n<\/script>\r\n\r\n<div class=\"inner slider-produktvergleich-container\">\r\n    <div class=\"slider-produktvergleich-container--flex\">\r\n        <div id=\"slider-produktvergleich-block_213b7f928e3999809a1ec30518c574a6\" class=\"slider-produktvergleich\">\r\n                                                <div class=\"single-slide\">\r\n                        <div class=\"single-slide-img-area\">\r\n                                                                                                                    <img decoding=\"async\" width=\"1083\" height=\"720\" src=\"https:\/\/www.efaflex.com\/wp-content\/uploads\/2022\/07\/explosionsschutz-branche-industrietore-efa-sst-ex-seitenansicht-efaflex-1083x720.jpg\" class=\"attachment-slider-produktvergleich-full size-slider-produktvergleich-full\" alt=\"\" srcset=\"https:\/\/www.efaflex.com\/wp-content\/uploads\/2022\/07\/explosionsschutz-branche-industrietore-efa-sst-ex-seitenansicht-efaflex-1083x720.jpg 1083w, https:\/\/www.efaflex.com\/wp-content\/uploads\/2022\/07\/explosionsschutz-branche-industrietore-efa-sst-ex-seitenansicht-efaflex-382x254.jpg 382w\" sizes=\"(max-width: 1083px) 100vw, 1083px\" \/>                                                    <\/div>\r\n                    <\/div>\r\n                                    <div class=\"single-slide\">\r\n                        <div class=\"single-slide-img-area\">\r\n                                                                                                                    <img decoding=\"async\" width=\"1000\" height=\"666\" src=\"https:\/\/www.efaflex.com\/wp-content\/uploads\/2022\/07\/explosionsschutz-branche-industrietore-efaflex.jpg\" class=\"attachment-slider-produktvergleich-full size-slider-produktvergleich-full\" alt=\"\" srcset=\"https:\/\/www.efaflex.com\/wp-content\/uploads\/2022\/07\/explosionsschutz-branche-industrietore-efaflex.jpg 1000w, https:\/\/www.efaflex.com\/wp-content\/uploads\/2022\/07\/explosionsschutz-branche-industrietore-efaflex-300x200.jpg 300w, https:\/\/www.efaflex.com\/wp-content\/uploads\/2022\/07\/explosionsschutz-branche-industrietore-efaflex-768x511.jpg 768w, https:\/\/www.efaflex.com\/wp-content\/uploads\/2022\/07\/explosionsschutz-branche-industrietore-efaflex-382x254.jpg 382w\" sizes=\"(max-width: 1000px) 100vw, 1000px\" \/>                                                    <\/div>\r\n                    <\/div>\r\n                                    <div class=\"single-slide\">\r\n                        <div class=\"single-slide-img-area\">\r\n                                                                                                                    <img decoding=\"async\" width=\"1083\" height=\"720\" src=\"https:\/\/www.efaflex.com\/wp-content\/uploads\/2022\/07\/explosionsschutz-branche-industrietore-seitenansicht-efaflex-1083x720.jpg\" class=\"attachment-slider-produktvergleich-full size-slider-produktvergleich-full\" alt=\"\" srcset=\"https:\/\/www.efaflex.com\/wp-content\/uploads\/2022\/07\/explosionsschutz-branche-industrietore-seitenansicht-efaflex-1083x720.jpg 1083w, https:\/\/www.efaflex.com\/wp-content\/uploads\/2022\/07\/explosionsschutz-branche-industrietore-seitenansicht-efaflex-382x254.jpg 382w\" sizes=\"(max-width: 1083px) 100vw, 1083px\" \/>                                                    <\/div>\r\n                    <\/div>\r\n                                    <\/div>\r\n\r\n        <div class=\"single-slide-text-area\">\r\n            <h2>Explosionsschutz<\/h2>\n<ul>\n<li>Einsetzbar in den EX-Schutz-Zonen 1 und 2, sowie optional auf Anfrage in den EX-Schutz-Zonen 21 und 22.<\/li>\n<li>Alle mechanischen und elektrischen Bauteile mit ATEX-Zertifizierung (Ausnahme: Schaltschrank).<\/li>\n<li>Zwei verschiedene, auf den jeweiligen Einsatzbereich pr\u00e4zise zugeschnittene Torsysteme.<\/li>\n<\/ul>\n        <\/div>\r\n    <\/div>\r\n\r\n    <div class=\"slider-produktvergleich-nav\">\r\n                                    <div class=\"single-nav-slide\">\r\n                                                            <div class=\"img-box\" style=\"background-image: url('https:\/\/www.efaflex.com\/wp-content\/uploads\/2022\/07\/explosionsschutz-branche-industrietore-efa-sst-ex-seitenansicht-efaflex-382x254.jpg')\"><\/div>\r\n                <\/div>\r\n                            <div class=\"single-nav-slide\">\r\n                                                            <div class=\"img-box\" style=\"background-image: url('https:\/\/www.efaflex.com\/wp-content\/uploads\/2022\/07\/explosionsschutz-branche-industrietore-efaflex-382x254.jpg')\"><\/div>\r\n                <\/div>\r\n                            <div class=\"single-nav-slide\">\r\n                                                            <div class=\"img-box\" style=\"background-image: url('https:\/\/www.efaflex.com\/wp-content\/uploads\/2022\/07\/explosionsschutz-branche-industrietore-seitenansicht-efaflex-382x254.jpg')\"><\/div>\r\n                <\/div>\r\n                        <\/div>\r\n<\/div>\n\n\n<div style=\"height:100px\" aria-hidden=\"true\" class=\"wp-block-spacer\"><\/div>\n\n\n\r\n<div class=\"inner\">\r\n            <h2>Schnelllauftore f\u00fcr den Explosionsschutz<\/h2>\r\n        <div class=\"custom-flex-box\">\r\n        \r\n        \r\n        \r\n                            \r\n                \r\n                                    \r\n                        <a href=\"https:\/\/www.efaflex.com\/de\/schnelllauftore\/spiraltore\/serie-ex\/efa-sst-ex\/\" class=\"single-kategorie-block flex-box-twentyfive\"  style=\"background-image: url(' https:\/\/www.efaflex.com\/wp-content\/uploads\/2022\/07\/serie-ex-explosionsschutz-tore-produkte-vorschau-efaflex.jpg')\">\r\n                            <div class=\"text-content\">\r\n                                <span>EFA-SST\u00ae EX <\/span>\r\n                                                                    <h3 class=\"medium-h2\">Schnelllauf-Spiraltor EFA-SST\u00ae EX<\/h3>\r\n                                \r\n                                <div class=\"load-more-button\">Mehr erfahren<\/div>\r\n\r\n                            <\/div>\r\n                            <div class=\"gradient-background\"><\/div>                        <\/a>\r\n\r\n                    \r\n                        <a href=\"https:\/\/www.efaflex.com\/de\/schnelllauftore\/rolltore\/serie-ex\/efa-srt-ex\/\" class=\"single-kategorie-block flex-box-twentyfive\"  style=\"background-image: url(' https:\/\/www.efaflex.com\/wp-content\/uploads\/2022\/06\/serie-r-rolltore-efa-srt-ex-anwendung-efaflex.jpg')\">\r\n                            <div class=\"text-content\">\r\n                                <span>EFA-SRT\u00ae EX<\/span>\r\n                                                                    <h3 class=\"medium-h2\">Schnelllauf-Rolltor EFA-SRT\u00ae EX<\/h3>\r\n                                \r\n                                <div class=\"load-more-button\">Mehr erfahren<\/div>\r\n\r\n                            <\/div>\r\n                            <div class=\"gradient-background\"><\/div>                        <\/a>\r\n\r\n                                                        \r\n                        <\/div>\r\n    <\/div>\r\n\r\n\n\n\n<div style=\"height:200px\" aria-hidden=\"true\" class=\"wp-block-spacer\"><\/div>\n\n\n<div id=\"contact-modul-block_32be01fd272dd01d6a1cc4988fe6306a\" class=\"contact-modul contact-modul-thirty\">\r\n    <div class=\"inner\">\r\n        <div class=\"custom-flex-box\">\r\n            <div class=\"flex-box-thirty\">\r\n                                                            <h2>Haben Sie noch<br \/>\r\nFragen?<\/h2>\r\n                                                                        <\/div>\r\n            <div class=\"flex-box-thirty contact-modul--contact\">\r\n                                                            <span>Nehmen Sie Kontakt auf.<\/span>\r\n                        <p>Wir sind f\u00fcr Sie da!<\/p>\r\n                                                                            <a class=\"load-more-button\" href=\"https:\/\/www.efaflex.com\/de\/kontakt\/\" target=\"\">Zum Online-Kontaktformular<\/a>\r\n                                                                        <\/div>\r\n        <\/div>\r\n    <\/div>\r\n<\/div>\n\n\n<div style=\"height:200px\" aria-hidden=\"true\" class=\"wp-block-spacer\"><\/div>\n\n\n<div class=\"inner\">\r\n    <div id=\"bild-text-modul-1-3-block_4d5ea62f6dc9969c60619fb6bfd58403\" class=\"themen-container custom-flex-box\">\r\n                                    <div class=\"thema-box flex-box-thirty\">\r\n                                            <div class=\"bild-box\">\r\n                                                                                                                    <img decoding=\"async\" width=\"517\" height=\"306\" src=\"https:\/\/www.efaflex.com\/wp-content\/uploads\/2022\/07\/ausschreibungstexte-service-klein-efaflex.jpg\" class=\"attachment-thementease-thumbnail size-thementease-thumbnail\" alt=\"\" srcset=\"https:\/\/www.efaflex.com\/wp-content\/uploads\/2022\/07\/ausschreibungstexte-service-klein-efaflex.jpg 517w, https:\/\/www.efaflex.com\/wp-content\/uploads\/2022\/07\/ausschreibungstexte-service-klein-efaflex-300x178.jpg 300w\" sizes=\"(max-width: 517px) 100vw, 517px\" \/>                                                    <\/div>\r\n                                            \r\n                                                                <h2 class=\"headline-two\">\r\n                                                        Ausschreibungstexte                        <\/h2>\r\n                    \r\n                        <p class=\"normal-font\">Architekten und Planern stellen wir detaillierte Ausschreibungstexte unserer Produkte zur Verf\u00fcgung. Erg\u00e4nzen Sie nur Durchfahrtsh\u00f6he, Durchfahrtsbreite, Farbe oder Motoranordnung.<\/p>\r\n                                                                                                                                                                                                        <a href=\"https:\/\/www.efaflex.com\/de\/service\/ausschreibungstexte\/\" class=\"load-more-button\">Mehr erfahren<\/a>\r\n                                                                                                                                    <\/div>\r\n                            <div class=\"thema-box flex-box-thirty\">\r\n                                            <div class=\"bild-box\">\r\n                                                                                                                    <img decoding=\"async\" width=\"517\" height=\"306\" src=\"https:\/\/www.efaflex.com\/wp-content\/uploads\/2023\/07\/referenzen-schnelllauftor-grau-efaflex-quicklink.jpg\" class=\"attachment-thementease-thumbnail size-thementease-thumbnail\" alt=\"\" srcset=\"https:\/\/www.efaflex.com\/wp-content\/uploads\/2023\/07\/referenzen-schnelllauftor-grau-efaflex-quicklink.jpg 517w, https:\/\/www.efaflex.com\/wp-content\/uploads\/2023\/07\/referenzen-schnelllauftor-grau-efaflex-quicklink-300x178.jpg 300w\" sizes=\"(max-width: 517px) 100vw, 517px\" \/>                                                    <\/div>\r\n                                            \r\n                                                                <h2 class=\"headline-two\">\r\n                                                        Referenzen                        <\/h2>\r\n                    \r\n                        <p class=\"normal-font\">EFAFLEX ist eine weltweit anerkannte Marke nicht nur im Bereich Schnelllauftore. National und international f\u00fchrende Unternehmen aus allen Branchen vertrauen auf unsere Produkte.<\/p>\r\n                                                                                                                                                                                                        <a href=\"https:\/\/www.efaflex.com\/de\/schnelllauftore\/referenzen\/\" class=\"load-more-button\">Mehr erfahren<\/a>\r\n                                                                                                                                    <\/div>\r\n                            <div class=\"thema-box flex-box-thirty\">\r\n                                            <div class=\"bild-box\">\r\n                                                                                                                    <img decoding=\"async\" width=\"517\" height=\"306\" src=\"https:\/\/www.efaflex.com\/wp-content\/uploads\/2022\/07\/Digitales_Tor_Tablet_A3-5-1.jpg\" class=\"attachment-thementease-thumbnail size-thementease-thumbnail\" alt=\"\" srcset=\"https:\/\/www.efaflex.com\/wp-content\/uploads\/2022\/07\/Digitales_Tor_Tablet_A3-5-1.jpg 517w, https:\/\/www.efaflex.com\/wp-content\/uploads\/2022\/07\/Digitales_Tor_Tablet_A3-5-1-300x178.jpg 300w\" sizes=\"(max-width: 517px) 100vw, 517px\" \/>                                                    <\/div>\r\n                                            \r\n                                                                <h2 class=\"headline-two\">\r\n                                                        Kontakt                        <\/h2>\r\n                    \r\n                        <p class=\"normal-font\">Sie erreichen unsere fachkompetenten EFAFLEX Servicemitarbeiter:innen \u00fcber unseren durchgehend besetzten deutschsprachigen Telefonsupport, per E-Mail und nat\u00fcrlich \u00fcber Ihren pers\u00f6nlichen Ansprechpartner vor Ort.<\/p>\r\n                                                                                                                                                                                                        <a href=\"https:\/\/www.efaflex.com\/de\/kontakt\/\" class=\"load-more-button\">Mehr erfahren<\/a>\r\n                                                                                                                                    <\/div>\r\n                        <\/div>\r\n<\/div>\r\n\n\n\n<div style=\"height:100px\" aria-hidden=\"true\" class=\"wp-block-spacer\"><\/div>\n","protected":false},"excerpt":{"rendered":"","protected":false},"author":10,"featured_media":0,"parent":105,"menu_order":0,"comment_status":"closed","ping_status":"closed","template":"","meta":{"_acf_changed":false,"footnotes":""},"categories":[],"tags":[],"class_list":["post-2403","page","type-page","status-publish","hentry"],"acf":[],"_links":{"self":[{"href":"https:\/\/www.efaflex.com\/de\/wp-json\/wp\/v2\/pages\/2403","targetHints":{"allow":["GET"]}}],"collection":[{"href":"https:\/\/www.efaflex.com\/de\/wp-json\/wp\/v2\/pages"}],"about":[{"href":"https:\/\/www.efaflex.com\/de\/wp-json\/wp\/v2\/types\/page"}],"author":[{"embeddable":true,"href":"https:\/\/www.efaflex.com\/de\/wp-json\/wp\/v2\/users\/10"}],"replies":[{"embeddable":true,"href":"https:\/\/www.efaflex.com\/de\/wp-json\/wp\/v2\/comments?post=2403"}],"version-history":[{"count":15,"href":"https:\/\/www.efaflex.com\/de\/wp-json\/wp\/v2\/pages\/2403\/revisions"}],"predecessor-version":[{"id":25410,"href":"https:\/\/www.efaflex.com\/de\/wp-json\/wp\/v2\/pages\/2403\/revisions\/25410"}],"up":[{"embeddable":true,"href":"https:\/\/www.efaflex.com\/de\/wp-json\/wp\/v2\/pages\/105"}],"wp:attachment":[{"href":"https:\/\/www.efaflex.com\/de\/wp-json\/wp\/v2\/media?parent=2403"}],"wp:term":[{"taxonomy":"category","embeddable":true,"href":"https:\/\/www.efaflex.com\/de\/wp-json\/wp\/v2\/categories?post=2403"},{"taxonomy":"post_tag","embeddable":true,"href":"https:\/\/www.efaflex.com\/de\/wp-json\/wp\/v2\/tags?post=2403"}],"curies":[{"name":"wp","href":"https:\/\/api.w.org\/{rel}","templated":true}]}}