{"id":2734,"date":"2022-06-27T16:59:33","date_gmt":"2022-06-27T14:59:33","guid":{"rendered":"https:\/\/www.efaflex.com\/?page_id=2734"},"modified":"2024-07-12T13:54:28","modified_gmt":"2024-07-12T11:54:28","slug":"schulung-maschinenschutztore","status":"publish","type":"page","link":"https:\/\/www.efaflex.com\/de\/service\/service-deutschland\/schulung-maschinenschutztore\/","title":{"rendered":"Schulung Maschinenschutztore"},"content":{"rendered":"\r\n\r\n<div id=\"breadcrump-block_ace502d38536f54de65dd687e6793fb8\" class=\"inner\">\r\n        <nav class=\"breadcrumb\"><a href=\"https:\/\/www.efaflex.com\/de\/\">Startseite<\/a> \/ <span class=\"current-page\">Seite<\/span><\/nav>    <\/div>\n\n\n<div style=\"height:150px\" aria-hidden=\"true\" class=\"wp-block-spacer\"><\/div>\n\n\n\r\n\r\n<div id=\"textmodul-3-spalten-block_62feb41477dbd9d3fbc0f8dbcb6d3231\" class=\"textmodul-3-spalten\">\r\n    <div class=\"inner\">\r\n        <div class=\"custom-flex-box\">\r\n                            <h1 class=\"flex-box-thirty break headline-two\">Schulung Maschinenschutztore.<\/h1>                        <div class=\"flex-box-thirty\"><p>Maschinenschutztore m\u00fcssen schnell und unkompliziert montiert und instandgesetzt werden k\u00f6nnen.<\/p>\n<p>EFAFLEX ist auch hier ihr zuverl\u00e4ssiger Service-Partner. Sie haben die M\u00f6glichkeit, uns mit diesen Leistungen zu beauftragen. Alternativ bieten wir Ihnen die notwendigen zertifizierten Schulungen zur Montage und Instandhaltung an.<\/p>\n<p>Wof\u00fcr Sie sich auch entscheiden: Wir sind f\u00fcr Sie da. Service made by EFAFLEX.<\/p>\n<\/div>\r\n            <div class=\"flex-box-thirty\"><\/div>\r\n        <\/div>\r\n    <\/div>\r\n<\/div>\r\n\n\n\n<div style=\"height:100px\" aria-hidden=\"true\" class=\"wp-block-spacer\"><\/div>\n\n\n\r\n<div id=\"bild-text-modul-links-rechts-block_9b8114b3b2fbc42f59fcb584068280f7\" class=\"bild-text-modul-container\">\r\n    <div class=\"inner\">\r\n                                                                                        <div id=\"\" class=\"bild-text-modul-links bild-text-modul\">\r\n                                <div class=\"custom-flex-box\">\r\n                                    <div class=\"flex-box-sixty bild-container\">\r\n                                                                                                                                                                                                                                                                                        <img decoding=\"async\" width=\"1920\" height=\"1286\" src=\"https:\/\/www.efaflex.com\/wp-content\/uploads\/2024\/01\/7I2A7402-zugeschnitten.jpg\" class=\"attachment-full size-full\" alt=\"\" srcset=\"https:\/\/www.efaflex.com\/wp-content\/uploads\/2024\/01\/7I2A7402-zugeschnitten.jpg 1920w, https:\/\/www.efaflex.com\/wp-content\/uploads\/2024\/01\/7I2A7402-zugeschnitten-300x201.jpg 300w, https:\/\/www.efaflex.com\/wp-content\/uploads\/2024\/01\/7I2A7402-zugeschnitten-768x514.jpg 768w, https:\/\/www.efaflex.com\/wp-content\/uploads\/2024\/01\/7I2A7402-zugeschnitten-1024x686.jpg 1024w, https:\/\/www.efaflex.com\/wp-content\/uploads\/2024\/01\/7I2A7402-zugeschnitten-1536x1029.jpg 1536w\" sizes=\"(max-width: 1920px) 100vw, 1920px\" \/>                                                                                                                                                                        <\/div>\r\n\r\n                                    <div class=\"flex-box-fourty text-container\">\r\n                                        <div class=\"text-container-flex\">\r\n                                            <div class=\"text-inner\">\r\n                                                                                                                                                            <div class=\"text-left-border\">\r\n                                                            <div class=\"text-cut\">\r\n                                                                \r\n\r\n                                                                                                                                          <h2 class=\"headline-two\">Montage.<\/h2>                                                                   \r\n\r\n                                                                <p class=\"normal-font\"><p>EFAFLEX Maschinenschutztore (EFA-SRT-MS) k\u00f6nnen nach erfolgter Montageschulung und dem damit verbundenen Erwerb des EFAFLEX-Montagezertifikats durch den Kunden eigenst\u00e4ndig montiert und in Betrieb genommen werden.<br \/>\nRichten Sie Ihre konkrete Anfrage gerne direkt an technical-training@efaflex.com und erhalten Sie Ihr unverbindliches Angebot.<\/p>\n<\/p>\r\n                                                            <\/div>\r\n                                                            <div class=\"button-box\">\r\n                                                                                                                                                                                                                                                              <\/div>\r\n                                                        <\/div>\r\n                                                                                                                                                <\/div>\r\n                                        <\/div>\r\n                                    <\/div>\r\n                                <\/div>\r\n                            <\/div>\r\n\r\n                                    \r\n            \r\n\r\n                    \r\n                                    \r\n                            <div id=\"\" class=\"bild-text-modul-rechts bild-text-modul\">\r\n                                <div class=\"custom-flex-box\">\r\n                                    <div class=\"flex-box-fourty text-container\">\r\n                                        <div class=\"text-container-flex\">\r\n                                            <div class=\"text-inner\">\r\n\r\n                                                                                                                                                            <div class=\"text-left-border\">\r\n                                                            <div class=\"text-cut\">\r\n                                                                \r\n\r\n                                                                                                                                    <h2 class=\"headline-two\">Instandhaltung.<\/h2>                                                                \r\n\r\n                                                                <p class=\"normal-font full-text\"><p>Zur Aufrechterhaltung des reibungslosen Betriebs Ihrer EFAFLEX-Maschinenschutztore empfehlen wir dringend eine regelm\u00e4\u00dfige Wartung und fachkundige Instandsetzung. Diese Leistungen k\u00f6nnen Sie gerne bei EFAFLEX beauftragen oder nach Absolvierung unserer Instandhaltungsschulung auch eigenst\u00e4ndig durchf\u00fchren.<br \/>\nRichten Sie Ihre konkrete Anfrage gerne direkt an technical-training@efaflex.com und erhalten Sie Ihr unverbindliches Angebot.<\/p>\n<\/p>\r\n\r\n                                                            <\/div>\r\n                                                            <div class=\"button-box\">\r\n                                                                                                                                \r\n                                                                                                                                                                                                                                                                <\/div>\r\n                                                        <\/div>\r\n                                                                                                    \r\n                                            <\/div>\r\n                                        <\/div>\r\n                                    <\/div>\r\n                                    <div class=\"flex-box-sixty bild-container\">\r\n                                                                                                                                                                                                                                                                                        <img decoding=\"async\" width=\"923\" height=\"556\" src=\"https:\/\/www.efaflex.com\/wp-content\/uploads\/2022\/07\/Digitales_Tor_Tablet_A3-1-3.jpg\" class=\"attachment-full size-full\" alt=\"\" srcset=\"https:\/\/www.efaflex.com\/wp-content\/uploads\/2022\/07\/Digitales_Tor_Tablet_A3-1-3.jpg 923w, https:\/\/www.efaflex.com\/wp-content\/uploads\/2022\/07\/Digitales_Tor_Tablet_A3-1-3-300x181.jpg 300w, https:\/\/www.efaflex.com\/wp-content\/uploads\/2022\/07\/Digitales_Tor_Tablet_A3-1-3-768x463.jpg 768w\" sizes=\"(max-width: 923px) 100vw, 923px\" \/>                                                                                                                                                                        <\/div>\r\n                                <\/div>\r\n                            <\/div>\r\n                                    \r\n            \r\n\r\n        \r\n\r\n\r\n        <\/div>\r\n<\/div>\r\n\r\n<style>\r\n    .bild-text-modul {\r\n        scroll-margin-top: 143px;\r\n    }\r\n<\/style>\n\n\n<div style=\"height:200px\" aria-hidden=\"true\" class=\"wp-block-spacer\"><\/div>\n","protected":false},"excerpt":{"rendered":"","protected":false},"author":4,"featured_media":0,"parent":115,"menu_order":0,"comment_status":"closed","ping_status":"closed","template":"","meta":{"_acf_changed":false,"footnotes":""},"categories":[],"tags":[],"class_list":["post-2734","page","type-page","status-publish","hentry"],"acf":[],"_links":{"self":[{"href":"https:\/\/www.efaflex.com\/de\/wp-json\/wp\/v2\/pages\/2734","targetHints":{"allow":["GET"]}}],"collection":[{"href":"https:\/\/www.efaflex.com\/de\/wp-json\/wp\/v2\/pages"}],"about":[{"href":"https:\/\/www.efaflex.com\/de\/wp-json\/wp\/v2\/types\/page"}],"author":[{"embeddable":true,"href":"https:\/\/www.efaflex.com\/de\/wp-json\/wp\/v2\/users\/4"}],"replies":[{"embeddable":true,"href":"https:\/\/www.efaflex.com\/de\/wp-json\/wp\/v2\/comments?post=2734"}],"version-history":[{"count":11,"href":"https:\/\/www.efaflex.com\/de\/wp-json\/wp\/v2\/pages\/2734\/revisions"}],"predecessor-version":[{"id":24858,"href":"https:\/\/www.efaflex.com\/de\/wp-json\/wp\/v2\/pages\/2734\/revisions\/24858"}],"up":[{"embeddable":true,"href":"https:\/\/www.efaflex.com\/de\/wp-json\/wp\/v2\/pages\/115"}],"wp:attachment":[{"href":"https:\/\/www.efaflex.com\/de\/wp-json\/wp\/v2\/media?parent=2734"}],"wp:term":[{"taxonomy":"category","embeddable":true,"href":"https:\/\/www.efaflex.com\/de\/wp-json\/wp\/v2\/categories?post=2734"},{"taxonomy":"post_tag","embeddable":true,"href":"https:\/\/www.efaflex.com\/de\/wp-json\/wp\/v2\/tags?post=2734"}],"curies":[{"name":"wp","href":"https:\/\/api.w.org\/{rel}","templated":true}]}}