{"id":2761,"date":"2022-06-27T17:41:13","date_gmt":"2022-06-27T15:41:13","guid":{"rendered":"https:\/\/www.efaflex.com\/?page_id=2761"},"modified":"2026-01-13T15:32:51","modified_gmt":"2026-01-13T14:32:51","slug":"reparatur-stoerungsbehebung","status":"publish","type":"page","link":"https:\/\/www.efaflex.com\/de\/service\/service-international\/reparatur-stoerungsbehebung\/","title":{"rendered":"Reparatur &amp; St\u00f6rungsbehebung"},"content":{"rendered":"\r\n\r\n<div id=\"breadcrump-block_044094b1b080bd481819e6ae76a1292c\" class=\"inner\">\r\n        <nav class=\"breadcrumb\"><a href=\"https:\/\/www.efaflex.com\/de\/\">Startseite<\/a> \/ <span class=\"current-page\">Seite<\/span><\/nav>    <\/div>\n\n\n<div style=\"height:150px\" aria-hidden=\"true\" class=\"wp-block-spacer\"><\/div>\n\n\n\r\n\r\n<div id=\"textmodul-3-spalten-block_58e5c77ff79efc6dc665cec991adeea1\" class=\"textmodul-3-spalten\">\r\n    <div class=\"inner\">\r\n        <div class=\"custom-flex-box\">\r\n                            <h1 class=\"flex-box-thirty break headline-two\">Reparatur &#038; St\u00f6rungsbehebung &#8211; international.<\/h1>                        <div class=\"flex-box-thirty\"><p>Guter Reparaturservice hei\u00dft: Schnelle Wiederherstellung und m\u00f6glichst sofortige Verf\u00fcgbarkeit Ihrer Toranlage. <\/p>\n<p>Unsere geschulten Servicemitarbeiter:innen und Techniker:innen gew\u00e4hrleisten eine professionelle und kompetente Betreuung Ihrer Toranlage \u2013 weltweit und \u00fcber die gesamte Produktlebensdauer Ihrer Anlage hinweg.<\/p>\n<\/div>\r\n            <div class=\"flex-box-thirty\"><\/div>\r\n        <\/div>\r\n    <\/div>\r\n<\/div>\r\n\n\n\n<div style=\"height:100px\" aria-hidden=\"true\" class=\"wp-block-spacer\"><\/div>\n\n\n\r\n<div id=\"bild-text-modul-links-rechts-block_ea8f1d42c58d2a751330ada5edc47fe8\" class=\"bild-text-modul-container\">\r\n    <div class=\"inner\">\r\n                                                                                        <div id=\"\" class=\"bild-text-modul-links bild-text-modul\">\r\n                                <div class=\"custom-flex-box\">\r\n                                    <div class=\"flex-box-sixty bild-container\">\r\n                                                                                                                                                                                                                                                                                        <img decoding=\"async\" width=\"923\" height=\"556\" src=\"https:\/\/www.efaflex.com\/wp-content\/uploads\/2022\/07\/Rectangle-50.jpg\" class=\"attachment-full size-full\" alt=\"\" srcset=\"https:\/\/www.efaflex.com\/wp-content\/uploads\/2022\/07\/Rectangle-50.jpg 923w, https:\/\/www.efaflex.com\/wp-content\/uploads\/2022\/07\/Rectangle-50-300x181.jpg 300w, https:\/\/www.efaflex.com\/wp-content\/uploads\/2022\/07\/Rectangle-50-768x463.jpg 768w\" sizes=\"(max-width: 923px) 100vw, 923px\" \/>                                                                                                                                                                        <\/div>\r\n\r\n                                    <div class=\"flex-box-fourty text-container\">\r\n                                        <div class=\"text-container-flex\">\r\n                                            <div class=\"text-inner\">\r\n                                                                                                                                                            <div class=\"text-left-border\">\r\n                                                            <div class=\"text-cut\">\r\n                                                                \r\n\r\n                                                                                                                                          <h2 class=\"headline-two\">Servicequalit\u00e4t.<\/h2>                                                                   \r\n\r\n                                                                <p class=\"normal-font\"><p>Unsere hochqualifizierten Servicetechniker stehen Ihnen an einer Vielzahl von Standorten weltweit f\u00fcr Ihre Anliegen zur Verf\u00fcgung. Mit unserem dichten Servicenetzwerk haben Sie in der Regel einen direkten Ansprechpartner vor Ort, der Sie in allen Belangen kompetent beraten kann.<\/p>\n<\/p>\r\n                                                            <\/div>\r\n                                                            <div class=\"button-box\">\r\n                                                                                                                                                                                                                                                              <\/div>\r\n                                                        <\/div>\r\n                                                                                                                                                <\/div>\r\n                                        <\/div>\r\n                                    <\/div>\r\n                                <\/div>\r\n                            <\/div>\r\n\r\n                                    \r\n            \r\n\r\n                    \r\n                                    \r\n                            <div id=\"\" class=\"bild-text-modul-rechts bild-text-modul\">\r\n                                <div class=\"custom-flex-box\">\r\n                                    <div class=\"flex-box-fourty text-container\">\r\n                                        <div class=\"text-container-flex\">\r\n                                            <div class=\"text-inner\">\r\n\r\n                                                                                                                                                            <div class=\"text-left-border\">\r\n                                                            <div class=\"text-cut\">\r\n                                                                \r\n\r\n                                                                                                                                    <h2 class=\"headline-two\">Manpower.<\/h2>                                                                \r\n\r\n                                                                <p class=\"normal-font full-text\"><p>Mit mehr als 1.000 Schulungsteilnehmern pro Jahr und einem deutlich vierstelligen Netzwerk aus geschulten Technikern bieten wir ein leistungsf\u00e4higes Spektrum rund um alle Servicethemen. Wir sind dadurch au\u00dferdem immer in der Lage, sofort zu reagieren.<\/p>\n<\/p>\r\n\r\n                                                            <\/div>\r\n                                                            <div class=\"button-box\">\r\n                                                                                                                                \r\n                                                                                                                                                                                                                                                                <\/div>\r\n                                                        <\/div>\r\n                                                                                                    \r\n                                            <\/div>\r\n                                        <\/div>\r\n                                    <\/div>\r\n                                    <div class=\"flex-box-sixty bild-container\">\r\n                                                                                                                                                                                                                                                                                        <img decoding=\"async\" width=\"918\" height=\"597\" src=\"https:\/\/www.efaflex.com\/wp-content\/uploads\/2024\/01\/7I2A7292-e1704201619775.jpg\" class=\"attachment-full size-full\" alt=\"\" srcset=\"https:\/\/www.efaflex.com\/wp-content\/uploads\/2024\/01\/7I2A7292-e1704201619775.jpg 918w, https:\/\/www.efaflex.com\/wp-content\/uploads\/2024\/01\/7I2A7292-e1704201619775-300x195.jpg 300w, https:\/\/www.efaflex.com\/wp-content\/uploads\/2024\/01\/7I2A7292-e1704201619775-768x499.jpg 768w\" sizes=\"(max-width: 918px) 100vw, 918px\" \/>                                                                                                                                                                        <\/div>\r\n                                <\/div>\r\n                            <\/div>\r\n                                    \r\n            \r\n\r\n                                                                                    <div id=\"\" class=\"bild-text-modul-links bild-text-modul\">\r\n                                <div class=\"custom-flex-box\">\r\n                                    <div class=\"flex-box-sixty bild-container\">\r\n                                                                                                                                                                                                                                                                                        <img decoding=\"async\" width=\"923\" height=\"556\" src=\"https:\/\/www.efaflex.com\/wp-content\/uploads\/2022\/07\/Rectangle-49.jpg\" class=\"attachment-full size-full\" alt=\"\" srcset=\"https:\/\/www.efaflex.com\/wp-content\/uploads\/2022\/07\/Rectangle-49.jpg 923w, https:\/\/www.efaflex.com\/wp-content\/uploads\/2022\/07\/Rectangle-49-300x181.jpg 300w, https:\/\/www.efaflex.com\/wp-content\/uploads\/2022\/07\/Rectangle-49-768x463.jpg 768w\" sizes=\"(max-width: 923px) 100vw, 923px\" \/>                                                                                                                                                                        <\/div>\r\n\r\n                                    <div class=\"flex-box-fourty text-container\">\r\n                                        <div class=\"text-container-flex\">\r\n                                            <div class=\"text-inner\">\r\n                                                                                                                                                            <div class=\"text-left-border\">\r\n                                                            <div class=\"text-cut\">\r\n                                                                \r\n\r\n                                                                                                                                          <h2 class=\"headline-two\"> Smart Connect.<\/h2>                                                                   \r\n\r\n                                                                <p class=\"normal-font\"><p>EFA-SmartConnect\u00ae ist die IoT-L\u00f6sung von EFAFLEX f\u00fcr die sichere, intelligente Vernetzung und Verwaltung Ihrer Tore. Mit unserer kostenfreien App erhalten Sie in Echtzeit einen perfekten \u00dcberblick \u00fcber den aktuellen Status Ihrer Tore.<\/p>\n<\/p>\r\n                                                            <\/div>\r\n                                                            <div class=\"button-box\">\r\n                                                                                                                                                                                                                                                              <\/div>\r\n                                                        <\/div>\r\n                                                                                                                                                <\/div>\r\n                                        <\/div>\r\n                                    <\/div>\r\n                                <\/div>\r\n                            <\/div>\r\n\r\n                                    \r\n            \r\n\r\n        \r\n\r\n\r\n        <\/div>\r\n<\/div>\r\n\r\n<style>\r\n    .bild-text-modul {\r\n        scroll-margin-top: 143px;\r\n    }\r\n<\/style>\n\n\n<div style=\"height:200px\" aria-hidden=\"true\" class=\"wp-block-spacer\"><\/div>\n","protected":false},"excerpt":{"rendered":"","protected":false},"author":4,"featured_media":0,"parent":2745,"menu_order":0,"comment_status":"closed","ping_status":"closed","template":"","meta":{"_acf_changed":false,"footnotes":""},"categories":[],"tags":[],"class_list":["post-2761","page","type-page","status-publish","hentry"],"acf":[],"_links":{"self":[{"href":"https:\/\/www.efaflex.com\/de\/wp-json\/wp\/v2\/pages\/2761","targetHints":{"allow":["GET"]}}],"collection":[{"href":"https:\/\/www.efaflex.com\/de\/wp-json\/wp\/v2\/pages"}],"about":[{"href":"https:\/\/www.efaflex.com\/de\/wp-json\/wp\/v2\/types\/page"}],"author":[{"embeddable":true,"href":"https:\/\/www.efaflex.com\/de\/wp-json\/wp\/v2\/users\/4"}],"replies":[{"embeddable":true,"href":"https:\/\/www.efaflex.com\/de\/wp-json\/wp\/v2\/comments?post=2761"}],"version-history":[{"count":16,"href":"https:\/\/www.efaflex.com\/de\/wp-json\/wp\/v2\/pages\/2761\/revisions"}],"predecessor-version":[{"id":35541,"href":"https:\/\/www.efaflex.com\/de\/wp-json\/wp\/v2\/pages\/2761\/revisions\/35541"}],"up":[{"embeddable":true,"href":"https:\/\/www.efaflex.com\/de\/wp-json\/wp\/v2\/pages\/2745"}],"wp:attachment":[{"href":"https:\/\/www.efaflex.com\/de\/wp-json\/wp\/v2\/media?parent=2761"}],"wp:term":[{"taxonomy":"category","embeddable":true,"href":"https:\/\/www.efaflex.com\/de\/wp-json\/wp\/v2\/categories?post=2761"},{"taxonomy":"post_tag","embeddable":true,"href":"https:\/\/www.efaflex.com\/de\/wp-json\/wp\/v2\/tags?post=2761"}],"curies":[{"name":"wp","href":"https:\/\/api.w.org\/{rel}","templated":true}]}}