{"id":2767,"date":"2022-06-27T17:43:26","date_gmt":"2022-06-27T15:43:26","guid":{"rendered":"https:\/\/www.efaflex.com\/?page_id=2767"},"modified":"2026-01-08T13:43:16","modified_gmt":"2026-01-08T12:43:16","slug":"ersatzteilmanagement","status":"publish","type":"page","link":"https:\/\/www.efaflex.com\/de\/service\/service-international\/ersatzteilmanagement\/","title":{"rendered":"Ersatzteilmanagement"},"content":{"rendered":"\r\n\r\n<div id=\"breadcrump-block_e9065b0038554842a6bff97fd4468a82\" class=\"inner\">\r\n        <nav class=\"breadcrumb\"><a href=\"https:\/\/www.efaflex.com\/de\/\">Startseite<\/a> \/ <span class=\"current-page\">Seite<\/span><\/nav>    <\/div>\n\n\n<div style=\"height:150px\" aria-hidden=\"true\" class=\"wp-block-spacer\"><\/div>\n\n\n\r\n\r\n<div id=\"textmodul-3-spalten-block_2c4246c0f838f82b0bba5225bbc85356\" class=\"textmodul-3-spalten\">\r\n    <div class=\"inner\">\r\n        <div class=\"custom-flex-box\">\r\n                            <h1 class=\"flex-box-thirty break headline-two\">Ersatzteil-Management &#8211; international.<\/h1>                        <div class=\"flex-box-thirty\"><p>Auch Jahre sp\u00e4ter wissen wir dank unserer umfangreichen Datenablage, welche Teile in Ihrer Toranlage urspr\u00fcnglich verbaut wurden oder welche Umr\u00fcstungen bei uns beauftragt wurden.<\/p>\n<p>Mit unserer langfristig gesicherten Ersatzteilversorgung sind wir jederzeit in der Lage, die ben\u00f6tigten Teile in der richtigen Qualit\u00e4t zu fertigen und schnellstens zu liefern.<\/p>\n<\/div>\r\n            <div class=\"flex-box-thirty\"><\/div>\r\n        <\/div>\r\n    <\/div>\r\n<\/div>\r\n\n\n\n<div style=\"height:100px\" aria-hidden=\"true\" class=\"wp-block-spacer\"><\/div>\n\n\n\r\n<div id=\"bild-text-modul-links-rechts-block_c9ef7de26054c251ef6637518eac1319\" class=\"bild-text-modul-container\">\r\n    <div class=\"inner\">\r\n                                                                                        <div id=\"\" class=\"bild-text-modul-links bild-text-modul\">\r\n                                <div class=\"custom-flex-box\">\r\n                                    <div class=\"flex-box-sixty bild-container\">\r\n                                                                                                                                                                                                                                                                                        <img decoding=\"async\" width=\"923\" height=\"556\" src=\"https:\/\/www.efaflex.com\/wp-content\/uploads\/2022\/07\/kuerzeste-ersatzteillieferzeiten-service-international-efaflex.jpg\" class=\"attachment-full size-full\" alt=\"\" srcset=\"https:\/\/www.efaflex.com\/wp-content\/uploads\/2022\/07\/kuerzeste-ersatzteillieferzeiten-service-international-efaflex.jpg 923w, https:\/\/www.efaflex.com\/wp-content\/uploads\/2022\/07\/kuerzeste-ersatzteillieferzeiten-service-international-efaflex-300x181.jpg 300w, https:\/\/www.efaflex.com\/wp-content\/uploads\/2022\/07\/kuerzeste-ersatzteillieferzeiten-service-international-efaflex-768x463.jpg 768w\" sizes=\"(max-width: 923px) 100vw, 923px\" \/>                                                                                                                                                                        <\/div>\r\n\r\n                                    <div class=\"flex-box-fourty text-container\">\r\n                                        <div class=\"text-container-flex\">\r\n                                            <div class=\"text-inner\">\r\n                                                                                                                                                            <div class=\"text-left-border\">\r\n                                                            <div class=\"text-cut\">\r\n                                                                \r\n\r\n                                                                                                                                          <h2 class=\"headline-two\">K\u00fcrzeste Ersatzteil-Lieferzeiten.<\/h2>                                                                   \r\n\r\n                                                                <p class=\"normal-font\"><p>Mit unseren dezentralen Ersatzteill\u00e4gern beliefern wir Sie nicht nur aus unserer Ersatzteilkonfektionierung in Deutschland, sondern auch direkt von den St\u00fctzpunkten unserer Tochterunternehmen und Servicepartner in aller Welt. Kooperationen mit namhaften Transportdienstleistern sichern die schnelle Bef\u00f6rderung Ihrer ben\u00f6tigten Teile.<\/p>\n<\/p>\r\n                                                            <\/div>\r\n                                                            <div class=\"button-box\">\r\n                                                                                                                                                                                                                                                              <\/div>\r\n                                                        <\/div>\r\n                                                                                                                                                <\/div>\r\n                                        <\/div>\r\n                                    <\/div>\r\n                                <\/div>\r\n                            <\/div>\r\n\r\n                                    \r\n            \r\n\r\n                    \r\n                                    \r\n                            <div id=\"\" class=\"bild-text-modul-rechts bild-text-modul\">\r\n                                <div class=\"custom-flex-box\">\r\n                                    <div class=\"flex-box-fourty text-container\">\r\n                                        <div class=\"text-container-flex\">\r\n                                            <div class=\"text-inner\">\r\n\r\n                                                                                                                                                            <div class=\"text-left-border\">\r\n                                                            <div class=\"text-cut\">\r\n                                                                \r\n\r\n                                                                                                                                    <h2 class=\"headline-two\">Original-Ersatzteile.<\/h2>                                                                \r\n\r\n                                                                <p class=\"normal-font full-text\"><p>Unsere hochwertigen und speziell f\u00fcr unsere Schnelllauftore konzipierten Originalersatzteile sichern die Langlebigkeit und Einsatzbereitschaft Ihres Tores. Dank unseres hohen Eigenfertigungsgrads ist eine dauerhaft hohe Qualit\u00e4t auch nach vielen Jahren sichergestellt.<\/p>\n<\/p>\r\n\r\n                                                            <\/div>\r\n                                                            <div class=\"button-box\">\r\n                                                                                                                                \r\n                                                                                                                                                                                                                                                                <\/div>\r\n                                                        <\/div>\r\n                                                                                                    \r\n                                            <\/div>\r\n                                        <\/div>\r\n                                    <\/div>\r\n                                    <div class=\"flex-box-sixty bild-container\">\r\n                                                                                                                                                                                                                                                                                        <img decoding=\"async\" width=\"922\" height=\"556\" src=\"https:\/\/www.efaflex.com\/wp-content\/uploads\/2022\/07\/Rectangle-51.jpg\" class=\"attachment-full size-full\" alt=\"\" srcset=\"https:\/\/www.efaflex.com\/wp-content\/uploads\/2022\/07\/Rectangle-51.jpg 922w, https:\/\/www.efaflex.com\/wp-content\/uploads\/2022\/07\/Rectangle-51-300x181.jpg 300w, https:\/\/www.efaflex.com\/wp-content\/uploads\/2022\/07\/Rectangle-51-768x463.jpg 768w, https:\/\/www.efaflex.com\/wp-content\/uploads\/2022\/07\/Rectangle-51-920x556.jpg 920w\" sizes=\"(max-width: 922px) 100vw, 922px\" \/>                                                                                                                                                                        <\/div>\r\n                                <\/div>\r\n                            <\/div>\r\n                                    \r\n            \r\n\r\n                                                                                    <div id=\"\" class=\"bild-text-modul-links bild-text-modul\">\r\n                                <div class=\"custom-flex-box\">\r\n                                    <div class=\"flex-box-sixty bild-container\">\r\n                                                                                                                                                                                                                                                                                        <img decoding=\"async\" width=\"923\" height=\"556\" src=\"https:\/\/www.efaflex.com\/wp-content\/uploads\/2022\/07\/ersatzteilepaket-service-international-ersatzteilmanagement-efaflex.jpg\" class=\"attachment-full size-full\" alt=\"\" srcset=\"https:\/\/www.efaflex.com\/wp-content\/uploads\/2022\/07\/ersatzteilepaket-service-international-ersatzteilmanagement-efaflex.jpg 923w, https:\/\/www.efaflex.com\/wp-content\/uploads\/2022\/07\/ersatzteilepaket-service-international-ersatzteilmanagement-efaflex-300x181.jpg 300w, https:\/\/www.efaflex.com\/wp-content\/uploads\/2022\/07\/ersatzteilepaket-service-international-ersatzteilmanagement-efaflex-768x463.jpg 768w\" sizes=\"(max-width: 923px) 100vw, 923px\" \/>                                                                                                                                                                        <\/div>\r\n\r\n                                    <div class=\"flex-box-fourty text-container\">\r\n                                        <div class=\"text-container-flex\">\r\n                                            <div class=\"text-inner\">\r\n                                                                                                                                                            <div class=\"text-left-border\">\r\n                                                            <div class=\"text-cut\">\r\n                                                                \r\n\r\n                                                                                                                                          <h2 class=\"headline-two\">Ersatzteile-Paket.<\/h2>                                                                   \r\n\r\n                                                                <p class=\"normal-font\"><p>Ihr Tor wurde genau auf Ihre Anforderungen und seinen Einsatzzweck hin abgestimmt, produziert und fachkundig montiert. Selbstverst\u00e4ndlich k\u00fcmmern sich unsere Service-Spezialisten gerne um Ihr bedarfsorientiertes Ersatzteil- oder Verschlei\u00dfteilpaket \u2013 mit torspezifisch gefertigten Komponenten f\u00fcr eine Lagerhaltung bei Ihnen vor Ort, das Ihren W\u00fcnschen und Budgetvorstellungen entspricht. Dies vermeidet Stillstandzeiten beziehungsweise reduziert diese auf ein Minimum.<\/p>\n<\/p>\r\n                                                            <\/div>\r\n                                                            <div class=\"button-box\">\r\n                                                                                                                                                                                                                                                              <\/div>\r\n                                                        <\/div>\r\n                                                                                                                                                <\/div>\r\n                                        <\/div>\r\n                                    <\/div>\r\n                                <\/div>\r\n                            <\/div>\r\n\r\n                                    \r\n            \r\n\r\n                    \r\n                                    \r\n                            <div id=\"\" class=\"bild-text-modul-rechts bild-text-modul\">\r\n                                <div class=\"custom-flex-box\">\r\n                                    <div class=\"flex-box-fourty text-container\">\r\n                                        <div class=\"text-container-flex\">\r\n                                            <div class=\"text-inner\">\r\n\r\n                                                                                                                                                            <div class=\"text-left-border\">\r\n                                                            <div class=\"text-cut\">\r\n                                                                \r\n\r\n                                                                                                                                    <h2 class=\"headline-two\">Umr\u00fcstungen.<\/h2>                                                                \r\n\r\n                                                                <p class=\"normal-font full-text\"><p>Im Laufe der Einsatzdauer der Toranlage kann sich der Einsatzzweck durch z.B. ein optimiertes Anlagenlayout \u00e4ndern. Unsere fachkundigen Servicemitarbeiter:innen beraten Sie gerne, welche Umbauma\u00dfnahmen am Tor geeignet sind, auch Ihre k\u00fcnftigen Anforderungen erf\u00fcllen zu k\u00f6nnen.<\/p>\n<\/p>\r\n\r\n                                                            <\/div>\r\n                                                            <div class=\"button-box\">\r\n                                                                                                                                \r\n                                                                                                                                                                                                                                                                <\/div>\r\n                                                        <\/div>\r\n                                                                                                    \r\n                                            <\/div>\r\n                                        <\/div>\r\n                                    <\/div>\r\n                                    <div class=\"flex-box-sixty bild-container\">\r\n                                                                                                                                                                                                                                                                                        <img decoding=\"async\" width=\"923\" height=\"556\" src=\"https:\/\/www.efaflex.com\/wp-content\/uploads\/2022\/07\/umbauten-service-international-ersatzteilmanagement-efaflex.jpg\" class=\"attachment-full size-full\" alt=\"\" srcset=\"https:\/\/www.efaflex.com\/wp-content\/uploads\/2022\/07\/umbauten-service-international-ersatzteilmanagement-efaflex.jpg 923w, https:\/\/www.efaflex.com\/wp-content\/uploads\/2022\/07\/umbauten-service-international-ersatzteilmanagement-efaflex-300x181.jpg 300w, https:\/\/www.efaflex.com\/wp-content\/uploads\/2022\/07\/umbauten-service-international-ersatzteilmanagement-efaflex-768x463.jpg 768w\" sizes=\"(max-width: 923px) 100vw, 923px\" \/>                                                                                                                                                                        <\/div>\r\n                                <\/div>\r\n                            <\/div>\r\n                                    \r\n            \r\n\r\n                                                                                    <div id=\"\" class=\"bild-text-modul-links bild-text-modul\">\r\n                                <div class=\"custom-flex-box\">\r\n                                    <div class=\"flex-box-sixty bild-container\">\r\n                                                                                                                                                                                                                                                                                        <img decoding=\"async\" width=\"923\" height=\"556\" src=\"https:\/\/www.efaflex.com\/wp-content\/uploads\/2022\/07\/lebensdauer-nachhaltigkeit-service-international-efaflex.jpg\" class=\"attachment-full size-full\" alt=\"\" srcset=\"https:\/\/www.efaflex.com\/wp-content\/uploads\/2022\/07\/lebensdauer-nachhaltigkeit-service-international-efaflex.jpg 923w, https:\/\/www.efaflex.com\/wp-content\/uploads\/2022\/07\/lebensdauer-nachhaltigkeit-service-international-efaflex-300x181.jpg 300w, https:\/\/www.efaflex.com\/wp-content\/uploads\/2022\/07\/lebensdauer-nachhaltigkeit-service-international-efaflex-768x463.jpg 768w\" sizes=\"(max-width: 923px) 100vw, 923px\" \/>                                                                                                                                                                        <\/div>\r\n\r\n                                    <div class=\"flex-box-fourty text-container\">\r\n                                        <div class=\"text-container-flex\">\r\n                                            <div class=\"text-inner\">\r\n                                                                                                                                                            <div class=\"text-left-border\">\r\n                                                            <div class=\"text-cut\">\r\n                                                                \r\n\r\n                                                                                                                                          <h2 class=\"headline-two\">Nachhaltigkeit \/ Refurbishment.<\/h2>                                                                   \r\n\r\n                                                                <p class=\"normal-font\"><p>Durch die Verwendung von hochwertigen Teile-Komponenten und dank regelm\u00e4\u00dfiger Wartung k\u00f6nnen unsere Tore in der Regel deutlich l\u00e4nger laufen als in unseren technischen Unterlagen angegeben. Mit einer Statusaufnahme des Tores am Ende des erwarteten Produktlebenszyklus k\u00f6nnen wir Ihnen \u00fcber unser Servicenetzwerk ein Angebot erstellen, um das Tor optimal f\u00fcr weitere Jahre im \u201eSecond-life-cycle\u201c einsatzf\u00e4hig zu halten.<\/p>\n<p>Damit schonen wir wertvolle Ressourcen und zeigen unser K\u00f6nnen und unsere Verantwortung als nachhaltiger Hersteller.<\/p>\n<\/p>\r\n                                                            <\/div>\r\n                                                            <div class=\"button-box\">\r\n                                                                                                                                                                                                                                                              <\/div>\r\n                                                        <\/div>\r\n                                                                                                                                                <\/div>\r\n                                        <\/div>\r\n                                    <\/div>\r\n                                <\/div>\r\n                            <\/div>\r\n\r\n                                    \r\n            \r\n\r\n        \r\n\r\n\r\n        <\/div>\r\n<\/div>\r\n\r\n<style>\r\n    .bild-text-modul {\r\n        scroll-margin-top: 143px;\r\n    }\r\n<\/style>\n\n\n<div style=\"height:200px\" aria-hidden=\"true\" class=\"wp-block-spacer\"><\/div>\n","protected":false},"excerpt":{"rendered":"","protected":false},"author":4,"featured_media":0,"parent":2745,"menu_order":0,"comment_status":"closed","ping_status":"closed","template":"","meta":{"_acf_changed":false,"footnotes":""},"categories":[],"tags":[],"class_list":["post-2767","page","type-page","status-publish","hentry"],"acf":[],"_links":{"self":[{"href":"https:\/\/www.efaflex.com\/de\/wp-json\/wp\/v2\/pages\/2767","targetHints":{"allow":["GET"]}}],"collection":[{"href":"https:\/\/www.efaflex.com\/de\/wp-json\/wp\/v2\/pages"}],"about":[{"href":"https:\/\/www.efaflex.com\/de\/wp-json\/wp\/v2\/types\/page"}],"author":[{"embeddable":true,"href":"https:\/\/www.efaflex.com\/de\/wp-json\/wp\/v2\/users\/4"}],"replies":[{"embeddable":true,"href":"https:\/\/www.efaflex.com\/de\/wp-json\/wp\/v2\/comments?post=2767"}],"version-history":[{"count":16,"href":"https:\/\/www.efaflex.com\/de\/wp-json\/wp\/v2\/pages\/2767\/revisions"}],"predecessor-version":[{"id":35549,"href":"https:\/\/www.efaflex.com\/de\/wp-json\/wp\/v2\/pages\/2767\/revisions\/35549"}],"up":[{"embeddable":true,"href":"https:\/\/www.efaflex.com\/de\/wp-json\/wp\/v2\/pages\/2745"}],"wp:attachment":[{"href":"https:\/\/www.efaflex.com\/de\/wp-json\/wp\/v2\/media?parent=2767"}],"wp:term":[{"taxonomy":"category","embeddable":true,"href":"https:\/\/www.efaflex.com\/de\/wp-json\/wp\/v2\/categories?post=2767"},{"taxonomy":"post_tag","embeddable":true,"href":"https:\/\/www.efaflex.com\/de\/wp-json\/wp\/v2\/tags?post=2767"}],"curies":[{"name":"wp","href":"https:\/\/api.w.org\/{rel}","templated":true}]}}