{"id":2768,"date":"2022-06-27T17:44:58","date_gmt":"2022-06-27T15:44:58","guid":{"rendered":"https:\/\/www.efaflex.com\/?page_id=2768"},"modified":"2026-01-13T15:36:35","modified_gmt":"2026-01-13T14:36:35","slug":"wartung-pruefung","status":"publish","type":"page","link":"https:\/\/www.efaflex.com\/de\/service\/service-international\/wartung-pruefung\/","title":{"rendered":"Wartung &amp; Pr\u00fcfung international"},"content":{"rendered":"\r\n\r\n<div id=\"breadcrump-block_9f680c46546823be36067ada1e409391\" class=\"inner\">\r\n        <nav class=\"breadcrumb\"><a href=\"https:\/\/www.efaflex.com\/de\/\">Startseite<\/a> \/ <span class=\"current-page\">Seite<\/span><\/nav>    <\/div>\n\n\n<div style=\"height:150px\" aria-hidden=\"true\" class=\"wp-block-spacer\"><\/div>\n\n\n\r\n\r\n<div id=\"textmodul-3-spalten-block_8754a12c17b13f0e43fe771e6c1370a9\" class=\"textmodul-3-spalten\">\r\n    <div class=\"inner\">\r\n        <div class=\"custom-flex-box\">\r\n                            <h1 class=\"flex-box-thirty break headline-two\">Wartung &amp; Pr\u00fcfung &#8211; international.<\/h1>                        <div class=\"flex-box-thirty\"><p>Nutzen Sie unser Know-how, um Ihre Anlagenverf\u00fcgbarkeit konstant hoch zu halten und Ihre Betriebsabl\u00e4ufe ungehindert und sicher aufrechterhalten zu k\u00f6nnen.<\/p>\n<p>Mit der richtigen Wartung und Pr\u00fcfung bleibt Ihr Tor auch bei hoher Frequentierung und langj\u00e4hrigem Einsatz immer zuverl\u00e4ssig und sicher.<\/p>\n<\/div>\r\n            <div class=\"flex-box-thirty\"><\/div>\r\n        <\/div>\r\n    <\/div>\r\n<\/div>\r\n\n\n\n<div style=\"height:100px\" aria-hidden=\"true\" class=\"wp-block-spacer\"><\/div>\n\n\n\r\n<div id=\"bild-text-modul-links-rechts-block_3037dc91ba7ea4cbba4f8b9e03105d17\" class=\"bild-text-modul-container\">\r\n    <div class=\"inner\">\r\n                                                                                        <div id=\"\" class=\"bild-text-modul-links bild-text-modul\">\r\n                                <div class=\"custom-flex-box\">\r\n                                    <div class=\"flex-box-sixty bild-container\">\r\n                                                                                                                                                                                                                                                                                        <img decoding=\"async\" width=\"923\" height=\"556\" src=\"https:\/\/www.efaflex.com\/wp-content\/uploads\/2022\/07\/Digitales_Tor_Tablet_A3-1-2.jpg\" class=\"attachment-full size-full\" alt=\"\" srcset=\"https:\/\/www.efaflex.com\/wp-content\/uploads\/2022\/07\/Digitales_Tor_Tablet_A3-1-2.jpg 923w, https:\/\/www.efaflex.com\/wp-content\/uploads\/2022\/07\/Digitales_Tor_Tablet_A3-1-2-300x181.jpg 300w, https:\/\/www.efaflex.com\/wp-content\/uploads\/2022\/07\/Digitales_Tor_Tablet_A3-1-2-768x463.jpg 768w\" sizes=\"(max-width: 923px) 100vw, 923px\" \/>                                                                                                                                                                        <\/div>\r\n\r\n                                    <div class=\"flex-box-fourty text-container\">\r\n                                        <div class=\"text-container-flex\">\r\n                                            <div class=\"text-inner\">\r\n                                                                                                                                                            <div class=\"text-left-border\">\r\n                                                            <div class=\"text-cut\">\r\n                                                                \r\n\r\n                                                                                                                                          <h2 class=\"headline-two\">Warum Wartung wichtig ist.<\/h2>                                                                   \r\n\r\n                                                                <p class=\"normal-font\"><p>Um die volle Einsatzf\u00e4higkeit Ihres Tores zu gew\u00e4hrleisten, ist ein regelm\u00e4\u00dfiger Service unerl\u00e4sslich. Nur so k\u00f6nnen auf Dauer Verschlei\u00dfsch\u00e4den und die daraus resultierenden Folgekosten vermieden werden. Unser Servicenetzwerk bietet Ihnen individuelle Wartungsangebote.<\/p>\n<\/p>\r\n                                                            <\/div>\r\n                                                            <div class=\"button-box\">\r\n                                                                                                                                                                                                                                                              <\/div>\r\n                                                        <\/div>\r\n                                                                                                                                                <\/div>\r\n                                        <\/div>\r\n                                    <\/div>\r\n                                <\/div>\r\n                            <\/div>\r\n\r\n                                    \r\n            \r\n\r\n                    \r\n                                    \r\n                            <div id=\"\" class=\"bild-text-modul-rechts bild-text-modul\">\r\n                                <div class=\"custom-flex-box\">\r\n                                    <div class=\"flex-box-fourty text-container\">\r\n                                        <div class=\"text-container-flex\">\r\n                                            <div class=\"text-inner\">\r\n\r\n                                                                                                                                                            <div class=\"text-left-border\">\r\n                                                            <div class=\"text-cut\">\r\n                                                                \r\n\r\n                                                                                                                                    <h2 class=\"headline-two\">Preventive Maintenance.<\/h2>                                                                \r\n\r\n                                                                <p class=\"normal-font full-text\"><p>Was passiert, wenn Sie keine Wartung durchf\u00fchren lassen? Nicht in jedem Land gibt es so umfangreiche Vorschriften aus Sicherheitsaspekten wie in der EU. In manchen L\u00e4ndern sind sie manchmal sogar noch strenger ausgelegt; in anderen hingegen kaum ber\u00fccksichtigt.<br \/>\nEine \u201erun-to-death\u201c Mentalit\u00e4t kann nicht nur zu gravierenden Produktm\u00e4ngeln und hohen Folgekosten f\u00fchren, auch die Sicherheit der Toranlage ist dann nicht mehr gew\u00e4hrleistet \u2013 ein Personenschaden w\u00e4re der h\u00f6chste Preis, der dann \u00fcber dem Betreiber schwebt.<\/p>\n<\/p>\r\n\r\n                                                            <\/div>\r\n                                                            <div class=\"button-box\">\r\n                                                                                                                                \r\n                                                                                                                                                                                                                                                                <\/div>\r\n                                                        <\/div>\r\n                                                                                                    \r\n                                            <\/div>\r\n                                        <\/div>\r\n                                    <\/div>\r\n                                    <div class=\"flex-box-sixty bild-container\">\r\n                                                                                                                                                                                                                                                                                        <img decoding=\"async\" width=\"1920\" height=\"1286\" src=\"https:\/\/www.efaflex.com\/wp-content\/uploads\/2024\/01\/7I2A7402-zugeschnitten.jpg\" class=\"attachment-full size-full\" alt=\"\" srcset=\"https:\/\/www.efaflex.com\/wp-content\/uploads\/2024\/01\/7I2A7402-zugeschnitten.jpg 1920w, https:\/\/www.efaflex.com\/wp-content\/uploads\/2024\/01\/7I2A7402-zugeschnitten-300x201.jpg 300w, https:\/\/www.efaflex.com\/wp-content\/uploads\/2024\/01\/7I2A7402-zugeschnitten-768x514.jpg 768w, https:\/\/www.efaflex.com\/wp-content\/uploads\/2024\/01\/7I2A7402-zugeschnitten-1024x686.jpg 1024w, https:\/\/www.efaflex.com\/wp-content\/uploads\/2024\/01\/7I2A7402-zugeschnitten-1536x1029.jpg 1536w\" sizes=\"(max-width: 1920px) 100vw, 1920px\" \/>                                                                                                                                                                        <\/div>\r\n                                <\/div>\r\n                            <\/div>\r\n                                    \r\n            \r\n\r\n                                                                                    <div id=\"\" class=\"bild-text-modul-links bild-text-modul\">\r\n                                <div class=\"custom-flex-box\">\r\n                                    <div class=\"flex-box-sixty bild-container\">\r\n                                                                                                                                                                                                                                                                                        <img decoding=\"async\" width=\"923\" height=\"556\" src=\"https:\/\/www.efaflex.com\/wp-content\/uploads\/2022\/07\/lebensdauer-nachhaltigkeit-service-international-efaflex.jpg\" class=\"attachment-full size-full\" alt=\"\" srcset=\"https:\/\/www.efaflex.com\/wp-content\/uploads\/2022\/07\/lebensdauer-nachhaltigkeit-service-international-efaflex.jpg 923w, https:\/\/www.efaflex.com\/wp-content\/uploads\/2022\/07\/lebensdauer-nachhaltigkeit-service-international-efaflex-300x181.jpg 300w, https:\/\/www.efaflex.com\/wp-content\/uploads\/2022\/07\/lebensdauer-nachhaltigkeit-service-international-efaflex-768x463.jpg 768w\" sizes=\"(max-width: 923px) 100vw, 923px\" \/>                                                                                                                                                                        <\/div>\r\n\r\n                                    <div class=\"flex-box-fourty text-container\">\r\n                                        <div class=\"text-container-flex\">\r\n                                            <div class=\"text-inner\">\r\n                                                                                                                                                            <div class=\"text-left-border\">\r\n                                                            <div class=\"text-cut\">\r\n                                                                \r\n\r\n                                                                                                                                          <h2 class=\"headline-two\">Lebensdauer \/ Nachhaltigkeit.<\/h2>                                                                   \r\n\r\n                                                                <p class=\"normal-font\"><p>Mit einer regelm\u00e4\u00dfigen \u00dcberpr\u00fcfung der Toranlage durch bestens geschulte Techniker wird die Investition der Toranlage abgesichert und Folgekosten k\u00f6nnen minimiert werden.<br \/>\nDurch die Verwendung von hochwertigen Teile-Komponenten und dank regelm\u00e4\u00dfiger Wartung kann die Lebensdauer verl\u00e4ngert und der Teileaustausch reduziert werden.<br \/>\nMit einer Statusaufnahme des Tores am Ende des erwarteten Produktlebenszyklus k\u00f6nnen wir Ihnen \u00fcber unser Servicenetzwerk ein Angebot erstellen, um das Tor optimal f\u00fcr weitere Jahre im \u201eSecond-life-cycle\u201c einsatzf\u00e4hig zu halten. <\/p>\n<p>Damit schonen wir wertvolle Ressourcen und zeigen unser K\u00f6nnen und unsere Verantwortung als nachhaltiger Hersteller.<\/p>\n<\/p>\r\n                                                            <\/div>\r\n                                                            <div class=\"button-box\">\r\n                                                                                                                                                                                                                                                              <\/div>\r\n                                                        <\/div>\r\n                                                                                                                                                <\/div>\r\n                                        <\/div>\r\n                                    <\/div>\r\n                                <\/div>\r\n                            <\/div>\r\n\r\n                                    \r\n            \r\n\r\n        \r\n\r\n\r\n        <\/div>\r\n<\/div>\r\n\r\n<style>\r\n    .bild-text-modul {\r\n        scroll-margin-top: 143px;\r\n    }\r\n<\/style>\n\n\n<div style=\"height:200px\" aria-hidden=\"true\" class=\"wp-block-spacer\"><\/div>\n","protected":false},"excerpt":{"rendered":"","protected":false},"author":4,"featured_media":0,"parent":2745,"menu_order":0,"comment_status":"closed","ping_status":"closed","template":"","meta":{"_acf_changed":false,"footnotes":""},"categories":[],"tags":[],"class_list":["post-2768","page","type-page","status-publish","hentry"],"acf":[],"_links":{"self":[{"href":"https:\/\/www.efaflex.com\/de\/wp-json\/wp\/v2\/pages\/2768","targetHints":{"allow":["GET"]}}],"collection":[{"href":"https:\/\/www.efaflex.com\/de\/wp-json\/wp\/v2\/pages"}],"about":[{"href":"https:\/\/www.efaflex.com\/de\/wp-json\/wp\/v2\/types\/page"}],"author":[{"embeddable":true,"href":"https:\/\/www.efaflex.com\/de\/wp-json\/wp\/v2\/users\/4"}],"replies":[{"embeddable":true,"href":"https:\/\/www.efaflex.com\/de\/wp-json\/wp\/v2\/comments?post=2768"}],"version-history":[{"count":14,"href":"https:\/\/www.efaflex.com\/de\/wp-json\/wp\/v2\/pages\/2768\/revisions"}],"predecessor-version":[{"id":35659,"href":"https:\/\/www.efaflex.com\/de\/wp-json\/wp\/v2\/pages\/2768\/revisions\/35659"}],"up":[{"embeddable":true,"href":"https:\/\/www.efaflex.com\/de\/wp-json\/wp\/v2\/pages\/2745"}],"wp:attachment":[{"href":"https:\/\/www.efaflex.com\/de\/wp-json\/wp\/v2\/media?parent=2768"}],"wp:term":[{"taxonomy":"category","embeddable":true,"href":"https:\/\/www.efaflex.com\/de\/wp-json\/wp\/v2\/categories?post=2768"},{"taxonomy":"post_tag","embeddable":true,"href":"https:\/\/www.efaflex.com\/de\/wp-json\/wp\/v2\/tags?post=2768"}],"curies":[{"name":"wp","href":"https:\/\/api.w.org\/{rel}","templated":true}]}}