{"id":2771,"date":"2022-06-27T17:45:50","date_gmt":"2022-06-27T15:45:50","guid":{"rendered":"https:\/\/www.efaflex.com\/?page_id=2771"},"modified":"2026-01-08T13:43:44","modified_gmt":"2026-01-08T12:43:44","slug":"schulung","status":"publish","type":"page","link":"https:\/\/www.efaflex.com\/de\/service\/service-international\/schulung\/","title":{"rendered":"Schulung"},"content":{"rendered":"\r\n\r\n<div id=\"breadcrump-block_fe30f988be1bff9cf97ce7899abfd972\" class=\"inner\">\r\n        <nav class=\"breadcrumb\"><a href=\"https:\/\/www.efaflex.com\/de\/\">Startseite<\/a> \/ <span class=\"current-page\">Seite<\/span><\/nav>    <\/div>\n\n\n<div style=\"height:150px\" aria-hidden=\"true\" class=\"wp-block-spacer\"><\/div>\n\n\n\r\n\r\n<div id=\"textmodul-3-spalten-block_1cf60dd652c1280fde87146b55fcd92c\" class=\"textmodul-3-spalten\">\r\n    <div class=\"inner\">\r\n        <div class=\"custom-flex-box\">\r\n                            <h1 class=\"flex-box-thirty break headline-two\">Schulung &#8211; international.<\/h1>                        <div class=\"flex-box-thirty\"><p>Unser Anspruch an unsere Produkte und unseren<br \/>\nService erfordert bestens geschulte Mitarbeiter:innen.<br \/>\nDurch regelm\u00e4\u00dfige Schulungen f\u00fcr unser globales<br \/>\nService-Netzwerk haben wir das richtige Know-How,<br \/>\num als Premium-Hersteller all Ihren Anliegen und<br \/>\nBed\u00fcrfnissen jederzeit gerecht zu werden.<\/p>\n<\/div>\r\n            <div class=\"flex-box-thirty\"><\/div>\r\n        <\/div>\r\n    <\/div>\r\n<\/div>\r\n\n\n\n<div style=\"height:100px\" aria-hidden=\"true\" class=\"wp-block-spacer\"><\/div>\n\n\n\r\n<div id=\"bild-text-modul-links-rechts-block_f53ea05763fe1dda1b0995e792d3b5e3\" class=\"bild-text-modul-container\">\r\n    <div class=\"inner\">\r\n                                                                                        <div id=\"\" class=\"bild-text-modul-links bild-text-modul\">\r\n                                <div class=\"custom-flex-box\">\r\n                                    <div class=\"flex-box-sixty bild-container\">\r\n                                                                                                                                                                                                                                                                                        <img decoding=\"async\" width=\"1920\" height=\"1280\" src=\"https:\/\/www.efaflex.com\/wp-content\/uploads\/2024\/01\/7I2A7658.jpg\" class=\"attachment-full size-full\" alt=\"\" srcset=\"https:\/\/www.efaflex.com\/wp-content\/uploads\/2024\/01\/7I2A7658.jpg 1920w, https:\/\/www.efaflex.com\/wp-content\/uploads\/2024\/01\/7I2A7658-300x200.jpg 300w, https:\/\/www.efaflex.com\/wp-content\/uploads\/2024\/01\/7I2A7658-768x512.jpg 768w, https:\/\/www.efaflex.com\/wp-content\/uploads\/2024\/01\/7I2A7658-1024x683.jpg 1024w, https:\/\/www.efaflex.com\/wp-content\/uploads\/2024\/01\/7I2A7658-1536x1024.jpg 1536w, https:\/\/www.efaflex.com\/wp-content\/uploads\/2024\/01\/7I2A7658-382x254.jpg 382w\" sizes=\"(max-width: 1920px) 100vw, 1920px\" \/>                                                                                                                                                                        <\/div>\r\n\r\n                                    <div class=\"flex-box-fourty text-container\">\r\n                                        <div class=\"text-container-flex\">\r\n                                            <div class=\"text-inner\">\r\n                                                                                                                                                            <div class=\"text-left-border\">\r\n                                                            <div class=\"text-cut\">\r\n                                                                \r\n\r\n                                                                                                                                          <h2 class=\"headline-two\">Geschultes Personal.<\/h2>                                                                   \r\n\r\n                                                                <p class=\"normal-font\"><p>Regelm\u00e4\u00dfige Schulungen unseres globalen Servicenetzwerkes f\u00fchren zu optimalem Know-how f\u00fcr jede Situation. Mit unserem Schulungszentrum an unserem Stammsitz in Deutschland und weiteren Schulungsr\u00e4umen weltweit stellen wir eine gleichbleibend hohe Kompetenz im Umgang mit unseren Produkten sicher. Mehr als 1.000 Schulungsteilnehmer:innen j\u00e4hrlich bilden die Basis unserer Service-Excellence-Strategie.<\/p>\n<\/p>\r\n                                                            <\/div>\r\n                                                            <div class=\"button-box\">\r\n                                                                                                                                                                                                                                                              <\/div>\r\n                                                        <\/div>\r\n                                                                                                                                                <\/div>\r\n                                        <\/div>\r\n                                    <\/div>\r\n                                <\/div>\r\n                            <\/div>\r\n\r\n                                    \r\n            \r\n\r\n                    \r\n                                    \r\n                            <div id=\"\" class=\"bild-text-modul-rechts bild-text-modul\">\r\n                                <div class=\"custom-flex-box\">\r\n                                    <div class=\"flex-box-fourty text-container\">\r\n                                        <div class=\"text-container-flex\">\r\n                                            <div class=\"text-inner\">\r\n\r\n                                                                                                                                                            <div class=\"text-left-border\">\r\n                                                            <div class=\"text-cut\">\r\n                                                                \r\n\r\n                                                                                                                                    <h2 class=\"headline-two\">Kundenschulungen.<\/h2>                                                                \r\n\r\n                                                                <p class=\"normal-font full-text\"><p>Manche Business-Cases erfordern eine gesonderte Betrachtungsweise. So kann es durchaus vorkommen, dass wir auch andere Kooperationspartner au\u00dferhalb unseres eigentlichen Servicenetzwerkes auf definierte Tortypen schulen. Gerade im internationalen Anlagenbau k\u00f6nnen dadurch interessante Gesch\u00e4ftsmodelle entstehen \u2013 sprechen Sie uns an!<\/p>\n<\/p>\r\n\r\n                                                            <\/div>\r\n                                                            <div class=\"button-box\">\r\n                                                                                                                                \r\n                                                                                                                                                                                                                                                                <\/div>\r\n                                                        <\/div>\r\n                                                                                                    \r\n                                            <\/div>\r\n                                        <\/div>\r\n                                    <\/div>\r\n                                    <div class=\"flex-box-sixty bild-container\">\r\n                                                                                                                                                                                                                                                                                        <img decoding=\"async\" width=\"1920\" height=\"1027\" src=\"https:\/\/www.efaflex.com\/wp-content\/uploads\/2022\/08\/kundenschulung-service-international-efaflex.jpg\" class=\"attachment-full size-full\" alt=\"\" srcset=\"https:\/\/www.efaflex.com\/wp-content\/uploads\/2022\/08\/kundenschulung-service-international-efaflex.jpg 1920w, https:\/\/www.efaflex.com\/wp-content\/uploads\/2022\/08\/kundenschulung-service-international-efaflex-300x160.jpg 300w, https:\/\/www.efaflex.com\/wp-content\/uploads\/2022\/08\/kundenschulung-service-international-efaflex-1024x548.jpg 1024w, https:\/\/www.efaflex.com\/wp-content\/uploads\/2022\/08\/kundenschulung-service-international-efaflex-768x411.jpg 768w, https:\/\/www.efaflex.com\/wp-content\/uploads\/2022\/08\/kundenschulung-service-international-efaflex-1536x822.jpg 1536w\" sizes=\"(max-width: 1920px) 100vw, 1920px\" \/>                                                                                                                                                                        <\/div>\r\n                                <\/div>\r\n                            <\/div>\r\n                                    \r\n            \r\n\r\n        \r\n\r\n\r\n        <\/div>\r\n<\/div>\r\n\r\n<style>\r\n    .bild-text-modul {\r\n        scroll-margin-top: 143px;\r\n    }\r\n<\/style>\n\n\n<div style=\"height:200px\" aria-hidden=\"true\" class=\"wp-block-spacer\"><\/div>\n","protected":false},"excerpt":{"rendered":"","protected":false},"author":4,"featured_media":0,"parent":2745,"menu_order":0,"comment_status":"closed","ping_status":"closed","template":"","meta":{"_acf_changed":false,"footnotes":""},"categories":[],"tags":[],"class_list":["post-2771","page","type-page","status-publish","hentry"],"acf":[],"_links":{"self":[{"href":"https:\/\/www.efaflex.com\/de\/wp-json\/wp\/v2\/pages\/2771","targetHints":{"allow":["GET"]}}],"collection":[{"href":"https:\/\/www.efaflex.com\/de\/wp-json\/wp\/v2\/pages"}],"about":[{"href":"https:\/\/www.efaflex.com\/de\/wp-json\/wp\/v2\/types\/page"}],"author":[{"embeddable":true,"href":"https:\/\/www.efaflex.com\/de\/wp-json\/wp\/v2\/users\/4"}],"replies":[{"embeddable":true,"href":"https:\/\/www.efaflex.com\/de\/wp-json\/wp\/v2\/comments?post=2771"}],"version-history":[{"count":16,"href":"https:\/\/www.efaflex.com\/de\/wp-json\/wp\/v2\/pages\/2771\/revisions"}],"predecessor-version":[{"id":35551,"href":"https:\/\/www.efaflex.com\/de\/wp-json\/wp\/v2\/pages\/2771\/revisions\/35551"}],"up":[{"embeddable":true,"href":"https:\/\/www.efaflex.com\/de\/wp-json\/wp\/v2\/pages\/2745"}],"wp:attachment":[{"href":"https:\/\/www.efaflex.com\/de\/wp-json\/wp\/v2\/media?parent=2771"}],"wp:term":[{"taxonomy":"category","embeddable":true,"href":"https:\/\/www.efaflex.com\/de\/wp-json\/wp\/v2\/categories?post=2771"},{"taxonomy":"post_tag","embeddable":true,"href":"https:\/\/www.efaflex.com\/de\/wp-json\/wp\/v2\/tags?post=2771"}],"curies":[{"name":"wp","href":"https:\/\/api.w.org\/{rel}","templated":true}]}}