{"id":2780,"date":"2022-06-27T17:53:51","date_gmt":"2022-06-27T15:53:51","guid":{"rendered":"https:\/\/www.efaflex.com\/?page_id=2780"},"modified":"2026-01-08T13:52:14","modified_gmt":"2026-01-08T12:52:14","slug":"partnerprogramm","status":"publish","type":"page","link":"https:\/\/www.efaflex.com\/de\/service\/service-international\/partnerprogramm\/","title":{"rendered":"Partnerprogramm"},"content":{"rendered":"\r\n<script type=\"application\/javascript\">\r\n    window.addEventListener('DOMContentLoaded', function() {\r\n        jQuery(document).ready(function($){\r\n            var sliderid = \"block_199b30107f197fcc4990024e03dafb05\";\r\n            $('#'+sliderid).slick({\r\n                infinite: true,\r\n                dots: false,\r\n                lazyLoad: 'ondemand',\r\n                autoplay: true,\r\n                autoplaySpeed: 5000,\r\n                pauseOnFocus: true,\r\n                arrows: false,\r\n                fade: false,\r\n                speed: 1500,\r\n                pauseOnHover: false,\r\n                prevArrow: '<div class=\"slick-prev slick-button\"><svg xmlns=\"http:\/\/www.w3.org\/2000\/svg\" viewBox=\"0 0 448 512\"><!--! Font Awesome Pro 6.1.1 by @fontawesome - https:\/\/fontawesome.com License - https:\/\/fontawesome.com\/license (Commercial License) Copyright 2022 Fonticons, Inc. --><path d=\"M77.25 256l137.4-137.4c12.5-12.5 12.5-32.75 0-45.25s-32.75-12.5-45.25 0l-160 160c-12.5 12.5-12.5 32.75 0 45.25l160 160C175.6 444.9 183.8 448 192 448s16.38-3.125 22.62-9.375c12.5-12.5 12.5-32.75 0-45.25L77.25 256zM269.3 256l137.4-137.4c12.5-12.5 12.5-32.75 0-45.25s-32.75-12.5-45.25 0l-160 160c-12.5 12.5-12.5 32.75 0 45.25l160 160C367.6 444.9 375.8 448 384 448s16.38-3.125 22.62-9.375c12.5-12.5 12.5-32.75 0-45.25L269.3 256z\"\/><\/svg><\/div>',\r\n                nextArrow: '<div class=\"slick-next slick-button\"><svg xmlns=\"http:\/\/www.w3.org\/2000\/svg\" viewBox=\"0 0 448 512\"><!--! Font Awesome Pro 6.1.1 by @fontawesome - https:\/\/fontawesome.com License - https:\/\/fontawesome.com\/license (Commercial License) Copyright 2022 Fonticons, Inc. --><path fill=\"ff0000\" style=\"height: 22px\" d=\"M246.6 233.4l-160-160c-12.5-12.5-32.75-12.5-45.25 0s-12.5 32.75 0 45.25L178.8 256l-137.4 137.4c-12.5 12.5-12.5 32.75 0 45.25C47.63 444.9 55.81 448 64 448s16.38-3.125 22.62-9.375l160-160C259.1 266.1 259.1 245.9 246.6 233.4zM438.6 233.4l-160-160c-12.5-12.5-32.75-12.5-45.25 0s-12.5 32.75 0 45.25L370.8 256l-137.4 137.4c-12.5 12.5-12.5 32.75 0 45.25C239.6 444.9 247.8 448 256 448s16.38-3.125 22.62-9.375l160-160C451.1 266.1 451.1 245.9 438.6 233.4z\"\/><\/svg><\/div>',\r\n            });\r\n        });\r\n    });\r\n<\/script>\r\n\r\n<div id=\"block_199b30107f197fcc4990024e03dafb05\" class=\"bild-video-slider-fullwidth\">\r\n                        <div class=\"bild-video-slider-fullwidth--slide img-vid-box\">\r\n                                                                                                    <img decoding=\"async\" width=\"1920\" height=\"966\" src=\"https:\/\/www.efaflex.com\/wp-content\/uploads\/2022\/07\/partnerprogramm-service-international-efaflex.jpg\" class=\"attachment-bild-fullsize-width size-bild-fullsize-width\" alt=\"\" srcset=\"https:\/\/www.efaflex.com\/wp-content\/uploads\/2022\/07\/partnerprogramm-service-international-efaflex.jpg 1920w, https:\/\/www.efaflex.com\/wp-content\/uploads\/2022\/07\/partnerprogramm-service-international-efaflex-300x151.jpg 300w, https:\/\/www.efaflex.com\/wp-content\/uploads\/2022\/07\/partnerprogramm-service-international-efaflex-1024x515.jpg 1024w, https:\/\/www.efaflex.com\/wp-content\/uploads\/2022\/07\/partnerprogramm-service-international-efaflex-768x386.jpg 768w, https:\/\/www.efaflex.com\/wp-content\/uploads\/2022\/07\/partnerprogramm-service-international-efaflex-1536x773.jpg 1536w\" sizes=\"(max-width: 1920px) 100vw, 1920px\" \/>                    \r\n                                                <\/div>\r\n            <\/div>\n\n\r\n\r\n<div id=\"breadcrump-block_7bbc092978921cc77e39e493e6861c9b\" class=\"inner\">\r\n        <nav class=\"breadcrumb\"><a href=\"https:\/\/www.efaflex.com\/de\/\">Startseite<\/a> \/ <span class=\"current-page\">Seite<\/span><\/nav>    <\/div>\n\n\n<div style=\"height:150px\" aria-hidden=\"true\" class=\"wp-block-spacer\"><\/div>\n\n\n\r\n\r\n<div id=\"textmodul-3-spalten-block_2a15e32c618810deb2de462c89277e5e\" class=\"textmodul-3-spalten\">\r\n    <div class=\"inner\">\r\n        <div class=\"custom-flex-box\">\r\n                            <h1 class=\"flex-box-thirty break headline-two\">EFAFLEX Partnerprogramm \u2013 Gemeinsam erfolgreich weltweit.<\/h1>                        <div class=\"flex-box-thirty\"><p>\u00dcber 1.600 Mitarbeiter:innen arbeiten tagt\u00e4glich an qualitativ hochwertigen Produkten. Sie unterst\u00fctzen unsere Kunden und Partner mit bester Beratung und exzellentem Service \u2013 weltweit. Werden auch Sie zum EFAFLEX Partner und damit Teil der erfolgreichen EFAFLEX Familie.<\/p>\n<\/div>\r\n            <div class=\"flex-box-thirty\"><p>Das EFAFLEX Partnerprogramm bietet Ihnen unz\u00e4hlige Vorteile und ist f\u00fcr Sie lukrativer Bestandteil unserer gemeinsamen, zukunftssicheren, vertrauensvollen und produktiven Gesch\u00e4ftsbeziehung.<\/p>\n<\/div>\r\n        <\/div>\r\n    <\/div>\r\n<\/div>\r\n\n\n\n<div style=\"height:100px\" aria-hidden=\"true\" class=\"wp-block-spacer\"><\/div>\n\n\n\r\n\r\n<div class=\"icon-ablauf-modul\">\r\n    <div class=\"inner\">\r\n        <div class=\"custom-flex-box-twentyfive\">\r\n                                                <div class=\"single-icon custom-flex-box-twentyfive\">\r\n                                                                            <img decoding=\"async\" src=\"https:\/\/www.efaflex.com\/wp-content\/uploads\/2022\/07\/partner-programme-service-international-efaflex.png\" alt=\"\" \/>\r\n                                            <\/div>\r\n                                    <div class=\"single-icon custom-flex-box-twentyfive\">\r\n                                                                            <img decoding=\"async\" src=\"https:\/\/www.efaflex.com\/wp-content\/uploads\/2022\/07\/vertrauen-unternehmensphilosophie-unsere-werte-unternehmen-efaflex.png\" alt=\"\" \/>\r\n                                            <\/div>\r\n                                    <div class=\"single-icon custom-flex-box-twentyfive\">\r\n                                                                            <img decoding=\"async\" src=\"https:\/\/www.efaflex.com\/wp-content\/uploads\/2022\/07\/efaflex-logo-partnerprogramme-service-international.png\" alt=\"\" \/>\r\n                                            <\/div>\r\n                                    <div class=\"single-icon custom-flex-box-twentyfive\">\r\n                                                                            <img decoding=\"async\" src=\"https:\/\/www.efaflex.com\/wp-content\/uploads\/2022\/07\/gruppierung-partnerprogramme-service-international-efaflex.png\" alt=\"\" \/>\r\n                                            <\/div>\r\n                                    <\/div>\r\n    <\/div>\r\n<\/div>\n\n\n<div style=\"height:100px\" aria-hidden=\"true\" class=\"wp-block-spacer\"><\/div>\n\n\n\r\n<div id=\"contact-modul-2-block_d6626a3ecc711a1f3f1672942c751351\" class=\"contact-modul-2 inner\">\r\n    <h2>Nutzen Sie diese einzigartige Chance und werden Sie Teil unserer Erfolgsgeschichte!<\/h2>\r\n    <p>Sie m\u00f6chten gerne weitere Informationen zu unserem Partnerprogramm?<br \/>\r\nKontaktieren Sie uns:<\/p>\r\n                <a class=\"load-more-button\" href=\"mailto:partner@efaflex.com\" target=\"\">partner@efaflex.com<\/a>\r\n    <\/div>\n\n\n<div style=\"height:200px\" aria-hidden=\"true\" class=\"wp-block-spacer\"><\/div>\n\n\n\r\n<div id=\"benefits-modul-block_290c028efbcc8e376e43e461665702c7\" class=\"benefits-modul inner\">\r\n    <h2>Ihre Vorteile.<\/h2>\r\n            <div class=\"custom-flex-box\">\r\n                            <div class=\"flex-box-fifty benefits-modul--benefit\">\r\n                    <img decoding=\"async\" width=\"49\" height=\"49\" src=\"https:\/\/www.efaflex.com\/wp-content\/themes\/efaflex\/assets\/img\/benefits-check.svg\" alt=\"Benefits Check Icon\">\r\n                    <div>\r\n                        Hochqualifizierter Wissenstransfer durch unsere hausinternen Schulungen                                            <\/div>\r\n                <\/div>\r\n                            <div class=\"flex-box-fifty benefits-modul--benefit\">\r\n                    <img decoding=\"async\" width=\"49\" height=\"49\" src=\"https:\/\/www.efaflex.com\/wp-content\/themes\/efaflex\/assets\/img\/benefits-check.svg\" alt=\"Benefits Check Icon\">\r\n                    <div>\r\n                        Exklusive Betreuung durch L\u00e4nderreferenten \u2013 Ihr\/e direkte\/r Ansprechpartner\/-in                                            <\/div>\r\n                <\/div>\r\n                            <div class=\"flex-box-fifty benefits-modul--benefit\">\r\n                    <img decoding=\"async\" width=\"49\" height=\"49\" src=\"https:\/\/www.efaflex.com\/wp-content\/themes\/efaflex\/assets\/img\/benefits-check.svg\" alt=\"Benefits Check Icon\">\r\n                    <div>\r\n                        Technischer Support durch eigene Supervisor:innen via Telefon, E-Mail und bei Bedarf vor Ort                                            <\/div>\r\n                <\/div>\r\n                            <div class=\"flex-box-fifty benefits-modul--benefit\">\r\n                    <img decoding=\"async\" width=\"49\" height=\"49\" src=\"https:\/\/www.efaflex.com\/wp-content\/themes\/efaflex\/assets\/img\/benefits-check.svg\" alt=\"Benefits Check Icon\">\r\n                    <div>\r\n                        Unterst\u00fctzung bei der strategischen Ausrichtung im Bereich Service durch langj\u00e4hrige erfahrene Mitarbeiter:innen (International Customer Service) sowie bei Kundenbesuchen vor Ort                                            <\/div>\r\n                <\/div>\r\n                            <div class=\"flex-box-fifty benefits-modul--benefit\">\r\n                    <img decoding=\"async\" width=\"49\" height=\"49\" src=\"https:\/\/www.efaflex.com\/wp-content\/themes\/efaflex\/assets\/img\/benefits-check.svg\" alt=\"Benefits Check Icon\">\r\n                    <div>\r\n                        Schnelle und kompetente Beratung f\u00fcr Ersatzteile sowie Nach- und Umr\u00fcstungen, inkl. unmittelbarer Lieferung an den Wunschlieferort                                            <\/div>\r\n                <\/div>\r\n                            <div class=\"flex-box-fifty benefits-modul--benefit\">\r\n                    <img decoding=\"async\" width=\"49\" height=\"49\" src=\"https:\/\/www.efaflex.com\/wp-content\/themes\/efaflex\/assets\/img\/benefits-check.svg\" alt=\"Benefits Check Icon\">\r\n                    <div>\r\n                        Exklusive Nutzung der EFAFLEX Partner-APP                                            <\/div>\r\n                <\/div>\r\n                            <div class=\"flex-box-fifty benefits-modul--benefit\">\r\n                    <img decoding=\"async\" width=\"49\" height=\"49\" src=\"https:\/\/www.efaflex.com\/wp-content\/themes\/efaflex\/assets\/img\/benefits-check.svg\" alt=\"Benefits Check Icon\">\r\n                    <div>\r\n                        Unterst\u00fctzung bei Messen                                            <\/div>\r\n                <\/div>\r\n                            <div class=\"flex-box-fifty benefits-modul--benefit\">\r\n                    <img decoding=\"async\" width=\"49\" height=\"49\" src=\"https:\/\/www.efaflex.com\/wp-content\/themes\/efaflex\/assets\/img\/benefits-check.svg\" alt=\"Benefits Check Icon\">\r\n                    <div>\r\n                        Exklusives Bildmaterial sowie Nutzung von Prospekten, Flyern und weiteren hochwertigen Materialien                                            <\/div>\r\n                <\/div>\r\n                            <div class=\"flex-box-fifty benefits-modul--benefit\">\r\n                    <img decoding=\"async\" width=\"49\" height=\"49\" src=\"https:\/\/www.efaflex.com\/wp-content\/themes\/efaflex\/assets\/img\/benefits-check.svg\" alt=\"Benefits Check Icon\">\r\n                    <div>\r\n                        Roadshows mit unserem Trailer                                            <\/div>\r\n                <\/div>\r\n                    <\/div>\r\n        <div class=\"benefits-modul--links\">\r\n                                    <\/div>\r\n<\/div>\n\n\n<div style=\"height:200px\" aria-hidden=\"true\" class=\"wp-block-spacer\"><\/div>\n","protected":false},"excerpt":{"rendered":"","protected":false},"author":4,"featured_media":0,"parent":2745,"menu_order":0,"comment_status":"closed","ping_status":"closed","template":"","meta":{"_acf_changed":false,"footnotes":""},"categories":[],"tags":[],"class_list":["post-2780","page","type-page","status-publish","hentry"],"acf":[],"_links":{"self":[{"href":"https:\/\/www.efaflex.com\/de\/wp-json\/wp\/v2\/pages\/2780","targetHints":{"allow":["GET"]}}],"collection":[{"href":"https:\/\/www.efaflex.com\/de\/wp-json\/wp\/v2\/pages"}],"about":[{"href":"https:\/\/www.efaflex.com\/de\/wp-json\/wp\/v2\/types\/page"}],"author":[{"embeddable":true,"href":"https:\/\/www.efaflex.com\/de\/wp-json\/wp\/v2\/users\/4"}],"replies":[{"embeddable":true,"href":"https:\/\/www.efaflex.com\/de\/wp-json\/wp\/v2\/comments?post=2780"}],"version-history":[{"count":18,"href":"https:\/\/www.efaflex.com\/de\/wp-json\/wp\/v2\/pages\/2780\/revisions"}],"predecessor-version":[{"id":35559,"href":"https:\/\/www.efaflex.com\/de\/wp-json\/wp\/v2\/pages\/2780\/revisions\/35559"}],"up":[{"embeddable":true,"href":"https:\/\/www.efaflex.com\/de\/wp-json\/wp\/v2\/pages\/2745"}],"wp:attachment":[{"href":"https:\/\/www.efaflex.com\/de\/wp-json\/wp\/v2\/media?parent=2780"}],"wp:term":[{"taxonomy":"category","embeddable":true,"href":"https:\/\/www.efaflex.com\/de\/wp-json\/wp\/v2\/categories?post=2780"},{"taxonomy":"post_tag","embeddable":true,"href":"https:\/\/www.efaflex.com\/de\/wp-json\/wp\/v2\/tags?post=2780"}],"curies":[{"name":"wp","href":"https:\/\/api.w.org\/{rel}","templated":true}]}}