{"id":31531,"date":"2025-11-07T11:05:36","date_gmt":"2025-11-07T10:05:36","guid":{"rendered":"https:\/\/www.efaflex.com\/?page_id=31531"},"modified":"2026-02-10T17:12:28","modified_gmt":"2026-02-10T16:12:28","slug":"smarte-services","status":"publish","type":"page","link":"https:\/\/www.efaflex.com\/de\/service\/smarte-services\/","title":{"rendered":"Smarte Services"},"content":{"rendered":"\r\n<script type=\"application\/javascript\">\r\n    window.addEventListener('DOMContentLoaded', function() {\r\n        jQuery(document).ready(function($){\r\n            var sliderid = \"block_d5a2c4d47f361516e6475ea595930086\";\r\n            $('#'+sliderid).slick({\r\n                infinite: true,\r\n                dots: false,\r\n                lazyLoad: 'ondemand',\r\n                autoplay: true,\r\n                autoplaySpeed: 5000,\r\n                pauseOnFocus: true,\r\n                arrows: false,\r\n                fade: false,\r\n                speed: 1500,\r\n                pauseOnHover: false,\r\n                prevArrow: '<div class=\"slick-prev slick-button\"><svg xmlns=\"http:\/\/www.w3.org\/2000\/svg\" viewBox=\"0 0 448 512\"><!--! Font Awesome Pro 6.1.1 by @fontawesome - https:\/\/fontawesome.com License - https:\/\/fontawesome.com\/license (Commercial License) Copyright 2022 Fonticons, Inc. --><path d=\"M77.25 256l137.4-137.4c12.5-12.5 12.5-32.75 0-45.25s-32.75-12.5-45.25 0l-160 160c-12.5 12.5-12.5 32.75 0 45.25l160 160C175.6 444.9 183.8 448 192 448s16.38-3.125 22.62-9.375c12.5-12.5 12.5-32.75 0-45.25L77.25 256zM269.3 256l137.4-137.4c12.5-12.5 12.5-32.75 0-45.25s-32.75-12.5-45.25 0l-160 160c-12.5 12.5-12.5 32.75 0 45.25l160 160C367.6 444.9 375.8 448 384 448s16.38-3.125 22.62-9.375c12.5-12.5 12.5-32.75 0-45.25L269.3 256z\"\/><\/svg><\/div>',\r\n                nextArrow: '<div class=\"slick-next slick-button\"><svg xmlns=\"http:\/\/www.w3.org\/2000\/svg\" viewBox=\"0 0 448 512\"><!--! Font Awesome Pro 6.1.1 by @fontawesome - https:\/\/fontawesome.com License - https:\/\/fontawesome.com\/license (Commercial License) Copyright 2022 Fonticons, Inc. --><path fill=\"ff0000\" style=\"height: 22px\" d=\"M246.6 233.4l-160-160c-12.5-12.5-32.75-12.5-45.25 0s-12.5 32.75 0 45.25L178.8 256l-137.4 137.4c-12.5 12.5-12.5 32.75 0 45.25C47.63 444.9 55.81 448 64 448s16.38-3.125 22.62-9.375l160-160C259.1 266.1 259.1 245.9 246.6 233.4zM438.6 233.4l-160-160c-12.5-12.5-32.75-12.5-45.25 0s-12.5 32.75 0 45.25L370.8 256l-137.4 137.4c-12.5 12.5-12.5 32.75 0 45.25C239.6 444.9 247.8 448 256 448s16.38-3.125 22.62-9.375l160-160C451.1 266.1 451.1 245.9 438.6 233.4z\"\/><\/svg><\/div>',\r\n            });\r\n        });\r\n    });\r\n<\/script>\r\n\r\n<div id=\"block_d5a2c4d47f361516e6475ea595930086\" class=\"bild-video-slider-fullwidth\">\r\n                        <div class=\"bild-video-slider-fullwidth--slide img-vid-box\">\r\n                                                                                                    <img decoding=\"async\" width=\"1920\" height=\"966\" src=\"https:\/\/www.efaflex.com\/wp-content\/uploads\/2025\/11\/bim-1920x966.jpg\" class=\"attachment-bild-fullsize-width size-bild-fullsize-width\" alt=\"\" \/>                    \r\n                                                <\/div>\r\n            <\/div>\n\n\r\n\r\n<div id=\"breadcrump-block_ebcd77fe519e18989f74774d5fe35772\" class=\"inner\">\r\n        <nav class=\"breadcrumb\"><a href=\"https:\/\/www.efaflex.com\/de\/\">Startseite<\/a> \/ <span class=\"current-page\">Seite<\/span><\/nav>    <\/div>\n\n\n<div style=\"height:100px\" aria-hidden=\"true\" class=\"wp-block-spacer\"><\/div>\n\n\n\r\n\r\n<div id=\"textmodul-3-spalten-block_0a0f64bab163b29724b5d3ce93526ac4\" class=\"textmodul-3-spalten\">\r\n    <div class=\"inner\">\r\n        <div class=\"custom-flex-box\">\r\n                            <h1 class=\"flex-box-thirty break headline-two\">Smarte Services.<\/h1>                        <div class=\"flex-box-thirty\"><p>Unsere Welt ist digital vernetzt in allen Bereichen. Auch die Schnelllauftore von EFAFLEX k\u00f6nnen in digitale Prozesse integriert werden. Als Premium-Hersteller bietet EFAFLEX auch bei den Smarten Services Premium-Qualit\u00e4t an, die individuell auf Ihre Bed\u00fcrfnisse vernetzt werden kann.<\/p>\n<\/div>\r\n            <div class=\"flex-box-thirty\"><\/div>\r\n        <\/div>\r\n    <\/div>\r\n<\/div>\r\n\n\n\n<div style=\"height:100px\" aria-hidden=\"true\" class=\"wp-block-spacer\"><\/div>\n\n\n<div id=\"text-eispaltig-block_bdc58a2c5ab826d9e396155a4c956695\" class=\"block-text-eispaltig inner\">\r\n    <div class=\"block-text-eispaltig-content\">\r\n                    <h2 class=\"headline-two\">Unsere Smarten Services<\/h2>                <p>EFAFLEX bietet drei unterschiedliche Smarte Services an, die Ihre Bed\u00fcrfnisse erf\u00fcllen: EFA-SmartConnect\u00ae, EFA-SmartBuilding und EFA-SmartAssist\u00ae. Von der Geb\u00e4udeinfrastruktur bis zum einzigartigen digitalen Fernwartungstool lassen wir Digitalisierung wirken.<\/p>    <\/div>\r\n<\/div>\n\n\n<div style=\"height:100px\" aria-hidden=\"true\" class=\"wp-block-spacer\"><\/div>\n\n\n<div class=\"inner\">\r\n    <div id=\"bild-text-modul-1-3-block_12a633f6aa48b469649a8685ab22e635\" class=\"themen-container custom-flex-box\">\r\n                                    <div class=\"thema-box flex-box-thirty\">\r\n                                            <div class=\"bild-box\">\r\n                                                                                                                    <img decoding=\"async\" width=\"1286\" height=\"825\" src=\"https:\/\/www.efaflex.com\/wp-content\/uploads\/2025\/09\/efaflex-smartbuilding-header-1.jpg\" class=\"attachment-thementease-thumbnail size-thementease-thumbnail\" alt=\"\" srcset=\"https:\/\/www.efaflex.com\/wp-content\/uploads\/2025\/09\/efaflex-smartbuilding-header-1.jpg 1286w, https:\/\/www.efaflex.com\/wp-content\/uploads\/2025\/09\/efaflex-smartbuilding-header-1-300x192.jpg 300w, https:\/\/www.efaflex.com\/wp-content\/uploads\/2025\/09\/efaflex-smartbuilding-header-1-768x493.jpg 768w, https:\/\/www.efaflex.com\/wp-content\/uploads\/2025\/09\/efaflex-smartbuilding-header-1-1024x657.jpg 1024w\" sizes=\"(max-width: 1286px) 100vw, 1286px\" \/>                                                    <\/div>\r\n                                            \r\n                                                                <h2 class=\"headline-two\">\r\n                                                        EFA-SmartBuilding                        <\/h2>\r\n                    \r\n                        <p class=\"normal-font\">EFA-SmartBuilding erm\u00f6glicht die nahtlose Einbindung von EFAFLEX Toren \u00fcber Modbus TCP\/IP in ein \u00fcbergeordnetes Geb\u00e4udemanagementsystem. Damit k\u00f6nnen EFAFLEX Tore zentral und effizient zusammen mit anderen smarten Geb\u00e4udekomponenten gesteuert und verwaltet werden.<\/p>\r\n                                                                                                                                                                                                        <a href=\"https:\/\/www.efaflex.com\/de\/service\/smarte-services\/efa-smartbuilding\/\" class=\"load-more-button\">Mehr erfahren<\/a>\r\n                                                                                                                                    <\/div>\r\n                            <div class=\"thema-box flex-box-thirty\">\r\n                                            <div class=\"bild-box\">\r\n                                                                                                                    <img decoding=\"async\" width=\"1000\" height=\"681\" src=\"https:\/\/www.efaflex.com\/wp-content\/uploads\/2025\/07\/efaflex-smartassist-service-support-mobile.jpg\" class=\"attachment-thementease-thumbnail size-thementease-thumbnail\" alt=\"\" srcset=\"https:\/\/www.efaflex.com\/wp-content\/uploads\/2025\/07\/efaflex-smartassist-service-support-mobile.jpg 1000w, https:\/\/www.efaflex.com\/wp-content\/uploads\/2025\/07\/efaflex-smartassist-service-support-mobile-300x204.jpg 300w, https:\/\/www.efaflex.com\/wp-content\/uploads\/2025\/07\/efaflex-smartassist-service-support-mobile-768x523.jpg 768w\" sizes=\"(max-width: 1000px) 100vw, 1000px\" \/>                                                    <\/div>\r\n                                            \r\n                                                                <h2 class=\"headline-two\">\r\n                                                        EFA-SmartAssist\u00ae                        <\/h2>\r\n                    \r\n                        <p class=\"normal-font\">Mit EFA-SmartAssist\u00ae bietet EFAFLEX ein einzigartiges digitales Kundenservice-Tool, das per Fernwartung direkte und schnelle Hilfe leistet. \u00dcber eine sichere Live-Videoverbindung erm\u00f6glicht das System eine direkte, visuelle Kommunikation zwischen Kunden, Servicetechnikern und Fachexperten \u2013 ganz ohne Vor-Ort-Termin.<\/p>\r\n                                                                                                                                                                                                        <a href=\"https:\/\/www.efaflex.com\/de\/service\/smarte-services\/efa-smartassist\/\" class=\"load-more-button\">Mehr erfahren<\/a>\r\n                                                                                                                                    <\/div>\r\n                            <div class=\"thema-box flex-box-thirty\">\r\n                                            <div class=\"bild-box\">\r\n                                                                                                                    <img decoding=\"async\" width=\"1246\" height=\"966\" src=\"https:\/\/www.efaflex.com\/wp-content\/uploads\/2022\/06\/peripherie-zubehoer-industrietore-efa-smartconnect-produkte-header-efaflex.jpg\" class=\"attachment-thementease-thumbnail size-thementease-thumbnail\" alt=\"\" srcset=\"https:\/\/www.efaflex.com\/wp-content\/uploads\/2022\/06\/peripherie-zubehoer-industrietore-efa-smartconnect-produkte-header-efaflex.jpg 1246w, https:\/\/www.efaflex.com\/wp-content\/uploads\/2022\/06\/peripherie-zubehoer-industrietore-efa-smartconnect-produkte-header-efaflex-300x233.jpg 300w, https:\/\/www.efaflex.com\/wp-content\/uploads\/2022\/06\/peripherie-zubehoer-industrietore-efa-smartconnect-produkte-header-efaflex-1024x794.jpg 1024w, https:\/\/www.efaflex.com\/wp-content\/uploads\/2022\/06\/peripherie-zubehoer-industrietore-efa-smartconnect-produkte-header-efaflex-768x595.jpg 768w\" sizes=\"(max-width: 1246px) 100vw, 1246px\" \/>                                                    <\/div>\r\n                                            \r\n                                                                <h2 class=\"headline-two\">\r\n                                                        EFA-SmartConnect\u00ae                        <\/h2>\r\n                    \r\n                        <p class=\"normal-font\">EFAFLEX bietet mit dem neuen EFA-SmartConnect\u00ae die IoT-L\u00f6sung f\u00fcr vernetzte Tore. Es erm\u00f6glicht das zentrale Monitoring aller Tore auf einen Blick. Die Steuerung erfolgt \u00fcber eine einfache App.<\/p>\r\n                                                                                                                                                                                                        <a href=\"https:\/\/www.efaflex.com\/de\/service\/smarte-services\/efa-smartconnect\/\" class=\"load-more-button\">Mehr erfahren<\/a>\r\n                                                                                                                                    <\/div>\r\n                        <\/div>\r\n<\/div>\r\n\n\n\n<div style=\"height:200px\" aria-hidden=\"true\" class=\"wp-block-spacer\"><\/div>\n\n\n<div id=\"contact-modul-block_b21f4009879b7d75111a8ab7ce40bc5b\" class=\"contact-modul contact-modul-thirty\">\r\n    <div class=\"inner\">\r\n        <div class=\"custom-flex-box\">\r\n            <div class=\"flex-box-thirty\">\r\n                                                            <h2>Haben Sie noch<br \/>\r\nFragen?<\/h2>\r\n                                                                        <\/div>\r\n            <div class=\"flex-box-thirty contact-modul--contact\">\r\n                                                            <span>Nehmen Sie Kontakt auf.<\/span>\r\n                        <p>Wir sind f\u00fcr Sie da!<\/p>\r\n                                                                            <a class=\"load-more-button\" href=\"https:\/\/www.efaflex.com\/de\/kontakt\/\" target=\"\">Zum Online-Kontaktformular<\/a>\r\n                                                                        <\/div>\r\n        <\/div>\r\n    <\/div>\r\n<\/div>\n\n\n<div style=\"height:200px\" aria-hidden=\"true\" class=\"wp-block-spacer\"><\/div>\n\n\n\r\n<div id=\"bild-text-modul-links-rechts-block_fbecf95da5c67ed9b38c230264de007d\" class=\"bild-text-modul-container\">\r\n    <div class=\"inner\">\r\n                        \r\n                                    \r\n                            <div id=\"\" class=\"bild-text-modul-rechts bild-text-modul\">\r\n                                <div class=\"custom-flex-box\">\r\n                                    <div class=\"flex-box-fourty text-container\">\r\n                                        <div class=\"text-container-flex\">\r\n                                            <div class=\"text-inner\">\r\n\r\n                                                                                                                                                            <div class=\"text-left-border\">\r\n                                                            <div class=\"text-cut\">\r\n                                                                                                                                    <span>Produktfinder<\/span>\r\n                                                                \r\n\r\n                                                                                                                                    <h3 class=\"headline-two\">Mit wenigen Klicks zum richtigen Industrietor.<\/h3>                                                                \r\n\r\n                                                                <p class=\"normal-font full-text\"><\/p>\r\n\r\n                                                            <\/div>\r\n                                                            <div class=\"button-box\">\r\n                                                                                                                                \r\n                                                                                                                                                                                                                                                                                                                                                                <a class=\"load-more-button\" href=\"https:\/\/www.efaflex.com\/de\/schnelllauftore\/produktfinder\/\">Mehr erfahren<\/a>\r\n                                                                                                                                                                                                                                                                        <\/div>\r\n                                                        <\/div>\r\n                                                                                                    \r\n                                            <\/div>\r\n                                        <\/div>\r\n                                    <\/div>\r\n                                    <div class=\"flex-box-sixty bild-container\">\r\n                                                                                                                                                                                                                                                                                        <img decoding=\"async\" width=\"1000\" height=\"642\" src=\"https:\/\/www.efaflex.com\/wp-content\/uploads\/2020\/04\/Bau_Keyvisual_EFAFLEX_Voegele_143_komprimiert_1000x642px.png\" class=\"attachment-full size-full\" alt=\"Digitalisierung\" srcset=\"https:\/\/www.efaflex.com\/wp-content\/uploads\/2020\/04\/Bau_Keyvisual_EFAFLEX_Voegele_143_komprimiert_1000x642px.png 1000w, https:\/\/www.efaflex.com\/wp-content\/uploads\/2020\/04\/Bau_Keyvisual_EFAFLEX_Voegele_143_komprimiert_1000x642px-300x193.png 300w, https:\/\/www.efaflex.com\/wp-content\/uploads\/2020\/04\/Bau_Keyvisual_EFAFLEX_Voegele_143_komprimiert_1000x642px-768x493.png 768w\" sizes=\"(max-width: 1000px) 100vw, 1000px\" \/>                                                                                                                                                                        <\/div>\r\n                                <\/div>\r\n                            <\/div>\r\n                                    \r\n            \r\n\r\n        \r\n\r\n\r\n        <\/div>\r\n<\/div>\r\n\r\n<style>\r\n    .bild-text-modul {\r\n        scroll-margin-top: 143px;\r\n    }\r\n<\/style>\n\n\n<div style=\"height:200px\" aria-hidden=\"true\" class=\"wp-block-spacer\"><\/div>\n\n\n<div class=\"inner\">\r\n    <div id=\"bild-text-modul-1-3-block_5fab5c6fff529bdc7377e61b49c0428e\" class=\"themen-container custom-flex-box\">\r\n                                    <div class=\"thema-box flex-box-thirty\">\r\n                                            <div class=\"bild-box\">\r\n                                                                                                                    <img decoding=\"async\" width=\"1246\" height=\"966\" src=\"https:\/\/www.efaflex.com\/wp-content\/uploads\/2025\/11\/schnelllauftore-produkte-industrietore-efaflex.jpg\" class=\"attachment-thementease-thumbnail size-thementease-thumbnail\" alt=\"\" srcset=\"https:\/\/www.efaflex.com\/wp-content\/uploads\/2025\/11\/schnelllauftore-produkte-industrietore-efaflex.jpg 1246w, https:\/\/www.efaflex.com\/wp-content\/uploads\/2025\/11\/schnelllauftore-produkte-industrietore-efaflex-300x233.jpg 300w, https:\/\/www.efaflex.com\/wp-content\/uploads\/2025\/11\/schnelllauftore-produkte-industrietore-efaflex-768x595.jpg 768w, https:\/\/www.efaflex.com\/wp-content\/uploads\/2025\/11\/schnelllauftore-produkte-industrietore-efaflex-1024x794.jpg 1024w\" sizes=\"(max-width: 1246px) 100vw, 1246px\" \/>                                                    <\/div>\r\n                                            \r\n                                                                <h2 class=\"headline-two\">\r\n                                                        Produkte                        <\/h2>\r\n                    \r\n                        <p class=\"normal-font\">Unsere Premium-Tore sind schnell und effizient, sicher und zuverl\u00e4ssig. Dank unserer eigenen Forschung &amp; Entwicklung sind wir in der Lage, f\u00fcr alle Kundenbed\u00fcrfnisse die passende, perfekte L\u00f6sung zu finden \u2013 und zu bauen.<\/p>\r\n                                                                                                                                                                                                        <a href=\"https:\/\/www.efaflex.com\/de\/schnelllauftore\/\" class=\"load-more-button\">Mehr erfahren<\/a>\r\n                                                                                                                                    <\/div>\r\n                            <div class=\"thema-box flex-box-thirty\">\r\n                                            <div class=\"bild-box\">\r\n                                                                                                                    <img decoding=\"async\" width=\"923\" height=\"556\" src=\"https:\/\/www.efaflex.com\/wp-content\/uploads\/2022\/07\/unternehmen_bild3.jpg\" class=\"attachment-thementease-thumbnail size-thementease-thumbnail\" alt=\"\" srcset=\"https:\/\/www.efaflex.com\/wp-content\/uploads\/2022\/07\/unternehmen_bild3.jpg 923w, https:\/\/www.efaflex.com\/wp-content\/uploads\/2022\/07\/unternehmen_bild3-300x181.jpg 300w, https:\/\/www.efaflex.com\/wp-content\/uploads\/2022\/07\/unternehmen_bild3-768x463.jpg 768w\" sizes=\"(max-width: 923px) 100vw, 923px\" \/>                                                    <\/div>\r\n                                            \r\n                                                                <h2 class=\"headline-two\">\r\n                                                        Nachhaltigkeit                        <\/h2>\r\n                    \r\n                        <p class=\"normal-font\">Als Familienunternehmen denken und arbeiten wir in Generationen. Daher produzieren wir ressourcenschonend Premium-Tore mit langer Lebensdauer, geringem Verschlei\u00df und niedrigen Betriebskosten.<\/p>\r\n                                                                                                                                                                                                        <a href=\"https:\/\/www.efaflex.com\/de\/unternehmen\/nachhaltigkeit\/\" class=\"load-more-button\">Mehr erfahren<\/a>\r\n                                                                                                                                    <\/div>\r\n                        <\/div>\r\n<\/div>\r\n\n\n\n<div style=\"height:100px\" aria-hidden=\"true\" class=\"wp-block-spacer\"><\/div>\n\n\n\n<p><\/p>\n","protected":false},"excerpt":{"rendered":"","protected":false},"author":38,"featured_media":0,"parent":17,"menu_order":21,"comment_status":"closed","ping_status":"closed","template":"","meta":{"_acf_changed":false,"footnotes":""},"categories":[],"tags":[],"class_list":["post-31531","page","type-page","status-publish","hentry"],"acf":[],"_links":{"self":[{"href":"https:\/\/www.efaflex.com\/de\/wp-json\/wp\/v2\/pages\/31531","targetHints":{"allow":["GET"]}}],"collection":[{"href":"https:\/\/www.efaflex.com\/de\/wp-json\/wp\/v2\/pages"}],"about":[{"href":"https:\/\/www.efaflex.com\/de\/wp-json\/wp\/v2\/types\/page"}],"author":[{"embeddable":true,"href":"https:\/\/www.efaflex.com\/de\/wp-json\/wp\/v2\/users\/38"}],"replies":[{"embeddable":true,"href":"https:\/\/www.efaflex.com\/de\/wp-json\/wp\/v2\/comments?post=31531"}],"version-history":[{"count":20,"href":"https:\/\/www.efaflex.com\/de\/wp-json\/wp\/v2\/pages\/31531\/revisions"}],"predecessor-version":[{"id":36968,"href":"https:\/\/www.efaflex.com\/de\/wp-json\/wp\/v2\/pages\/31531\/revisions\/36968"}],"up":[{"embeddable":true,"href":"https:\/\/www.efaflex.com\/de\/wp-json\/wp\/v2\/pages\/17"}],"wp:attachment":[{"href":"https:\/\/www.efaflex.com\/de\/wp-json\/wp\/v2\/media?parent=31531"}],"wp:term":[{"taxonomy":"category","embeddable":true,"href":"https:\/\/www.efaflex.com\/de\/wp-json\/wp\/v2\/categories?post=31531"},{"taxonomy":"post_tag","embeddable":true,"href":"https:\/\/www.efaflex.com\/de\/wp-json\/wp\/v2\/tags?post=31531"}],"curies":[{"name":"wp","href":"https:\/\/api.w.org\/{rel}","templated":true}]}}