{"id":3335,"date":"2022-06-30T10:41:17","date_gmt":"2022-06-30T08:41:17","guid":{"rendered":"https:\/\/www.efaflex.com\/?page_id=3335"},"modified":"2026-01-07T10:29:03","modified_gmt":"2026-01-07T09:29:03","slug":"presse-blog","status":"publish","type":"page","link":"https:\/\/www.efaflex.com\/de\/presse-blog\/","title":{"rendered":"Blog"},"content":{"rendered":"\r\n\r\n<div id=\"breadcrump-block_2c3236bb4c91c60bbd1d1c26ad3b67f7\" class=\"inner\">\r\n        <nav class=\"breadcrumb\"><a href=\"https:\/\/www.efaflex.com\/de\/\">Startseite<\/a> \/ <span class=\"current-page\">Seite<\/span><\/nav>    <\/div>\n\n\n<div style=\"height:100px\" aria-hidden=\"true\" class=\"wp-block-spacer\"><\/div>\n\n\n\r\n\r\n<div id=\"textmodul-3-spalten-block_7e638cc61d202dbaacca371f37e82731\" class=\"textmodul-3-spalten\">\r\n    <div class=\"inner\">\r\n        <div class=\"custom-flex-box\">\r\n                            <h1 class=\"flex-box-thirty break headline-two\">\u00dcber uns.<\/h1>                        <div class=\"flex-box-thirty\"><p>EFAFLEX \u2013 das ist der Weltmarktf\u00fchrer f\u00fcr Schnelllauf-Industrietore, die nicht nur sicher und effizient, sondern auch verl\u00e4sslich sind. Ob erfolgreiche Kundengro\u00dfprojekte, eigene Forschung oder der ausgezeichnete Einsatz von BIM: Woran unsere 1.600 Mitarbeiter arbeiten, zeigen wir Ihnen auf diesem Blog.<\/p>\n<\/div>\r\n            <div class=\"flex-box-thirty\"><\/div>\r\n        <\/div>\r\n    <\/div>\r\n<\/div>\r\n\n\n\n<div style=\"height:138px\" aria-hidden=\"true\" class=\"wp-block-spacer\"><\/div>\n\n\n\r\n<div class=\"inner presse-blog-container\">\r\n    <section id=\"primary\">\r\n        <div id=\"content\" role=\"main\">\r\n\r\n\t\t\t                <div class=\"filter filter--news\">\r\n                    <form action=\"\">\r\n\r\n                        \r\n                        <select name=\"jahr\" id=\"year\">\r\n                            <option value=\"*\" selected>\r\n\t\t\t\t\t\t\t\tAlle Jahre                            <\/option>\r\n\t\t\t\t\t\t\t                                <option value=\"2026\">2026<\/option>\r\n\t\t\t\t\t\t\t                                <option value=\"2025\">2025<\/option>\r\n\t\t\t\t\t\t\t                                <option value=\"2024\">2024<\/option>\r\n\t\t\t\t\t\t\t                                <option value=\"2023\">2023<\/option>\r\n\t\t\t\t\t\t\t                                <option value=\"2022\">2022<\/option>\r\n\t\t\t\t\t\t\t                                <option value=\"2021\">2021<\/option>\r\n\t\t\t\t\t\t\t                                <option value=\"2020\">2020<\/option>\r\n\t\t\t\t\t\t\t                        <\/select>\r\n\r\n                        <a class=\"button search-reset\" id=\"reset-filter-button\">\r\n\t\t\t\t\t\t\tSuche zur\u00fccksetzen                        <\/a>\r\n\r\n                    <\/form>\r\n                <\/div>\r\n\t\t\t\r\n\t\t\t\r\n            <!-- Hier werden die per Ajax geladenen Artikel ausgegeben. Siehe Dateien in \"assets\/js\/blog-features\" -->\r\n            <div id='articles-target-container'><\/div>\r\n\r\n            <div class=\"load-more-articles-button-container\">\r\n                <button id=\"load-more-articles-button\" class=\"load-more-articles-button\">\r\n\t\t\t\t\tMehr laden                <\/button>\r\n            <\/div>\r\n\r\n        <\/div>\r\n    <\/section>\r\n<\/div>\r\n\n\n\n<p><\/p>\n","protected":false},"excerpt":{"rendered":"","protected":false},"author":3,"featured_media":0,"parent":0,"menu_order":82,"comment_status":"closed","ping_status":"closed","template":"","meta":{"_acf_changed":false,"footnotes":""},"categories":[],"tags":[],"class_list":["post-3335","page","type-page","status-publish","hentry"],"acf":[],"_links":{"self":[{"href":"https:\/\/www.efaflex.com\/de\/wp-json\/wp\/v2\/pages\/3335","targetHints":{"allow":["GET"]}}],"collection":[{"href":"https:\/\/www.efaflex.com\/de\/wp-json\/wp\/v2\/pages"}],"about":[{"href":"https:\/\/www.efaflex.com\/de\/wp-json\/wp\/v2\/types\/page"}],"author":[{"embeddable":true,"href":"https:\/\/www.efaflex.com\/de\/wp-json\/wp\/v2\/users\/3"}],"replies":[{"embeddable":true,"href":"https:\/\/www.efaflex.com\/de\/wp-json\/wp\/v2\/comments?post=3335"}],"version-history":[{"count":20,"href":"https:\/\/www.efaflex.com\/de\/wp-json\/wp\/v2\/pages\/3335\/revisions"}],"predecessor-version":[{"id":33079,"href":"https:\/\/www.efaflex.com\/de\/wp-json\/wp\/v2\/pages\/3335\/revisions\/33079"}],"wp:attachment":[{"href":"https:\/\/www.efaflex.com\/de\/wp-json\/wp\/v2\/media?parent=3335"}],"wp:term":[{"taxonomy":"category","embeddable":true,"href":"https:\/\/www.efaflex.com\/de\/wp-json\/wp\/v2\/categories?post=3335"},{"taxonomy":"post_tag","embeddable":true,"href":"https:\/\/www.efaflex.com\/de\/wp-json\/wp\/v2\/tags?post=3335"}],"curies":[{"name":"wp","href":"https:\/\/api.w.org\/{rel}","templated":true}]}}