{"id":37256,"date":"2026-03-03T08:33:26","date_gmt":"2026-03-03T07:33:26","guid":{"rendered":"https:\/\/www.efaflex.com\/?page_id=37256"},"modified":"2026-03-03T08:33:30","modified_gmt":"2026-03-03T07:33:30","slug":"gaeb-xml-ausschreibungstexte","status":"publish","type":"page","link":"https:\/\/www.efaflex.com\/de\/service\/architekten-service\/gaeb-xml-ausschreibungstexte\/","title":{"rendered":"GAEB XML Ausschreibungstexte"},"content":{"rendered":"\r\n\r\n<div id=\"breadcrump-block_e4efc0305ad06942d7d7e5adce275618\" class=\"inner\">\r\n        <nav class=\"breadcrumb\"><a href=\"https:\/\/www.efaflex.com\/de\/\">Startseite<\/a> \/ <span class=\"current-page\">Seite<\/span><\/nav>    <\/div>\n\n\n<div style=\"height:100px\" aria-hidden=\"true\" class=\"wp-block-spacer\"><\/div>\n\n\n\r\n\r\n<div id=\"textmodul-3-spalten-block_51402d42148fceeeb7b0cf97aa354570\" class=\"textmodul-3-spalten\">\r\n    <div class=\"inner\">\r\n        <div class=\"custom-flex-box\">\r\n                            <h1 class=\"flex-box-thirty break headline-two\">Ausschreibungstexte im GAEB-XML-Format<\/h1>                        <div class=\"flex-box-thirty\"><p>F\u00fcr eine effiziente und sichere Projektabwicklung stellen wir Ihnen unsere Ausschreibungstexte im GAEB-XML-Format zur Verf\u00fcgung.<br data-start=\"1181\" data-end=\"1184\" \/>\u00dcber den integrierten AT-Manager von Heinze k\u00f6nnen Sie Positionen einfach ausw\u00e4hlen, individuell zusammenstellen und direkt in Ihr AVA-System \u00fcbernehmen.<\/p>\n<\/div>\r\n            <div class=\"flex-box-thirty\"><\/div>\r\n        <\/div>\r\n    <\/div>\r\n<\/div>\r\n\n\n\n<div style=\"height:100px\" aria-hidden=\"true\" class=\"wp-block-spacer\"><\/div>\n\n\n\r\n<div id=\"headline-zweizeilig-block_68a5f8801e8da1648c797ae2c56ae3cd\" class=\"headline-zweizeilig headline-zweizeilig-zentriert inner smalltext\">\r\n    <div class=\"BorlabsCookie _brlbs-cb-heinze\"><div class=\"_brlbs-content-blocker esaver-blocker\" style=\"background-image: url('https:\/\/www.efaflex.com\/wp-content\/uploads\/2026\/02\/efx-heinze-at-manager-preview.jpg')\"> <div class=\"_brlbs-default\"> <p><span>Wenn Sie den Heinze AT-Manager laden, akzeptieren Sie die Datenschutzbestimmungen von Heinze.<br><a href=\"https:\/\/www.heinze.de\/datenschutz\" target=\"_blank\" rel=\"nofollow noopener noreferrer\">Mehr erfahren<\/a><\/span><\/p> <p><a class=\"_brlbs-btn\" href=\"#\" data-borlabs-cookie-unblock=\"\" role=\"button\">Heinze AT-Manager laden<\/a><\/p> <\/div> <\/div><div class=\"borlabs-hide\" data-borlabs-cookie-type=\"content-blocker\" data-borlabs-cookie-id=\"heinze\"><script type=\"text\/template\">PC9wPgo8ZGl2IGNsYXNzPSJlc2F2ZXIiPjxpZnJhbWUgc3R5bGU9Im92ZXJmbG93OiBoaWRkZW47YXNwZWN0LXJhdGlvOiAxNiAvIDk7IiBzcmM9Imh0dHBzOi8vd3d3LmhlaW56ZS5kZS9hdC1tYW5hZ2VyP2NvbnRleHQ9NDAwNSIgd2lkdGg9IjEwMCUiIGhlaWdodD0iMTAwJSIgZnJhbWVib3JkZXI9IjAiPjwvaWZyYW1lPjwvZGl2Pgo8cD4=<\/script><\/div><\/div>\n            <\/div>\r\n\n\n\n<div style=\"height:200px\" aria-hidden=\"true\" class=\"wp-block-spacer\"><\/div>\n\n\n\r\n\r\n<div id=\"bild-text-modul-rechts-zweizeilig-block_9991f01d77e29975f95dc12189703150\" class=\"bild-text-modul-zweizeilig-container\">\r\n            \r\n\r\n\r\n            \r\n                                    \r\n\r\n                            <div class=\"bild-text-modul-links-zweizeilig bild-text-modul-zweizeilig\">\r\n                                <div class=\"custom-flex-box-no-margin\">\r\n\r\n                                    <div class=\"flex-box-fifty-no-margin bild-container\">\r\n                                                                                                                                                                                                                                                                                        <img decoding=\"async\" width=\"1920\" height=\"1126\" src=\"https:\/\/www.efaflex.com\/wp-content\/uploads\/2026\/01\/efaflex-architekten-planer-beratung-ansprechpartner-e1769511209199.jpg\" class=\"attachment-full size-full\" alt=\"\" srcset=\"https:\/\/www.efaflex.com\/wp-content\/uploads\/2026\/01\/efaflex-architekten-planer-beratung-ansprechpartner-e1769511209199.jpg 1920w, https:\/\/www.efaflex.com\/wp-content\/uploads\/2026\/01\/efaflex-architekten-planer-beratung-ansprechpartner-e1769511209199-300x176.jpg 300w, https:\/\/www.efaflex.com\/wp-content\/uploads\/2026\/01\/efaflex-architekten-planer-beratung-ansprechpartner-e1769511209199-768x450.jpg 768w, https:\/\/www.efaflex.com\/wp-content\/uploads\/2026\/01\/efaflex-architekten-planer-beratung-ansprechpartner-e1769511209199-1024x601.jpg 1024w, https:\/\/www.efaflex.com\/wp-content\/uploads\/2026\/01\/efaflex-architekten-planer-beratung-ansprechpartner-e1769511209199-1536x901.jpg 1536w\" sizes=\"(max-width: 1920px) 100vw, 1920px\" \/>                                                                                                                                                                        <\/div>\r\n\r\n                                    <div class=\"flex-box-fifty-no-margin text-container\">\r\n                                        <div class=\"text-container-flex\">\r\n                                            <div class=\"text-inner\">\r\n                                                                                                                                                            <div class=\"text-left-border\">\r\n                                                            <div class=\"text-cut\">\r\n                                                                \r\n                                                                                                                                    <h2 class=\"headline-two medium-h2\">Ihr pers\u00f6nlicher Ansprechpartner f\u00fcr Architektur &#038; Planung.<\/h2>                                                                \r\n<!--                                                                <h2 class=\"medium-h2\">--><!--<\/h2>-->\r\n                                                                <p class=\"normal-font\">Name: Daniel Eisch<br \/>\r\nE-Mail: daniel.eisch@efaflex.com<br \/>\r\nTelefon: +49 8765 82-358<\/p>\r\n                                                            <\/div>\r\n                                                            <div class=\"button-box\">\r\n                                                                                                                                                                                                    <a href=\"mailto:daniel.eisch@efaflex.com\" target=\"\" class=\"load-more-button\">\r\n                                                                        Jetzt kontaktieren                                                                    <\/a>\r\n                                                                                                                            <\/div>\r\n                                                        <\/div>\r\n                                                                                                                                                <\/div>\r\n                                        <\/div>\r\n                                    <\/div>\r\n                                <\/div>\r\n                            <\/div>\r\n\r\n                                    \r\n            \r\n\r\n        \r\n\r\n\r\n    <\/div>\n\n\n<div style=\"height:200px\" aria-hidden=\"true\" class=\"wp-block-spacer\"><\/div>\n\n\n<div class=\"inner\">\r\n    <div id=\"bild-text-modul-1-3-block_3a75773fd5bcce46b8a7e0389615623e\" class=\"themen-container custom-flex-box\">\r\n                                    <div class=\"thema-box flex-box-thirty\">\r\n                                            <div class=\"bild-box\">\r\n                                                                                                                    <img decoding=\"async\" width=\"1920\" height=\"1280\" src=\"https:\/\/www.efaflex.com\/wp-content\/uploads\/2023\/01\/EFAFLEX_Voegele_177.jpg\" class=\"attachment-thementease-thumbnail size-thementease-thumbnail\" alt=\"\" srcset=\"https:\/\/www.efaflex.com\/wp-content\/uploads\/2023\/01\/EFAFLEX_Voegele_177.jpg 1920w, https:\/\/www.efaflex.com\/wp-content\/uploads\/2023\/01\/EFAFLEX_Voegele_177-300x200.jpg 300w, https:\/\/www.efaflex.com\/wp-content\/uploads\/2023\/01\/EFAFLEX_Voegele_177-1024x683.jpg 1024w, https:\/\/www.efaflex.com\/wp-content\/uploads\/2023\/01\/EFAFLEX_Voegele_177-768x512.jpg 768w, https:\/\/www.efaflex.com\/wp-content\/uploads\/2023\/01\/EFAFLEX_Voegele_177-1536x1024.jpg 1536w, https:\/\/www.efaflex.com\/wp-content\/uploads\/2023\/01\/EFAFLEX_Voegele_177-382x254.jpg 382w\" sizes=\"(max-width: 1920px) 100vw, 1920px\" \/>                                                    <\/div>\r\n                                            \r\n                                                                <h2 class=\"headline-two\">\r\n                                                        Produkte                        <\/h2>\r\n                    \r\n                        <p class=\"normal-font\">Unsere Premium-Tore sind schnell und effizient, sicher und zuverl\u00e4ssig. Dank unserer eigenen Forschung &amp; Entwicklung sind wir in der Lage, f\u00fcr alle Kundenbed\u00fcrfnisse die passende, perfekte L\u00f6sung zu finden \u2013 und zu bauen.<\/p>\r\n                                                                                                                                                                                                        <a href=\"https:\/\/www.efaflex.com\/de\/schnelllauftore\/\" class=\"load-more-button\">Mehr erfahren<\/a>\r\n                                                                                                                                    <\/div>\r\n                            <div class=\"thema-box flex-box-thirty\">\r\n                                            <div class=\"bild-box\">\r\n                                                                                                                    <img decoding=\"async\" width=\"1032\" height=\"612\" src=\"https:\/\/www.efaflex.com\/wp-content\/uploads\/2022\/06\/modernste-industrietore-loesungen-quicklink-efaflex.jpg\" class=\"attachment-thementease-thumbnail size-thementease-thumbnail\" alt=\"\" srcset=\"https:\/\/www.efaflex.com\/wp-content\/uploads\/2022\/06\/modernste-industrietore-loesungen-quicklink-efaflex.jpg 1032w, https:\/\/www.efaflex.com\/wp-content\/uploads\/2022\/06\/modernste-industrietore-loesungen-quicklink-efaflex-300x178.jpg 300w, https:\/\/www.efaflex.com\/wp-content\/uploads\/2022\/06\/modernste-industrietore-loesungen-quicklink-efaflex-1024x607.jpg 1024w, https:\/\/www.efaflex.com\/wp-content\/uploads\/2022\/06\/modernste-industrietore-loesungen-quicklink-efaflex-768x455.jpg 768w, https:\/\/www.efaflex.com\/wp-content\/uploads\/2022\/06\/modernste-industrietore-loesungen-quicklink-efaflex-517x306.jpg 517w\" sizes=\"(max-width: 1032px) 100vw, 1032px\" \/>                                                    <\/div>\r\n                                            \r\n                                                                <h2 class=\"headline-two\">\r\n                                                        L\u00f6sungen                        <\/h2>\r\n                    \r\n                        <p class=\"normal-font\">Wir produzieren keine Standardprodukte, sondern entwickeln f\u00fcr jede Herausforderung individuelle, perfekt passende L\u00f6sungen \u2013 f\u00fcr alle Branchen und Anwendungsgebiete, f\u00fcr unsere Kunden weltweit.<\/p>\r\n                                                                                                                                                                                                        <a href=\"https:\/\/www.efaflex.com\/de\/loesungen\/\" class=\"load-more-button\">Mehr erfahren<\/a>\r\n                                                                                                                                    <\/div>\r\n                        <\/div>\r\n<\/div>\r\n\n\n\n<div style=\"height:100px\" aria-hidden=\"true\" class=\"wp-block-spacer\"><\/div>\n","protected":false},"excerpt":{"rendered":"","protected":false},"author":38,"featured_media":0,"parent":11762,"menu_order":0,"comment_status":"closed","ping_status":"closed","template":"","meta":{"_acf_changed":false,"footnotes":""},"categories":[],"tags":[],"class_list":["post-37256","page","type-page","status-publish","hentry"],"acf":[],"_links":{"self":[{"href":"https:\/\/www.efaflex.com\/de\/wp-json\/wp\/v2\/pages\/37256","targetHints":{"allow":["GET"]}}],"collection":[{"href":"https:\/\/www.efaflex.com\/de\/wp-json\/wp\/v2\/pages"}],"about":[{"href":"https:\/\/www.efaflex.com\/de\/wp-json\/wp\/v2\/types\/page"}],"author":[{"embeddable":true,"href":"https:\/\/www.efaflex.com\/de\/wp-json\/wp\/v2\/users\/38"}],"replies":[{"embeddable":true,"href":"https:\/\/www.efaflex.com\/de\/wp-json\/wp\/v2\/comments?post=37256"}],"version-history":[{"count":8,"href":"https:\/\/www.efaflex.com\/de\/wp-json\/wp\/v2\/pages\/37256\/revisions"}],"predecessor-version":[{"id":37533,"href":"https:\/\/www.efaflex.com\/de\/wp-json\/wp\/v2\/pages\/37256\/revisions\/37533"}],"up":[{"embeddable":true,"href":"https:\/\/www.efaflex.com\/de\/wp-json\/wp\/v2\/pages\/11762"}],"wp:attachment":[{"href":"https:\/\/www.efaflex.com\/de\/wp-json\/wp\/v2\/media?parent=37256"}],"wp:term":[{"taxonomy":"category","embeddable":true,"href":"https:\/\/www.efaflex.com\/de\/wp-json\/wp\/v2\/categories?post=37256"},{"taxonomy":"post_tag","embeddable":true,"href":"https:\/\/www.efaflex.com\/de\/wp-json\/wp\/v2\/tags?post=37256"}],"curies":[{"name":"wp","href":"https:\/\/api.w.org\/{rel}","templated":true}]}}