{"id":4589,"date":"2022-07-13T09:10:04","date_gmt":"2022-07-13T07:10:04","guid":{"rendered":"https:\/\/www.efaflex.com\/?page_id=4589"},"modified":"2026-01-13T15:55:44","modified_gmt":"2026-01-13T14:55:44","slug":"serie-efaprotect","status":"publish","type":"page","link":"https:\/\/www.efaflex.com\/de\/mediathek\/serie-efaprotect\/","title":{"rendered":"Videos Serie EFAPROTECT"},"content":{"rendered":"\n<div style=\"height:60px\" aria-hidden=\"true\" class=\"wp-block-spacer\"><\/div>\n\n\n\r\n\r\n<div id=\"breadcrump-block_3f995381b65af38bfc3f71d2230cbf8e\" class=\"inner\">\r\n        <nav class=\"breadcrumb\"><a href=\"https:\/\/www.efaflex.com\/de\/\">Startseite<\/a> \/ <span class=\"current-page\">Seite<\/span><\/nav>    <\/div>\n\n\n<div style=\"height:120px\" aria-hidden=\"true\" class=\"wp-block-spacer\"><\/div>\n\n\n<div id=\"text-eispaltig-block_c3ea357f04bcdb1749ed95091ab4bf75\" class=\"block-text-eispaltig inner\">\r\n    <div class=\"block-text-eispaltig-content\">\r\n                    <h1 class=\"headline-two\">Videos zu Sicherheitstoren<\/h1>                    <\/div>\r\n<\/div>\n\n\n<div style=\"height:100px\" aria-hidden=\"true\" class=\"wp-block-spacer\"><\/div>\n\n\n<div class=\"inner\">\r\n            <h2 class=\"mediathek-ausgabe\">Schnelllauf-Spiraltor EFA-SST\u00ae Efficient.<\/h2>\r\n        <div class=\"custom-flex-box\">\r\n        \r\n        \r\n        \r\n                            \r\n                \r\n                                                                                    <div class=\"single-mediathek-block flex-box-twentyfive\" data-mediathek-id=\"4520\">\r\n                            <div class=\"video-content\">\r\n                                                                    <div class=\"BorlabsCookie _brlbs-cb-youtube\"><div class=\"_brlbs-content-blocker\"> <div class=\"_brlbs-embed _brlbs-video-youtube\"> <img class=\"_brlbs-thumbnail\" src=\"https:\/\/www.efaflex.com\/wp-content\/cache\/borlabs-cookie\/J0qauJQ6drw_maxresdefault.jpg\" alt=\"YouTube\"> <div class=\"_brlbs-caption\"> <p>Mit dem Laden des Videos akzeptieren Sie die Datenschutzerkl\u00e4rung von YouTube.<br><a href=\"https:\/\/policies.google.com\/privacy\" target=\"_blank\" rel=\"nofollow noopener noreferrer\">Mehr erfahren<\/a><\/p> <p><a class=\"_brlbs-btn _brlbs-icon-play-white\" href=\"#\" data-borlabs-cookie-unblock role=\"button\">Video laden<\/a><\/p> <p><label><input type=\"checkbox\" name=\"unblockAll\" value=\"1\" checked> <small>YouTube immer entsperren<\/small><\/label><\/p> <\/div> <\/div> <\/div><div class=\"borlabs-hide\" data-borlabs-cookie-type=\"content-blocker\" data-borlabs-cookie-id=\"youtube\"><script type=\"text\/template\">PGlmcmFtZSBzcmM9Imh0dHBzOi8vd3d3LnlvdXR1YmUtbm9jb29raWUuY29tL2VtYmVkL0owcWF1SlE2ZHJ3IiB0aXRsZT0iWW91VHViZSB2aWRlbyBwbGF5ZXIiIGZyYW1lYm9yZGVyPSIwIiBhbGxvdz0iYWNjZWxlcm9tZXRlcjsgYXV0b3BsYXk7IGNsaXBib2FyZC13cml0ZTsgZW5jcnlwdGVkLW1lZGlhOyBneXJvc2NvcGU7IHBpY3R1cmUtaW4tcGljdHVyZSIgYWxsb3dmdWxsc2NyZWVuPjwvaWZyYW1lPg==<\/script><\/div><\/div>\r\n                                                            <\/div>\r\n                            <div class=\"text-content\">\r\n                                                                    <h3 class=\"mediathek-headline\">EFAFLEX EFA-SST\u00ae Efficient &#8211; Serie EFAPROTECT<\/h3>\r\n                                \r\n                                <p>\r\n                                    Einzigartig: Schmale Zargen und Widerstandsklasse 2\n\nPlatzsparend und sicher\n\nDas EFA-SST\u00ae Efficient ist ein platzsparendes und federloses Schnelllauf-Spiraltor, das besonders f\u00fcr beengte Einbausituationen konstruiert wurde. Das hochisolierende Torblatt, sowie der Kettenantrieb erm\u00f6glichen die kompakte Zargenabmessung. Durch den Verzicht auf den Gewichtsausgleich ist das Tor nahezu wartungsfrei. Aufgrund des gew\u00e4hlten Antriebssystems und der besonderen Ausstattung erreicht das Tor Widerstandsklasse 2 (WK 2) und ist somit nach jeder Schlie\u00dfung automatisch einbruchhemmend.\n#EFAFLEX #WK2 #EFAPROTECT #Security                                <\/p>\r\n\r\n                                <a class=\"load-more-button\" href=\"#play-video-4520\">Video abspielen<\/a>\r\n\r\n                                <div class=\"video-popup\" style=\"display: none;\">\r\n                                    <div class=\"popup-inner\">\r\n                                        <div class=\"video-box\">\r\n                                                                                            <div class=\"BorlabsCookie _brlbs-cb-youtube\"><div class=\"_brlbs-content-blocker\"> <div class=\"_brlbs-embed _brlbs-video-youtube\"> <img class=\"_brlbs-thumbnail\" src=\"https:\/\/www.efaflex.com\/wp-content\/cache\/borlabs-cookie\/J0qauJQ6drw_maxresdefault.jpg\" alt=\"YouTube\"> <div class=\"_brlbs-caption\"> <p>Mit dem Laden des Videos akzeptieren Sie die Datenschutzerkl\u00e4rung von YouTube.<br><a href=\"https:\/\/policies.google.com\/privacy\" target=\"_blank\" rel=\"nofollow noopener noreferrer\">Mehr erfahren<\/a><\/p> <p><a class=\"_brlbs-btn _brlbs-icon-play-white\" href=\"#\" data-borlabs-cookie-unblock role=\"button\">Video laden<\/a><\/p> <p><label><input type=\"checkbox\" name=\"unblockAll\" value=\"1\" checked> <small>YouTube immer entsperren<\/small><\/label><\/p> <\/div> <\/div> <\/div><div class=\"borlabs-hide\" data-borlabs-cookie-type=\"content-blocker\" data-borlabs-cookie-id=\"youtube\"><script type=\"text\/template\">PGlmcmFtZSBzcmM9Imh0dHBzOi8vd3d3LnlvdXR1YmUtbm9jb29raWUuY29tL2VtYmVkL0owcWF1SlE2ZHJ3IiB0aXRsZT0iWW91VHViZSB2aWRlbyBwbGF5ZXIiIGZyYW1lYm9yZGVyPSIwIiBhbGxvdz0iYWNjZWxlcm9tZXRlcjsgYXV0b3BsYXk7IGNsaXBib2FyZC13cml0ZTsgZW5jcnlwdGVkLW1lZGlhOyBneXJvc2NvcGU7IHBpY3R1cmUtaW4tcGljdHVyZSIgYWxsb3dmdWxsc2NyZWVuPjwvaWZyYW1lPg==<\/script><\/div><\/div>\r\n                                                                                    <\/div>\r\n                                    <\/div>\r\n                                    <div class=\"video-background\"><\/div>\r\n                                <\/div>\r\n\r\n                            <\/div>\r\n                                                    <\/div>\r\n\r\n                                                        \r\n                        <\/div>\r\n<\/div>\r\n\r\n\r\n<script>\r\n    window.addEventListener('DOMContentLoaded', function() {\r\n        jQuery(document).ready(function($) {\r\n            $('a.load-more-button').click(function () {\r\n                var $singleBlock = $(this).closest('.single-mediathek-block');\r\n                var $video = $singleBlock.find('video');\r\n                if ($video.length) {\r\n                    $video.each(function() {\r\n                        this.pause();\r\n                    });\r\n                }\r\n\r\n                $(this)\r\n                    .parent('.text-content')\r\n                    .children('.video-popup')\r\n                    .fadeIn()\r\n                    .addClass('active');\r\n            });\r\n\r\n            $('.video-background').click(function () {\r\n                var $popup = $(this).parent('.video-popup');\r\n\r\n                $popup.fadeOut().removeClass('active');\r\n\r\n                $popup.find('video').each(function () {\r\n                    this.pause();\r\n                });\r\n\r\n                \/\/ iframe neu laden, falls vorhanden\r\n                var $iframe = $popup.find(\"iframe\");\r\n                if ($iframe.length) {\r\n                    setTimeout(function(){\r\n                        $iframe.attr(\"src\", $iframe.attr(\"src\"));\r\n                    }, 300);\r\n                }\r\n\r\n                history.replaceState(\"\", document.title, window.location.pathname + window.location.search);\r\n            });\r\n\r\n            function getScreenOrientation()\r\n            {\r\n                if(window.innerWidth\/window.innerHeight>16\/9){\r\n                    $(\".popup-inner\").removeClass(\"portrait\")\r\n                    $(\".popup-inner\").addClass(\"landscape\")\r\n                } else {\r\n                    $(\".popup-inner\").addClass(\"portrait\")\r\n                    $(\".popup-inner\").removeClass(\"landscape\")\r\n                }\r\n            }\r\n\r\n            getScreenOrientation();\r\n\r\n            $(window).on(\"resize\",function(){\r\n                getScreenOrientation()\r\n            })\r\n\r\n            function checkAndPlayVideoFromHash() {\r\n                var hash = window.location.hash;\r\n\r\n                if (hash.startsWith('#play-video-')) {\r\n                    var id = hash.replace('#play-video-', '');\r\n\r\n                    var $block = $('.single-mediathek-block[data-mediathek-id=\"' + id + '\"]');\r\n                    if ($block.length) {\r\n                        $block.find('.load-more-button').trigger('click');\r\n                    }\r\n                }\r\n            }\r\n\r\n            checkAndPlayVideoFromHash();\r\n            $(window).on('hashchange', checkAndPlayVideoFromHash);\r\n        });\r\n    });\r\n<\/script>\r\n\n\n\n<div style=\"height:200px\" aria-hidden=\"true\" class=\"wp-block-spacer\"><\/div>\n\n\n<div class=\"inner\">\r\n            <h2 class=\"mediathek-ausgabe\">Schnellauf-Spiraltor EFA-SST\u00ae Secure (RC 4).<\/h2>\r\n        <div class=\"custom-flex-box\">\r\n        \r\n        \r\n        \r\n                            \r\n                \r\n                                                                                    <div class=\"single-mediathek-block flex-box-twentyfive\" data-mediathek-id=\"4582\">\r\n                            <div class=\"video-content\">\r\n                                                                    <div class=\"BorlabsCookie _brlbs-cb-youtube\"><div class=\"_brlbs-content-blocker\"> <div class=\"_brlbs-embed _brlbs-video-youtube\"> <img class=\"_brlbs-thumbnail\" src=\"https:\/\/www.efaflex.com\/wp-content\/cache\/borlabs-cookie\/Ro7zRLjrarg_maxresdefault.jpg\" alt=\"YouTube\"> <div class=\"_brlbs-caption\"> <p>Mit dem Laden des Videos akzeptieren Sie die Datenschutzerkl\u00e4rung von YouTube.<br><a href=\"https:\/\/policies.google.com\/privacy\" target=\"_blank\" rel=\"nofollow noopener noreferrer\">Mehr erfahren<\/a><\/p> <p><a class=\"_brlbs-btn _brlbs-icon-play-white\" href=\"#\" data-borlabs-cookie-unblock role=\"button\">Video laden<\/a><\/p> <p><label><input type=\"checkbox\" name=\"unblockAll\" value=\"1\" checked> <small>YouTube immer entsperren<\/small><\/label><\/p> <\/div> <\/div> <\/div><div class=\"borlabs-hide\" data-borlabs-cookie-type=\"content-blocker\" data-borlabs-cookie-id=\"youtube\"><script type=\"text\/template\">PGlmcmFtZSBzcmM9Imh0dHBzOi8vd3d3LnlvdXR1YmUtbm9jb29raWUuY29tL2VtYmVkL1JvN3pSTGpyYXJnIiB0aXRsZT0iWW91VHViZSB2aWRlbyBwbGF5ZXIiIGZyYW1lYm9yZGVyPSIwIiBhbGxvdz0iYWNjZWxlcm9tZXRlcjsgYXV0b3BsYXk7IGNsaXBib2FyZC13cml0ZTsgZW5jcnlwdGVkLW1lZGlhOyBneXJvc2NvcGU7IHBpY3R1cmUtaW4tcGljdHVyZSIgYWxsb3dmdWxsc2NyZWVuPjwvaWZyYW1lPg==<\/script><\/div><\/div>\r\n                                                            <\/div>\r\n                            <div class=\"text-content\">\r\n                                                                    <h3 class=\"mediathek-headline\">EFA-SST\u00ae Secure<\/h3>\r\n                                \r\n                                <p>\r\n                                    Das EFAFLEX Schnelllauf-Spiraltor EFA-SST\u00ae Secure der Serie EFAPROTECT\u00ae erreicht mit Widerstandsklasse 4 (WK 4) ein Maximum an Sicherheit.                                <\/p>\r\n\r\n                                <a class=\"load-more-button\" href=\"#play-video-4582\">Video abspielen<\/a>\r\n\r\n                                <div class=\"video-popup\" style=\"display: none;\">\r\n                                    <div class=\"popup-inner\">\r\n                                        <div class=\"video-box\">\r\n                                                                                            <div class=\"BorlabsCookie _brlbs-cb-youtube\"><div class=\"_brlbs-content-blocker\"> <div class=\"_brlbs-embed _brlbs-video-youtube\"> <img class=\"_brlbs-thumbnail\" src=\"https:\/\/www.efaflex.com\/wp-content\/cache\/borlabs-cookie\/Ro7zRLjrarg_maxresdefault.jpg\" alt=\"YouTube\"> <div class=\"_brlbs-caption\"> <p>Mit dem Laden des Videos akzeptieren Sie die Datenschutzerkl\u00e4rung von YouTube.<br><a href=\"https:\/\/policies.google.com\/privacy\" target=\"_blank\" rel=\"nofollow noopener noreferrer\">Mehr erfahren<\/a><\/p> <p><a class=\"_brlbs-btn _brlbs-icon-play-white\" href=\"#\" data-borlabs-cookie-unblock role=\"button\">Video laden<\/a><\/p> <p><label><input type=\"checkbox\" name=\"unblockAll\" value=\"1\" checked> <small>YouTube immer entsperren<\/small><\/label><\/p> <\/div> <\/div> <\/div><div class=\"borlabs-hide\" data-borlabs-cookie-type=\"content-blocker\" data-borlabs-cookie-id=\"youtube\"><script type=\"text\/template\">PGlmcmFtZSBzcmM9Imh0dHBzOi8vd3d3LnlvdXR1YmUtbm9jb29raWUuY29tL2VtYmVkL1JvN3pSTGpyYXJnIiB0aXRsZT0iWW91VHViZSB2aWRlbyBwbGF5ZXIiIGZyYW1lYm9yZGVyPSIwIiBhbGxvdz0iYWNjZWxlcm9tZXRlcjsgYXV0b3BsYXk7IGNsaXBib2FyZC13cml0ZTsgZW5jcnlwdGVkLW1lZGlhOyBneXJvc2NvcGU7IHBpY3R1cmUtaW4tcGljdHVyZSIgYWxsb3dmdWxsc2NyZWVuPjwvaWZyYW1lPg==<\/script><\/div><\/div>\r\n                                                                                    <\/div>\r\n                                    <\/div>\r\n                                    <div class=\"video-background\"><\/div>\r\n                                <\/div>\r\n\r\n                            <\/div>\r\n                                                    <\/div>\r\n\r\n                                                                    <div class=\"single-mediathek-block flex-box-twentyfive\" data-mediathek-id=\"23917\">\r\n                            <div class=\"video-content\">\r\n                                                                    <div class=\"BorlabsCookie _brlbs-cb-youtube\"><div class=\"_brlbs-content-blocker\"> <div class=\"_brlbs-embed _brlbs-video-youtube\"> <img class=\"_brlbs-thumbnail\" src=\"https:\/\/www.efaflex.com\/wp-content\/cache\/borlabs-cookie\/hbZgCgoxdLk_maxresdefault.jpg\" alt=\"YouTube\"> <div class=\"_brlbs-caption\"> <p>Mit dem Laden des Videos akzeptieren Sie die Datenschutzerkl\u00e4rung von YouTube.<br><a href=\"https:\/\/policies.google.com\/privacy\" target=\"_blank\" rel=\"nofollow noopener noreferrer\">Mehr erfahren<\/a><\/p> <p><a class=\"_brlbs-btn _brlbs-icon-play-white\" href=\"#\" data-borlabs-cookie-unblock role=\"button\">Video laden<\/a><\/p> <p><label><input type=\"checkbox\" name=\"unblockAll\" value=\"1\" checked> <small>YouTube immer entsperren<\/small><\/label><\/p> <\/div> <\/div> <\/div><div class=\"borlabs-hide\" data-borlabs-cookie-type=\"content-blocker\" data-borlabs-cookie-id=\"youtube\"><script type=\"text\/template\">PGlmcmFtZSBzcmM9Imh0dHBzOi8vd3d3LnlvdXR1YmUtbm9jb29raWUuY29tL2VtYmVkL2hiWmdDZ294ZExrIiB0aXRsZT0iWW91VHViZSB2aWRlbyBwbGF5ZXIiIGZyYW1lYm9yZGVyPSIwIiBhbGxvdz0iYWNjZWxlcm9tZXRlcjsgYXV0b3BsYXk7IGNsaXBib2FyZC13cml0ZTsgZW5jcnlwdGVkLW1lZGlhOyBneXJvc2NvcGU7IHBpY3R1cmUtaW4tcGljdHVyZSIgYWxsb3dmdWxsc2NyZWVuPjwvaWZyYW1lPg==<\/script><\/div><\/div>\r\n                                                            <\/div>\r\n                            <div class=\"text-content\">\r\n                                                                    <h3 class=\"mediathek-headline\">Die EFAPROTECT-Serie: Das EFA-SST\u00ae Secure<\/h3>\r\n                                \r\n                                <p>\r\n                                    Die EFAPROTECT-Serie: Das EFA-SST\u00ae Secure bietet Unternehmen und Mitarbeitern maximale Sicherheit, ohne auf die Geschwindigkeit eines effizienten Schnelllauftors verzichten zu m\u00fcssen. Beidseitige automatische Verriegelungen schlie\u00dfen das Tor sicher bei jedem Schlie\u00dfvorgang und machen es zum nahezu un\u00fcberwindbaren Hindernis.                                 <\/p>\r\n\r\n                                <a class=\"load-more-button\" href=\"#play-video-23917\">Video abspielen<\/a>\r\n\r\n                                <div class=\"video-popup\" style=\"display: none;\">\r\n                                    <div class=\"popup-inner\">\r\n                                        <div class=\"video-box\">\r\n                                                                                            <div class=\"BorlabsCookie _brlbs-cb-youtube\"><div class=\"_brlbs-content-blocker\"> <div class=\"_brlbs-embed _brlbs-video-youtube\"> <img class=\"_brlbs-thumbnail\" src=\"https:\/\/www.efaflex.com\/wp-content\/cache\/borlabs-cookie\/hbZgCgoxdLk_maxresdefault.jpg\" alt=\"YouTube\"> <div class=\"_brlbs-caption\"> <p>Mit dem Laden des Videos akzeptieren Sie die Datenschutzerkl\u00e4rung von YouTube.<br><a href=\"https:\/\/policies.google.com\/privacy\" target=\"_blank\" rel=\"nofollow noopener noreferrer\">Mehr erfahren<\/a><\/p> <p><a class=\"_brlbs-btn _brlbs-icon-play-white\" href=\"#\" data-borlabs-cookie-unblock role=\"button\">Video laden<\/a><\/p> <p><label><input type=\"checkbox\" name=\"unblockAll\" value=\"1\" checked> <small>YouTube immer entsperren<\/small><\/label><\/p> <\/div> <\/div> <\/div><div class=\"borlabs-hide\" data-borlabs-cookie-type=\"content-blocker\" data-borlabs-cookie-id=\"youtube\"><script type=\"text\/template\">PGlmcmFtZSBzcmM9Imh0dHBzOi8vd3d3LnlvdXR1YmUtbm9jb29raWUuY29tL2VtYmVkL2hiWmdDZ294ZExrIiB0aXRsZT0iWW91VHViZSB2aWRlbyBwbGF5ZXIiIGZyYW1lYm9yZGVyPSIwIiBhbGxvdz0iYWNjZWxlcm9tZXRlcjsgYXV0b3BsYXk7IGNsaXBib2FyZC13cml0ZTsgZW5jcnlwdGVkLW1lZGlhOyBneXJvc2NvcGU7IHBpY3R1cmUtaW4tcGljdHVyZSIgYWxsb3dmdWxsc2NyZWVuPjwvaWZyYW1lPg==<\/script><\/div><\/div>\r\n                                                                                    <\/div>\r\n                                    <\/div>\r\n                                    <div class=\"video-background\"><\/div>\r\n                                <\/div>\r\n\r\n                            <\/div>\r\n                                                    <\/div>\r\n\r\n                                                                    <div class=\"single-mediathek-block flex-box-twentyfive\" data-mediathek-id=\"23920\">\r\n                            <div class=\"video-content\">\r\n                                                                    <div class=\"BorlabsCookie _brlbs-cb-youtube\"><div class=\"_brlbs-content-blocker\"> <div class=\"_brlbs-embed _brlbs-video-youtube\"> <img class=\"_brlbs-thumbnail\" src=\"https:\/\/www.efaflex.com\/wp-content\/cache\/borlabs-cookie\/rnsIiP5qf4I_maxresdefault.jpg\" alt=\"YouTube\"> <div class=\"_brlbs-caption\"> <p>Mit dem Laden des Videos akzeptieren Sie die Datenschutzerkl\u00e4rung von YouTube.<br><a href=\"https:\/\/policies.google.com\/privacy\" target=\"_blank\" rel=\"nofollow noopener noreferrer\">Mehr erfahren<\/a><\/p> <p><a class=\"_brlbs-btn _brlbs-icon-play-white\" href=\"#\" data-borlabs-cookie-unblock role=\"button\">Video laden<\/a><\/p> <p><label><input type=\"checkbox\" name=\"unblockAll\" value=\"1\" checked> <small>YouTube immer entsperren<\/small><\/label><\/p> <\/div> <\/div> <\/div><div class=\"borlabs-hide\" data-borlabs-cookie-type=\"content-blocker\" data-borlabs-cookie-id=\"youtube\"><script type=\"text\/template\">PGlmcmFtZSBzcmM9Imh0dHBzOi8vd3d3LnlvdXR1YmUtbm9jb29raWUuY29tL2VtYmVkL3Juc0lpUDVxZjRJIiB0aXRsZT0iWW91VHViZSB2aWRlbyBwbGF5ZXIiIGZyYW1lYm9yZGVyPSIwIiBhbGxvdz0iYWNjZWxlcm9tZXRlcjsgYXV0b3BsYXk7IGNsaXBib2FyZC13cml0ZTsgZW5jcnlwdGVkLW1lZGlhOyBneXJvc2NvcGU7IHBpY3R1cmUtaW4tcGljdHVyZSIgYWxsb3dmdWxsc2NyZWVuPjwvaWZyYW1lPg==<\/script><\/div><\/div>\r\n                                                            <\/div>\r\n                            <div class=\"text-content\">\r\n                                                                    <h3 class=\"mediathek-headline\">EFA-SST\u00ae Secure<\/h3>\r\n                                \r\n                                <p>\r\n                                    Einbruch, Raub und Vandalismus \u2013 l\u00e4ngst sind diese Delikte keine Seltenheit mehr. Vor allem Einbruchs- und Raubdelikte sind in der Regel langfristig geplant und gut organisiert. Hinter diesen Taten stecken h\u00e4ufig keine Einzelt\u00e4ter, sondern kriminelle Netzwerke, die \u00fcber die n\u00f6tigen Mittel verf\u00fcgen, um sich gewaltsam Zugang zu Ihren Wertobjekten zu verschaffen.                                <\/p>\r\n\r\n                                <a class=\"load-more-button\" href=\"#play-video-23920\">Video abspielen<\/a>\r\n\r\n                                <div class=\"video-popup\" style=\"display: none;\">\r\n                                    <div class=\"popup-inner\">\r\n                                        <div class=\"video-box\">\r\n                                                                                            <div class=\"BorlabsCookie _brlbs-cb-youtube\"><div class=\"_brlbs-content-blocker\"> <div class=\"_brlbs-embed _brlbs-video-youtube\"> <img class=\"_brlbs-thumbnail\" src=\"https:\/\/www.efaflex.com\/wp-content\/cache\/borlabs-cookie\/rnsIiP5qf4I_maxresdefault.jpg\" alt=\"YouTube\"> <div class=\"_brlbs-caption\"> <p>Mit dem Laden des Videos akzeptieren Sie die Datenschutzerkl\u00e4rung von YouTube.<br><a href=\"https:\/\/policies.google.com\/privacy\" target=\"_blank\" rel=\"nofollow noopener noreferrer\">Mehr erfahren<\/a><\/p> <p><a class=\"_brlbs-btn _brlbs-icon-play-white\" href=\"#\" data-borlabs-cookie-unblock role=\"button\">Video laden<\/a><\/p> <p><label><input type=\"checkbox\" name=\"unblockAll\" value=\"1\" checked> <small>YouTube immer entsperren<\/small><\/label><\/p> <\/div> <\/div> <\/div><div class=\"borlabs-hide\" data-borlabs-cookie-type=\"content-blocker\" data-borlabs-cookie-id=\"youtube\"><script type=\"text\/template\">PGlmcmFtZSBzcmM9Imh0dHBzOi8vd3d3LnlvdXR1YmUtbm9jb29raWUuY29tL2VtYmVkL3Juc0lpUDVxZjRJIiB0aXRsZT0iWW91VHViZSB2aWRlbyBwbGF5ZXIiIGZyYW1lYm9yZGVyPSIwIiBhbGxvdz0iYWNjZWxlcm9tZXRlcjsgYXV0b3BsYXk7IGNsaXBib2FyZC13cml0ZTsgZW5jcnlwdGVkLW1lZGlhOyBneXJvc2NvcGU7IHBpY3R1cmUtaW4tcGljdHVyZSIgYWxsb3dmdWxsc2NyZWVuPjwvaWZyYW1lPg==<\/script><\/div><\/div>\r\n                                                                                    <\/div>\r\n                                    <\/div>\r\n                                    <div class=\"video-background\"><\/div>\r\n                                <\/div>\r\n\r\n                            <\/div>\r\n                                                    <\/div>\r\n\r\n                                                        \r\n                        <\/div>\r\n<\/div>\r\n\r\n\r\n<script>\r\n    window.addEventListener('DOMContentLoaded', function() {\r\n        jQuery(document).ready(function($) {\r\n            $('a.load-more-button').click(function () {\r\n                var $singleBlock = $(this).closest('.single-mediathek-block');\r\n                var $video = $singleBlock.find('video');\r\n                if ($video.length) {\r\n                    $video.each(function() {\r\n                        this.pause();\r\n                    });\r\n                }\r\n\r\n                $(this)\r\n                    .parent('.text-content')\r\n                    .children('.video-popup')\r\n                    .fadeIn()\r\n                    .addClass('active');\r\n            });\r\n\r\n            $('.video-background').click(function () {\r\n                var $popup = $(this).parent('.video-popup');\r\n\r\n                $popup.fadeOut().removeClass('active');\r\n\r\n                $popup.find('video').each(function () {\r\n                    this.pause();\r\n                });\r\n\r\n                \/\/ iframe neu laden, falls vorhanden\r\n                var $iframe = $popup.find(\"iframe\");\r\n                if ($iframe.length) {\r\n                    setTimeout(function(){\r\n                        $iframe.attr(\"src\", $iframe.attr(\"src\"));\r\n                    }, 300);\r\n                }\r\n\r\n                history.replaceState(\"\", document.title, window.location.pathname + window.location.search);\r\n            });\r\n\r\n            function getScreenOrientation()\r\n            {\r\n                if(window.innerWidth\/window.innerHeight>16\/9){\r\n                    $(\".popup-inner\").removeClass(\"portrait\")\r\n                    $(\".popup-inner\").addClass(\"landscape\")\r\n                } else {\r\n                    $(\".popup-inner\").addClass(\"portrait\")\r\n                    $(\".popup-inner\").removeClass(\"landscape\")\r\n                }\r\n            }\r\n\r\n            getScreenOrientation();\r\n\r\n            $(window).on(\"resize\",function(){\r\n                getScreenOrientation()\r\n            })\r\n\r\n            function checkAndPlayVideoFromHash() {\r\n                var hash = window.location.hash;\r\n\r\n                if (hash.startsWith('#play-video-')) {\r\n                    var id = hash.replace('#play-video-', '');\r\n\r\n                    var $block = $('.single-mediathek-block[data-mediathek-id=\"' + id + '\"]');\r\n                    if ($block.length) {\r\n                        $block.find('.load-more-button').trigger('click');\r\n                    }\r\n                }\r\n            }\r\n\r\n            checkAndPlayVideoFromHash();\r\n            $(window).on('hashchange', checkAndPlayVideoFromHash);\r\n        });\r\n    });\r\n<\/script>\r\n\n\n\n<div style=\"height:200px\" aria-hidden=\"true\" class=\"wp-block-spacer\"><\/div>\n\n\n\n<p><\/p>\n","protected":false},"excerpt":{"rendered":"","protected":false},"author":10,"featured_media":0,"parent":154,"menu_order":18,"comment_status":"closed","ping_status":"closed","template":"","meta":{"_acf_changed":false,"footnotes":""},"categories":[],"tags":[],"class_list":["post-4589","page","type-page","status-publish","hentry"],"acf":[],"_links":{"self":[{"href":"https:\/\/www.efaflex.com\/de\/wp-json\/wp\/v2\/pages\/4589","targetHints":{"allow":["GET"]}}],"collection":[{"href":"https:\/\/www.efaflex.com\/de\/wp-json\/wp\/v2\/pages"}],"about":[{"href":"https:\/\/www.efaflex.com\/de\/wp-json\/wp\/v2\/types\/page"}],"author":[{"embeddable":true,"href":"https:\/\/www.efaflex.com\/de\/wp-json\/wp\/v2\/users\/10"}],"replies":[{"embeddable":true,"href":"https:\/\/www.efaflex.com\/de\/wp-json\/wp\/v2\/comments?post=4589"}],"version-history":[{"count":7,"href":"https:\/\/www.efaflex.com\/de\/wp-json\/wp\/v2\/pages\/4589\/revisions"}],"predecessor-version":[{"id":35669,"href":"https:\/\/www.efaflex.com\/de\/wp-json\/wp\/v2\/pages\/4589\/revisions\/35669"}],"up":[{"embeddable":true,"href":"https:\/\/www.efaflex.com\/de\/wp-json\/wp\/v2\/pages\/154"}],"wp:attachment":[{"href":"https:\/\/www.efaflex.com\/de\/wp-json\/wp\/v2\/media?parent=4589"}],"wp:term":[{"taxonomy":"category","embeddable":true,"href":"https:\/\/www.efaflex.com\/de\/wp-json\/wp\/v2\/categories?post=4589"},{"taxonomy":"post_tag","embeddable":true,"href":"https:\/\/www.efaflex.com\/de\/wp-json\/wp\/v2\/tags?post=4589"}],"curies":[{"name":"wp","href":"https:\/\/api.w.org\/{rel}","templated":true}]}}