{"id":4592,"date":"2022-07-13T09:12:58","date_gmt":"2022-07-13T07:12:58","guid":{"rendered":"https:\/\/www.efaflex.com\/?page_id=4592"},"modified":"2026-01-13T15:54:26","modified_gmt":"2026-01-13T14:54:26","slug":"serie-cr","status":"publish","type":"page","link":"https:\/\/www.efaflex.com\/de\/mediathek\/serie-cr\/","title":{"rendered":"Videos Serie CR"},"content":{"rendered":"\n<div style=\"height:60px\" aria-hidden=\"true\" class=\"wp-block-spacer\"><\/div>\n\n\n\r\n\r\n<div id=\"breadcrump-block_815f1e682ee876b9e01d445a1d5f2c6b\" class=\"inner\">\r\n        <nav class=\"breadcrumb\"><a href=\"https:\/\/www.efaflex.com\/de\/\">Startseite<\/a> \/ <span class=\"current-page\">Seite<\/span><\/nav>    <\/div>\n\n\n<div style=\"height:120px\" aria-hidden=\"true\" class=\"wp-block-spacer\"><\/div>\n\n\n<div id=\"text-eispaltig-block_a4d3972ea3335d3a7f7b047a4ea9a74b\" class=\"block-text-eispaltig inner\">\r\n    <div class=\"block-text-eispaltig-content\">\r\n                    <h1 class=\"headline-two\">Videos zu Reinraumtoren<\/h1>                    <\/div>\r\n<\/div>\n\n\n<div style=\"height:100px\" aria-hidden=\"true\" class=\"wp-block-spacer\"><\/div>\n\n\n<div class=\"inner\">\r\n            <h2 class=\"mediathek-ausgabe\">Schnelllauf-Rolltor EFA-SRT\u00ae CR Premium.<\/h2>\r\n        <div class=\"custom-flex-box\">\r\n        \r\n        \r\n        \r\n                            \r\n                \r\n                                                                                    <div class=\"single-mediathek-block flex-box-twentyfive\" data-mediathek-id=\"4532\">\r\n                            <div class=\"video-content\">\r\n                                                                    <div class=\"BorlabsCookie _brlbs-cb-youtube\"><div class=\"_brlbs-content-blocker\"> <div class=\"_brlbs-embed _brlbs-video-youtube\"> <img class=\"_brlbs-thumbnail\" src=\"https:\/\/www.efaflex.com\/wp-content\/cache\/borlabs-cookie\/0AOv8_U5A5E_maxresdefault.jpg\" alt=\"YouTube\"> <div class=\"_brlbs-caption\"> <p>Mit dem Laden des Videos akzeptieren Sie die Datenschutzerkl\u00e4rung von YouTube.<br><a href=\"https:\/\/policies.google.com\/privacy\" target=\"_blank\" rel=\"nofollow noopener noreferrer\">Mehr erfahren<\/a><\/p> <p><a class=\"_brlbs-btn _brlbs-icon-play-white\" href=\"#\" data-borlabs-cookie-unblock role=\"button\">Video laden<\/a><\/p> <p><label><input type=\"checkbox\" name=\"unblockAll\" value=\"1\" checked> <small>YouTube immer entsperren<\/small><\/label><\/p> <\/div> <\/div> <\/div><div class=\"borlabs-hide\" data-borlabs-cookie-type=\"content-blocker\" data-borlabs-cookie-id=\"youtube\"><script type=\"text\/template\">PGlmcmFtZSBzcmM9Imh0dHBzOi8vd3d3LnlvdXR1YmUtbm9jb29raWUuY29tL2VtYmVkLzBBT3Y4X1U1QTVFIiB0aXRsZT0iWW91VHViZSB2aWRlbyBwbGF5ZXIiIGZyYW1lYm9yZGVyPSIwIiBhbGxvdz0iYWNjZWxlcm9tZXRlcjsgYXV0b3BsYXk7IGNsaXBib2FyZC13cml0ZTsgZW5jcnlwdGVkLW1lZGlhOyBneXJvc2NvcGU7IHBpY3R1cmUtaW4tcGljdHVyZSIgYWxsb3dmdWxsc2NyZWVuPjwvaWZyYW1lPg==<\/script><\/div><\/div>\r\n                                                            <\/div>\r\n                            <div class=\"text-content\">\r\n                                                                    <h3 class=\"mediathek-headline\">EFAFLEX Reinraumtor EFA-SRT\u00ae CR Premium<\/h3>\r\n                                \r\n                                <p>\r\n                                    Reinraumtore der Serie CR von EFAFLEX sind perfekt an die Anforderungen in kontrollierten Fertigungszonen angepasst. Sie gew\u00e4hrleisten die Dichtigkeit der Zug\u00e4nge. Die leistungsf\u00e4higen Schnelllauftore haben eine glatte Oberfl\u00e4chenstruktur und keine \u00fcberstehenden Kanten. Sie k\u00f6nnen deshalb leicht gereinigt werden, und ein Absetzen von Partikeln ist weitgehend ausgeschlossen. Die GMP-gerechten Tortypen der CR-Serie sind \u00fcberwiegend aus V2A gefertigt.\n\nWie alle Schnelllauftore von EFAFLEX sind EFAFLEX-Reinraumtore dank ihrer herausragenden Qualit\u00e4t enorm belastbar und wartungsarm. Das gewichtigste Argument f\u00fcr EFAFLEX-Reinraumtore ist jedoch deren hohe Luftdichtigkeit, die erheblich zur Kosteneinsparung im Reinraum beitr\u00e4gt, und der modulare Aufbau in klinischer Optik.\n#Reinraum #Cleanroom #CR #EFAFLEX                                <\/p>\r\n\r\n                                <a class=\"load-more-button\" href=\"#play-video-4532\">Video abspielen<\/a>\r\n\r\n                                <div class=\"video-popup\" style=\"display: none;\">\r\n                                    <div class=\"popup-inner\">\r\n                                        <div class=\"video-box\">\r\n                                                                                            <div class=\"BorlabsCookie _brlbs-cb-youtube\"><div class=\"_brlbs-content-blocker\"> <div class=\"_brlbs-embed _brlbs-video-youtube\"> <img class=\"_brlbs-thumbnail\" src=\"https:\/\/www.efaflex.com\/wp-content\/cache\/borlabs-cookie\/0AOv8_U5A5E_maxresdefault.jpg\" alt=\"YouTube\"> <div class=\"_brlbs-caption\"> <p>Mit dem Laden des Videos akzeptieren Sie die Datenschutzerkl\u00e4rung von YouTube.<br><a href=\"https:\/\/policies.google.com\/privacy\" target=\"_blank\" rel=\"nofollow noopener noreferrer\">Mehr erfahren<\/a><\/p> <p><a class=\"_brlbs-btn _brlbs-icon-play-white\" href=\"#\" data-borlabs-cookie-unblock role=\"button\">Video laden<\/a><\/p> <p><label><input type=\"checkbox\" name=\"unblockAll\" value=\"1\" checked> <small>YouTube immer entsperren<\/small><\/label><\/p> <\/div> <\/div> <\/div><div class=\"borlabs-hide\" data-borlabs-cookie-type=\"content-blocker\" data-borlabs-cookie-id=\"youtube\"><script type=\"text\/template\">PGlmcmFtZSBzcmM9Imh0dHBzOi8vd3d3LnlvdXR1YmUtbm9jb29raWUuY29tL2VtYmVkLzBBT3Y4X1U1QTVFIiB0aXRsZT0iWW91VHViZSB2aWRlbyBwbGF5ZXIiIGZyYW1lYm9yZGVyPSIwIiBhbGxvdz0iYWNjZWxlcm9tZXRlcjsgYXV0b3BsYXk7IGNsaXBib2FyZC13cml0ZTsgZW5jcnlwdGVkLW1lZGlhOyBneXJvc2NvcGU7IHBpY3R1cmUtaW4tcGljdHVyZSIgYWxsb3dmdWxsc2NyZWVuPjwvaWZyYW1lPg==<\/script><\/div><\/div>\r\n                                                                                    <\/div>\r\n                                    <\/div>\r\n                                    <div class=\"video-background\"><\/div>\r\n                                <\/div>\r\n\r\n                            <\/div>\r\n                                                    <\/div>\r\n\r\n                                                        \r\n                        <\/div>\r\n<\/div>\r\n\r\n\r\n<script>\r\n    window.addEventListener('DOMContentLoaded', function() {\r\n        jQuery(document).ready(function($) {\r\n            $('a.load-more-button').click(function () {\r\n                var $singleBlock = $(this).closest('.single-mediathek-block');\r\n                var $video = $singleBlock.find('video');\r\n                if ($video.length) {\r\n                    $video.each(function() {\r\n                        this.pause();\r\n                    });\r\n                }\r\n\r\n                $(this)\r\n                    .parent('.text-content')\r\n                    .children('.video-popup')\r\n                    .fadeIn()\r\n                    .addClass('active');\r\n            });\r\n\r\n            $('.video-background').click(function () {\r\n                var $popup = $(this).parent('.video-popup');\r\n\r\n                $popup.fadeOut().removeClass('active');\r\n\r\n                $popup.find('video').each(function () {\r\n                    this.pause();\r\n                });\r\n\r\n                \/\/ iframe neu laden, falls vorhanden\r\n                var $iframe = $popup.find(\"iframe\");\r\n                if ($iframe.length) {\r\n                    setTimeout(function(){\r\n                        $iframe.attr(\"src\", $iframe.attr(\"src\"));\r\n                    }, 300);\r\n                }\r\n\r\n                history.replaceState(\"\", document.title, window.location.pathname + window.location.search);\r\n            });\r\n\r\n            function getScreenOrientation()\r\n            {\r\n                if(window.innerWidth\/window.innerHeight>16\/9){\r\n                    $(\".popup-inner\").removeClass(\"portrait\")\r\n                    $(\".popup-inner\").addClass(\"landscape\")\r\n                } else {\r\n                    $(\".popup-inner\").addClass(\"portrait\")\r\n                    $(\".popup-inner\").removeClass(\"landscape\")\r\n                }\r\n            }\r\n\r\n            getScreenOrientation();\r\n\r\n            $(window).on(\"resize\",function(){\r\n                getScreenOrientation()\r\n            })\r\n\r\n            function checkAndPlayVideoFromHash() {\r\n                var hash = window.location.hash;\r\n\r\n                if (hash.startsWith('#play-video-')) {\r\n                    var id = hash.replace('#play-video-', '');\r\n\r\n                    var $block = $('.single-mediathek-block[data-mediathek-id=\"' + id + '\"]');\r\n                    if ($block.length) {\r\n                        $block.find('.load-more-button').trigger('click');\r\n                    }\r\n                }\r\n            }\r\n\r\n            checkAndPlayVideoFromHash();\r\n            $(window).on('hashchange', checkAndPlayVideoFromHash);\r\n        });\r\n    });\r\n<\/script>\r\n\n\n\n<div style=\"height:200px\" aria-hidden=\"true\" class=\"wp-block-spacer\"><\/div>\n\n\n<div class=\"inner\">\r\n            <h2 class=\"mediathek-ausgabe\">Schnelllauf-Turbotor EFA-STT\u00ae CR.<\/h2>\r\n        <div class=\"custom-flex-box\">\r\n        \r\n        \r\n        \r\n                            \r\n                \r\n                                                                                    <div class=\"single-mediathek-block flex-box-twentyfive\" data-mediathek-id=\"4507\">\r\n                            <div class=\"video-content\">\r\n                                                                    <div class=\"BorlabsCookie _brlbs-cb-youtube\"><div class=\"_brlbs-content-blocker\"> <div class=\"_brlbs-embed _brlbs-video-youtube\"> <img class=\"_brlbs-thumbnail\" src=\"https:\/\/www.efaflex.com\/wp-content\/cache\/borlabs-cookie\/ZoRdpEKHzqE_maxresdefault.jpg\" alt=\"YouTube\"> <div class=\"_brlbs-caption\"> <p>Mit dem Laden des Videos akzeptieren Sie die Datenschutzerkl\u00e4rung von YouTube.<br><a href=\"https:\/\/policies.google.com\/privacy\" target=\"_blank\" rel=\"nofollow noopener noreferrer\">Mehr erfahren<\/a><\/p> <p><a class=\"_brlbs-btn _brlbs-icon-play-white\" href=\"#\" data-borlabs-cookie-unblock role=\"button\">Video laden<\/a><\/p> <p><label><input type=\"checkbox\" name=\"unblockAll\" value=\"1\" checked> <small>YouTube immer entsperren<\/small><\/label><\/p> <\/div> <\/div> <\/div><div class=\"borlabs-hide\" data-borlabs-cookie-type=\"content-blocker\" data-borlabs-cookie-id=\"youtube\"><script type=\"text\/template\">PGlmcmFtZSBzcmM9Imh0dHBzOi8vd3d3LnlvdXR1YmUtbm9jb29raWUuY29tL2VtYmVkL1pvUmRwRUtIenFFIiB0aXRsZT0iWW91VHViZSB2aWRlbyBwbGF5ZXIiIGZyYW1lYm9yZGVyPSIwIiBhbGxvdz0iYWNjZWxlcm9tZXRlcjsgYXV0b3BsYXk7IGNsaXBib2FyZC13cml0ZTsgZW5jcnlwdGVkLW1lZGlhOyBneXJvc2NvcGU7IHBpY3R1cmUtaW4tcGljdHVyZSIgYWxsb3dmdWxsc2NyZWVuPjwvaWZyYW1lPg==<\/script><\/div><\/div>\r\n                                                            <\/div>\r\n                            <div class=\"text-content\">\r\n                                                                    <h3 class=\"mediathek-headline\">EFA-STT\u00ae CR<\/h3>\r\n                                \r\n                                <p>\r\n                                    EFA-STT\u00ae CR\nSpiraltor f\u00fcr Turbo-Speed und vollen Durchblick\n\nWenn Geschwindigkeit das oberste Gebot ist, finden Sie keine bessere L\u00f6sung als das klarsichtige Reinraumtor EFA-STT\u00ae CR.                                <\/p>\r\n\r\n                                <a class=\"load-more-button\" href=\"#play-video-4507\">Video abspielen<\/a>\r\n\r\n                                <div class=\"video-popup\" style=\"display: none;\">\r\n                                    <div class=\"popup-inner\">\r\n                                        <div class=\"video-box\">\r\n                                                                                            <div class=\"BorlabsCookie _brlbs-cb-youtube\"><div class=\"_brlbs-content-blocker\"> <div class=\"_brlbs-embed _brlbs-video-youtube\"> <img class=\"_brlbs-thumbnail\" src=\"https:\/\/www.efaflex.com\/wp-content\/cache\/borlabs-cookie\/ZoRdpEKHzqE_maxresdefault.jpg\" alt=\"YouTube\"> <div class=\"_brlbs-caption\"> <p>Mit dem Laden des Videos akzeptieren Sie die Datenschutzerkl\u00e4rung von YouTube.<br><a href=\"https:\/\/policies.google.com\/privacy\" target=\"_blank\" rel=\"nofollow noopener noreferrer\">Mehr erfahren<\/a><\/p> <p><a class=\"_brlbs-btn _brlbs-icon-play-white\" href=\"#\" data-borlabs-cookie-unblock role=\"button\">Video laden<\/a><\/p> <p><label><input type=\"checkbox\" name=\"unblockAll\" value=\"1\" checked> <small>YouTube immer entsperren<\/small><\/label><\/p> <\/div> <\/div> <\/div><div class=\"borlabs-hide\" data-borlabs-cookie-type=\"content-blocker\" data-borlabs-cookie-id=\"youtube\"><script type=\"text\/template\">PGlmcmFtZSBzcmM9Imh0dHBzOi8vd3d3LnlvdXR1YmUtbm9jb29raWUuY29tL2VtYmVkL1pvUmRwRUtIenFFIiB0aXRsZT0iWW91VHViZSB2aWRlbyBwbGF5ZXIiIGZyYW1lYm9yZGVyPSIwIiBhbGxvdz0iYWNjZWxlcm9tZXRlcjsgYXV0b3BsYXk7IGNsaXBib2FyZC13cml0ZTsgZW5jcnlwdGVkLW1lZGlhOyBneXJvc2NvcGU7IHBpY3R1cmUtaW4tcGljdHVyZSIgYWxsb3dmdWxsc2NyZWVuPjwvaWZyYW1lPg==<\/script><\/div><\/div>\r\n                                                                                    <\/div>\r\n                                    <\/div>\r\n                                    <div class=\"video-background\"><\/div>\r\n                                <\/div>\r\n\r\n                            <\/div>\r\n                                                    <\/div>\r\n\r\n                                                        \r\n                        <\/div>\r\n<\/div>\r\n\r\n\r\n<script>\r\n    window.addEventListener('DOMContentLoaded', function() {\r\n        jQuery(document).ready(function($) {\r\n            $('a.load-more-button').click(function () {\r\n                var $singleBlock = $(this).closest('.single-mediathek-block');\r\n                var $video = $singleBlock.find('video');\r\n                if ($video.length) {\r\n                    $video.each(function() {\r\n                        this.pause();\r\n                    });\r\n                }\r\n\r\n                $(this)\r\n                    .parent('.text-content')\r\n                    .children('.video-popup')\r\n                    .fadeIn()\r\n                    .addClass('active');\r\n            });\r\n\r\n            $('.video-background').click(function () {\r\n                var $popup = $(this).parent('.video-popup');\r\n\r\n                $popup.fadeOut().removeClass('active');\r\n\r\n                $popup.find('video').each(function () {\r\n                    this.pause();\r\n                });\r\n\r\n                \/\/ iframe neu laden, falls vorhanden\r\n                var $iframe = $popup.find(\"iframe\");\r\n                if ($iframe.length) {\r\n                    setTimeout(function(){\r\n                        $iframe.attr(\"src\", $iframe.attr(\"src\"));\r\n                    }, 300);\r\n                }\r\n\r\n                history.replaceState(\"\", document.title, window.location.pathname + window.location.search);\r\n            });\r\n\r\n            function getScreenOrientation()\r\n            {\r\n                if(window.innerWidth\/window.innerHeight>16\/9){\r\n                    $(\".popup-inner\").removeClass(\"portrait\")\r\n                    $(\".popup-inner\").addClass(\"landscape\")\r\n                } else {\r\n                    $(\".popup-inner\").addClass(\"portrait\")\r\n                    $(\".popup-inner\").removeClass(\"landscape\")\r\n                }\r\n            }\r\n\r\n            getScreenOrientation();\r\n\r\n            $(window).on(\"resize\",function(){\r\n                getScreenOrientation()\r\n            })\r\n\r\n            function checkAndPlayVideoFromHash() {\r\n                var hash = window.location.hash;\r\n\r\n                if (hash.startsWith('#play-video-')) {\r\n                    var id = hash.replace('#play-video-', '');\r\n\r\n                    var $block = $('.single-mediathek-block[data-mediathek-id=\"' + id + '\"]');\r\n                    if ($block.length) {\r\n                        $block.find('.load-more-button').trigger('click');\r\n                    }\r\n                }\r\n            }\r\n\r\n            checkAndPlayVideoFromHash();\r\n            $(window).on('hashchange', checkAndPlayVideoFromHash);\r\n        });\r\n    });\r\n<\/script>\r\n","protected":false},"excerpt":{"rendered":"","protected":false},"author":10,"featured_media":0,"parent":154,"menu_order":16,"comment_status":"closed","ping_status":"closed","template":"","meta":{"_acf_changed":false,"footnotes":""},"categories":[],"tags":[],"class_list":["post-4592","page","type-page","status-publish","hentry"],"acf":[],"_links":{"self":[{"href":"https:\/\/www.efaflex.com\/de\/wp-json\/wp\/v2\/pages\/4592","targetHints":{"allow":["GET"]}}],"collection":[{"href":"https:\/\/www.efaflex.com\/de\/wp-json\/wp\/v2\/pages"}],"about":[{"href":"https:\/\/www.efaflex.com\/de\/wp-json\/wp\/v2\/types\/page"}],"author":[{"embeddable":true,"href":"https:\/\/www.efaflex.com\/de\/wp-json\/wp\/v2\/users\/10"}],"replies":[{"embeddable":true,"href":"https:\/\/www.efaflex.com\/de\/wp-json\/wp\/v2\/comments?post=4592"}],"version-history":[{"count":11,"href":"https:\/\/www.efaflex.com\/de\/wp-json\/wp\/v2\/pages\/4592\/revisions"}],"predecessor-version":[{"id":35666,"href":"https:\/\/www.efaflex.com\/de\/wp-json\/wp\/v2\/pages\/4592\/revisions\/35666"}],"up":[{"embeddable":true,"href":"https:\/\/www.efaflex.com\/de\/wp-json\/wp\/v2\/pages\/154"}],"wp:attachment":[{"href":"https:\/\/www.efaflex.com\/de\/wp-json\/wp\/v2\/media?parent=4592"}],"wp:term":[{"taxonomy":"category","embeddable":true,"href":"https:\/\/www.efaflex.com\/de\/wp-json\/wp\/v2\/categories?post=4592"},{"taxonomy":"post_tag","embeddable":true,"href":"https:\/\/www.efaflex.com\/de\/wp-json\/wp\/v2\/tags?post=4592"}],"curies":[{"name":"wp","href":"https:\/\/api.w.org\/{rel}","templated":true}]}}