{"id":60,"date":"2022-05-10T10:11:36","date_gmt":"2022-05-10T08:11:36","guid":{"rendered":"https:\/\/www.efaflex.com\/\/?page_id=60"},"modified":"2025-12-23T11:53:07","modified_gmt":"2025-12-23T10:53:07","slug":"impressum","status":"publish","type":"page","link":"https:\/\/www.efaflex.com\/de\/impressum\/","title":{"rendered":"Impressum"},"content":{"rendered":"\n<div style=\"height:100px\" aria-hidden=\"true\" class=\"wp-block-spacer\"><\/div>\n\n\n\n<h1 class=\"wp-block-heading\">Impressum von EFAFLEX<\/h1>\n\n\n\n<p>EFAFLEX Tor- und Sicherheitssysteme GmbH &amp; Co. KG<br>Fliederstra\u00dfe 14<br>84079 Bruckberg \/ Deutschland<br>Tel.: 0049 8765 820<br>E-Mail: info@efaflex.com<br>Pers\u00f6nlich haftender Gesellschafter:<br>EFAFLEX Tor- und Sicherheitssysteme Verwaltungs GmbH<br>Vertretungsberechtigte Gesch\u00e4ftsf\u00fchrer: Herr Hans-J\u00f6rg Kremser, Herr Florian Anzeneder<\/p>\n\n\n\n<p><br>Registergericht: Landshut<br>Registernummer: HRB 4706 \/ HRA 8020<br>WEEE-Reg.-Nr. DE 57265556<br>Umsatzsteueridentifikationsnummer gem. \u00a7 27 a UStG: DE 812535764<\/p>\n\n\n\n<p><strong>Verantwortlich f\u00fcr den Inhalt<\/strong><br>Inhaltlich verantwortlich gem\u00e4\u00df \u00a7 5 DGG (Digitale-Dienste-Gesetz): EFAFLEX Tor- und Sicherheitssysteme GmbH &amp; Co. KG<\/p>\n\n\n\n<h2 class=\"wp-block-heading\">Allgemeine Gesch\u00e4ftsbedingungen<\/h2>\n\n\n\n<p>Unsere AGBs finden Sie auf der <a href=\"https:\/\/www.efaflex.com\/de\/agb\/\">Seite AGB<\/a>.<\/p>\n\n\n\n<h2 class=\"wp-block-heading\">Rechtshinweis<\/h2>\n\n\n\n<p>Die EFAFLEX Tor- und Sicherheitssysteme GmbH &amp; Co. KG pr\u00fcft und aktualisiert die Informationen auf ihren Webseiten st\u00e4ndig. Trotz aller Sorgfalt k\u00f6nnen sich Daten inzwischen ver\u00e4ndert haben. Eine Gew\u00e4hr f\u00fcr die Aktualit\u00e4t, Richtigkeit und Vollst\u00e4ndigkeit der zur Verf\u00fcgung gestellten Informationen kann daher nicht \u00fcbernommen werden.<br>Gleiches gilt auch f\u00fcr alle weiteren Webseiten, auf die mittels Hyperlink verwiesen wird. Die EFAFLEX Tor- und Sicherheitssysteme GmbH &amp; Co. KG ist f\u00fcr den Inhalt der Webseiten, die aufgrund einer solchen Verbindung erreicht werden, nicht verantwortlich.<br><br>Des weiteren beh\u00e4lt sich die EFAFLEX Tor- und Sicherheitssysteme GmbH &amp; Co. KG das Recht vor, \u00c4nderungen oder Erg\u00e4nzungen an den bereitgestellten Informationen vorzunehmen.<br><br>Inhalt und Struktur der EFAFLEX Webseiten sind urheberrechtlich gesch\u00fctzt.<br><br>\u00a9 EFAFLEX Tor- und Sicherheitssysteme GmbH &amp; Co. KG, 84079 Bruckberg<br><\/p>\n\n\n\n<h2 class=\"wp-block-heading\">Bildnachweise<\/h2>\n\n\n\n<p><strong>iStock<\/strong><\/p>\n\n\n\n<p>\u00a9iStock.com\/industryview (942164000, 941391886)<br>\u00a9iStock.com\/eclipse_images (877709302)<br>\u00a9iStock.com\/GA161076 (970028456)<br>\u00a9iStock.com\/alvarez (1150572097, 1020484974, 1210182380)<br>\u00a9iStock.com\/7postman (186678868)<br>\u00a9iStock.com\/gilaxia (937775554)<br>\u00a9iStock.com\/Drazen-Zigic (1152648684, 1151857241)<br>\u00a9iStock.com\/Siam-Virachitevin (1330673199)<br>\u00a9iStock.com\/gorodenkoff (1367303257)<br>\u00a9iStock.com\/Jay-Yuno (1149529036)<br>\u00a9iStock.com\/skynesher (1329457625, 1002018094, 1364149635)<br>\u00a9iStock.com\/AzmanL (1338554612)<br>\u00a9iStock.com\/FG-Trade (1356386941)<br>\u00a9iStock.com\/Sam-Edwards (167890336)<br>\u00a9iStock.com\/ferrantraite (949490872)<br>\u00a9iStock.com\/Devenorr (1208877001)<br>\u00a9iStock.com\/gremlin (1179434300)<br>\u00a9iStock.com\/Morsa-Images (923222068)<br>\u00a9iStock.com\/AJ_Watt (612854434)<br>\u00a9iStock.com\/Warchi (1351472483)<br>\u00a9iStock.com\/RossHelen (1189488073)<br>\u00a9iStock.com\/hamzaturkkol (184141620)<br>\u00a9iStock.com\/metamorworks (1032516708)<br>\u00a9iStock.com\/Deklofenak (1145430146)<br>\u00a9iStock.com\/nd3000 (850817850)<br>\u00a9iStock.com\/TommL (1014150688)<br>\u00a9iStock.com\/Boris-Jovanovic (1192303836)<br>\u00a9iStock.com\/Halfpoint (1212543391)<br>\u00a9iStock.com\/VioletaStoimenova (1365436662)<br>\u00a9iStock.com\/shapecharge (1185859198)<br>\u00a9iStock.com\/Xavier-Arnau (607463118)<br>\u00a9iStock.com\/Drazen_ (1323558253)<\/p>\n\n\n\n<p><strong>Webdesign &amp; Development<\/strong><br><a href=\"https:\/\/www.raap-steinert.de\" target=\"_blank\" rel=\"noreferrer noopener\">RaapSteinert Kommunikation GmbH<\/a><\/p>\n","protected":false},"excerpt":{"rendered":"<p>Impressum von EFAFLEX EFAFLEX Tor- und Sicherheitssysteme GmbH &amp; Co. KGFliederstra\u00dfe 1484079 Bruckberg \/ DeutschlandTel.: 0049 8765 820E-Mail: info@efaflex.comPers\u00f6nlich haftender Gesellschafter:EFAFLEX Tor- und Sicherheitssysteme Verwaltungs GmbHVertretungsberechtigte Gesch\u00e4ftsf\u00fchrer: Herr Hans-J\u00f6rg Kremser, Herr Florian Anzeneder Registergericht: LandshutRegisternummer: HRB 4706 \/ HRA 8020WEEE-Reg.-Nr. DE 57265556Umsatzsteueridentifikationsnummer gem. \u00a7 27 a UStG: DE 812535764 Verantwortlich f\u00fcr den InhaltInhaltlich verantwortlich gem\u00e4\u00df [&hellip;]<\/p>\n","protected":false},"author":2,"featured_media":0,"parent":0,"menu_order":109,"comment_status":"closed","ping_status":"closed","template":"","meta":{"_acf_changed":false,"footnotes":""},"categories":[],"tags":[],"class_list":["post-60","page","type-page","status-publish","hentry"],"acf":[],"_links":{"self":[{"href":"https:\/\/www.efaflex.com\/de\/wp-json\/wp\/v2\/pages\/60","targetHints":{"allow":["GET"]}}],"collection":[{"href":"https:\/\/www.efaflex.com\/de\/wp-json\/wp\/v2\/pages"}],"about":[{"href":"https:\/\/www.efaflex.com\/de\/wp-json\/wp\/v2\/types\/page"}],"author":[{"embeddable":true,"href":"https:\/\/www.efaflex.com\/de\/wp-json\/wp\/v2\/users\/2"}],"replies":[{"embeddable":true,"href":"https:\/\/www.efaflex.com\/de\/wp-json\/wp\/v2\/comments?post=60"}],"version-history":[{"count":17,"href":"https:\/\/www.efaflex.com\/de\/wp-json\/wp\/v2\/pages\/60\/revisions"}],"predecessor-version":[{"id":35271,"href":"https:\/\/www.efaflex.com\/de\/wp-json\/wp\/v2\/pages\/60\/revisions\/35271"}],"wp:attachment":[{"href":"https:\/\/www.efaflex.com\/de\/wp-json\/wp\/v2\/media?parent=60"}],"wp:term":[{"taxonomy":"category","embeddable":true,"href":"https:\/\/www.efaflex.com\/de\/wp-json\/wp\/v2\/categories?post=60"},{"taxonomy":"post_tag","embeddable":true,"href":"https:\/\/www.efaflex.com\/de\/wp-json\/wp\/v2\/tags?post=60"}],"curies":[{"name":"wp","href":"https:\/\/api.w.org\/{rel}","templated":true}]}}