{"id":20940,"date":"2022-05-10T11:37:06","date_gmt":"2022-05-10T09:37:06","guid":{"rendered":"https:\/\/www.efaflex.com\/careers\/students\/"},"modified":"2024-12-17T11:01:11","modified_gmt":"2024-12-17T10:01:11","slug":"students","status":"publish","type":"page","link":"https:\/\/www.efaflex.com\/fr\/carriere\/students\/","title":{"rendered":"\u00c9tudiants"},"content":{"rendered":"\r\n<script type=\"application\/javascript\">\r\n    window.addEventListener('DOMContentLoaded', function() {\r\n        jQuery(document).ready(function($){\r\n            var sliderid = \"block_18a7bb7dff5f3720967fab12c8c3ff81\";\r\n            $('#'+sliderid).slick({\r\n                infinite: true,\r\n                dots: false,\r\n                lazyLoad: 'ondemand',\r\n                autoplay: false,\r\n                arrows: true,\r\n                fade: true,\r\n                speed: 500,\r\n                pauseOnHover: false,\r\n                prevArrow: '<div class=\"slick-prev slick-button\"><svg xmlns=\"http:\/\/www.w3.org\/2000\/svg\" viewBox=\"0 0 448 512\"><!--! Font Awesome Pro 6.1.1 by @fontawesome - https:\/\/fontawesome.com License - https:\/\/fontawesome.com\/license (Commercial License) Copyright 2022 Fonticons, Inc. --><path d=\"M77.25 256l137.4-137.4c12.5-12.5 12.5-32.75 0-45.25s-32.75-12.5-45.25 0l-160 160c-12.5 12.5-12.5 32.75 0 45.25l160 160C175.6 444.9 183.8 448 192 448s16.38-3.125 22.62-9.375c12.5-12.5 12.5-32.75 0-45.25L77.25 256zM269.3 256l137.4-137.4c12.5-12.5 12.5-32.75 0-45.25s-32.75-12.5-45.25 0l-160 160c-12.5 12.5-12.5 32.75 0 45.25l160 160C367.6 444.9 375.8 448 384 448s16.38-3.125 22.62-9.375c12.5-12.5 12.5-32.75 0-45.25L269.3 256z\"\/><\/svg><\/div>',\r\n                nextArrow: '<div class=\"slick-next slick-button\"><svg xmlns=\"http:\/\/www.w3.org\/2000\/svg\" viewBox=\"0 0 448 512\"><!--! Font Awesome Pro 6.1.1 by @fontawesome - https:\/\/fontawesome.com License - https:\/\/fontawesome.com\/license (Commercial License) Copyright 2022 Fonticons, Inc. --><path fill=\"ff0000\" style=\"height: 22px\" d=\"M246.6 233.4l-160-160c-12.5-12.5-32.75-12.5-45.25 0s-12.5 32.75 0 45.25L178.8 256l-137.4 137.4c-12.5 12.5-12.5 32.75 0 45.25C47.63 444.9 55.81 448 64 448s16.38-3.125 22.62-9.375l160-160C259.1 266.1 259.1 245.9 246.6 233.4zM438.6 233.4l-160-160c-12.5-12.5-32.75-12.5-45.25 0s-12.5 32.75 0 45.25L370.8 256l-137.4 137.4c-12.5 12.5-12.5 32.75 0 45.25C239.6 444.9 247.8 448 256 448s16.38-3.125 22.62-9.375l160-160C451.1 266.1 451.1 245.9 438.6 233.4z\"\/><\/svg><\/div>',\r\n            });\r\n        });\r\n    });\r\n<\/script>\r\n\r\n<div id=\"block_18a7bb7dff5f3720967fab12c8c3ff81\" class=\"bild-video-text-slider block-header-bild-video-text-slider\">\r\n                        <div>\r\n                <div class=\"bild-video-text-slider--slide\">\r\n                                            <div class=\"img-vid-box\">\r\n                            <div class=\"img-sizer\">\r\n                                <img decoding=\"async\" width=\"1243\" height=\"800\" src=\"https:\/\/www.efaflex.com\/wp-content\/uploads\/2022\/07\/studenten-absolventen-berufsausbildung-karriere-header-efaflex-1243x800.jpg\" class=\"attachment-image-big size-image-big\" alt=\"\" \/>                            <\/div>\r\n                        <\/div>\r\n                        <div class=\"video-text\">\r\n                            <h1>Commencez votre apprentissage chez <span class=\"highlighted\">le leader mondial du march\u00e9 des portes industrielles rapides.<\/span><\/h1>\n                        <\/div>\r\n                                    <\/div>\r\n\r\n            <\/div>\r\n            <\/div>\n\n\r\n\r\n<div id=\"breadcrump-block_3ca3a5b8de20a7edee02187e4780f107\" class=\"inner\">\r\n        <nav class=\"breadcrumb\"><a href=\"https:\/\/www.efaflex.com\/fr\/\">Page d&#8217;accueil<\/a> \/ <span class=\"current-page\">Page<\/span><\/nav>    <\/div>\n\n\n<div style=\"height:100px\" aria-hidden=\"true\" class=\"wp-block-spacer\"><\/div>\n\n\n\r\n\r\n<div id=\"textmodul-3-spalten-block_c900aabf3dc9618a639c0a0f808cac03\" class=\"textmodul-3-spalten\">\r\n    <div class=\"inner\">\r\n        <div class=\"custom-flex-box\">\r\n                            <h2 class=\"flex-box-thirty break headline-two false\">Un d\u00e9part r\u00e9ussi dans la vie professionnelle &#8211; avec EFAFLEX.<\/h2>\r\n                        <div class=\"flex-box-thirty\"><p>Les jeunes qui sont curieux, qui aiment apprendre et qui veulent s&#8217;impliquer dans leur avenir trouveront chez EFAFLEX de nombreuses opportunit\u00e9s int\u00e9ressantes. Les \u00e9tudiants qui travaillent acqui\u00e8rent leur premi\u00e8re exp\u00e9rience professionnelle chez nous, les dipl\u00f4m\u00e9s commencent leur premier emploi.<\/p>\n<p>Nous offrons de nombreuses possibilit\u00e9s de formation et vous aidons \u00e9galement \u00e0 d\u00e9marrer votre carri\u00e8re.<\/p>\n<\/div>\r\n            <div class=\"flex-box-thirty\"><\/div>\r\n        <\/div>\r\n    <\/div>\r\n<\/div>\r\n\n\n\n<div style=\"height:100px\" aria-hidden=\"true\" class=\"wp-block-spacer\"><\/div>\n\n\n\r\n\r\n\r\n<div class=\"dreispaltig-bild-text-aufzaehlung\">\r\n    <div class=\"inner\">\r\n        <h2>Vos perspectives de d\u00e9veloppement<\/h2>\r\n        <div class=\"custom-flex-box\">\r\n                            \r\n                    <div class=\"flex-box-thirty single-block\">\r\n                        <div class=\"bild-box\">\r\n                                                                                        <img decoding=\"async\" src=\"https:\/\/www.efaflex.com\/wp-content\/uploads\/2022\/07\/werkstudent-entwicklungsmoeglichkeiten-karriere-efaflex.png\" alt=\"\" \/>\r\n                                                    <\/div>\r\n                        <h3 class=\"medium-h2\">Pour les \u00e9tudiants qui travaillent, nous offrons :<\/h3>\r\n\r\n                                                    <ul>\r\n                                                                                                            <li>Apprendre \u00e0 conna\u00eetre les diff\u00e9rents services<\/li>\r\n                                                                            <li>Soutenir l&#8217;\u00e9quipe dans son travail quotidien<\/li>\r\n                                                                            <li>Participation \u00e0 des \u00e9v\u00e9nements d&#8217;\u00e9quipe<\/li>\r\n                                                                                                <\/ul>\r\n\r\n                        \r\n\r\n                    <\/div>\r\n\r\n                \r\n                    <div class=\"flex-box-thirty single-block\">\r\n                        <div class=\"bild-box\">\r\n                                                                                        <img decoding=\"async\" src=\"https:\/\/www.efaflex.com\/wp-content\/uploads\/2022\/07\/absolvent-entwicklungsmoeglichkeiten-karriere-efaflex-1.png\" alt=\"\" \/>\r\n                                                    <\/div>\r\n                        <h3 class=\"medium-h2\">Les dipl\u00f4m\u00e9s appr\u00e9cient chez EFAFLEX:<\/h3>\r\n\r\n                                                    <ul>\r\n                                                                                                            <li>Des domaines de responsabilit\u00e9 passionnants pour les jeunes professionnels<\/li>\r\n                                                                            <li>Opportunit\u00e9s de carri\u00e8re<\/li>\r\n                                                                                                <\/ul>\r\n\r\n                        \r\n\r\n                    <\/div>\r\n\r\n                                    <\/div>\r\n    <\/div>\r\n<\/div>\n\n\n<div style=\"height:100px\" aria-hidden=\"true\" class=\"wp-block-spacer\"><\/div>\n\n\n\r\n<div id=\"benefits-modul-block_4253a243bfd2da0673dc3551970fe368\" class=\"benefits-modul inner\">\r\n    <h2>En un coup d\u2019\u0153il :<\/h2>\r\n            <div class=\"custom-flex-box\">\r\n                            <div class=\"flex-box-fifty benefits-modul--benefit\">\r\n                    <img decoding=\"async\" width=\"49\" height=\"49\" src=\"https:\/\/www.efaflex.com\/wp-content\/themes\/efaflex\/assets\/img\/benefits-check.svg\" alt=\"Benefits Check Icon\">\r\n                    <div>\r\n                        De bonnes chances d&#8217;\u00eatre embauch\u00e9                                            <\/div>\r\n                <\/div>\r\n                            <div class=\"flex-box-fifty benefits-modul--benefit\">\r\n                    <img decoding=\"async\" width=\"49\" height=\"49\" src=\"https:\/\/www.efaflex.com\/wp-content\/themes\/efaflex\/assets\/img\/benefits-check.svg\" alt=\"Benefits Check Icon\">\r\n                    <div>\r\n                        Formation de d\u00e9part approfondie                                            <\/div>\r\n                <\/div>\r\n                            <div class=\"flex-box-fifty benefits-modul--benefit\">\r\n                    <img decoding=\"async\" width=\"49\" height=\"49\" src=\"https:\/\/www.efaflex.com\/wp-content\/themes\/efaflex\/assets\/img\/benefits-check.svg\" alt=\"Benefits Check Icon\">\r\n                    <div>\r\n                        Opportunit\u00e9s de formation continue                                            <\/div>\r\n                <\/div>\r\n                            <div class=\"flex-box-fifty benefits-modul--benefit\">\r\n                    <img decoding=\"async\" width=\"49\" height=\"49\" src=\"https:\/\/www.efaflex.com\/wp-content\/themes\/efaflex\/assets\/img\/benefits-check.svg\" alt=\"Benefits Check Icon\">\r\n                    <div>\r\n                        Participation \u00e0 des \u00e9v\u00e9nements d&#8217;\u00e9quipe                                            <\/div>\r\n                <\/div>\r\n                    <\/div>\r\n        <div class=\"benefits-modul--links\">\r\n                                    <\/div>\r\n<\/div>\n\n\n<div style=\"height:200px\" aria-hidden=\"true\" class=\"wp-block-spacer\"><\/div>\n\n\n\r\n<div id=\"headline-zweizeilig-block_fdb8b797fc3919939771f10a286736a7\" class=\"headline-zweizeilig headline-zweizeilig-zentriert inner smalltext\">\r\n    <p>Int\u00e9ress\u00e9 ? Alors postulez d\u00e8s maintenant chez Efaflex.<\/p>\n            <\/div>\r\n\n\n\n<div style=\"height:100px\" aria-hidden=\"true\" class=\"wp-block-spacer\"><\/div>\n\n\n\r\n\r\n<div id=\"bild-text-modul-rechts-zweizeilig-block_b79b71af8d534b32cf33d0ac23c2a9bc\" class=\"bild-text-modul-zweizeilig-container\">\r\n            \r\n\r\n\r\n            \r\n                                    \r\n\r\n                            <div class=\"bild-text-modul-links-zweizeilig bild-text-modul-zweizeilig\">\r\n                                <div class=\"custom-flex-box-no-margin\">\r\n\r\n                                    <div class=\"flex-box-fifty-no-margin bild-container\">\r\n                                                                                                                                                                                                                                                                                        <img decoding=\"async\" width=\"960\" height=\"720\" src=\"https:\/\/www.efaflex.com\/wp-content\/uploads\/2022\/07\/Digitales_Tor_Tablet_A3-8.jpg\" class=\"attachment-full size-full\" alt=\"\" srcset=\"https:\/\/www.efaflex.com\/wp-content\/uploads\/2022\/07\/Digitales_Tor_Tablet_A3-8.jpg 960w, https:\/\/www.efaflex.com\/wp-content\/uploads\/2022\/07\/Digitales_Tor_Tablet_A3-8-300x225.jpg 300w, https:\/\/www.efaflex.com\/wp-content\/uploads\/2022\/07\/Digitales_Tor_Tablet_A3-8-768x576.jpg 768w\" sizes=\"(max-width: 960px) 100vw, 960px\" \/>                                                                                                                                                                        <\/div>\r\n\r\n                                    <div class=\"flex-box-fifty-no-margin text-container\">\r\n                                        <div class=\"text-container-flex\">\r\n                                            <div class=\"text-inner\">\r\n                                                                                                                                                            <div class=\"text-left-border\">\r\n                                                            <div class=\"text-cut\">\r\n                                                                \r\n                                                                                                                                    <h3 class=\"headline-two medium-h2\">Votre interlocutrice.<\/h3>                                                                \r\n<!--                                                                <h2 class=\"medium-h2\">--><!--<\/h2>-->\r\n                                                                <p class=\"normal-font\">Name: Beate Hammerl<br \/>\r\nE-Mail: karriere@efaflex.com<\/p>\r\n                                                            <\/div>\r\n                                                            <div class=\"button-box\">\r\n                                                                                                                                                                                            <\/div>\r\n                                                        <\/div>\r\n                                                                                                                                                <\/div>\r\n                                        <\/div>\r\n                                    <\/div>\r\n                                <\/div>\r\n                            <\/div>\r\n\r\n                                    \r\n            \r\n\r\n        \r\n\r\n\r\n    <\/div>\n\n\n<div style=\"height:100px\" aria-hidden=\"true\" class=\"wp-block-spacer\"><\/div>\n\n\n\r\n<div id=\"headline-zweizeilig-block_fe7d52c8fd5eb69335543b7f2dd08d54\" class=\"headline-zweizeilig headline-zweizeilig-zentriert inner smalltext\">\r\n    <p><strong>Vous n\u2019avez rien trouv\u00e9 qui convienne?<\/strong><\/p>\n<p><strong>Alors, n\u2019h\u00e9sitez pas \u00e0 nous envoyer votre <span class=\"highlighted\">candidature spontan\u00e9e!<\/span><\/strong><\/p>\n                    <a class=\"load-more-button\" href=\"https:\/\/www.efaflex.com\/de\/karriere\/offene-stellen-initiativbewerbung\/initiativbewerbung\/\" target=\"_blank\">Vers le d\u00e9p\u00f4t de candidature spontan\u00e9e <\/a>\r\n    <\/div>\r\n\n\n\n<div style=\"height:100px\" aria-hidden=\"true\" class=\"wp-block-spacer\"><\/div>\n","protected":false},"excerpt":{"rendered":"","protected":false},"author":4,"featured_media":0,"parent":20933,"menu_order":15,"comment_status":"closed","ping_status":"closed","template":"","meta":{"_acf_changed":false,"footnotes":""},"categories":[],"tags":[],"class_list":["post-20940","page","type-page","status-publish","hentry"],"acf":[],"_links":{"self":[{"href":"https:\/\/www.efaflex.com\/fr\/wp-json\/wp\/v2\/pages\/20940","targetHints":{"allow":["GET"]}}],"collection":[{"href":"https:\/\/www.efaflex.com\/fr\/wp-json\/wp\/v2\/pages"}],"about":[{"href":"https:\/\/www.efaflex.com\/fr\/wp-json\/wp\/v2\/types\/page"}],"author":[{"embeddable":true,"href":"https:\/\/www.efaflex.com\/fr\/wp-json\/wp\/v2\/users\/4"}],"replies":[{"embeddable":true,"href":"https:\/\/www.efaflex.com\/fr\/wp-json\/wp\/v2\/comments?post=20940"}],"version-history":[{"count":5,"href":"https:\/\/www.efaflex.com\/fr\/wp-json\/wp\/v2\/pages\/20940\/revisions"}],"predecessor-version":[{"id":28586,"href":"https:\/\/www.efaflex.com\/fr\/wp-json\/wp\/v2\/pages\/20940\/revisions\/28586"}],"up":[{"embeddable":true,"href":"https:\/\/www.efaflex.com\/fr\/wp-json\/wp\/v2\/pages\/20933"}],"wp:attachment":[{"href":"https:\/\/www.efaflex.com\/fr\/wp-json\/wp\/v2\/media?parent=20940"}],"wp:term":[{"taxonomy":"category","embeddable":true,"href":"https:\/\/www.efaflex.com\/fr\/wp-json\/wp\/v2\/categories?post=20940"},{"taxonomy":"post_tag","embeddable":true,"href":"https:\/\/www.efaflex.com\/fr\/wp-json\/wp\/v2\/tags?post=20940"}],"curies":[{"name":"wp","href":"https:\/\/api.w.org\/{rel}","templated":true}]}}