{"id":21012,"date":"2022-05-10T11:38:41","date_gmt":"2022-05-10T09:38:41","guid":{"rendered":"https:\/\/www.efaflex.com\/download-area\/"},"modified":"2026-01-27T14:44:45","modified_gmt":"2026-01-27T13:44:45","slug":"espace-de-telechargement","status":"publish","type":"page","link":"https:\/\/www.efaflex.com\/fr\/espace-de-telechargement\/","title":{"rendered":"Espace de t\u00e9l\u00e9chargement"},"content":{"rendered":"\r\n\r\n<div id=\"breadcrump-block_12d0ba2e953400f6fc69a3087c3b8f42\" class=\"inner\">\r\n        <nav class=\"breadcrumb\"><a href=\"https:\/\/www.efaflex.com\/fr\/\">Page d&#8217;accueil<\/a> \/ <span class=\"current-page\">Page<\/span><\/nav>    <\/div>\n\n\n<div style=\"height:100px\" aria-hidden=\"true\" class=\"wp-block-spacer\"><\/div>\n\n\n\r\n\r\n<div id=\"textmodul-3-spalten-block_7465f47250c796858cdd5b4ac3b7b3cb\" class=\"textmodul-3-spalten\">\r\n    <div class=\"inner\">\r\n        <div class=\"custom-flex-box\">\r\n                            <h1 class=\"flex-box-thirty break headline-two\">Espace de t\u00e9l\u00e9chargement. <\/h1>                        <div class=\"flex-box-thirty\"><p>Dans notre espace de t\u00e9l\u00e9chargement clairement structur\u00e9, nous mettons \u00e0 votre disposition du mat\u00e9riel suppl\u00e9mentaire complet: brochures produits, modes d\u2019emploi et d\u00e9pliants sur les portes rapides et nos syst\u00e8mes de s\u00e9curit\u00e9, conditions de montage et textes d\u2019appels d\u2019offres de nos produits.<\/p>\n<\/div>\r\n            <div class=\"flex-box-thirty\"><\/div>\r\n        <\/div>\r\n    <\/div>\r\n<\/div>\r\n\n\n\n<div style=\"height:100px\" aria-hidden=\"true\" class=\"wp-block-spacer\"><\/div>\n\n\n\r\n\r\n\r\n\r\n\r\n<div id=\"bild-modul-1-4-quicklink-block_a1094500b75add50d2aa6a0948debb91\" class=\"bild-modul-1-4-quicklink inner\">\r\n                <div class=\"custom-flex-box\">\r\n                                                                    \r\n                <div class=\"flex-box-twentyfive bild-modul-1-4-quicklink--image\" style=\"background-image: url('https:\/\/www.efaflex.com\/wp-content\/uploads\/2022\/07\/titelbild-welt-der-tore-prospekt-400x550.jpg')\">\r\n                                                                <a href=\"https:\/\/www.efaflex.com\/fr\/espace-de-telechargement\/brochures\/\" class=\"bild-link\">\r\n                                            <div class=\"text-box\">\r\n                            <h2 class=\"medium-h2\">Brochures<\/h2>\r\n\r\n                                                            <span class=\"load-more-button\">Pour en savoir plus<\/span>\r\n                                                    <\/div>\r\n                        <div class=\"bild-modul-1-3-quicklink--background\"><\/div>\r\n                                            <\/a>\r\n                                    <\/div>\r\n\r\n                                                                                    \r\n                <div class=\"flex-box-twentyfive bild-modul-1-4-quicklink--image\" style=\"background-image: url('https:\/\/www.efaflex.com\/wp-content\/uploads\/2023\/02\/architekten-service-planung-efaflex-400x550.jpg')\">\r\n                                                                <a href=\"https:\/\/www.efaflex.com\/fr\/service-apres-vente\/service-architecture\/\" class=\"bild-link\">\r\n                                            <div class=\"text-box\">\r\n                            <h2 class=\"medium-h2\">Service architecture<\/h2>\r\n\r\n                                                            <span class=\"load-more-button\">Pour en savoir plus<\/span>\r\n                                                    <\/div>\r\n                        <div class=\"bild-modul-1-3-quicklink--background\"><\/div>\r\n                                            <\/a>\r\n                                    <\/div>\r\n\r\n                                                                                    \r\n                <div class=\"flex-box-twentyfive bild-modul-1-4-quicklink--image\" style=\"background-image: url('https:\/\/www.efaflex.com\/wp-content\/uploads\/2022\/07\/industrietore-produkte-referenzen-efaflex-400x550.jpg')\">\r\n                                                                <a href=\"https:\/\/www.efaflex.com\/fr\/produits\/references\/\" class=\"bild-link\">\r\n                                            <div class=\"text-box\">\r\n                            <h2 class=\"medium-h2\">References<\/h2>\r\n\r\n                                                            <span class=\"load-more-button\">Pour en savoir plus<\/span>\r\n                                                    <\/div>\r\n                        <div class=\"bild-modul-1-3-quicklink--background\"><\/div>\r\n                                            <\/a>\r\n                                    <\/div>\r\n\r\n                                                                                    \r\n                <div class=\"flex-box-twentyfive bild-modul-1-4-quicklink--image\" style=\"background-image: url('https:\/\/www.efaflex.com\/wp-content\/uploads\/2025\/11\/bim-object-efaflex-400x550.jpg')\">\r\n                                                                <a href=\"https:\/\/www.efaflex.com\/fr\/portes-rapides\/bim\/\" class=\"bild-link\">\r\n                                            <div class=\"text-box\">\r\n                            <h2 class=\"medium-h2\">Mod\u00e8les BIM<\/h2>\r\n\r\n                                                            <span class=\"load-more-button\">Pour en savoir plus<\/span>\r\n                                                    <\/div>\r\n                        <div class=\"bild-modul-1-3-quicklink--background\"><\/div>\r\n                                            <\/a>\r\n                                    <\/div>\r\n\r\n                                    <\/div>\r\n    <\/div>\n\n\n<div style=\"height:100px\" aria-hidden=\"true\" class=\"wp-block-spacer\"><\/div>\n","protected":false},"excerpt":{"rendered":"","protected":false},"author":4,"featured_media":0,"parent":0,"menu_order":61,"comment_status":"closed","ping_status":"closed","template":"","meta":{"_acf_changed":false,"footnotes":""},"categories":[],"tags":[],"class_list":["post-21012","page","type-page","status-publish","hentry"],"acf":[],"_links":{"self":[{"href":"https:\/\/www.efaflex.com\/fr\/wp-json\/wp\/v2\/pages\/21012","targetHints":{"allow":["GET"]}}],"collection":[{"href":"https:\/\/www.efaflex.com\/fr\/wp-json\/wp\/v2\/pages"}],"about":[{"href":"https:\/\/www.efaflex.com\/fr\/wp-json\/wp\/v2\/types\/page"}],"author":[{"embeddable":true,"href":"https:\/\/www.efaflex.com\/fr\/wp-json\/wp\/v2\/users\/4"}],"replies":[{"embeddable":true,"href":"https:\/\/www.efaflex.com\/fr\/wp-json\/wp\/v2\/comments?post=21012"}],"version-history":[{"count":7,"href":"https:\/\/www.efaflex.com\/fr\/wp-json\/wp\/v2\/pages\/21012\/revisions"}],"predecessor-version":[{"id":36633,"href":"https:\/\/www.efaflex.com\/fr\/wp-json\/wp\/v2\/pages\/21012\/revisions\/36633"}],"wp:attachment":[{"href":"https:\/\/www.efaflex.com\/fr\/wp-json\/wp\/v2\/media?parent=21012"}],"wp:term":[{"taxonomy":"category","embeddable":true,"href":"https:\/\/www.efaflex.com\/fr\/wp-json\/wp\/v2\/categories?post=21012"},{"taxonomy":"post_tag","embeddable":true,"href":"https:\/\/www.efaflex.com\/fr\/wp-json\/wp\/v2\/tags?post=21012"}],"curies":[{"name":"wp","href":"https:\/\/api.w.org\/{rel}","templated":true}]}}