{"id":21028,"date":"2022-06-30T10:41:17","date_gmt":"2022-06-30T08:41:17","guid":{"rendered":"https:\/\/www.efaflex.com\/press-news-blog\/"},"modified":"2026-01-07T10:29:43","modified_gmt":"2026-01-07T09:29:43","slug":"blog","status":"publish","type":"page","link":"https:\/\/www.efaflex.com\/fr\/blog\/","title":{"rendered":"Blog"},"content":{"rendered":"\r\n\r\n<div id=\"breadcrump-block_bd14272f25978c71092255522293659e\" class=\"inner\">\r\n        <nav class=\"breadcrumb\"><a href=\"https:\/\/www.efaflex.com\/fr\/\">Page d&#8217;accueil<\/a> \/ <span class=\"current-page\">Page<\/span><\/nav>    <\/div>\n\n\n<div style=\"height:100px\" aria-hidden=\"true\" class=\"wp-block-spacer\"><\/div>\n\n\n\r\n\r\n<div id=\"textmodul-3-spalten-block_4b481a3604e554f95b5a4a71bc1a6a62\" class=\"textmodul-3-spalten\">\r\n    <div class=\"inner\">\r\n        <div class=\"custom-flex-box\">\r\n                            <h1 class=\"flex-box-thirty break headline-two\">Qui sommes-nous. <\/h1>                        <div class=\"flex-box-thirty\"><p>EFAFLEX est le leader mondial du march\u00e9 des portes industrielles rapides qui sont non seulement s\u00fbres et efficaces, mais aussi fiables. Qu&#8217;il s&#8217;agisse de projets clients \u00e0 grande \u00e9chelle, de nos propres d\u00e9veloppement ou de l&#8217;excellente utilisation du BIM : sur ce blog, nous vous montrons sur quoi travaillent nos 1 600 collaborateurs.<\/p>\n<\/div>\r\n            <div class=\"flex-box-thirty\"><\/div>\r\n        <\/div>\r\n    <\/div>\r\n<\/div>\r\n\n\n\n<div style=\"height:138px\" aria-hidden=\"true\" class=\"wp-block-spacer\"><\/div>\n\n\n\r\n<div class=\"inner presse-blog-container\">\r\n    <section id=\"primary\">\r\n        <div id=\"content\" role=\"main\">\r\n\r\n\t\t\t                <div class=\"filter filter--news\">\r\n                    <form action=\"\">\r\n\r\n                        \r\n                        <select name=\"jahr\" id=\"year\">\r\n                            <option value=\"*\" selected>\r\n\t\t\t\t\t\t\t\tToutes les ann\u00e9es                            <\/option>\r\n\t\t\t\t\t\t\t                                <option value=\"2026\">2026<\/option>\r\n\t\t\t\t\t\t\t                                <option value=\"2025\">2025<\/option>\r\n\t\t\t\t\t\t\t                                <option value=\"2024\">2024<\/option>\r\n\t\t\t\t\t\t\t                        <\/select>\r\n\r\n                        <a class=\"button search-reset\" id=\"reset-filter-button\">\r\n\t\t\t\t\t\t\tR\u00e9initialiser la recherche                        <\/a>\r\n\r\n                    <\/form>\r\n                <\/div>\r\n\t\t\t\r\n\t\t\t\r\n            <!-- Hier werden die per Ajax geladenen Artikel ausgegeben. Siehe Dateien in \"assets\/js\/blog-features\" -->\r\n            <div id='articles-target-container'><\/div>\r\n\r\n            <div class=\"load-more-articles-button-container\">\r\n                <button id=\"load-more-articles-button\" class=\"load-more-articles-button\">\r\n\t\t\t\t\tCharger plus                <\/button>\r\n            <\/div>\r\n\r\n        <\/div>\r\n    <\/section>\r\n<\/div>\r\n","protected":false},"excerpt":{"rendered":"","protected":false},"author":4,"featured_media":0,"parent":0,"menu_order":82,"comment_status":"closed","ping_status":"closed","template":"","meta":{"_acf_changed":false,"footnotes":""},"categories":[],"tags":[],"class_list":["post-21028","page","type-page","status-publish","hentry"],"acf":[],"_links":{"self":[{"href":"https:\/\/www.efaflex.com\/fr\/wp-json\/wp\/v2\/pages\/21028","targetHints":{"allow":["GET"]}}],"collection":[{"href":"https:\/\/www.efaflex.com\/fr\/wp-json\/wp\/v2\/pages"}],"about":[{"href":"https:\/\/www.efaflex.com\/fr\/wp-json\/wp\/v2\/types\/page"}],"author":[{"embeddable":true,"href":"https:\/\/www.efaflex.com\/fr\/wp-json\/wp\/v2\/users\/4"}],"replies":[{"embeddable":true,"href":"https:\/\/www.efaflex.com\/fr\/wp-json\/wp\/v2\/comments?post=21028"}],"version-history":[{"count":18,"href":"https:\/\/www.efaflex.com\/fr\/wp-json\/wp\/v2\/pages\/21028\/revisions"}],"predecessor-version":[{"id":33080,"href":"https:\/\/www.efaflex.com\/fr\/wp-json\/wp\/v2\/pages\/21028\/revisions\/33080"}],"wp:attachment":[{"href":"https:\/\/www.efaflex.com\/fr\/wp-json\/wp\/v2\/media?parent=21028"}],"wp:term":[{"taxonomy":"category","embeddable":true,"href":"https:\/\/www.efaflex.com\/fr\/wp-json\/wp\/v2\/categories?post=21028"},{"taxonomy":"post_tag","embeddable":true,"href":"https:\/\/www.efaflex.com\/fr\/wp-json\/wp\/v2\/tags?post=21028"}],"curies":[{"name":"wp","href":"https:\/\/api.w.org\/{rel}","templated":true}]}}