{"id":21032,"date":"2023-02-15T17:08:30","date_gmt":"2023-02-15T16:08:30","guid":{"rendered":"https:\/\/www.efaflex.com\/company\/the-corporate-management\/"},"modified":"2026-02-10T16:58:35","modified_gmt":"2026-02-10T15:58:35","slug":"la-direction-de-lentreprise","status":"publish","type":"page","link":"https:\/\/www.efaflex.com\/fr\/entreprise\/la-direction-de-lentreprise\/","title":{"rendered":"La direction de l&#8217;entreprise"},"content":{"rendered":"\r\n<script type=\"application\/javascript\">\r\n    window.addEventListener('DOMContentLoaded', function() {\r\n        jQuery(document).ready(function($){\r\n            var sliderid = \"block_cd07b3ec04ce64226623fc548244a8e5\";\r\n            $('#'+sliderid).slick({\r\n                infinite: true,\r\n                dots: false,\r\n                lazyLoad: 'ondemand',\r\n                autoplay: false,\r\n                arrows: true,\r\n                fade: true,\r\n                speed: 500,\r\n                pauseOnHover: false,\r\n                prevArrow: '<div class=\"slick-prev slick-button\"><svg xmlns=\"http:\/\/www.w3.org\/2000\/svg\" viewBox=\"0 0 448 512\"><!--! Font Awesome Pro 6.1.1 by @fontawesome - https:\/\/fontawesome.com License - https:\/\/fontawesome.com\/license (Commercial License) Copyright 2022 Fonticons, Inc. --><path d=\"M77.25 256l137.4-137.4c12.5-12.5 12.5-32.75 0-45.25s-32.75-12.5-45.25 0l-160 160c-12.5 12.5-12.5 32.75 0 45.25l160 160C175.6 444.9 183.8 448 192 448s16.38-3.125 22.62-9.375c12.5-12.5 12.5-32.75 0-45.25L77.25 256zM269.3 256l137.4-137.4c12.5-12.5 12.5-32.75 0-45.25s-32.75-12.5-45.25 0l-160 160c-12.5 12.5-12.5 32.75 0 45.25l160 160C367.6 444.9 375.8 448 384 448s16.38-3.125 22.62-9.375c12.5-12.5 12.5-32.75 0-45.25L269.3 256z\"\/><\/svg><\/div>',\r\n                nextArrow: '<div class=\"slick-next slick-button\"><svg xmlns=\"http:\/\/www.w3.org\/2000\/svg\" viewBox=\"0 0 448 512\"><!--! Font Awesome Pro 6.1.1 by @fontawesome - https:\/\/fontawesome.com License - https:\/\/fontawesome.com\/license (Commercial License) Copyright 2022 Fonticons, Inc. --><path fill=\"ff0000\" style=\"height: 22px\" d=\"M246.6 233.4l-160-160c-12.5-12.5-32.75-12.5-45.25 0s-12.5 32.75 0 45.25L178.8 256l-137.4 137.4c-12.5 12.5-12.5 32.75 0 45.25C47.63 444.9 55.81 448 64 448s16.38-3.125 22.62-9.375l160-160C259.1 266.1 259.1 245.9 246.6 233.4zM438.6 233.4l-160-160c-12.5-12.5-32.75-12.5-45.25 0s-12.5 32.75 0 45.25L370.8 256l-137.4 137.4c-12.5 12.5-12.5 32.75 0 45.25C239.6 444.9 247.8 448 256 448s16.38-3.125 22.62-9.375l160-160C451.1 266.1 451.1 245.9 438.6 233.4z\"\/><\/svg><\/div>',\r\n            });\r\n        });\r\n    });\r\n<\/script>\r\n\r\n<div id=\"block_cd07b3ec04ce64226623fc548244a8e5\" class=\"bild-video-text-slider block-header-bild-video-text-slider\">\r\n                        <div>\r\n                <div class=\"bild-video-text-slider--slide\">\r\n                                            <div class=\"img-vid-box\">\r\n                            <div class=\"img-sizer\">\r\n                                <img decoding=\"async\" width=\"1772\" height=\"800\" src=\"https:\/\/www.efaflex.com\/wp-content\/uploads\/2025\/11\/firmengebaeude-efaflex-bruckberg-1772x800.jpg\" class=\"attachment-image-big size-image-big\" alt=\"\" \/>                            <\/div>\r\n                        <\/div>\r\n                        <div class=\"video-text\">\r\n                            <h1><span class=\"highlighted\">La direction de l&#8217;entreprise.<\/span><\/h1>\n                        <\/div>\r\n                                    <\/div>\r\n\r\n            <\/div>\r\n            <\/div>\n\n\r\n\r\n<div id=\"breadcrump-block_b3139d550c955d27b0f5a1f7d7651732\" class=\"inner\">\r\n        <nav class=\"breadcrumb\"><a href=\"https:\/\/www.efaflex.com\/fr\/\">Page d&#8217;accueil<\/a> \/ <span class=\"current-page\">Page<\/span><\/nav>    <\/div>\n\n\n<div style=\"height:100px\" aria-hidden=\"true\" class=\"wp-block-spacer\"><\/div>\n\n\n\r\n\r\n<div id=\"textmodul-3-spalten-block_60dab1200bdf0af6aabe6ee4819d61f5\" class=\"textmodul-3-spalten\">\r\n    <div class=\"inner\">\r\n        <div class=\"custom-flex-box\">\r\n                            <h2 class=\"flex-box-thirty break headline-two\">Nos actionnaires.<\/h2>                        <div class=\"flex-box-thirty\"><p>Depuis sa fondation en 1974, EFAFLEX Tor- und Sicherheitssysteme GmbH &amp; Co. KG est une entreprise familiale. \u00c0 sa t\u00eate se trouvent les deux actionnaires Christopher Seysen et Petra Rejc.<\/p>\n<\/div>\r\n            <div class=\"flex-box-thirty\"><p>La famille Seysen est responsable de la division des ventes et la famille Rejc est responsable de la division technologique.<\/p>\n<\/div>\r\n        <\/div>\r\n    <\/div>\r\n<\/div>\r\n\n\n\n<div style=\"height:200px\" aria-hidden=\"true\" class=\"wp-block-spacer\"><\/div>\n\n\n<div class=\"inner\">\r\n    <div id=\"bild-text-modul-1-3-block_b9c71b839ec1b017548ae59e152933f2\" class=\"themen-container custom-flex-box\">\r\n                                    <div class=\"thema-box flex-box-thirty\">\r\n                                            <div class=\"bild-box\">\r\n                                                                                                                    <img decoding=\"async\" width=\"1920\" height=\"1280\" src=\"https:\/\/www.efaflex.com\/wp-content\/uploads\/2023\/01\/Gesellschafter_Christopher-Seysen-e1674736583893.jpg\" class=\"attachment-thementease-thumbnail size-thementease-thumbnail\" alt=\"\" \/>                                                    <\/div>\r\n                                            \r\n                                                                <h2 class=\"headline-two\">\r\n                                                        Christopher Seysen                        <\/h2>\r\n                    \r\n                        <p class=\"normal-font\">Christopher Seysen est actionnaire d&#8217;EFAFLEX Tor- und Sicherheitssysteme GmbH &amp; Co. KG depuis 2002 et repr\u00e9sente la deuxi\u00e8me g\u00e9n\u00e9ration \u00e0 la t\u00eate de l&#8217;entreprise. Jusqu&#8217;en 2013, il a \u00e9galement occup\u00e9 le poste de directeur g\u00e9n\u00e9ral pour la division des ventes, poste qu&#8217;il a succ\u00e9d\u00e9 \u00e0 son p\u00e8re en 2002. Ensemble, ils ont construit un r\u00e9seau de succursales de vente et de service \u00e0 la client\u00e8le sur tous les continents, fond\u00e9 des filiales et ainsi clairement positionn\u00e9 EFAFLEX sur le march\u00e9 mondial.<\/p>\r\n                                                                                        <\/div>\r\n                            <div class=\"thema-box flex-box-thirty\">\r\n                                            <div class=\"bild-box\">\r\n                                                                                                                    <img decoding=\"async\" width=\"1920\" height=\"1655\" src=\"https:\/\/www.efaflex.com\/wp-content\/uploads\/2024\/11\/manfred-seysen.jpg\" class=\"attachment-thementease-thumbnail size-thementease-thumbnail\" alt=\"\" srcset=\"https:\/\/www.efaflex.com\/wp-content\/uploads\/2024\/11\/manfred-seysen.jpg 1920w, https:\/\/www.efaflex.com\/wp-content\/uploads\/2024\/11\/manfred-seysen-300x259.jpg 300w, https:\/\/www.efaflex.com\/wp-content\/uploads\/2024\/11\/manfred-seysen-768x662.jpg 768w, https:\/\/www.efaflex.com\/wp-content\/uploads\/2024\/11\/manfred-seysen-1024x883.jpg 1024w, https:\/\/www.efaflex.com\/wp-content\/uploads\/2024\/11\/manfred-seysen-1536x1324.jpg 1536w\" sizes=\"(max-width: 1920px) 100vw, 1920px\" \/>                                                    <\/div>\r\n                                            \r\n                                                                <h2 class=\"headline-two\">\r\n                                                        Manfred Seysen                        <\/h2>\r\n                    \r\n                        <p class=\"normal-font\">Manfred Seysen a d\u00e9velopp\u00e9, avec Gabrijel Rejc et Gustav Meyer, l&#8217;entreprise EFAFLEX Tor- und Sicherheitssysteme GmbH &#038; Co. KG, qui a \u00e9t\u00e9 fond\u00e9e en 1974. Dans un premier temps, il a pris en charge le d\u00e9partement \u00ab Portes \u00bb, qui se concentrait \u00e0 l&#8217;\u00e9poque exclusivement sur les portes industrielles rapides. De 1986 \u00e0 2002, il a \u00e9t\u00e9 directeur g\u00e9n\u00e9ral des ventes avant de c\u00e9der le poste \u00e0 son fils Christopher. Ensemble, p\u00e8re et fils ont construit un vaste r\u00e9seau de succursales de vente et de service \u00e0 la client\u00e8le sur tous les continents et ont \u00e9tabli des filiales dans le monde entier. Il est d\u00e9c\u00e9d\u00e9 en novembre 2024 \u00e0 l&#8217;\u00e2ge de 87 ans.<\/p>\r\n                                                                                        <\/div>\r\n                        <\/div>\r\n<\/div>\r\n\n\n\n<div style=\"height:200px\" aria-hidden=\"true\" class=\"wp-block-spacer\"><\/div>\n\n\n\r\n<div id=\"bild-text-modul-links-rechts-block_da0ec932e28ca9ef916b2d06913b4a46\" class=\"bild-text-modul-container\">\r\n    <div class=\"inner\">\r\n                                                                                        <div id=\"\" class=\"bild-text-modul-links bild-text-modul\">\r\n                                <div class=\"custom-flex-box\">\r\n                                    <div class=\"flex-box-sixty bild-container\">\r\n                                                                                                                                                                                                                                                                                        <img decoding=\"async\" width=\"1920\" height=\"966\" src=\"https:\/\/www.efaflex.com\/wp-content\/uploads\/2022\/07\/efaflex-unternehmen-philosophie.jpg\" class=\"attachment-full size-full\" alt=\"\" srcset=\"https:\/\/www.efaflex.com\/wp-content\/uploads\/2022\/07\/efaflex-unternehmen-philosophie.jpg 1920w, https:\/\/www.efaflex.com\/wp-content\/uploads\/2022\/07\/efaflex-unternehmen-philosophie-300x151.jpg 300w, https:\/\/www.efaflex.com\/wp-content\/uploads\/2022\/07\/efaflex-unternehmen-philosophie-768x386.jpg 768w, https:\/\/www.efaflex.com\/wp-content\/uploads\/2022\/07\/efaflex-unternehmen-philosophie-1024x515.jpg 1024w, https:\/\/www.efaflex.com\/wp-content\/uploads\/2022\/07\/efaflex-unternehmen-philosophie-1536x773.jpg 1536w\" sizes=\"(max-width: 1920px) 100vw, 1920px\" \/>                                                                                                                                                                        <\/div>\r\n\r\n                                    <div class=\"flex-box-fourty text-container\">\r\n                                        <div class=\"text-container-flex\">\r\n                                            <div class=\"text-inner\">\r\n                                                                                                                                                            <div class=\"text-left-border\">\r\n                                                            <div class=\"text-cut\">\r\n                                                                \r\n\r\n                                                                                                                                          <h2 class=\"headline-two\">Philosophie d\u2019entreprise<\/h2>                                                                   \r\n\r\n                                                                <p class=\"normal-font\"><p>Des valeurs qui nous d\u00e9finissent.<\/p>\n<\/p>\r\n                                                            <\/div>\r\n                                                            <div class=\"button-box\">\r\n                                                                                                                                                                                                                                                                                                                                                              <a class=\"load-more-button\" href=\"https:\/\/www.efaflex.com\/fr\/entreprise\/philosophie-de-lentreprise\/\">En savoir plus<\/a>\r\n                                                                                                                                                                                                                                                                        <\/div>\r\n                                                        <\/div>\r\n                                                                                                                                                <\/div>\r\n                                        <\/div>\r\n                                    <\/div>\r\n                                <\/div>\r\n                            <\/div>\r\n\r\n                                    \r\n            \r\n\r\n        \r\n\r\n\r\n        <\/div>\r\n<\/div>\r\n\r\n<style>\r\n    .bild-text-modul {\r\n        scroll-margin-top: 143px;\r\n    }\r\n<\/style>\n\n\n<div style=\"height:200px\" aria-hidden=\"true\" class=\"wp-block-spacer\"><\/div>\n","protected":false},"excerpt":{"rendered":"","protected":false},"author":6,"featured_media":0,"parent":21026,"menu_order":0,"comment_status":"closed","ping_status":"closed","template":"","meta":{"_acf_changed":false,"footnotes":""},"categories":[],"tags":[],"class_list":["post-21032","page","type-page","status-publish","hentry"],"acf":[],"_links":{"self":[{"href":"https:\/\/www.efaflex.com\/fr\/wp-json\/wp\/v2\/pages\/21032","targetHints":{"allow":["GET"]}}],"collection":[{"href":"https:\/\/www.efaflex.com\/fr\/wp-json\/wp\/v2\/pages"}],"about":[{"href":"https:\/\/www.efaflex.com\/fr\/wp-json\/wp\/v2\/types\/page"}],"author":[{"embeddable":true,"href":"https:\/\/www.efaflex.com\/fr\/wp-json\/wp\/v2\/users\/6"}],"replies":[{"embeddable":true,"href":"https:\/\/www.efaflex.com\/fr\/wp-json\/wp\/v2\/comments?post=21032"}],"version-history":[{"count":7,"href":"https:\/\/www.efaflex.com\/fr\/wp-json\/wp\/v2\/pages\/21032\/revisions"}],"predecessor-version":[{"id":36951,"href":"https:\/\/www.efaflex.com\/fr\/wp-json\/wp\/v2\/pages\/21032\/revisions\/36951"}],"up":[{"embeddable":true,"href":"https:\/\/www.efaflex.com\/fr\/wp-json\/wp\/v2\/pages\/21026"}],"wp:attachment":[{"href":"https:\/\/www.efaflex.com\/fr\/wp-json\/wp\/v2\/media?parent=21032"}],"wp:term":[{"taxonomy":"category","embeddable":true,"href":"https:\/\/www.efaflex.com\/fr\/wp-json\/wp\/v2\/categories?post=21032"},{"taxonomy":"post_tag","embeddable":true,"href":"https:\/\/www.efaflex.com\/fr\/wp-json\/wp\/v2\/tags?post=21032"}],"curies":[{"name":"wp","href":"https:\/\/api.w.org\/{rel}","templated":true}]}}