{"id":21033,"date":"2023-04-13T11:59:15","date_gmt":"2023-04-13T09:59:15","guid":{"rendered":"https:\/\/www.efaflex.com\/press\/press-images\/"},"modified":"2026-01-12T11:19:33","modified_gmt":"2026-01-12T10:19:33","slug":"images-de-presse","status":"publish","type":"page","link":"https:\/\/www.efaflex.com\/fr\/presser\/images-de-presse\/","title":{"rendered":"Images de presse"},"content":{"rendered":"\r\n\r\n<div id=\"breadcrump-block_19c10d058532a4b237f822615ebaaa4d\" class=\"inner\">\r\n        <nav class=\"breadcrumb\"><a href=\"https:\/\/www.efaflex.com\/fr\/\">Page d&#8217;accueil<\/a> \/ <span class=\"current-page\">Page<\/span><\/nav>    <\/div>\n\n\n<div style=\"height:100px\" aria-hidden=\"true\" class=\"wp-block-spacer\"><\/div>\n\n\n\r\n\r\n<div id=\"textmodul-3-spalten-block_c7e7aef1fe072a5582c054478b632c7e\" class=\"textmodul-3-spalten\">\r\n    <div class=\"inner\">\r\n        <div class=\"custom-flex-box\">\r\n                            <h1 class=\"flex-box-thirty break headline-two\">Images de presse<\/h1>                        <div class=\"flex-box-thirty\"><\/div>\r\n            <div class=\"flex-box-thirty\"><\/div>\r\n        <\/div>\r\n    <\/div>\r\n<\/div>\r\n\n\n\n<div style=\"height:100px\" aria-hidden=\"true\" class=\"wp-block-spacer\"><\/div>\n\n\n\r\n<div id=\"bild-modul-1-3-quicklink-block_9ea1ac7c37b0adb93abc2d6633a31724\" class=\"bild-modul-1-3-quicklink\">\r\n    <div class=\"inner\">\r\n                <h2>Mat\u00e9riel de presse \u00e0 t\u00e9l\u00e9charger<\/h2>\r\n                <div class=\"custom-flex-box\">\r\n                                                                                                                                    <div class=\"flex-box-thirty bild-modul\">\r\n                                                                                                                    <a class=\"bild-link\" href=\"https:\/\/www.efaflex.com\/fr\/presser\/images-de-presse\/images-de-presse-produits\/\">\r\n                                                                                                                                                                                                            <img decoding=\"async\" width=\"1\" height=\"1\" src=\"https:\/\/www.efaflex.com\/wp-content\/uploads\/2022\/08\/produkte-industrietore-header-efaflex.jpg\" class=\"attachment-bild-modul-1-3-quicklink size-bild-modul-1-3-quicklink\" alt=\"\" \/>                                                                                <h2>Produits<\/h2>\r\n                                                                                    <div class=\"bild-modul-1-3-quicklink--linktext load-more-button\">\r\n                                               En savoir plus                                            <\/div>\r\n                                                                                <div class=\"bild-modul-1-3-quicklink--background\"><\/div>\r\n                                                                                         <\/a>\r\n                                                                            <\/div>\r\n                                                    \r\n                                                                                                                                                <div class=\"flex-box-thirty bild-modul\">\r\n                                                                                                                    <a class=\"bild-link\" href=\"https:\/\/www.efaflex.com\/fr\/presser\/images-de-presse\/images-de-presse-batiment-de-lentreprise\/\">\r\n                                                                                                                                                                                                            <img decoding=\"async\" width=\"520\" height=\"720\" src=\"https:\/\/www.efaflex.com\/wp-content\/uploads\/2022\/07\/Efaflex-_neues_bu\u0308rogeba\u0308ude_20-520x720.jpg\" class=\"attachment-bild-modul-1-3-quicklink size-bild-modul-1-3-quicklink\" alt=\"\" \/>                                                                                <h2>B\u00e2timent de l&#8217;entreprise<\/h2>\r\n                                                                                    <div class=\"bild-modul-1-3-quicklink--linktext load-more-button\">\r\n                                               En savoir plus                                            <\/div>\r\n                                                                                <div class=\"bild-modul-1-3-quicklink--background\"><\/div>\r\n                                                                                         <\/a>\r\n                                                                            <\/div>\r\n                                                    \r\n                                                                                                                                                <div class=\"flex-box-thirty bild-modul\">\r\n                                                                                                                    <a class=\"bild-link\" href=\"https:\/\/www.efaflex.com\/fr\/presser\/images-de-presse\/images-de-presse-education\/\">\r\n                                                                                                                                                                                                            <img decoding=\"async\" width=\"520\" height=\"556\" src=\"https:\/\/www.efaflex.com\/wp-content\/uploads\/2022\/07\/karriere_schueler_bildlinks-520x556.jpg\" class=\"attachment-bild-modul-1-3-quicklink size-bild-modul-1-3-quicklink\" alt=\"\" \/>                                                                                <h2>L&#8217;\u00e9ducation<\/h2>\r\n                                                                                    <div class=\"bild-modul-1-3-quicklink--linktext load-more-button\">\r\n                                               En savoir plus                                            <\/div>\r\n                                                                                <div class=\"bild-modul-1-3-quicklink--background\"><\/div>\r\n                                                                                         <\/a>\r\n                                                                            <\/div>\r\n                                                    \r\n                                                            <\/div>\r\n    <\/div>\r\n<\/div>","protected":false},"excerpt":{"rendered":"","protected":false},"author":6,"featured_media":0,"parent":26959,"menu_order":0,"comment_status":"closed","ping_status":"closed","template":"","meta":{"_acf_changed":false,"footnotes":""},"categories":[],"tags":[],"class_list":["post-21033","page","type-page","status-publish","hentry"],"acf":[],"_links":{"self":[{"href":"https:\/\/www.efaflex.com\/fr\/wp-json\/wp\/v2\/pages\/21033","targetHints":{"allow":["GET"]}}],"collection":[{"href":"https:\/\/www.efaflex.com\/fr\/wp-json\/wp\/v2\/pages"}],"about":[{"href":"https:\/\/www.efaflex.com\/fr\/wp-json\/wp\/v2\/types\/page"}],"author":[{"embeddable":true,"href":"https:\/\/www.efaflex.com\/fr\/wp-json\/wp\/v2\/users\/6"}],"replies":[{"embeddable":true,"href":"https:\/\/www.efaflex.com\/fr\/wp-json\/wp\/v2\/comments?post=21033"}],"version-history":[{"count":9,"href":"https:\/\/www.efaflex.com\/fr\/wp-json\/wp\/v2\/pages\/21033\/revisions"}],"predecessor-version":[{"id":35599,"href":"https:\/\/www.efaflex.com\/fr\/wp-json\/wp\/v2\/pages\/21033\/revisions\/35599"}],"up":[{"embeddable":true,"href":"https:\/\/www.efaflex.com\/fr\/wp-json\/wp\/v2\/pages\/26959"}],"wp:attachment":[{"href":"https:\/\/www.efaflex.com\/fr\/wp-json\/wp\/v2\/media?parent=21033"}],"wp:term":[{"taxonomy":"category","embeddable":true,"href":"https:\/\/www.efaflex.com\/fr\/wp-json\/wp\/v2\/categories?post=21033"},{"taxonomy":"post_tag","embeddable":true,"href":"https:\/\/www.efaflex.com\/fr\/wp-json\/wp\/v2\/tags?post=21033"}],"curies":[{"name":"wp","href":"https:\/\/api.w.org\/{rel}","templated":true}]}}