{"id":21037,"date":"2023-04-12T10:56:19","date_gmt":"2023-04-12T08:56:19","guid":{"rendered":"https:\/\/www.efaflex.com\/press\/press-images\/pressebilder-produkte\/"},"modified":"2026-01-12T11:28:56","modified_gmt":"2026-01-12T10:28:56","slug":"images-de-presse-produits","status":"publish","type":"page","link":"https:\/\/www.efaflex.com\/fr\/presser\/images-de-presse\/images-de-presse-produits\/","title":{"rendered":"Images de presse produits"},"content":{"rendered":"\r\n\r\n<div id=\"breadcrump-block_62467f3a68cc450b68cac91969819689\" class=\"inner\">\r\n        <nav class=\"breadcrumb\"><a href=\"https:\/\/www.efaflex.com\/fr\/\">Page d&#8217;accueil<\/a> \/ <span class=\"current-page\">Page<\/span><\/nav>    <\/div>\n\n\n<div style=\"height:100px\" aria-hidden=\"true\" class=\"wp-block-spacer\"><\/div>\n\n\n\r\n\r\n<div id=\"textmodul-3-spalten-block_3178ee233ec1e2fd7a372df9013b2952\" class=\"textmodul-3-spalten\">\r\n    <div class=\"inner\">\r\n        <div class=\"custom-flex-box\">\r\n                            <h1 class=\"flex-box-thirty break headline-two\">Images de presse produits<\/h1>                        <div class=\"flex-box-thirty\"><p>Vous trouverez ici notre mat\u00e9riel photo et vid\u00e9o  \u00e0 t\u00e9l\u00e9charger.<\/p>\n<\/div>\r\n            <div class=\"flex-box-thirty\"><\/div>\r\n        <\/div>\r\n    <\/div>\r\n<\/div>\r\n\n\n\n<div style=\"height:100px\" aria-hidden=\"true\" class=\"wp-block-spacer\"><\/div>\n\n\n\r\n\r\n\r\n\r\n\r\n<div id=\"bild-modul-1-4-quicklink-block_97332cb52f9ee842edc8f5edf32d5122\" class=\"bild-modul-1-4-quicklink inner\">\r\n            <h2>Mat\u00e9riel de presse \u00e0 t\u00e9l\u00e9charger<\/h2>\r\n                <div class=\"custom-flex-box\">\r\n                                                                    \r\n                <div class=\"flex-box-twentyfive bild-modul-1-4-quicklink--image\" style=\"background-image: url('https:\/\/www.efaflex.com\/wp-content\/uploads\/2022\/07\/spiraltore-industrietore-produkte-efaflex-1-400x550.jpg')\">\r\n                                                                <a href=\"https:\/\/www.efaflex.com\/pressebilder-produkte\/pressebilder-spiraltore\/\" class=\"bild-link\">\r\n                                            <div class=\"text-box\">\r\n                            <h2 class=\"medium-h2\">Portes \u00e0 spirale<\/h2>\r\n\r\n                                                            <span class=\"load-more-button\">En savoir plus<\/span>\r\n                                                    <\/div>\r\n                        <div class=\"bild-modul-1-3-quicklink--background\"><\/div>\r\n                                            <\/a>\r\n                                    <\/div>\r\n\r\n                                                                                    \r\n                <div class=\"flex-box-twentyfive bild-modul-1-4-quicklink--image\" style=\"background-image: url('https:\/\/www.efaflex.com\/wp-content\/uploads\/2022\/07\/rolltore-industrietore-produkte-efaflex-1-400x550.jpg')\">\r\n                                                                <a href=\"https:\/\/www.efaflex.com\/pressebilder-produkte\/pressebilder-rolltore\/\" class=\"bild-link\">\r\n                                            <div class=\"text-box\">\r\n                            <h2 class=\"medium-h2\">Portes \u00e0 enroulement<\/h2>\r\n\r\n                                                            <span class=\"load-more-button\">En savoir plus<\/span>\r\n                                                    <\/div>\r\n                        <div class=\"bild-modul-1-3-quicklink--background\"><\/div>\r\n                                            <\/a>\r\n                                    <\/div>\r\n\r\n                                                                                    \r\n                <div class=\"flex-box-twentyfive bild-modul-1-4-quicklink--image\" style=\"background-image: url('https:\/\/www.efaflex.com\/wp-content\/uploads\/2022\/07\/peripherie-zubeho\u0308r-industrietore-produkte-efaflex-1-400x550.jpg')\">\r\n                                                                <a href=\"https:\/\/www.efaflex.com\/pressebilder-produkte\/pressebilder-peripherie-und-zubehoer\/\" class=\"bild-link\">\r\n                                            <div class=\"text-box\">\r\n                            <h2 class=\"medium-h2\">P\u00e9riph\u00e9rie et accessoires<\/h2>\r\n\r\n                                                            <span class=\"load-more-button\">En savoir plus<\/span>\r\n                                                    <\/div>\r\n                        <div class=\"bild-modul-1-3-quicklink--background\"><\/div>\r\n                                            <\/a>\r\n                                    <\/div>\r\n\r\n                                    <\/div>\r\n    <\/div>\n\n\n<div style=\"height:100px\" aria-hidden=\"true\" class=\"wp-block-spacer\"><\/div>\n","protected":false},"excerpt":{"rendered":"","protected":false},"author":4,"featured_media":0,"parent":21033,"menu_order":0,"comment_status":"closed","ping_status":"closed","template":"","meta":{"_acf_changed":false,"footnotes":""},"categories":[],"tags":[],"class_list":["post-21037","page","type-page","status-publish","hentry"],"acf":[],"_links":{"self":[{"href":"https:\/\/www.efaflex.com\/fr\/wp-json\/wp\/v2\/pages\/21037","targetHints":{"allow":["GET"]}}],"collection":[{"href":"https:\/\/www.efaflex.com\/fr\/wp-json\/wp\/v2\/pages"}],"about":[{"href":"https:\/\/www.efaflex.com\/fr\/wp-json\/wp\/v2\/types\/page"}],"author":[{"embeddable":true,"href":"https:\/\/www.efaflex.com\/fr\/wp-json\/wp\/v2\/users\/4"}],"replies":[{"embeddable":true,"href":"https:\/\/www.efaflex.com\/fr\/wp-json\/wp\/v2\/comments?post=21037"}],"version-history":[{"count":6,"href":"https:\/\/www.efaflex.com\/fr\/wp-json\/wp\/v2\/pages\/21037\/revisions"}],"predecessor-version":[{"id":35609,"href":"https:\/\/www.efaflex.com\/fr\/wp-json\/wp\/v2\/pages\/21037\/revisions\/35609"}],"up":[{"embeddable":true,"href":"https:\/\/www.efaflex.com\/fr\/wp-json\/wp\/v2\/pages\/21033"}],"wp:attachment":[{"href":"https:\/\/www.efaflex.com\/fr\/wp-json\/wp\/v2\/media?parent=21037"}],"wp:term":[{"taxonomy":"category","embeddable":true,"href":"https:\/\/www.efaflex.com\/fr\/wp-json\/wp\/v2\/categories?post=21037"},{"taxonomy":"post_tag","embeddable":true,"href":"https:\/\/www.efaflex.com\/fr\/wp-json\/wp\/v2\/tags?post=21037"}],"curies":[{"name":"wp","href":"https:\/\/api.w.org\/{rel}","templated":true}]}}