{"id":21046,"date":"2023-04-13T12:04:44","date_gmt":"2023-04-13T10:04:44","guid":{"rendered":"https:\/\/www.efaflex.com\/press\/press-images\/pressebilder-produkte\/pressebilder-peripherie-und-zubehoer\/pressebilder-peripherie-und-zubehoer-konnektivitaet\/"},"modified":"2024-11-07T15:11:23","modified_gmt":"2024-11-07T14:11:23","slug":"images-de-presse-peripherie-et-accessoires-connectivite","status":"publish","type":"page","link":"https:\/\/www.efaflex.com\/fr\/presser\/images-de-presse\/images-de-presse-produits\/images-de-presse-peripherie-et-accessoires\/images-de-presse-peripherie-et-accessoires-connectivite\/","title":{"rendered":"Images de presse p\u00e9riph\u00e9rie et accessoires connectivit\u00e9"},"content":{"rendered":"\r\n\r\n<div id=\"breadcrump-block_a8e3c5dd2c4f87d17e8c3c1040a6716b\" class=\"inner\">\r\n        <nav class=\"breadcrumb\"><a href=\"https:\/\/www.efaflex.com\/fr\/\">Page d&#8217;accueil<\/a> \/ <span class=\"current-page\">Page<\/span><\/nav>    <\/div>\n\n\n<div style=\"height:100px\" aria-hidden=\"true\" class=\"wp-block-spacer\"><\/div>\n\n\n\r\n\r\n<div id=\"textmodul-3-spalten-block_04a1db3cd7724b2522f136d8bef150c4\" class=\"textmodul-3-spalten\">\r\n    <div class=\"inner\">\r\n        <div class=\"custom-flex-box\">\r\n                            <h2 class=\"flex-box-thirty break headline-two\">Mat\u00e9riel de presse \u00e0 t\u00e9l\u00e9charger<br \/>\r\n<\/h2>                        <div class=\"flex-box-thirty\"><p>Nos images et vid\u00e9os peuvent \u00eatre t\u00e9l\u00e9charg\u00e9es ici.<\/p>\n<\/div>\r\n            <div class=\"flex-box-thirty\"><\/div>\r\n        <\/div>\r\n    <\/div>\r\n<\/div>\r\n\n\n\n<div style=\"height:100px\" aria-hidden=\"true\" class=\"wp-block-spacer\"><\/div>\n\n\n\r\n<div class=\"inner\">\r\n    <div id=\"bild-text-modul-1-4-block_ef956d56161e14721365f0fb7bf30f07\" class=\"themen-container custom-flex-box\">\r\n                                    <div class=\"thema-box flex-box-twentyfive\">\r\n                                            <div class=\"bild-box\">\r\n                                                                                                                    <img decoding=\"async\" width=\"382\" height=\"538\" src=\"https:\/\/www.efaflex.com\/wp-content\/uploads\/2022\/06\/peripherie-zubehoer-industrietore-efa-smartconnect-produkte-vorschau-efaflex.jpg\" class=\"attachment-thementease-thumbnail size-thementease-thumbnail\" alt=\"\" srcset=\"https:\/\/www.efaflex.com\/wp-content\/uploads\/2022\/06\/peripherie-zubehoer-industrietore-efa-smartconnect-produkte-vorschau-efaflex.jpg 382w, https:\/\/www.efaflex.com\/wp-content\/uploads\/2022\/06\/peripherie-zubehoer-industrietore-efa-smartconnect-produkte-vorschau-efaflex-213x300.jpg 213w\" sizes=\"(max-width: 382px) 100vw, 382px\" \/>                                                    <\/div>\r\n                                        <h2 class=\"headline-two\">\r\n                                                    <span>Connectivit\u00e9<\/span>\r\n                                                EFA-SmartConnect\u00ae                    <\/h2>\r\n                    <p class=\"normal-font\"><\/p>\r\n                                                                                                                                                                                                        <a href=\"https:\/\/www.efaflex.com\/wp-content\/uploads\/2023\/04\/efaflex-efa-smartconnect-03-2.jpg\" class=\"load-more-button\">\r\n                                    T\u00e9l\u00e9charger Web (72dpi)                                <\/a>\r\n                                                                                                                                                                        <a href=\"https:\/\/www.efaflex.com\/wp-content\/uploads\/2023\/04\/efaflex-efa-smartconnect-03.jpg\" class=\"load-more-button\">\r\n                                    T\u00e9l\u00e9charger Print (300dpi)                                <\/a>\r\n                                                                                        <\/div>\r\n                        <\/div>\r\n<\/div>\n\n\n<div style=\"height:100px\" aria-hidden=\"true\" class=\"wp-block-spacer\"><\/div>\n","protected":false},"excerpt":{"rendered":"","protected":false},"author":6,"featured_media":0,"parent":21041,"menu_order":0,"comment_status":"closed","ping_status":"closed","template":"","meta":{"_acf_changed":false,"footnotes":""},"categories":[],"tags":[],"class_list":["post-21046","page","type-page","status-publish","hentry"],"acf":[],"_links":{"self":[{"href":"https:\/\/www.efaflex.com\/fr\/wp-json\/wp\/v2\/pages\/21046","targetHints":{"allow":["GET"]}}],"collection":[{"href":"https:\/\/www.efaflex.com\/fr\/wp-json\/wp\/v2\/pages"}],"about":[{"href":"https:\/\/www.efaflex.com\/fr\/wp-json\/wp\/v2\/types\/page"}],"author":[{"embeddable":true,"href":"https:\/\/www.efaflex.com\/fr\/wp-json\/wp\/v2\/users\/6"}],"replies":[{"embeddable":true,"href":"https:\/\/www.efaflex.com\/fr\/wp-json\/wp\/v2\/comments?post=21046"}],"version-history":[{"count":2,"href":"https:\/\/www.efaflex.com\/fr\/wp-json\/wp\/v2\/pages\/21046\/revisions"}],"predecessor-version":[{"id":27057,"href":"https:\/\/www.efaflex.com\/fr\/wp-json\/wp\/v2\/pages\/21046\/revisions\/27057"}],"up":[{"embeddable":true,"href":"https:\/\/www.efaflex.com\/fr\/wp-json\/wp\/v2\/pages\/21041"}],"wp:attachment":[{"href":"https:\/\/www.efaflex.com\/fr\/wp-json\/wp\/v2\/media?parent=21046"}],"wp:term":[{"taxonomy":"category","embeddable":true,"href":"https:\/\/www.efaflex.com\/fr\/wp-json\/wp\/v2\/categories?post=21046"},{"taxonomy":"post_tag","embeddable":true,"href":"https:\/\/www.efaflex.com\/fr\/wp-json\/wp\/v2\/tags?post=21046"}],"curies":[{"name":"wp","href":"https:\/\/api.w.org\/{rel}","templated":true}]}}