{"id":21062,"date":"2023-04-13T11:58:47","date_gmt":"2023-04-13T09:58:47","guid":{"rendered":"https:\/\/www.efaflex.com\/press\/press-images\/pressebilder-produkte\/pressebilder-spiraltore\/pressebilder-spiraltore-serie-s\/"},"modified":"2024-11-08T09:58:32","modified_gmt":"2024-11-08T08:58:32","slug":"images-de-presse-portes-a-spirale-serie-s","status":"publish","type":"page","link":"https:\/\/www.efaflex.com\/fr\/presser\/images-de-presse\/images-de-presse-produits\/images-de-presse-portes-a-spirale\/images-de-presse-portes-a-spirale-serie-s\/","title":{"rendered":"Images de presse portes \u00e0 spirale S\u00e9rie S"},"content":{"rendered":"\r\n\r\n<div id=\"breadcrump-block_f12e1d008b63fca5386cf8e28e282892\" class=\"inner\">\r\n        <nav class=\"breadcrumb\"><a href=\"https:\/\/www.efaflex.com\/fr\/\">Page d&#8217;accueil<\/a> \/ <span class=\"current-page\">Page<\/span><\/nav>    <\/div>\n\n\n<div style=\"height:100px\" aria-hidden=\"true\" class=\"wp-block-spacer\"><\/div>\n\n\n\r\n\r\n<div id=\"textmodul-3-spalten-block_8df3757007cda209eb0e5a96ed0f421b\" class=\"textmodul-3-spalten\">\r\n    <div class=\"inner\">\r\n        <div class=\"custom-flex-box\">\r\n                            <h2 class=\"flex-box-thirty break headline-two\">Mat\u00e9riel de presse \u00e0 t\u00e9l\u00e9charger<br \/>\r\n<\/h2>                        <div class=\"flex-box-thirty\"><p>Nos images et vid\u00e9os peuvent \u00eatre t\u00e9l\u00e9charg\u00e9es ici.<\/p>\n<\/div>\r\n            <div class=\"flex-box-thirty\"><\/div>\r\n        <\/div>\r\n    <\/div>\r\n<\/div>\r\n\n\n\n<div style=\"height:100px\" aria-hidden=\"true\" class=\"wp-block-spacer\"><\/div>\n\n\n\r\n<div class=\"inner\">\r\n    <div id=\"bild-text-modul-1-4-block_52a8a8d79c0e40f8db09088d714c7033\" class=\"themen-container custom-flex-box\">\r\n                                    <div class=\"thema-box flex-box-twentyfive\">\r\n                                            <div class=\"bild-box\">\r\n                                                                                                                    <img decoding=\"async\" width=\"382\" height=\"538\" src=\"https:\/\/www.efaflex.com\/wp-content\/uploads\/2022\/06\/serie-s-spiraltor-aussenansicht-doppeltor-efa-sst-vorschau-efaflex.jpg\" class=\"attachment-thementease-thumbnail size-thementease-thumbnail\" alt=\"\" srcset=\"https:\/\/www.efaflex.com\/wp-content\/uploads\/2022\/06\/serie-s-spiraltor-aussenansicht-doppeltor-efa-sst-vorschau-efaflex.jpg 382w, https:\/\/www.efaflex.com\/wp-content\/uploads\/2022\/06\/serie-s-spiraltor-aussenansicht-doppeltor-efa-sst-vorschau-efaflex-213x300.jpg 213w\" sizes=\"(max-width: 382px) 100vw, 382px\" \/>                                                    <\/div>\r\n                                        <h2 class=\"headline-two\">\r\n                                                    <span>Portes \u00e0 spirale \u00e0 grande vitesse<\/span>\r\n                                                EFA-SST\u00ae                    <\/h2>\r\n                    <p class=\"normal-font\"><\/p>\r\n                                                                                                                                                                                                        <a href=\"https:\/\/www.efaflex.com\/wp-content\/uploads\/2023\/04\/efaflex-efa-sst.jpg\" class=\"load-more-button\">\r\n                                    T\u00e9l\u00e9charger Web (72dpi)                                <\/a>\r\n                                                                                                                                                                        <a href=\"https:\/\/www.efaflex.com\/wp-content\/uploads\/2023\/04\/efaflex-sst.jpg\" class=\"load-more-button\">\r\n                                    T\u00e9l\u00e9charger Print (300dpi)                                <\/a>\r\n                                                                                        <\/div>\r\n                            <div class=\"thema-box flex-box-twentyfive\">\r\n                                            <div class=\"bild-box\">\r\n                                                                                                                    <img decoding=\"async\" width=\"1246\" height=\"966\" src=\"https:\/\/www.efaflex.com\/wp-content\/uploads\/2022\/06\/serie-s-spiraltor-fenster-efa-sst-essential-header-efaflex.jpg\" class=\"attachment-thementease-thumbnail size-thementease-thumbnail\" alt=\"\" srcset=\"https:\/\/www.efaflex.com\/wp-content\/uploads\/2022\/06\/serie-s-spiraltor-fenster-efa-sst-essential-header-efaflex.jpg 1246w, https:\/\/www.efaflex.com\/wp-content\/uploads\/2022\/06\/serie-s-spiraltor-fenster-efa-sst-essential-header-efaflex-300x233.jpg 300w, https:\/\/www.efaflex.com\/wp-content\/uploads\/2022\/06\/serie-s-spiraltor-fenster-efa-sst-essential-header-efaflex-1024x794.jpg 1024w, https:\/\/www.efaflex.com\/wp-content\/uploads\/2022\/06\/serie-s-spiraltor-fenster-efa-sst-essential-header-efaflex-768x595.jpg 768w\" sizes=\"(max-width: 1246px) 100vw, 1246px\" \/>                                                    <\/div>\r\n                                        <h2 class=\"headline-two\">\r\n                                                    <span>Portes \u00e0 spirale \u00e0 grande vitesse<\/span>\r\n                                                EFA SST\u00ae Essential                    <\/h2>\r\n                    <p class=\"normal-font\"><\/p>\r\n                                                                                                                                                                                                        <a href=\"https:\/\/www.efaflex.com\/wp-content\/uploads\/2023\/04\/efaflex-efa-sst-essential.jpg\" class=\"load-more-button\">\r\n                                    T\u00e9l\u00e9charger Web (72dpi)                                <\/a>\r\n                                                                                                                                                                        <a href=\"https:\/\/www.efaflex.com\/wp-content\/uploads\/2023\/04\/efaflex-efa-sst-essential-3.jpg\" class=\"load-more-button\">\r\n                                    T\u00e9l\u00e9charger Print (300dpi)                                <\/a>\r\n                                                                                        <\/div>\r\n                            <div class=\"thema-box flex-box-twentyfive\">\r\n                                            <div class=\"bild-box\">\r\n                                                                                                                    <img decoding=\"async\" width=\"1920\" height=\"1313\" src=\"https:\/\/www.efaflex.com\/wp-content\/uploads\/2023\/02\/efaflex-efa-sst-efficient-34.jpg\" class=\"attachment-thementease-thumbnail size-thementease-thumbnail\" alt=\"\" srcset=\"https:\/\/www.efaflex.com\/wp-content\/uploads\/2023\/02\/efaflex-efa-sst-efficient-34.jpg 1920w, https:\/\/www.efaflex.com\/wp-content\/uploads\/2023\/02\/efaflex-efa-sst-efficient-34-300x205.jpg 300w, https:\/\/www.efaflex.com\/wp-content\/uploads\/2023\/02\/efaflex-efa-sst-efficient-34-1024x700.jpg 1024w, https:\/\/www.efaflex.com\/wp-content\/uploads\/2023\/02\/efaflex-efa-sst-efficient-34-768x525.jpg 768w, https:\/\/www.efaflex.com\/wp-content\/uploads\/2023\/02\/efaflex-efa-sst-efficient-34-1536x1050.jpg 1536w\" sizes=\"(max-width: 1920px) 100vw, 1920px\" \/>                                                    <\/div>\r\n                                        <h2 class=\"headline-two\">\r\n                                                    <span>Portes \u00e0 spirale \u00e0 grande vitesse<\/span>\r\n                                                EFA SST\u00ae Efficient (RC2)                    <\/h2>\r\n                    <p class=\"normal-font\"><\/p>\r\n                                                                                                                                                                                                        <a href=\"https:\/\/www.efaflex.com\/wp-content\/uploads\/2023\/04\/efaflex-efa-sst-efficient.jpg\" class=\"load-more-button\">\r\n                                    T\u00e9l\u00e9charger Print (72dpi)                                <\/a>\r\n                                                                                                                                                                        <a href=\"https:\/\/www.efaflex.com\/wp-content\/uploads\/2023\/04\/efaflex-efa-sst-efficient-35-2.jpg\" class=\"load-more-button\">\r\n                                    T\u00e9l\u00e9charger Print (300dpi)                                <\/a>\r\n                                                                                        <\/div>\r\n                            <div class=\"thema-box flex-box-twentyfive\">\r\n                                            <div class=\"bild-box\">\r\n                                                                                                                    <img decoding=\"async\" src=\"https:\/\/www.efaflex.com\/wp-content\/uploads\/2022\/06\/serie-s-spiraltor-parksysteme-aussenansicht-fenster-efa-sst-ps-vorschau-efaflex-1.jpg\" class=\"attachment-thementease-thumbnail size-thementease-thumbnail\" alt=\"\" \/>                                                    <\/div>\r\n                                        <h2 class=\"headline-two\">\r\n                                                    <span>Portes \u00e0 spirale \u00e0 grande vitesse<\/span>\r\n                                                EFA-SST\u00ae PS                    <\/h2>\r\n                    <p class=\"normal-font\"><\/p>\r\n                                                                                                                                                                                                        <a href=\"https:\/\/www.efaflex.com\/wp-content\/uploads\/2023\/04\/efaflex-efa-sst-ps-schweiz.jpg\" class=\"load-more-button\">\r\n                                    T\u00e9l\u00e9charger Print (72dpi)                                <\/a>\r\n                                                                                                                                                                        <a href=\"https:\/\/www.efaflex.com\/wp-content\/uploads\/2023\/04\/efaflex-efa-sst-ps-schweiz-1.jpg\" class=\"load-more-button\">\r\n                                    T\u00e9l\u00e9charger Print (300dpi)                                <\/a>\r\n                                                                                        <\/div>\r\n                            <div class=\"thema-box flex-box-twentyfive\">\r\n                                            <div class=\"bild-box\">\r\n                                                                                                                    <img decoding=\"async\" width=\"1246\" height=\"966\" src=\"https:\/\/www.efaflex.com\/wp-content\/uploads\/2022\/06\/serie-s-spiraltor-aussenansicht-efa-sst-iso60-header-efaflex.jpg\" class=\"attachment-thementease-thumbnail size-thementease-thumbnail\" alt=\"\" srcset=\"https:\/\/www.efaflex.com\/wp-content\/uploads\/2022\/06\/serie-s-spiraltor-aussenansicht-efa-sst-iso60-header-efaflex.jpg 1246w, https:\/\/www.efaflex.com\/wp-content\/uploads\/2022\/06\/serie-s-spiraltor-aussenansicht-efa-sst-iso60-header-efaflex-300x233.jpg 300w, https:\/\/www.efaflex.com\/wp-content\/uploads\/2022\/06\/serie-s-spiraltor-aussenansicht-efa-sst-iso60-header-efaflex-1024x794.jpg 1024w, https:\/\/www.efaflex.com\/wp-content\/uploads\/2022\/06\/serie-s-spiraltor-aussenansicht-efa-sst-iso60-header-efaflex-768x595.jpg 768w\" sizes=\"(max-width: 1246px) 100vw, 1246px\" \/>                                                    <\/div>\r\n                                        <h2 class=\"headline-two\">\r\n                                                    <span>Portes \u00e0 spirale \u00e0 grande vitesse<\/span>\r\n                                                EFA-SST\u00ae ISO 60                    <\/h2>\r\n                    <p class=\"normal-font\"><\/p>\r\n                                                                                                                                                                                                        <a href=\"https:\/\/www.efaflex.com\/wp-content\/uploads\/2023\/04\/efaflex-efa-sst-iso-60.jpg\" class=\"load-more-button\">\r\n                                    T\u00e9l\u00e9charger Print (72dpi)                                <\/a>\r\n                                                                                                                                                                        <a href=\"https:\/\/www.efaflex.com\/wp-content\/uploads\/2023\/04\/efaflex-efa-sst-iso-60-netto.jpg\" class=\"load-more-button\">\r\n                                    T\u00e9l\u00e9charger Print (300dpi)                                <\/a>\r\n                                                                                        <\/div>\r\n                            <div class=\"thema-box flex-box-twentyfive\">\r\n                                            <div class=\"bild-box\">\r\n                                                                                                                    <img decoding=\"async\" width=\"1246\" height=\"966\" src=\"https:\/\/www.efaflex.com\/wp-content\/uploads\/2022\/06\/serie-s-spiraltor-innenansicht-halboffen-efa-sst-tk-100-header-efaflex.jpg\" class=\"attachment-thementease-thumbnail size-thementease-thumbnail\" alt=\"\" srcset=\"https:\/\/www.efaflex.com\/wp-content\/uploads\/2022\/06\/serie-s-spiraltor-innenansicht-halboffen-efa-sst-tk-100-header-efaflex.jpg 1246w, https:\/\/www.efaflex.com\/wp-content\/uploads\/2022\/06\/serie-s-spiraltor-innenansicht-halboffen-efa-sst-tk-100-header-efaflex-300x233.jpg 300w, https:\/\/www.efaflex.com\/wp-content\/uploads\/2022\/06\/serie-s-spiraltor-innenansicht-halboffen-efa-sst-tk-100-header-efaflex-1024x794.jpg 1024w, https:\/\/www.efaflex.com\/wp-content\/uploads\/2022\/06\/serie-s-spiraltor-innenansicht-halboffen-efa-sst-tk-100-header-efaflex-768x595.jpg 768w\" sizes=\"(max-width: 1246px) 100vw, 1246px\" \/>                                                    <\/div>\r\n                                        <h2 class=\"headline-two\">\r\n                                                    <span>Portes \u00e0 spirale \u00e0 grande vitesse<\/span>\r\n                                                EFA-SST\u00ae TK-100                    <\/h2>\r\n                    <p class=\"normal-font\"><\/p>\r\n                                                                                                                                                                                                        <a href=\"https:\/\/www.efaflex.com\/wp-content\/uploads\/2023\/04\/efaflex-efa-sst-tk-100.jpg\" class=\"load-more-button\">\r\n                                    T\u00e9l\u00e9charger Print (72dpi)                                <\/a>\r\n                                                                                                                                                                        <a href=\"https:\/\/www.efaflex.com\/wp-content\/uploads\/2023\/04\/efaflex-efa-sst-tk-100-netto-01.jpg\" class=\"load-more-button\">\r\n                                    T\u00e9l\u00e9charger Print (300dpi)                                <\/a>\r\n                                                                                        <\/div>\r\n                            <div class=\"thema-box flex-box-twentyfive\">\r\n                                            <div class=\"bild-box\">\r\n                                                                                                                    <img decoding=\"async\" width=\"1920\" height=\"1440\" src=\"https:\/\/www.efaflex.com\/wp-content\/uploads\/2022\/06\/serie-s-turbotor-efa-stt-header.jpg\" class=\"attachment-thementease-thumbnail size-thementease-thumbnail\" alt=\"\" srcset=\"https:\/\/www.efaflex.com\/wp-content\/uploads\/2022\/06\/serie-s-turbotor-efa-stt-header.jpg 1920w, https:\/\/www.efaflex.com\/wp-content\/uploads\/2022\/06\/serie-s-turbotor-efa-stt-header-300x225.jpg 300w, https:\/\/www.efaflex.com\/wp-content\/uploads\/2022\/06\/serie-s-turbotor-efa-stt-header-1024x768.jpg 1024w, https:\/\/www.efaflex.com\/wp-content\/uploads\/2022\/06\/serie-s-turbotor-efa-stt-header-768x576.jpg 768w, https:\/\/www.efaflex.com\/wp-content\/uploads\/2022\/06\/serie-s-turbotor-efa-stt-header-1536x1152.jpg 1536w\" sizes=\"(max-width: 1920px) 100vw, 1920px\" \/>                                                    <\/div>\r\n                                        <h2 class=\"headline-two\">\r\n                                                    <span>Portes \u00e0 spirale \u00e0 grande vitesse<\/span>\r\n                                                EFA-STT\u00ae                    <\/h2>\r\n                    <p class=\"normal-font\"><\/p>\r\n                                                                                                                                                                                                        <a href=\"https:\/\/www.efaflex.com\/wp-content\/uploads\/2023\/04\/efaflex-efa-stt-adelholzener.jpg\" class=\"load-more-button\">\r\n                                    T\u00e9l\u00e9charger Print (72dpi)                                <\/a>\r\n                                                                                                                                                                        <a href=\"https:\/\/www.efaflex.com\/wp-content\/uploads\/2023\/04\/efaflex-efa-stt-adelholzener-7.jpg\" class=\"load-more-button\">\r\n                                    T\u00e9l\u00e9charger Print (300dpi)                                <\/a>\r\n                                                                                        <\/div>\r\n                            <div class=\"thema-box flex-box-twentyfive\">\r\n                                            <div class=\"bild-box\">\r\n                                                                                                                    <img decoding=\"async\" width=\"1920\" height=\"1440\" src=\"https:\/\/www.efaflex.com\/wp-content\/uploads\/2023\/04\/efaflex-efa-str-eurocopter-2.jpg\" class=\"attachment-thementease-thumbnail size-thementease-thumbnail\" alt=\"\" srcset=\"https:\/\/www.efaflex.com\/wp-content\/uploads\/2023\/04\/efaflex-efa-str-eurocopter-2.jpg 1920w, https:\/\/www.efaflex.com\/wp-content\/uploads\/2023\/04\/efaflex-efa-str-eurocopter-2-300x225.jpg 300w, https:\/\/www.efaflex.com\/wp-content\/uploads\/2023\/04\/efaflex-efa-str-eurocopter-2-1024x768.jpg 1024w, https:\/\/www.efaflex.com\/wp-content\/uploads\/2023\/04\/efaflex-efa-str-eurocopter-2-768x576.jpg 768w, https:\/\/www.efaflex.com\/wp-content\/uploads\/2023\/04\/efaflex-efa-str-eurocopter-2-1536x1152.jpg 1536w\" sizes=\"(max-width: 1920px) 100vw, 1920px\" \/>                                                    <\/div>\r\n                                        <h2 class=\"headline-two\">\r\n                                                    <span>Portes \u00e0 spirale \u00e0 grande vitesse<\/span>\r\n                                                EFA-STR\u00ae                    <\/h2>\r\n                    <p class=\"normal-font\"><\/p>\r\n                                                                                                                                                                                                        <a href=\"https:\/\/www.efaflex.com\/wp-content\/uploads\/2023\/04\/efaflex-efa-str-eurocopter.jpg\" class=\"load-more-button\">\r\n                                    T\u00e9l\u00e9charger Print (72dpi)                                <\/a>\r\n                                                                                                                                                                        <a href=\"https:\/\/www.efaflex.com\/wp-content\/uploads\/2023\/04\/efaflex-efa-str-eurocopter-2-1.jpg\" class=\"load-more-button\">\r\n                                    T\u00e9l\u00e9charger Print (300dpi)                                <\/a>\r\n                                                                                        <\/div>\r\n                            <div class=\"thema-box flex-box-twentyfive\">\r\n                                            <div class=\"bild-box\">\r\n                                                                                                                    <img decoding=\"async\" width=\"1246\" height=\"966\" src=\"https:\/\/www.efaflex.com\/wp-content\/uploads\/2022\/06\/serie-s-turbotor-clean-efa-stt-cr-header-efaflex.jpg\" class=\"attachment-thementease-thumbnail size-thementease-thumbnail\" alt=\"\" srcset=\"https:\/\/www.efaflex.com\/wp-content\/uploads\/2022\/06\/serie-s-turbotor-clean-efa-stt-cr-header-efaflex.jpg 1246w, https:\/\/www.efaflex.com\/wp-content\/uploads\/2022\/06\/serie-s-turbotor-clean-efa-stt-cr-header-efaflex-300x233.jpg 300w, https:\/\/www.efaflex.com\/wp-content\/uploads\/2022\/06\/serie-s-turbotor-clean-efa-stt-cr-header-efaflex-1024x794.jpg 1024w, https:\/\/www.efaflex.com\/wp-content\/uploads\/2022\/06\/serie-s-turbotor-clean-efa-stt-cr-header-efaflex-768x595.jpg 768w\" sizes=\"(max-width: 1246px) 100vw, 1246px\" \/>                                                    <\/div>\r\n                                        <h2 class=\"headline-two\">\r\n                                                    <span>Portes \u00e0 spirale \u00e0 grande vitesse<\/span>\r\n                                                EFA STT\u00ae CR                    <\/h2>\r\n                    <p class=\"normal-font\"><\/p>\r\n                                                                                                                                                                                                        <a href=\"https:\/\/www.efaflex.com\/wp-content\/uploads\/2023\/04\/efaflex-efa-stt-cr-1.jpg\" class=\"load-more-button\">\r\n                                    T\u00e9l\u00e9charger Print (72dpi)                                <\/a>\r\n                                                                                                                                                                        <a href=\"https:\/\/www.efaflex.com\/wp-content\/uploads\/2023\/04\/efaflex-efa-stt-cr.jpg\" class=\"load-more-button\">\r\n                                    T\u00e9l\u00e9charger Print (300dpi)                                <\/a>\r\n                                                                                        <\/div>\r\n                            <div class=\"thema-box flex-box-twentyfive\">\r\n                                            <div class=\"bild-box\">\r\n                                                                                                                    <img decoding=\"async\" width=\"1920\" height=\"1500\" src=\"https:\/\/www.efaflex.com\/wp-content\/uploads\/2023\/04\/SST-AUDI-02.jpg\" class=\"attachment-thementease-thumbnail size-thementease-thumbnail\" alt=\"\" srcset=\"https:\/\/www.efaflex.com\/wp-content\/uploads\/2023\/04\/SST-AUDI-02.jpg 1920w, https:\/\/www.efaflex.com\/wp-content\/uploads\/2023\/04\/SST-AUDI-02-300x234.jpg 300w, https:\/\/www.efaflex.com\/wp-content\/uploads\/2023\/04\/SST-AUDI-02-1024x800.jpg 1024w, https:\/\/www.efaflex.com\/wp-content\/uploads\/2023\/04\/SST-AUDI-02-768x600.jpg 768w, https:\/\/www.efaflex.com\/wp-content\/uploads\/2023\/04\/SST-AUDI-02-1536x1200.jpg 1536w\" sizes=\"(max-width: 1920px) 100vw, 1920px\" \/>                                                    <\/div>\r\n                                        <h2 class=\"headline-two\">\r\n                                                    <span>Portes \u00e0 spirale \u00e0 grande vitesse<\/span>\r\n                                                EFA SST\u00ae Classic                    <\/h2>\r\n                    <p class=\"normal-font\"><\/p>\r\n                                                                                                                                                                                                        <a href=\"https:\/\/www.efaflex.com\/wp-content\/uploads\/2023\/04\/efaflex-sst-classic.jpg\" class=\"load-more-button\">\r\n                                    T\u00e9l\u00e9charger Print (72dpi)                                <\/a>\r\n                                                                                                                                                                        <a href=\"https:\/\/www.efaflex.com\/wp-content\/uploads\/2023\/04\/efaflex-sst-classic-1.jpg\" class=\"load-more-button\">\r\n                                    T\u00e9l\u00e9charger  Print (300dpi)                                <\/a>\r\n                                                                                        <\/div>\r\n                        <\/div>\r\n<\/div>\n\n\n<div style=\"height:100px\" aria-hidden=\"true\" class=\"wp-block-spacer\"><\/div>\n","protected":false},"excerpt":{"rendered":"","protected":false},"author":4,"featured_media":0,"parent":21061,"menu_order":0,"comment_status":"closed","ping_status":"closed","template":"","meta":{"_acf_changed":false,"footnotes":""},"categories":[],"tags":[],"class_list":["post-21062","page","type-page","status-publish","hentry"],"acf":[],"_links":{"self":[{"href":"https:\/\/www.efaflex.com\/fr\/wp-json\/wp\/v2\/pages\/21062","targetHints":{"allow":["GET"]}}],"collection":[{"href":"https:\/\/www.efaflex.com\/fr\/wp-json\/wp\/v2\/pages"}],"about":[{"href":"https:\/\/www.efaflex.com\/fr\/wp-json\/wp\/v2\/types\/page"}],"author":[{"embeddable":true,"href":"https:\/\/www.efaflex.com\/fr\/wp-json\/wp\/v2\/users\/4"}],"replies":[{"embeddable":true,"href":"https:\/\/www.efaflex.com\/fr\/wp-json\/wp\/v2\/comments?post=21062"}],"version-history":[{"count":1,"href":"https:\/\/www.efaflex.com\/fr\/wp-json\/wp\/v2\/pages\/21062\/revisions"}],"predecessor-version":[{"id":27124,"href":"https:\/\/www.efaflex.com\/fr\/wp-json\/wp\/v2\/pages\/21062\/revisions\/27124"}],"up":[{"embeddable":true,"href":"https:\/\/www.efaflex.com\/fr\/wp-json\/wp\/v2\/pages\/21061"}],"wp:attachment":[{"href":"https:\/\/www.efaflex.com\/fr\/wp-json\/wp\/v2\/media?parent=21062"}],"wp:term":[{"taxonomy":"category","embeddable":true,"href":"https:\/\/www.efaflex.com\/fr\/wp-json\/wp\/v2\/categories?post=21062"},{"taxonomy":"post_tag","embeddable":true,"href":"https:\/\/www.efaflex.com\/fr\/wp-json\/wp\/v2\/tags?post=21062"}],"curies":[{"name":"wp","href":"https:\/\/api.w.org\/{rel}","templated":true}]}}