{"id":21068,"date":"2023-04-13T11:58:34","date_gmt":"2023-04-13T09:58:34","guid":{"rendered":"https:\/\/www.efaflex.com\/press\/press-images\/pressebilder-produkte\/pressebilder-spiraltore\/pressebilder-spiraltore-serie-efaprotect\/"},"modified":"2026-01-07T09:03:48","modified_gmt":"2026-01-07T08:03:48","slug":"images-de-presse-portes-a-spirale-serie-efaprotect","status":"publish","type":"page","link":"https:\/\/www.efaflex.com\/fr\/presser\/images-de-presse\/images-de-presse-produits\/images-de-presse-portes-a-spirale\/images-de-presse-portes-a-spirale-serie-efaprotect\/","title":{"rendered":"Images de presse portes \u00e0 spirale S\u00e9rie EFAPROTECT"},"content":{"rendered":"\r\n\r\n<div id=\"breadcrump-block_be190b2ed119433d04398ee1bde4776c\" class=\"inner\">\r\n        <nav class=\"breadcrumb\"><a href=\"https:\/\/www.efaflex.com\/fr\/\">Page d&#8217;accueil<\/a> \/ <span class=\"current-page\">Page<\/span><\/nav>    <\/div>\n\n\n<div style=\"height:100px\" aria-hidden=\"true\" class=\"wp-block-spacer\"><\/div>\n\n\n\r\n\r\n<div id=\"textmodul-3-spalten-block_b7de9b5922b35162f4ef94867257c36e\" class=\"textmodul-3-spalten\">\r\n    <div class=\"inner\">\r\n        <div class=\"custom-flex-box\">\r\n                            <h1 class=\"flex-box-thirty break headline-two\">Mat\u00e9riel de presse \u00e0 t\u00e9l\u00e9charger<br \/>\r\n<\/h1>                        <div class=\"flex-box-thirty\"><p>Nos images et vid\u00e9os peuvent \u00eatre t\u00e9l\u00e9charg\u00e9es ici.<\/p>\n<\/div>\r\n            <div class=\"flex-box-thirty\"><\/div>\r\n        <\/div>\r\n    <\/div>\r\n<\/div>\r\n\n\n\n<div style=\"height:100px\" aria-hidden=\"true\" class=\"wp-block-spacer\"><\/div>\n\n\n\r\n<div class=\"inner\">\r\n    <div id=\"bild-text-modul-1-4-block_eae796d3c34708a2115eb4aa2d250065\" class=\"themen-container custom-flex-box\">\r\n                                    <div class=\"thema-box flex-box-twentyfive\">\r\n                                            <div class=\"bild-box\">\r\n                                                                                                            <\/div>\r\n                                        <h2 class=\"headline-two\">\r\n                                                    <span>Portes \u00e0 spirale \u00e0 grande vitesse<\/span>\r\n                                                EFA-SST\u00ae Secure (RC3)                    <\/h2>\r\n                    <p class=\"normal-font\"><\/p>\r\n                                                                                                                                                                                                        <a href=\"https:\/\/www.efaflex.com\/wp-content\/uploads\/2023\/04\/efaflex-efa-sst-secure-rc3-7.jpg\" class=\"load-more-button\">\r\n                                    T\u00e9l\u00e9charger Web (72dpi)                                <\/a>\r\n                                                                                                                                                                        <a href=\"https:\/\/www.efaflex.com\/wp-content\/uploads\/2023\/04\/efaflex-efa-sst-secure-rc3-8.jpg\" class=\"load-more-button\">\r\n                                    T\u00e9l\u00e9charger Print (300dpi)                                <\/a>\r\n                                                                                        <\/div>\r\n                            <div class=\"thema-box flex-box-twentyfive\">\r\n                                            <div class=\"bild-box\">\r\n                                                                                                                    <img decoding=\"async\" width=\"1920\" height=\"1283\" src=\"https:\/\/www.efaflex.com\/wp-content\/uploads\/2023\/04\/Efaflex_EFA-SST_Secure_RC46.jpg\" class=\"attachment-thementease-thumbnail size-thementease-thumbnail\" alt=\"\" srcset=\"https:\/\/www.efaflex.com\/wp-content\/uploads\/2023\/04\/Efaflex_EFA-SST_Secure_RC46.jpg 1920w, https:\/\/www.efaflex.com\/wp-content\/uploads\/2023\/04\/Efaflex_EFA-SST_Secure_RC46-300x200.jpg 300w, https:\/\/www.efaflex.com\/wp-content\/uploads\/2023\/04\/Efaflex_EFA-SST_Secure_RC46-1024x684.jpg 1024w, https:\/\/www.efaflex.com\/wp-content\/uploads\/2023\/04\/Efaflex_EFA-SST_Secure_RC46-768x513.jpg 768w, https:\/\/www.efaflex.com\/wp-content\/uploads\/2023\/04\/Efaflex_EFA-SST_Secure_RC46-1536x1026.jpg 1536w, https:\/\/www.efaflex.com\/wp-content\/uploads\/2023\/04\/Efaflex_EFA-SST_Secure_RC46-382x254.jpg 382w\" sizes=\"(max-width: 1920px) 100vw, 1920px\" \/>                                                    <\/div>\r\n                                        <h2 class=\"headline-two\">\r\n                                                    <span>Portes \u00e0 spirale \u00e0 grande vitesse<\/span>\r\n                                                EFA-SST\u00ae Secure (RC4)                    <\/h2>\r\n                    <p class=\"normal-font\"><\/p>\r\n                                                                                                                                                                                                        <a href=\"https:\/\/www.efaflex.com\/wp-content\/uploads\/2023\/04\/Efaflex_EFA-SST_Secure_RC46_web.jpg\" class=\"load-more-button\">\r\n                                    T\u00e9l\u00e9charger Print (72dpi)                                <\/a>\r\n                                                                                                                                                                        <a href=\"https:\/\/www.efaflex.com\/wp-content\/uploads\/2023\/04\/Efaflex_EFA-SST_Secure_RC46-2.jpg\" class=\"load-more-button\">\r\n                                    T\u00e9l\u00e9charger Print (300dpi)                                <\/a>\r\n                                                                                        <\/div>\r\n                            <div class=\"thema-box flex-box-twentyfive\">\r\n                                            <div class=\"bild-box\">\r\n                                                                                                                    <img decoding=\"async\" width=\"1920\" height=\"1313\" src=\"https:\/\/www.efaflex.com\/wp-content\/uploads\/2023\/04\/efaflex-efa-sst-efficient-35.jpg\" class=\"attachment-thementease-thumbnail size-thementease-thumbnail\" alt=\"\" srcset=\"https:\/\/www.efaflex.com\/wp-content\/uploads\/2023\/04\/efaflex-efa-sst-efficient-35.jpg 1920w, https:\/\/www.efaflex.com\/wp-content\/uploads\/2023\/04\/efaflex-efa-sst-efficient-35-300x205.jpg 300w, https:\/\/www.efaflex.com\/wp-content\/uploads\/2023\/04\/efaflex-efa-sst-efficient-35-1024x700.jpg 1024w, https:\/\/www.efaflex.com\/wp-content\/uploads\/2023\/04\/efaflex-efa-sst-efficient-35-768x525.jpg 768w, https:\/\/www.efaflex.com\/wp-content\/uploads\/2023\/04\/efaflex-efa-sst-efficient-35-1536x1050.jpg 1536w\" sizes=\"(max-width: 1920px) 100vw, 1920px\" \/>                                                    <\/div>\r\n                                        <h2 class=\"headline-two\">\r\n                                                    <span>Portes \u00e0 spirale \u00e0 grande vitesse<\/span>\r\n                                                EFA-SST\u00ae Efficient                    <\/h2>\r\n                    <p class=\"normal-font\"><\/p>\r\n                                                                                                                                                                                                        <a href=\"https:\/\/www.efaflex.com\/wp-content\/uploads\/2023\/04\/efaflex-efa-sst-efficient-35_web.jpg\" class=\"load-more-button\">\r\n                                    T\u00e9l\u00e9charger Print (72dpi)                                <\/a>\r\n                                                                                                                                                                        <a href=\"https:\/\/www.efaflex.com\/wp-content\/uploads\/2023\/04\/efaflex-efa-sst-efficient-35-4.jpg\" class=\"load-more-button\">\r\n                                    T\u00e9l\u00e9charger Print (300dpi)                                <\/a>\r\n                                                                                        <\/div>\r\n                        <\/div>\r\n<\/div>\n\n\n<div style=\"height:100px\" aria-hidden=\"true\" class=\"wp-block-spacer\"><\/div>\n","protected":false},"excerpt":{"rendered":"","protected":false},"author":6,"featured_media":0,"parent":21061,"menu_order":0,"comment_status":"closed","ping_status":"closed","template":"","meta":{"_acf_changed":false,"footnotes":""},"categories":[],"tags":[],"class_list":["post-21068","page","type-page","status-publish","hentry"],"acf":[],"_links":{"self":[{"href":"https:\/\/www.efaflex.com\/fr\/wp-json\/wp\/v2\/pages\/21068","targetHints":{"allow":["GET"]}}],"collection":[{"href":"https:\/\/www.efaflex.com\/fr\/wp-json\/wp\/v2\/pages"}],"about":[{"href":"https:\/\/www.efaflex.com\/fr\/wp-json\/wp\/v2\/types\/page"}],"author":[{"embeddable":true,"href":"https:\/\/www.efaflex.com\/fr\/wp-json\/wp\/v2\/users\/6"}],"replies":[{"embeddable":true,"href":"https:\/\/www.efaflex.com\/fr\/wp-json\/wp\/v2\/comments?post=21068"}],"version-history":[{"count":2,"href":"https:\/\/www.efaflex.com\/fr\/wp-json\/wp\/v2\/pages\/21068\/revisions"}],"predecessor-version":[{"id":35460,"href":"https:\/\/www.efaflex.com\/fr\/wp-json\/wp\/v2\/pages\/21068\/revisions\/35460"}],"up":[{"embeddable":true,"href":"https:\/\/www.efaflex.com\/fr\/wp-json\/wp\/v2\/pages\/21061"}],"wp:attachment":[{"href":"https:\/\/www.efaflex.com\/fr\/wp-json\/wp\/v2\/media?parent=21068"}],"wp:term":[{"taxonomy":"category","embeddable":true,"href":"https:\/\/www.efaflex.com\/fr\/wp-json\/wp\/v2\/categories?post=21068"},{"taxonomy":"post_tag","embeddable":true,"href":"https:\/\/www.efaflex.com\/fr\/wp-json\/wp\/v2\/tags?post=21068"}],"curies":[{"name":"wp","href":"https:\/\/api.w.org\/{rel}","templated":true}]}}