{"id":21075,"date":"2022-05-10T11:14:02","date_gmt":"2022-05-10T09:14:02","guid":{"rendered":"https:\/\/www.efaflex.com\/company\/innovation-iot\/"},"modified":"2026-01-13T16:02:15","modified_gmt":"2026-01-13T15:02:15","slug":"innovation-iot","status":"publish","type":"page","link":"https:\/\/www.efaflex.com\/fr\/entreprise\/innovation-iot\/","title":{"rendered":"Innovation \/ IOT"},"content":{"rendered":"\r\n<div class=\"bild-fullsize-container\">\r\n            <div class=\"fullwidth\">\r\n                                                    <img decoding=\"async\" width=\"1920\" height=\"966\" src=\"https:\/\/www.efaflex.com\/wp-content\/uploads\/2022\/07\/innovation-unternehmen-efaflex.jpg\" class=\"attachment-bild-fullsize-width size-bild-fullsize-width\" alt=\"\" srcset=\"https:\/\/www.efaflex.com\/wp-content\/uploads\/2022\/07\/innovation-unternehmen-efaflex.jpg 1920w, https:\/\/www.efaflex.com\/wp-content\/uploads\/2022\/07\/innovation-unternehmen-efaflex-300x151.jpg 300w, https:\/\/www.efaflex.com\/wp-content\/uploads\/2022\/07\/innovation-unternehmen-efaflex-1024x515.jpg 1024w, https:\/\/www.efaflex.com\/wp-content\/uploads\/2022\/07\/innovation-unternehmen-efaflex-768x386.jpg 768w, https:\/\/www.efaflex.com\/wp-content\/uploads\/2022\/07\/innovation-unternehmen-efaflex-1536x773.jpg 1536w\" sizes=\"(max-width: 1920px) 100vw, 1920px\" \/>                    <\/div>\r\n    <\/div>\r\n\n\n\r\n\r\n<div id=\"breadcrump-block_9518b94595100b44620f8677fd9c2185\" class=\"inner\">\r\n        <nav class=\"breadcrumb\"><a href=\"https:\/\/www.efaflex.com\/fr\/\">Page d&#8217;accueil<\/a> \/ <span class=\"current-page\">Page<\/span><\/nav>    <\/div>\n\n\n<div style=\"height:100px\" aria-hidden=\"true\" class=\"wp-block-spacer\"><\/div>\n\n\n\r\n\r\n<div id=\"textmodul-3-spalten-block_9f4e93c8e57ecaad3ac88c6bb954ed99\" class=\"textmodul-3-spalten\">\r\n    <div class=\"inner\">\r\n        <div class=\"custom-flex-box\">\r\n                            <h1 class=\"flex-box-thirty break headline-two\">Leader de l\u2019innovation par passion.<\/h1>                        <div class=\"flex-box-thirty\"><p>Avec une porte rapide EFAFLEX, vous optez pour la meilleure technologie \u00e0 l\u2019\u00e9chelle internationale et b\u00e9n\u00e9ficiez en exclusivit\u00e9 de notre avanc\u00e9e technique. Nous sommes tr\u00e8s fiers d\u2019avoir mis au point la porte \u00e0 spirale, qui repr\u00e9sente aujourd\u2019hui le nec plus ultra en mati\u00e8re de technologie dans le domaine des portes au niveau mondial. L\u2019EFA-SST\u00ae Secure offre une protection maximale contre les cambriolages,<\/p>\n<\/div>\r\n            <div class=\"flex-box-thirty\"><p>les vols et le vandalisme\u00a0: la premi\u00e8re et unique porte rapide de la classe de r\u00e9sistance certifi\u00e9e 4 (RC 4). Dans le secteur des portes rapides, EFAFLEX est synonyme de qualit\u00e9, de rapidit\u00e9 et de s\u00e9curit\u00e9 depuis des d\u00e9cennies. Pour qu\u2019il en reste ainsi, en tant que leader technologie incontestable, nous d\u00e9veloppons des syst\u00e8mes de porte r\u00e9volutionnaires durables.<\/p>\n<\/div>\r\n        <\/div>\r\n    <\/div>\r\n<\/div>\r\n\n\n\n<div style=\"height:100px\" aria-hidden=\"true\" class=\"wp-block-spacer\"><\/div>\n\n\n\r\n<style type=\"text\/css\">\r\n    #zahlen-fakten-modul-block_3b4ad8f9f18a2c78322b0556e0c6a866 {\r\n    \/* Add styles that use ACF values here *\/\r\n    }\r\n<\/style>\r\n\r\n<div class=\"zahlen-fakten-modul\">\r\n            \r\n            <div class=\"vid-img-left\">\r\n                                    <div class=\"img-vid-box\">\r\n                                                                                                    <img decoding=\"async\" width=\"1280\" height=\"720\" src=\"https:\/\/www.efaflex.com\/wp-content\/uploads\/2022\/07\/industrie-4-0-innovation-unternehmen-efaflex.jpg\" class=\"attachment-zahlen-fakten-bild size-zahlen-fakten-bild\" alt=\"\" srcset=\"https:\/\/www.efaflex.com\/wp-content\/uploads\/2022\/07\/industrie-4-0-innovation-unternehmen-efaflex.jpg 1280w, https:\/\/www.efaflex.com\/wp-content\/uploads\/2022\/07\/industrie-4-0-innovation-unternehmen-efaflex-300x169.jpg 300w, https:\/\/www.efaflex.com\/wp-content\/uploads\/2022\/07\/industrie-4-0-innovation-unternehmen-efaflex-1024x576.jpg 1024w, https:\/\/www.efaflex.com\/wp-content\/uploads\/2022\/07\/industrie-4-0-innovation-unternehmen-efaflex-768x432.jpg 768w\" sizes=\"(max-width: 1280px) 100vw, 1280px\" \/>                                            <\/div>\r\n                            <\/div>\r\n\r\n                        \r\n            <div class=\"text-right\">\r\n                                    <div class=\"inner-box only-headline\">\r\n                        <h2><p>EFAFLEX : visionnaire et pr\u00e9curseur depuis 50 ans.<\/p>\n<\/h2>\r\n                    <\/div>\r\n                            <\/div>\r\n\r\n            <\/div>\n\n\n<div style=\"height:200px\" aria-hidden=\"true\" class=\"wp-block-spacer\"><\/div>\n\n\n\r\n<div id=\"bild-text-modul-links-rechts-block_4802eea71e5332f2c076959c4a8215f3\" class=\"bild-text-modul-container\">\r\n    <div class=\"inner\">\r\n                        \r\n                                    \r\n                            <div id=\"\" class=\"bild-text-modul-rechts bild-text-modul\">\r\n                                <div class=\"custom-flex-box\">\r\n                                    <div class=\"flex-box-fourty text-container\">\r\n                                        <div class=\"text-container-flex\">\r\n                                            <div class=\"text-inner\">\r\n\r\n                                                                                                                                                            <div class=\"text-left-border\">\r\n                                                            <div class=\"text-cut\">\r\n                                                                \r\n\r\n                                                                                                                                    <h2 class=\"headline-two\">Un d\u00e9veloppement permanent.<\/h2>                                                                \r\n\r\n                                                                <p class=\"normal-font full-text\"><p>EFAFLEX a cr\u00e9\u00e9 l\u2019appellation \u00ab portes rapides \u00bb il y a 50 ans d\u00e9j\u00e0, appellation qui s\u2019est impos\u00e9e depuis lors. Gr\u00e2ce aux inventions et d\u00e9veloppements permanents, nous sommes le principal fabricant de portes industrielles rapides dans le monde entier depuis plus de 20 ans. Nous sommes fiers de la croissance constante qu\u2019a connu notre entreprise familiale depuis sa cr\u00e9ation.<\/p>\n<\/p>\r\n\r\n                                                            <\/div>\r\n                                                            <div class=\"button-box\">\r\n                                                                                                                                \r\n                                                                                                                                                                                                                                                                                                                                                                                                                                                                                    <\/div>\r\n                                                        <\/div>\r\n                                                                                                    \r\n                                            <\/div>\r\n                                        <\/div>\r\n                                    <\/div>\r\n                                    <div class=\"flex-box-sixty bild-container\">\r\n                                                                                                                                                                                                                                                                                        <img decoding=\"async\" width=\"922\" height=\"556\" src=\"https:\/\/www.efaflex.com\/wp-content\/uploads\/2022\/07\/unternehme_innovation_weiterentwicklung.jpg\" class=\"attachment-full size-full\" alt=\"\" srcset=\"https:\/\/www.efaflex.com\/wp-content\/uploads\/2022\/07\/unternehme_innovation_weiterentwicklung.jpg 922w, https:\/\/www.efaflex.com\/wp-content\/uploads\/2022\/07\/unternehme_innovation_weiterentwicklung-300x181.jpg 300w, https:\/\/www.efaflex.com\/wp-content\/uploads\/2022\/07\/unternehme_innovation_weiterentwicklung-768x463.jpg 768w, https:\/\/www.efaflex.com\/wp-content\/uploads\/2022\/07\/unternehme_innovation_weiterentwicklung-920x556.jpg 920w\" sizes=\"(max-width: 922px) 100vw, 922px\" \/>                                                                                                                                                                        <\/div>\r\n                                <\/div>\r\n                            <\/div>\r\n                                    \r\n            \r\n\r\n        \r\n\r\n\r\n        <\/div>\r\n<\/div>\r\n\r\n<style>\r\n    .bild-text-modul {\r\n        scroll-margin-top: 143px;\r\n    }\r\n<\/style>\n\n\n<div style=\"height:200px\" aria-hidden=\"true\" class=\"wp-block-spacer\"><\/div>\n\n\n\r\n<div id=\"bild-text-modul-links-rechts-block_1eb31bd362de5a92392a0829669e9d2d\" class=\"bild-text-modul-container\">\r\n    <div class=\"inner\">\r\n                                                                                        <div id=\"\" class=\"bild-text-modul-links bild-text-modul\">\r\n                                <div class=\"custom-flex-box\">\r\n                                    <div class=\"flex-box-sixty bild-container\">\r\n                                                                                                                                                                                                                                                                                        <img decoding=\"async\" width=\"923\" height=\"556\" src=\"https:\/\/www.efaflex.com\/wp-content\/uploads\/2022\/07\/konsequente-forschung-entwicklung-unternehmen-innovation-efaflex.jpg\" class=\"attachment-full size-full\" alt=\"\" srcset=\"https:\/\/www.efaflex.com\/wp-content\/uploads\/2022\/07\/konsequente-forschung-entwicklung-unternehmen-innovation-efaflex.jpg 923w, https:\/\/www.efaflex.com\/wp-content\/uploads\/2022\/07\/konsequente-forschung-entwicklung-unternehmen-innovation-efaflex-300x181.jpg 300w, https:\/\/www.efaflex.com\/wp-content\/uploads\/2022\/07\/konsequente-forschung-entwicklung-unternehmen-innovation-efaflex-768x463.jpg 768w\" sizes=\"(max-width: 923px) 100vw, 923px\" \/>                                                                                                                                                                        <\/div>\r\n\r\n                                    <div class=\"flex-box-fourty text-container\">\r\n                                        <div class=\"text-container-flex\">\r\n                                            <div class=\"text-inner\">\r\n                                                                                                                                                            <div class=\"text-left-border\">\r\n                                                            <div class=\"text-cut\">\r\n                                                                \r\n\r\n                                                                                                                                          <h2 class=\"headline-two\">Des activit\u00e9s de recherche et de d\u00e9veloppement permanentes.<\/h2>                                                                   \r\n\r\n                                                                <p class=\"normal-font\"><p>Depuis la cr\u00e9ation de l\u2019entreprise, la recherche et le d\u00e9veloppement internes sont un \u00e9l\u00e9ment important de la philosophie d\u2019entreprise et assurent progr\u00e8s et succ\u00e8s permanents. Les portes sont notre passion et nous ne nous reposons pas sur nos lauriers. C\u2019est pourquoi nous cherchons constamment \u00e0 faire \u00e9voluer nos produits et d\u00e9veloppons de nouvelles solutions pour de nouveaux domaines d\u2019utilisation dans tous les secteurs. Nos clients appr\u00e9cient notre curiosit\u00e9 positive parce qu\u2019ils savent que nous d\u00e9veloppons la solution parfaite et construisons la porte parfaite pour eux aussi.<\/p>\n<\/p>\r\n                                                            <\/div>\r\n                                                            <div class=\"button-box\">\r\n                                                                                                                                                                                                                                                              <\/div>\r\n                                                        <\/div>\r\n                                                                                                                                                <\/div>\r\n                                        <\/div>\r\n                                    <\/div>\r\n                                <\/div>\r\n                            <\/div>\r\n\r\n                                    \r\n            \r\n\r\n        \r\n\r\n\r\n        <\/div>\r\n<\/div>\r\n\r\n<style>\r\n    .bild-text-modul {\r\n        scroll-margin-top: 143px;\r\n    }\r\n<\/style>\n\n\n<div style=\"height:200px\" aria-hidden=\"true\" class=\"wp-block-spacer\"><\/div>\n\n\n\r\n<div id=\"bild-text-modul-links-rechts-block_e43105886683391dc89bccb6c0db4b1e\" class=\"bild-text-modul-container\">\r\n    <div class=\"inner\">\r\n                        \r\n                                    \r\n                            <div id=\"\" class=\"bild-text-modul-rechts bild-text-modul\">\r\n                                <div class=\"custom-flex-box\">\r\n                                    <div class=\"flex-box-fourty text-container\">\r\n                                        <div class=\"text-container-flex\">\r\n                                            <div class=\"text-inner\">\r\n\r\n                                                                                                                                                            <div class=\"text-left-border\">\r\n                                                            <div class=\"text-cut\">\r\n                                                                \r\n\r\n                                                                                                                                    <h2 class=\"headline-two\">Des techniques de s\u00e9curit\u00e9 les plus modernes.<\/h2>                                                                \r\n\r\n                                                                <p class=\"normal-font full-text\"><p>Les syst\u00e8mes de s\u00e9curit\u00e9 uniques tels que la rideau optique de porte, le scanner laser et la surveillance en amont s\u00e9curisent la zone autour de votre porte en prot\u00e9geant ainsi les hommes, la porte et les v\u00e9hicules. La nouvelle gamme EFAPROTECT\u00ae allie \u00e0 la perfection vitesse et s\u00e9curit\u00e9. L\u2019EFA-SST\u00ae Secure est la premi\u00e8re et unique porte rapide de la classe de r\u00e9sistance certifi\u00e9e 4 (RC 4), garantissant une protection maximale contre les effractions et le vandalisme. La variante RC 3 et notre EFA-SST\u00ae Efficient de la classe de r\u00e9sistance 2 (RC 2) couvre tous les besoins en mati\u00e8re de s\u00e9curit\u00e9.<\/p>\n<\/p>\r\n\r\n                                                            <\/div>\r\n                                                            <div class=\"button-box\">\r\n                                                                                                                                \r\n                                                                                                                                                                                                                                                                                                                                                                                                                                                                                    <\/div>\r\n                                                        <\/div>\r\n                                                                                                    \r\n                                            <\/div>\r\n                                        <\/div>\r\n                                    <\/div>\r\n                                    <div class=\"flex-box-sixty bild-container\">\r\n                                                                                                                                                                                                                                                                                        <img decoding=\"async\" width=\"924\" height=\"556\" src=\"https:\/\/www.efaflex.com\/wp-content\/uploads\/2022\/07\/unternehmen_innovation_rc4.jpg\" class=\"attachment-full size-full\" alt=\"\" srcset=\"https:\/\/www.efaflex.com\/wp-content\/uploads\/2022\/07\/unternehmen_innovation_rc4.jpg 924w, https:\/\/www.efaflex.com\/wp-content\/uploads\/2022\/07\/unternehmen_innovation_rc4-300x181.jpg 300w, https:\/\/www.efaflex.com\/wp-content\/uploads\/2022\/07\/unternehmen_innovation_rc4-768x462.jpg 768w\" sizes=\"(max-width: 924px) 100vw, 924px\" \/>                                                                                                                                                                        <\/div>\r\n                                <\/div>\r\n                            <\/div>\r\n                                    \r\n            \r\n\r\n        \r\n\r\n\r\n        <\/div>\r\n<\/div>\r\n\r\n<style>\r\n    .bild-text-modul {\r\n        scroll-margin-top: 143px;\r\n    }\r\n<\/style>\n\n\n<div style=\"height:200px\" aria-hidden=\"true\" class=\"wp-block-spacer\"><\/div>\n\n\n\r\n\r\n<div id=\"bild-text-modul-rechts-zweizeilig-block_59ef17450d67d2487a34412980d133d3\" class=\"bild-text-modul-zweizeilig-container\">\r\n                <\/div>\n\n\n<div style=\"height:200px\" aria-hidden=\"true\" class=\"wp-block-spacer\"><\/div>\n\n\n<div class=\"inner\">\r\n    <div id=\"bild-text-modul-1-3-block_5a6e05cc13839bff5d173e9ae52ca935\" class=\"themen-container custom-flex-box\">\r\n            <\/div>\r\n<\/div>\r\n\n\n\n<div style=\"height:100px\" aria-hidden=\"true\" class=\"wp-block-spacer\"><\/div>\n","protected":false},"excerpt":{"rendered":"","protected":false},"author":4,"featured_media":0,"parent":21026,"menu_order":22,"comment_status":"closed","ping_status":"closed","template":"","meta":{"_acf_changed":false,"footnotes":""},"categories":[],"tags":[],"class_list":["post-21075","page","type-page","status-publish","hentry"],"acf":[],"_links":{"self":[{"href":"https:\/\/www.efaflex.com\/fr\/wp-json\/wp\/v2\/pages\/21075","targetHints":{"allow":["GET"]}}],"collection":[{"href":"https:\/\/www.efaflex.com\/fr\/wp-json\/wp\/v2\/pages"}],"about":[{"href":"https:\/\/www.efaflex.com\/fr\/wp-json\/wp\/v2\/types\/page"}],"author":[{"embeddable":true,"href":"https:\/\/www.efaflex.com\/fr\/wp-json\/wp\/v2\/users\/4"}],"replies":[{"embeddable":true,"href":"https:\/\/www.efaflex.com\/fr\/wp-json\/wp\/v2\/comments?post=21075"}],"version-history":[{"count":4,"href":"https:\/\/www.efaflex.com\/fr\/wp-json\/wp\/v2\/pages\/21075\/revisions"}],"predecessor-version":[{"id":28575,"href":"https:\/\/www.efaflex.com\/fr\/wp-json\/wp\/v2\/pages\/21075\/revisions\/28575"}],"up":[{"embeddable":true,"href":"https:\/\/www.efaflex.com\/fr\/wp-json\/wp\/v2\/pages\/21026"}],"wp:attachment":[{"href":"https:\/\/www.efaflex.com\/fr\/wp-json\/wp\/v2\/media?parent=21075"}],"wp:term":[{"taxonomy":"category","embeddable":true,"href":"https:\/\/www.efaflex.com\/fr\/wp-json\/wp\/v2\/categories?post=21075"},{"taxonomy":"post_tag","embeddable":true,"href":"https:\/\/www.efaflex.com\/fr\/wp-json\/wp\/v2\/tags?post=21075"}],"curies":[{"name":"wp","href":"https:\/\/api.w.org\/{rel}","templated":true}]}}