{"id":21082,"date":"2022-06-27T17:53:51","date_gmt":"2022-06-27T15:53:51","guid":{"rendered":"https:\/\/www.efaflex.com\/partner-programmes\/"},"modified":"2026-01-08T13:55:03","modified_gmt":"2026-01-08T12:55:03","slug":"programme-de-partenariat","status":"publish","type":"page","link":"https:\/\/www.efaflex.com\/fr\/service-apres-vente\/service-international\/programme-de-partenariat\/","title":{"rendered":"Programme de partenariat"},"content":{"rendered":"\r\n<script type=\"application\/javascript\">\r\n    window.addEventListener('DOMContentLoaded', function() {\r\n        jQuery(document).ready(function($){\r\n            var sliderid = \"block_36aab9259dd1bd32c13238e4843283ab\";\r\n            $('#'+sliderid).slick({\r\n                infinite: true,\r\n                dots: false,\r\n                lazyLoad: 'ondemand',\r\n                autoplay: true,\r\n                autoplaySpeed: 5000,\r\n                pauseOnFocus: true,\r\n                arrows: false,\r\n                fade: false,\r\n                speed: 1500,\r\n                pauseOnHover: false,\r\n                prevArrow: '<div class=\"slick-prev slick-button\"><svg xmlns=\"http:\/\/www.w3.org\/2000\/svg\" viewBox=\"0 0 448 512\"><!--! Font Awesome Pro 6.1.1 by @fontawesome - https:\/\/fontawesome.com License - https:\/\/fontawesome.com\/license (Commercial License) Copyright 2022 Fonticons, Inc. --><path d=\"M77.25 256l137.4-137.4c12.5-12.5 12.5-32.75 0-45.25s-32.75-12.5-45.25 0l-160 160c-12.5 12.5-12.5 32.75 0 45.25l160 160C175.6 444.9 183.8 448 192 448s16.38-3.125 22.62-9.375c12.5-12.5 12.5-32.75 0-45.25L77.25 256zM269.3 256l137.4-137.4c12.5-12.5 12.5-32.75 0-45.25s-32.75-12.5-45.25 0l-160 160c-12.5 12.5-12.5 32.75 0 45.25l160 160C367.6 444.9 375.8 448 384 448s16.38-3.125 22.62-9.375c12.5-12.5 12.5-32.75 0-45.25L269.3 256z\"\/><\/svg><\/div>',\r\n                nextArrow: '<div class=\"slick-next slick-button\"><svg xmlns=\"http:\/\/www.w3.org\/2000\/svg\" viewBox=\"0 0 448 512\"><!--! Font Awesome Pro 6.1.1 by @fontawesome - https:\/\/fontawesome.com License - https:\/\/fontawesome.com\/license (Commercial License) Copyright 2022 Fonticons, Inc. --><path fill=\"ff0000\" style=\"height: 22px\" d=\"M246.6 233.4l-160-160c-12.5-12.5-32.75-12.5-45.25 0s-12.5 32.75 0 45.25L178.8 256l-137.4 137.4c-12.5 12.5-12.5 32.75 0 45.25C47.63 444.9 55.81 448 64 448s16.38-3.125 22.62-9.375l160-160C259.1 266.1 259.1 245.9 246.6 233.4zM438.6 233.4l-160-160c-12.5-12.5-32.75-12.5-45.25 0s-12.5 32.75 0 45.25L370.8 256l-137.4 137.4c-12.5 12.5-12.5 32.75 0 45.25C239.6 444.9 247.8 448 256 448s16.38-3.125 22.62-9.375l160-160C451.1 266.1 451.1 245.9 438.6 233.4z\"\/><\/svg><\/div>',\r\n            });\r\n        });\r\n    });\r\n<\/script>\r\n\r\n<div id=\"block_36aab9259dd1bd32c13238e4843283ab\" class=\"bild-video-slider-fullwidth\">\r\n                        <div class=\"bild-video-slider-fullwidth--slide img-vid-box\">\r\n                                                                                                    <img decoding=\"async\" width=\"1920\" height=\"966\" src=\"https:\/\/www.efaflex.com\/wp-content\/uploads\/2022\/07\/partnerprogramm-service-international-efaflex.jpg\" class=\"attachment-bild-fullsize-width size-bild-fullsize-width\" alt=\"\" srcset=\"https:\/\/www.efaflex.com\/wp-content\/uploads\/2022\/07\/partnerprogramm-service-international-efaflex.jpg 1920w, https:\/\/www.efaflex.com\/wp-content\/uploads\/2022\/07\/partnerprogramm-service-international-efaflex-300x151.jpg 300w, https:\/\/www.efaflex.com\/wp-content\/uploads\/2022\/07\/partnerprogramm-service-international-efaflex-1024x515.jpg 1024w, https:\/\/www.efaflex.com\/wp-content\/uploads\/2022\/07\/partnerprogramm-service-international-efaflex-768x386.jpg 768w, https:\/\/www.efaflex.com\/wp-content\/uploads\/2022\/07\/partnerprogramm-service-international-efaflex-1536x773.jpg 1536w\" sizes=\"(max-width: 1920px) 100vw, 1920px\" \/>                    \r\n                                                <\/div>\r\n            <\/div>\n\n\r\n\r\n<div id=\"breadcrump-block_90b22d793826212f2edd0363c8107141\" class=\"inner\">\r\n        <nav class=\"breadcrumb\"><a href=\"https:\/\/www.efaflex.com\/fr\/\">Page d&#8217;accueil<\/a> \/ <span class=\"current-page\">Page<\/span><\/nav>    <\/div>\n\n\n<div style=\"height:150px\" aria-hidden=\"true\" class=\"wp-block-spacer\"><\/div>\n\n\n\r\n\r\n<div id=\"textmodul-3-spalten-block_c96cba2f2cc4eec797b105475f38750f\" class=\"textmodul-3-spalten\">\r\n    <div class=\"inner\">\r\n        <div class=\"custom-flex-box\">\r\n                            <h1 class=\"flex-box-thirty break headline-two\">Programme Partenaires EFAFLEX \u2013 R\u00e9ussir Ensemble \u00e0 l\u2019\u00c9chelle Mondiale.<\/h1>                        <div class=\"flex-box-thirty\"><p>Plus de 1 600 collaborateurs-trices travaillent chaque jour sur des produits de haute qualit\u00e9. Ils soutiennent nos clients et partenaires avec le meilleur conseil et un excellent service \u2013 dans le monde entier. Devenez, vous aussi, partenaire EFAFLEX et faites partie de la famille EFAFLEX et de son succ\u00e8s.<\/p>\n<\/div>\r\n            <div class=\"flex-box-thirty\"><p>Le programme de partenariat EFAFLEX vous offre de nombreux avantages et constitue pour vous une part lucrative de notre relation commerciale commune, p\u00e9renne, productive et bas\u00e9e sur la confiance.<\/p>\n<\/div>\r\n        <\/div>\r\n    <\/div>\r\n<\/div>\r\n\n\n\n<div style=\"height:100px\" aria-hidden=\"true\" class=\"wp-block-spacer\"><\/div>\n\n\n\r\n\r\n<div class=\"icon-ablauf-modul\">\r\n    <div class=\"inner\">\r\n        <div class=\"custom-flex-box-twentyfive\">\r\n                                                <div class=\"single-icon custom-flex-box-twentyfive\">\r\n                                                                            <img decoding=\"async\" src=\"https:\/\/www.efaflex.com\/wp-content\/uploads\/2022\/07\/partner-programme-service-international-efaflex.png\" alt=\"\" \/>\r\n                                            <\/div>\r\n                                    <div class=\"single-icon custom-flex-box-twentyfive\">\r\n                                                                            <img decoding=\"async\" src=\"https:\/\/www.efaflex.com\/wp-content\/uploads\/2022\/07\/vertrauen-unternehmensphilosophie-unsere-werte-unternehmen-efaflex.png\" alt=\"\" \/>\r\n                                            <\/div>\r\n                                    <div class=\"single-icon custom-flex-box-twentyfive\">\r\n                                                                            <img decoding=\"async\" src=\"https:\/\/www.efaflex.com\/wp-content\/uploads\/2022\/07\/efaflex-logo-partnerprogramme-service-international.png\" alt=\"\" \/>\r\n                                            <\/div>\r\n                                    <div class=\"single-icon custom-flex-box-twentyfive\">\r\n                                                                            <img decoding=\"async\" src=\"https:\/\/www.efaflex.com\/wp-content\/uploads\/2022\/07\/gruppierung-partnerprogramme-service-international-efaflex.png\" alt=\"\" \/>\r\n                                            <\/div>\r\n                                    <\/div>\r\n    <\/div>\r\n<\/div>\n\n\n<div style=\"height:100px\" aria-hidden=\"true\" class=\"wp-block-spacer\"><\/div>\n\n\n\r\n<div id=\"contact-modul-2-block_f3560c52999b85f1f74e9fc783d5b25b\" class=\"contact-modul-2 inner\">\r\n    <h2>Profitez de cette occasion unique et faites partie de notre histoire \u00e0 succ\u00e8s\u00a0!<\/h2>\r\n    <p>Vous souhaitez plus d\u2019informations sur notre programme de partenariat ?<br \/>\r\nContactez-nous:<\/p>\r\n                <a class=\"load-more-button\" href=\"mailto:partner@efaflex.com\" target=\"\">partner@efaflex.com<\/a>\r\n    <\/div>\n\n\n<div style=\"height:200px\" aria-hidden=\"true\" class=\"wp-block-spacer\"><\/div>\n\n\n\r\n<div id=\"benefits-modul-block_c46030f39ba91f25556a2e7d39ff1c19\" class=\"benefits-modul inner\">\r\n    <h2>Vos avantages.<\/h2>\r\n            <div class=\"custom-flex-box\">\r\n                            <div class=\"flex-box-fifty benefits-modul--benefit\">\r\n                    <img decoding=\"async\" width=\"49\" height=\"49\" src=\"https:\/\/www.efaflex.com\/wp-content\/themes\/efaflex\/assets\/img\/benefits-check.svg\" alt=\"Benefits Check Icon\">\r\n                    <div>\r\n                        Transfert de connaissances hautement qualifi\u00e9 gr\u00e2ce \u00e0 nos formations internes                                            <\/div>\r\n                <\/div>\r\n                            <div class=\"flex-box-fifty benefits-modul--benefit\">\r\n                    <img decoding=\"async\" width=\"49\" height=\"49\" src=\"https:\/\/www.efaflex.com\/wp-content\/themes\/efaflex\/assets\/img\/benefits-check.svg\" alt=\"Benefits Check Icon\">\r\n                    <div>\r\n                        Soutien exclusif par nos agents de pays \u2013 votre interlocuteur direct                                            <\/div>\r\n                <\/div>\r\n                            <div class=\"flex-box-fifty benefits-modul--benefit\">\r\n                    <img decoding=\"async\" width=\"49\" height=\"49\" src=\"https:\/\/www.efaflex.com\/wp-content\/themes\/efaflex\/assets\/img\/benefits-check.svg\" alt=\"Benefits Check Icon\">\r\n                    <div>\r\n                        Assistance technique de nos propres superviseurs par t\u00e9l\u00e9phone, e-mail et, si n\u00e9cessaire, sur place                                            <\/div>\r\n                <\/div>\r\n                            <div class=\"flex-box-fifty benefits-modul--benefit\">\r\n                    <img decoding=\"async\" width=\"49\" height=\"49\" src=\"https:\/\/www.efaflex.com\/wp-content\/themes\/efaflex\/assets\/img\/benefits-check.svg\" alt=\"Benefits Check Icon\">\r\n                    <div>\r\n                        Soutien dans une approche strat\u00e9gique pour le domaine de service par des collaborateurs exp\u00e9riment\u00e9s de longue date (International Customer Service) ainsi que lors des visites sur le site client                                            <\/div>\r\n                <\/div>\r\n                            <div class=\"flex-box-fifty benefits-modul--benefit\">\r\n                    <img decoding=\"async\" width=\"49\" height=\"49\" src=\"https:\/\/www.efaflex.com\/wp-content\/themes\/efaflex\/assets\/img\/benefits-check.svg\" alt=\"Benefits Check Icon\">\r\n                    <div>\r\n                        client Un conseil rapide et comp\u00e9tent pour les pi\u00e8ces de rechange ainsi que pour les r\u00e9parations et les conversions, y compris la livraison directe au lieu de livraison souhait\u00e9                                            <\/div>\r\n                <\/div>\r\n                            <div class=\"flex-box-fifty benefits-modul--benefit\">\r\n                    <img decoding=\"async\" width=\"49\" height=\"49\" src=\"https:\/\/www.efaflex.com\/wp-content\/themes\/efaflex\/assets\/img\/benefits-check.svg\" alt=\"Benefits Check Icon\">\r\n                    <div>\r\n                        Utilisation exclusive de l&#8217;application partenaire EFAFLEX                                            <\/div>\r\n                <\/div>\r\n                            <div class=\"flex-box-fifty benefits-modul--benefit\">\r\n                    <img decoding=\"async\" width=\"49\" height=\"49\" src=\"https:\/\/www.efaflex.com\/wp-content\/themes\/efaflex\/assets\/img\/benefits-check.svg\" alt=\"Benefits Check Icon\">\r\n                    <div>\r\n                        Soutien lors de salons                                            <\/div>\r\n                <\/div>\r\n                            <div class=\"flex-box-fifty benefits-modul--benefit\">\r\n                    <img decoding=\"async\" width=\"49\" height=\"49\" src=\"https:\/\/www.efaflex.com\/wp-content\/themes\/efaflex\/assets\/img\/benefits-check.svg\" alt=\"Benefits Check Icon\">\r\n                    <div>\r\n                         Mat\u00e9riel visuel exclusif ainsi que l&#8217;utilisation de brochures, de d\u00e9pliants et d&#8217;autres mat\u00e9riaux de haute qualit\u00e9                                            <\/div>\r\n                <\/div>\r\n                            <div class=\"flex-box-fifty benefits-modul--benefit\">\r\n                    <img decoding=\"async\" width=\"49\" height=\"49\" src=\"https:\/\/www.efaflex.com\/wp-content\/themes\/efaflex\/assets\/img\/benefits-check.svg\" alt=\"Benefits Check Icon\">\r\n                    <div>\r\n                        Exposition mobile avec notre remorque de d\u00e9monstration                                            <\/div>\r\n                <\/div>\r\n                    <\/div>\r\n        <div class=\"benefits-modul--links\">\r\n                                    <\/div>\r\n<\/div>\n\n\n<div style=\"height:200px\" aria-hidden=\"true\" class=\"wp-block-spacer\"><\/div>\n","protected":false},"excerpt":{"rendered":"","protected":false},"author":4,"featured_media":0,"parent":21142,"menu_order":0,"comment_status":"closed","ping_status":"closed","template":"","meta":{"_acf_changed":false,"footnotes":""},"categories":[],"tags":[],"class_list":["post-21082","page","type-page","status-publish","hentry"],"acf":[],"_links":{"self":[{"href":"https:\/\/www.efaflex.com\/fr\/wp-json\/wp\/v2\/pages\/21082","targetHints":{"allow":["GET"]}}],"collection":[{"href":"https:\/\/www.efaflex.com\/fr\/wp-json\/wp\/v2\/pages"}],"about":[{"href":"https:\/\/www.efaflex.com\/fr\/wp-json\/wp\/v2\/types\/page"}],"author":[{"embeddable":true,"href":"https:\/\/www.efaflex.com\/fr\/wp-json\/wp\/v2\/users\/4"}],"replies":[{"embeddable":true,"href":"https:\/\/www.efaflex.com\/fr\/wp-json\/wp\/v2\/comments?post=21082"}],"version-history":[{"count":7,"href":"https:\/\/www.efaflex.com\/fr\/wp-json\/wp\/v2\/pages\/21082\/revisions"}],"predecessor-version":[{"id":35561,"href":"https:\/\/www.efaflex.com\/fr\/wp-json\/wp\/v2\/pages\/21082\/revisions\/35561"}],"up":[{"embeddable":true,"href":"https:\/\/www.efaflex.com\/fr\/wp-json\/wp\/v2\/pages\/21142"}],"wp:attachment":[{"href":"https:\/\/www.efaflex.com\/fr\/wp-json\/wp\/v2\/media?parent=21082"}],"wp:term":[{"taxonomy":"category","embeddable":true,"href":"https:\/\/www.efaflex.com\/fr\/wp-json\/wp\/v2\/categories?post=21082"},{"taxonomy":"post_tag","embeddable":true,"href":"https:\/\/www.efaflex.com\/fr\/wp-json\/wp\/v2\/tags?post=21082"}],"curies":[{"name":"wp","href":"https:\/\/api.w.org\/{rel}","templated":true}]}}