{"id":21132,"date":"2022-06-27T16:29:06","date_gmt":"2022-06-27T14:29:06","guid":{"rendered":"https:\/\/www.efaflex.com\/service\/service-germany\/hotline-support\/"},"modified":"2026-01-13T15:58:46","modified_gmt":"2026-01-13T14:58:46","slug":"assistance-telephonique-aide","status":"publish","type":"page","link":"https:\/\/www.efaflex.com\/fr\/service-apres-vente\/service-allemagne\/assistance-telephonique-aide\/","title":{"rendered":"Assistance t\u00e9l\u00e9phonique &amp; aide Allemange"},"content":{"rendered":"\r\n\r\n<div id=\"breadcrump-block_061b05398f5e736f5061918fefe9bf17\" class=\"inner\">\r\n        <nav class=\"breadcrumb\"><a href=\"https:\/\/www.efaflex.com\/fr\/\">Page d&#8217;accueil<\/a> \/ <span class=\"current-page\">Page<\/span><\/nav>    <\/div>\n\n\n<div style=\"height:150px\" aria-hidden=\"true\" class=\"wp-block-spacer\"><\/div>\n\n\n\r\n\r\n<div id=\"textmodul-3-spalten-block_f0104bf2851e1d3c66db7d428534e811\" class=\"textmodul-3-spalten\">\r\n    <div class=\"inner\">\r\n        <div class=\"custom-flex-box\">\r\n                            <h1 class=\"flex-box-thirty break headline-two\">Assistance t\u00e9l\u00e9phonique &amp; aide.<\/h1>                        <div class=\"flex-box-thirty\"><p>Comp\u00e9tents et personnels, toujours l\u00e0 pour vous : chez EFAFLEX, fabricant leader du march\u00e9 des portes industrielles rapides, vous \u00eates entre de bonnes mains 24 heures sur 24.<\/p>\n<p>Notre ligne d\u2019assistance t\u00e9l\u00e9phonique EFAFLEX vous fournit un soutien comp\u00e9tent pour toutes les questions sur les portes. Utilisez \u00e9galement notre adresse e-mail\u00a0 <a href=\"mailto:technical-support@efaflex.com\">technical-support@efaflex.com<\/a>.<\/p>\n<p>Vos demandes seront transmises au collaborateur \/ \u00e0 la collaboratrice comp\u00e9tent(e) dans les plus brefs d\u00e9lais.<\/p>\n<\/div>\r\n            <div class=\"flex-box-thirty\"><\/div>\r\n        <\/div>\r\n    <\/div>\r\n<\/div>\r\n\n\n\n<div style=\"height:100px\" aria-hidden=\"true\" class=\"wp-block-spacer\"><\/div>\n\n\n\r\n<div id=\"bild-text-modul-links-rechts-block_e3ee5efab0db85476d1241128b5aaa67\" class=\"bild-text-modul-container\">\r\n    <div class=\"inner\">\r\n                                                                                        <div id=\"\" class=\"bild-text-modul-links bild-text-modul\">\r\n                                <div class=\"custom-flex-box\">\r\n                                    <div class=\"flex-box-sixty bild-container\">\r\n                                                                                                                                                                                                                                                                                        <img decoding=\"async\" width=\"1846\" height=\"1112\" src=\"https:\/\/www.efaflex.com\/wp-content\/uploads\/2022\/09\/hotline-telefonsupport-service-efaflex.jpg\" class=\"attachment-full size-full\" alt=\"\" srcset=\"https:\/\/www.efaflex.com\/wp-content\/uploads\/2022\/09\/hotline-telefonsupport-service-efaflex.jpg 1846w, https:\/\/www.efaflex.com\/wp-content\/uploads\/2022\/09\/hotline-telefonsupport-service-efaflex-300x181.jpg 300w, https:\/\/www.efaflex.com\/wp-content\/uploads\/2022\/09\/hotline-telefonsupport-service-efaflex-1024x617.jpg 1024w, https:\/\/www.efaflex.com\/wp-content\/uploads\/2022\/09\/hotline-telefonsupport-service-efaflex-768x463.jpg 768w, https:\/\/www.efaflex.com\/wp-content\/uploads\/2022\/09\/hotline-telefonsupport-service-efaflex-1536x925.jpg 1536w, https:\/\/www.efaflex.com\/wp-content\/uploads\/2022\/09\/hotline-telefonsupport-service-efaflex-1060x640.jpg 1060w, https:\/\/www.efaflex.com\/wp-content\/uploads\/2022\/09\/hotline-telefonsupport-service-efaflex-1058x637.jpg 1058w\" sizes=\"(max-width: 1846px) 100vw, 1846px\" \/>                                                                                                                                                                        <\/div>\r\n\r\n                                    <div class=\"flex-box-fourty text-container\">\r\n                                        <div class=\"text-container-flex\">\r\n                                            <div class=\"text-inner\">\r\n                                                                                                                                                            <div class=\"text-left-border\">\r\n                                                            <div class=\"text-cut\">\r\n                                                                \r\n\r\n                                                                                                                                          <h2 class=\"headline-two\">Assistance t\u00e9l\u00e9phonique 24h\/24, 7j\/7, 365j\/an.<\/h2>                                                                   \r\n\r\n                                                                <p class=\"normal-font\"><p>Une assistance t\u00e9l\u00e9phonique en langue allemande est \u00e0 la disposition de nos clients au 0800 3323539. Conform\u00e9ment la philosophie de notre service apr\u00e8s-vente, vous y parlerez bien entendu directement avec des collaborateurs du service apr\u00e8s-vente EFAFLEX sp\u00e9cialis\u00e9s.<\/p>\n<\/p>\r\n                                                            <\/div>\r\n                                                            <div class=\"button-box\">\r\n                                                                                                                                                                                                                                                              <\/div>\r\n                                                        <\/div>\r\n                                                                                                                                                <\/div>\r\n                                        <\/div>\r\n                                    <\/div>\r\n                                <\/div>\r\n                            <\/div>\r\n\r\n                                    \r\n            \r\n\r\n                    \r\n                                    \r\n                            <div id=\"\" class=\"bild-text-modul-rechts bild-text-modul\">\r\n                                <div class=\"custom-flex-box\">\r\n                                    <div class=\"flex-box-fourty text-container\">\r\n                                        <div class=\"text-container-flex\">\r\n                                            <div class=\"text-inner\">\r\n\r\n                                                                                                                                                            <div class=\"text-left-border\">\r\n                                                            <div class=\"text-cut\">\r\n                                                                \r\n\r\n                                                                                                                                    <h2 class=\"headline-two\">Aide.<\/h2>                                                                \r\n\r\n                                                                <p class=\"normal-font full-text\"><p>Un superviseur du service apr\u00e8s-vente sp\u00e9cialement form\u00e9 s\u2019occupera de vos questions techniques et trouvera directement une solution ou prendra imm\u00e9diatement les mesures n\u00e9cessaires.<\/p>\n<\/p>\r\n\r\n                                                            <\/div>\r\n                                                            <div class=\"button-box\">\r\n                                                                                                                                \r\n                                                                                                                                                                                                                                                                <\/div>\r\n                                                        <\/div>\r\n                                                                                                    \r\n                                            <\/div>\r\n                                        <\/div>\r\n                                    <\/div>\r\n                                    <div class=\"flex-box-sixty bild-container\">\r\n                                                                                                                                                                                                                                                                                        <img decoding=\"async\" width=\"923\" height=\"556\" src=\"https:\/\/www.efaflex.com\/wp-content\/uploads\/2022\/07\/Digitales_Tor_Tablet_A3-1.jpg\" class=\"attachment-full size-full\" alt=\"\" srcset=\"https:\/\/www.efaflex.com\/wp-content\/uploads\/2022\/07\/Digitales_Tor_Tablet_A3-1.jpg 923w, https:\/\/www.efaflex.com\/wp-content\/uploads\/2022\/07\/Digitales_Tor_Tablet_A3-1-300x181.jpg 300w, https:\/\/www.efaflex.com\/wp-content\/uploads\/2022\/07\/Digitales_Tor_Tablet_A3-1-768x463.jpg 768w\" sizes=\"(max-width: 923px) 100vw, 923px\" \/>                                                                                                                                                                        <\/div>\r\n                                <\/div>\r\n                            <\/div>\r\n                                    \r\n            \r\n\r\n                                                                                    <div id=\"\" class=\"bild-text-modul-links bild-text-modul\">\r\n                                <div class=\"custom-flex-box\">\r\n                                    <div class=\"flex-box-sixty bild-container\">\r\n                                                                                                                                                                                                                                                                                        <img decoding=\"async\" width=\"1920\" height=\"1307\" src=\"https:\/\/www.efaflex.com\/wp-content\/uploads\/2023\/03\/Foto-1_Original.jpg\" class=\"attachment-full size-full\" alt=\"\" srcset=\"https:\/\/www.efaflex.com\/wp-content\/uploads\/2023\/03\/Foto-1_Original.jpg 1920w, https:\/\/www.efaflex.com\/wp-content\/uploads\/2023\/03\/Foto-1_Original-300x204.jpg 300w, https:\/\/www.efaflex.com\/wp-content\/uploads\/2023\/03\/Foto-1_Original-1024x697.jpg 1024w, https:\/\/www.efaflex.com\/wp-content\/uploads\/2023\/03\/Foto-1_Original-768x523.jpg 768w, https:\/\/www.efaflex.com\/wp-content\/uploads\/2023\/03\/Foto-1_Original-1536x1046.jpg 1536w\" sizes=\"(max-width: 1920px) 100vw, 1920px\" \/>                                                                                                                                                                        <\/div>\r\n\r\n                                    <div class=\"flex-box-fourty text-container\">\r\n                                        <div class=\"text-container-flex\">\r\n                                            <div class=\"text-inner\">\r\n                                                                                                                                                            <div class=\"text-left-border\">\r\n                                                            <div class=\"text-cut\">\r\n                                                                \r\n\r\n                                                                                                                                          <h2 class=\"headline-two\">EFA-SmartAssist\u00ae.<\/h2>                                                                   \r\n\r\n                                                                <p class=\"normal-font\"><p>Nous continuons \u00e0 d\u00e9velopper notre service intelligent : Pendant l\u2019assistance t\u00e9l\u00e9phonique, vous recevez pour l\u2019utilisation d\u2019EFA-SmartAssist\u00ae un lien par SMS sur votre smartphone, qui \u00e9tablit une connexion de donn\u00e9es directe avec les sp\u00e9cialistes EFAFLEX. L\u2019assistance t\u00e9l\u00e9phonique se transforme ainsi en assistance vid\u00e9o avec de nombreuses fonctions suppl\u00e9mentaires \u2013 sans aucune installation d\u2019application.<\/p>\n<p>Profitez vous aussi de notre assistance premium qui pr\u00e9serve les ressources.<\/p>\n<\/p>\r\n                                                            <\/div>\r\n                                                            <div class=\"button-box\">\r\n                                                                                                                                                                                                                                                                                                                                                              <a class=\"load-more-button\" href=\"https:\/\/www.efaflex.com\/fr\/service-apres-vente\/services-intelligents\/efa-smartassist\/\">En savoir plus<\/a>\r\n                                                                                                                                                                                                                                                                        <\/div>\r\n                                                        <\/div>\r\n                                                                                                                                                <\/div>\r\n                                        <\/div>\r\n                                    <\/div>\r\n                                <\/div>\r\n                            <\/div>\r\n\r\n                                    \r\n            \r\n\r\n                    \r\n                                    \r\n                            <div id=\"\" class=\"bild-text-modul-rechts bild-text-modul\">\r\n                                <div class=\"custom-flex-box\">\r\n                                    <div class=\"flex-box-fourty text-container\">\r\n                                        <div class=\"text-container-flex\">\r\n                                            <div class=\"text-inner\">\r\n\r\n                                                                                                                                                            <div class=\"text-left-border\">\r\n                                                            <div class=\"text-cut\">\r\n                                                                \r\n\r\n                                                                                                                                    <h2 class=\"headline-two\">Num\u00e9ro d\u2019\u00e9quipement.<\/h2>                                                                \r\n\r\n                                                                <p class=\"normal-font full-text\"><p>Notre num\u00e9ro de s\u00e9rie \u00e0 10 chiffres permet de trouver rapidement les donn\u00e9es sp\u00e9cifiques au produit. Cela aide \u00e0 prendre des mesures appropri\u00e9es imm\u00e9diatement. Veuillez l\u2019avoir toujours \u00e0 port\u00e9e de la main.<\/p>\n<\/p>\r\n\r\n                                                            <\/div>\r\n                                                            <div class=\"button-box\">\r\n                                                                                                                                \r\n                                                                                                                                                                                                                                                                <\/div>\r\n                                                        <\/div>\r\n                                                                                                    \r\n                                            <\/div>\r\n                                        <\/div>\r\n                                    <\/div>\r\n                                    <div class=\"flex-box-sixty bild-container\">\r\n                                                                                                                                                                                                                                                                                        <img decoding=\"async\" width=\"923\" height=\"556\" src=\"https:\/\/www.efaflex.com\/wp-content\/uploads\/2022\/07\/Digitales_Tor_Tablet_A3-2-2.jpg\" class=\"attachment-full size-full\" alt=\"\" srcset=\"https:\/\/www.efaflex.com\/wp-content\/uploads\/2022\/07\/Digitales_Tor_Tablet_A3-2-2.jpg 923w, https:\/\/www.efaflex.com\/wp-content\/uploads\/2022\/07\/Digitales_Tor_Tablet_A3-2-2-300x181.jpg 300w, https:\/\/www.efaflex.com\/wp-content\/uploads\/2022\/07\/Digitales_Tor_Tablet_A3-2-2-768x463.jpg 768w\" sizes=\"(max-width: 923px) 100vw, 923px\" \/>                                                                                                                                                                        <\/div>\r\n                                <\/div>\r\n                            <\/div>\r\n                                    \r\n            \r\n\r\n        \r\n\r\n\r\n        <\/div>\r\n<\/div>\r\n\r\n<style>\r\n    .bild-text-modul {\r\n        scroll-margin-top: 143px;\r\n    }\r\n<\/style>\n\n\n<div style=\"height:200px\" aria-hidden=\"true\" class=\"wp-block-spacer\"><\/div>\n","protected":false},"excerpt":{"rendered":"","protected":false},"author":4,"featured_media":0,"parent":21130,"menu_order":0,"comment_status":"closed","ping_status":"closed","template":"","meta":{"_acf_changed":false,"footnotes":""},"categories":[],"tags":[],"class_list":["post-21132","page","type-page","status-publish","hentry"],"acf":[],"_links":{"self":[{"href":"https:\/\/www.efaflex.com\/fr\/wp-json\/wp\/v2\/pages\/21132","targetHints":{"allow":["GET"]}}],"collection":[{"href":"https:\/\/www.efaflex.com\/fr\/wp-json\/wp\/v2\/pages"}],"about":[{"href":"https:\/\/www.efaflex.com\/fr\/wp-json\/wp\/v2\/types\/page"}],"author":[{"embeddable":true,"href":"https:\/\/www.efaflex.com\/fr\/wp-json\/wp\/v2\/users\/4"}],"replies":[{"embeddable":true,"href":"https:\/\/www.efaflex.com\/fr\/wp-json\/wp\/v2\/comments?post=21132"}],"version-history":[{"count":9,"href":"https:\/\/www.efaflex.com\/fr\/wp-json\/wp\/v2\/pages\/21132\/revisions"}],"predecessor-version":[{"id":35673,"href":"https:\/\/www.efaflex.com\/fr\/wp-json\/wp\/v2\/pages\/21132\/revisions\/35673"}],"up":[{"embeddable":true,"href":"https:\/\/www.efaflex.com\/fr\/wp-json\/wp\/v2\/pages\/21130"}],"wp:attachment":[{"href":"https:\/\/www.efaflex.com\/fr\/wp-json\/wp\/v2\/media?parent=21132"}],"wp:term":[{"taxonomy":"category","embeddable":true,"href":"https:\/\/www.efaflex.com\/fr\/wp-json\/wp\/v2\/categories?post=21132"},{"taxonomy":"post_tag","embeddable":true,"href":"https:\/\/www.efaflex.com\/fr\/wp-json\/wp\/v2\/tags?post=21132"}],"curies":[{"name":"wp","href":"https:\/\/api.w.org\/{rel}","templated":true}]}}