{"id":21140,"date":"2022-06-27T16:59:33","date_gmt":"2022-06-27T14:59:33","guid":{"rendered":"https:\/\/www.efaflex.com\/service\/service-germany\/machine-protection-door-training\/"},"modified":"2024-07-12T14:28:36","modified_gmt":"2024-07-12T12:28:36","slug":"formation-portes-de-protection-des-machines","status":"publish","type":"page","link":"https:\/\/www.efaflex.com\/fr\/service-apres-vente\/service-allemagne\/formation-portes-de-protection-des-machines\/","title":{"rendered":"Formation Portes de protection des machines."},"content":{"rendered":"\r\n\r\n<div id=\"breadcrump-block_e832f8a6429243f9a3e2ee9f2e66ae07\" class=\"inner\">\r\n        <nav class=\"breadcrumb\"><a href=\"https:\/\/www.efaflex.com\/fr\/\">Page d&#8217;accueil<\/a> \/ <span class=\"current-page\">Page<\/span><\/nav>    <\/div>\n\n\n<div style=\"height:150px\" aria-hidden=\"true\" class=\"wp-block-spacer\"><\/div>\n\n\n\r\n\r\n<div id=\"textmodul-3-spalten-block_28a17417bf325fb3dabcddbb658244b4\" class=\"textmodul-3-spalten\">\r\n    <div class=\"inner\">\r\n        <div class=\"custom-flex-box\">\r\n                            <h1 class=\"flex-box-thirty break headline-two\">Formation Portes de protection des machines.<\/h1>                        <div class=\"flex-box-thirty\"><p>Les portes de protection des machines doivent pouvoir \u00eatre install\u00e9s et r\u00e9par\u00e9s rapidement et facilement.<\/p>\n<p>EFAFLEX est \u00e9galement votre partenaire de service fiable. Vous avez la possibilit\u00e9 de nous confier ces services. D\u2019autre part, nous vous proposons les formations certifi\u00e9es n\u00e9cessaires pour l&#8217;installation et la maintenance.<\/p>\n<p>Quel que soit votre choix, nous sommes l\u00e0 pour vous. Service made by EFAFLEX.<\/p>\n<\/div>\r\n            <div class=\"flex-box-thirty\"><\/div>\r\n        <\/div>\r\n    <\/div>\r\n<\/div>\r\n\n\n\n<div style=\"height:100px\" aria-hidden=\"true\" class=\"wp-block-spacer\"><\/div>\n\n\n\r\n<div id=\"bild-text-modul-links-rechts-block_de9cfc0e7cced282be600ed79d8f133b\" class=\"bild-text-modul-container\">\r\n    <div class=\"inner\">\r\n                                                                                        <div id=\"\" class=\"bild-text-modul-links bild-text-modul\">\r\n                                <div class=\"custom-flex-box\">\r\n                                    <div class=\"flex-box-sixty bild-container\">\r\n                                                                                                                                                                                                                                                                                        <img decoding=\"async\" width=\"923\" height=\"556\" src=\"https:\/\/www.efaflex.com\/wp-content\/uploads\/2022\/07\/Digitales_Tor_Tablet_A3-14-e1704200845754.jpg\" class=\"attachment-full size-full\" alt=\"\" \/>                                                                                                                                                                        <\/div>\r\n\r\n                                    <div class=\"flex-box-fourty text-container\">\r\n                                        <div class=\"text-container-flex\">\r\n                                            <div class=\"text-inner\">\r\n                                                                                                                                                            <div class=\"text-left-border\">\r\n                                                            <div class=\"text-cut\">\r\n                                                                \r\n\r\n                                                                                                                                          <h2 class=\"headline-two\">Montage.<\/h2>                                                                   \r\n\r\n                                                                <p class=\"normal-font\"><p>Les portes de protection des machines EFAFLEX (EFA-SRT-MS) peuvent \u00eatre install\u00e9s et mis en service de mani\u00e8re autonome par le client apr\u00e8s avoir suivi une formation \u00e0 l&#8217;installation et obtenu le certificat d&#8217;installation EFAFLEX.<\/p>\n<p>Veuillez envoyer votre demande sp\u00e9cifique directement \u00e0 technical-training@efaflex.com et recevez votre offre sans engagement.<\/p>\n<\/p>\r\n                                                            <\/div>\r\n                                                            <div class=\"button-box\">\r\n                                                                                                                                                                                                                                                              <\/div>\r\n                                                        <\/div>\r\n                                                                                                                                                <\/div>\r\n                                        <\/div>\r\n                                    <\/div>\r\n                                <\/div>\r\n                            <\/div>\r\n\r\n                                    \r\n            \r\n\r\n                    \r\n                                    \r\n                            <div id=\"\" class=\"bild-text-modul-rechts bild-text-modul\">\r\n                                <div class=\"custom-flex-box\">\r\n                                    <div class=\"flex-box-fourty text-container\">\r\n                                        <div class=\"text-container-flex\">\r\n                                            <div class=\"text-inner\">\r\n\r\n                                                                                                                                                            <div class=\"text-left-border\">\r\n                                                            <div class=\"text-cut\">\r\n                                                                \r\n\r\n                                                                                                                                    <h2 class=\"headline-two\">Entretien.<\/h2>                                                                \r\n\r\n                                                                <p class=\"normal-font full-text\"><p>Pour maintenir le bon fonctionnement des portes de protection des machines EFAFLEX, nous vous recommandons vivement de proc\u00e9der \u00e0 un entretien r\u00e9gulier et \u00e0 des r\u00e9parations par des experts. Vous pouvez commander ces services \u00e0 EFAFLEX ou les r\u00e9aliser vous-m\u00eame apr\u00e8s avoir suivi notre formation \u00e0 la maintenance.<\/p>\n<p>Veuillez envoyer votre demande sp\u00e9cifique directement \u00e0 technical-training@efaflex.com et recevez votre offre sans engagement.<\/p>\n<\/p>\r\n\r\n                                                            <\/div>\r\n                                                            <div class=\"button-box\">\r\n                                                                                                                                \r\n                                                                                                                                                                                                                                                                <\/div>\r\n                                                        <\/div>\r\n                                                                                                    \r\n                                            <\/div>\r\n                                        <\/div>\r\n                                    <\/div>\r\n                                    <div class=\"flex-box-sixty bild-container\">\r\n                                                                                                                                                                                                                                                                                        <img decoding=\"async\" width=\"923\" height=\"556\" src=\"https:\/\/www.efaflex.com\/wp-content\/uploads\/2022\/07\/Digitales_Tor_Tablet_A3-1-3.jpg\" class=\"attachment-full size-full\" alt=\"\" srcset=\"https:\/\/www.efaflex.com\/wp-content\/uploads\/2022\/07\/Digitales_Tor_Tablet_A3-1-3.jpg 923w, https:\/\/www.efaflex.com\/wp-content\/uploads\/2022\/07\/Digitales_Tor_Tablet_A3-1-3-300x181.jpg 300w, https:\/\/www.efaflex.com\/wp-content\/uploads\/2022\/07\/Digitales_Tor_Tablet_A3-1-3-768x463.jpg 768w\" sizes=\"(max-width: 923px) 100vw, 923px\" \/>                                                                                                                                                                        <\/div>\r\n                                <\/div>\r\n                            <\/div>\r\n                                    \r\n            \r\n\r\n        \r\n\r\n\r\n        <\/div>\r\n<\/div>\r\n\r\n<style>\r\n    .bild-text-modul {\r\n        scroll-margin-top: 143px;\r\n    }\r\n<\/style>\n\n\n<div style=\"height:200px\" aria-hidden=\"true\" class=\"wp-block-spacer\"><\/div>\n","protected":false},"excerpt":{"rendered":"","protected":false},"author":4,"featured_media":0,"parent":21130,"menu_order":0,"comment_status":"closed","ping_status":"closed","template":"","meta":{"_acf_changed":false,"footnotes":""},"categories":[],"tags":[],"class_list":["post-21140","page","type-page","status-publish","hentry"],"acf":[],"_links":{"self":[{"href":"https:\/\/www.efaflex.com\/fr\/wp-json\/wp\/v2\/pages\/21140","targetHints":{"allow":["GET"]}}],"collection":[{"href":"https:\/\/www.efaflex.com\/fr\/wp-json\/wp\/v2\/pages"}],"about":[{"href":"https:\/\/www.efaflex.com\/fr\/wp-json\/wp\/v2\/types\/page"}],"author":[{"embeddable":true,"href":"https:\/\/www.efaflex.com\/fr\/wp-json\/wp\/v2\/users\/4"}],"replies":[{"embeddable":true,"href":"https:\/\/www.efaflex.com\/fr\/wp-json\/wp\/v2\/comments?post=21140"}],"version-history":[{"count":3,"href":"https:\/\/www.efaflex.com\/fr\/wp-json\/wp\/v2\/pages\/21140\/revisions"}],"predecessor-version":[{"id":24894,"href":"https:\/\/www.efaflex.com\/fr\/wp-json\/wp\/v2\/pages\/21140\/revisions\/24894"}],"up":[{"embeddable":true,"href":"https:\/\/www.efaflex.com\/fr\/wp-json\/wp\/v2\/pages\/21130"}],"wp:attachment":[{"href":"https:\/\/www.efaflex.com\/fr\/wp-json\/wp\/v2\/media?parent=21140"}],"wp:term":[{"taxonomy":"category","embeddable":true,"href":"https:\/\/www.efaflex.com\/fr\/wp-json\/wp\/v2\/categories?post=21140"},{"taxonomy":"post_tag","embeddable":true,"href":"https:\/\/www.efaflex.com\/fr\/wp-json\/wp\/v2\/tags?post=21140"}],"curies":[{"name":"wp","href":"https:\/\/api.w.org\/{rel}","templated":true}]}}