{"id":21146,"date":"2022-06-27T17:41:13","date_gmt":"2022-06-27T15:41:13","guid":{"rendered":"https:\/\/www.efaflex.com\/service\/service-international\/repair-troubleshooting\/"},"modified":"2026-01-13T15:34:14","modified_gmt":"2026-01-13T14:34:14","slug":"reparation-et-depannage","status":"publish","type":"page","link":"https:\/\/www.efaflex.com\/fr\/service-apres-vente\/service-international\/reparation-et-depannage\/","title":{"rendered":"R\u00e9paration et d\u00e9pannage international"},"content":{"rendered":"\r\n\r\n<div id=\"breadcrump-block_cf58fe42adcfe010da1c7c4269219edb\" class=\"inner\">\r\n        <nav class=\"breadcrumb\"><a href=\"https:\/\/www.efaflex.com\/fr\/\">Page d&#8217;accueil<\/a> \/ <span class=\"current-page\">Page<\/span><\/nav>    <\/div>\n\n\n<div style=\"height:150px\" aria-hidden=\"true\" class=\"wp-block-spacer\"><\/div>\n\n\n\r\n\r\n<div id=\"textmodul-3-spalten-block_ea0528a3f093ffe313f6179d9349b692\" class=\"textmodul-3-spalten\">\r\n    <div class=\"inner\">\r\n        <div class=\"custom-flex-box\">\r\n                            <h1 class=\"flex-box-thirty break headline-two\">R\u00e9paration et d\u00e9pannage &#8211; international.<\/h1>                        <div class=\"flex-box-thirty\"><p>Un bon service de r\u00e9paration signifie : une restauration rapide et une disponibilit\u00e9 de votre syst\u00e8me de porte dans les plus brefs d\u00e9lais.<\/p>\n<p>Notre personnel de service et nos techniciens qualifi\u00e9s assurent une assistance professionnelle et comp\u00e9tente pour votre syst\u00e8me de porte \u2013 dans le monde entier et tout au long de la dur\u00e9e de vie de votre porte.<\/p>\n<\/div>\r\n            <div class=\"flex-box-thirty\"><\/div>\r\n        <\/div>\r\n    <\/div>\r\n<\/div>\r\n\n\n\n<div style=\"height:100px\" aria-hidden=\"true\" class=\"wp-block-spacer\"><\/div>\n\n\n\r\n<div id=\"bild-text-modul-links-rechts-block_9df58f21e906b69a59ad893188da993c\" class=\"bild-text-modul-container\">\r\n    <div class=\"inner\">\r\n                                                                                        <div id=\"\" class=\"bild-text-modul-links bild-text-modul\">\r\n                                <div class=\"custom-flex-box\">\r\n                                    <div class=\"flex-box-sixty bild-container\">\r\n                                                                                                                                                                                                                                                                                        <img decoding=\"async\" width=\"923\" height=\"556\" src=\"https:\/\/www.efaflex.com\/wp-content\/uploads\/2022\/07\/Rectangle-50.jpg\" class=\"attachment-full size-full\" alt=\"\" srcset=\"https:\/\/www.efaflex.com\/wp-content\/uploads\/2022\/07\/Rectangle-50.jpg 923w, https:\/\/www.efaflex.com\/wp-content\/uploads\/2022\/07\/Rectangle-50-300x181.jpg 300w, https:\/\/www.efaflex.com\/wp-content\/uploads\/2022\/07\/Rectangle-50-768x463.jpg 768w\" sizes=\"(max-width: 923px) 100vw, 923px\" \/>                                                                                                                                                                        <\/div>\r\n\r\n                                    <div class=\"flex-box-fourty text-container\">\r\n                                        <div class=\"text-container-flex\">\r\n                                            <div class=\"text-inner\">\r\n                                                                                                                                                            <div class=\"text-left-border\">\r\n                                                            <div class=\"text-cut\">\r\n                                                                \r\n\r\n                                                                                                                                          <h2 class=\"headline-two\">Service.<\/h2>                                                                   \r\n\r\n                                                                <p class=\"normal-font\"><p>dans une vari\u00e9t\u00e9 d&#8217;endroits \u00e0 travers le monde. Gr\u00e2ce \u00e0 notre r\u00e9seau de service dense, vous disposez Nos techniciens de service hautement qualifi\u00e9s sont disponibles pour r\u00e9pondre \u00e0 vos pr\u00e9occupations g\u00e9n\u00e9ralement d&#8217;un interlocuteur direct sur place qui peut vous conseiller de mani\u00e8re comp\u00e9tente dans tous les domaines.<\/p>\n<\/p>\r\n                                                            <\/div>\r\n                                                            <div class=\"button-box\">\r\n                                                                                                                                                                                                                                                              <\/div>\r\n                                                        <\/div>\r\n                                                                                                                                                <\/div>\r\n                                        <\/div>\r\n                                    <\/div>\r\n                                <\/div>\r\n                            <\/div>\r\n\r\n                                    \r\n            \r\n\r\n                    \r\n                                    \r\n                            <div id=\"\" class=\"bild-text-modul-rechts bild-text-modul\">\r\n                                <div class=\"custom-flex-box\">\r\n                                    <div class=\"flex-box-fourty text-container\">\r\n                                        <div class=\"text-container-flex\">\r\n                                            <div class=\"text-inner\">\r\n\r\n                                                                                                                                                            <div class=\"text-left-border\">\r\n                                                            <div class=\"text-cut\">\r\n                                                                \r\n\r\n                                                                                                                                    <h2 class=\"headline-two\"><br \/>\r\nMain-d&#8217;\u0153uvre.<br \/>\r\n<\/h2>                                                                \r\n\r\n                                                                <p class=\"normal-font full-text\"><p>Avec plus de 1 000 participants \u00e0 la formation par an et un r\u00e9seau \u00e0 quatre chiffres de techniciens form\u00e9s, nous proposons un spectre performant pour toutes les prestations de service. De plus, nous sommes toujours en mesure de r\u00e9agir imm\u00e9diatement.<\/p>\n<\/p>\r\n\r\n                                                            <\/div>\r\n                                                            <div class=\"button-box\">\r\n                                                                                                                                \r\n                                                                                                                                                                                                                                                                <\/div>\r\n                                                        <\/div>\r\n                                                                                                    \r\n                                            <\/div>\r\n                                        <\/div>\r\n                                    <\/div>\r\n                                    <div class=\"flex-box-sixty bild-container\">\r\n                                                                                                                                                                                                                                                                                        <img decoding=\"async\" width=\"922\" height=\"556\" src=\"https:\/\/www.efaflex.com\/wp-content\/uploads\/2022\/07\/Rectangle-46.jpg\" class=\"attachment-full size-full\" alt=\"\" srcset=\"https:\/\/www.efaflex.com\/wp-content\/uploads\/2022\/07\/Rectangle-46.jpg 922w, https:\/\/www.efaflex.com\/wp-content\/uploads\/2022\/07\/Rectangle-46-300x181.jpg 300w, https:\/\/www.efaflex.com\/wp-content\/uploads\/2022\/07\/Rectangle-46-768x463.jpg 768w, https:\/\/www.efaflex.com\/wp-content\/uploads\/2022\/07\/Rectangle-46-920x556.jpg 920w\" sizes=\"(max-width: 922px) 100vw, 922px\" \/>                                                                                                                                                                        <\/div>\r\n                                <\/div>\r\n                            <\/div>\r\n                                    \r\n            \r\n\r\n                                                                                    <div id=\"\" class=\"bild-text-modul-links bild-text-modul\">\r\n                                <div class=\"custom-flex-box\">\r\n                                    <div class=\"flex-box-sixty bild-container\">\r\n                                                                                                                                                                                                                                                                                        <img decoding=\"async\" width=\"923\" height=\"556\" src=\"https:\/\/www.efaflex.com\/wp-content\/uploads\/2022\/07\/Rectangle-49.jpg\" class=\"attachment-full size-full\" alt=\"\" srcset=\"https:\/\/www.efaflex.com\/wp-content\/uploads\/2022\/07\/Rectangle-49.jpg 923w, https:\/\/www.efaflex.com\/wp-content\/uploads\/2022\/07\/Rectangle-49-300x181.jpg 300w, https:\/\/www.efaflex.com\/wp-content\/uploads\/2022\/07\/Rectangle-49-768x463.jpg 768w\" sizes=\"(max-width: 923px) 100vw, 923px\" \/>                                                                                                                                                                        <\/div>\r\n\r\n                                    <div class=\"flex-box-fourty text-container\">\r\n                                        <div class=\"text-container-flex\">\r\n                                            <div class=\"text-inner\">\r\n                                                                                                                                                            <div class=\"text-left-border\">\r\n                                                            <div class=\"text-cut\">\r\n                                                                \r\n\r\n                                                                                                                                          <h2 class=\"headline-two\">Smart Connect.<\/h2>                                                                   \r\n\r\n                                                                <p class=\"normal-font\"><p>EFA-SmartConnect\u00ae est la solution IoT d&#8217;EFAFLEX pour une mise en r\u00e9seau et une gestion s\u00e9curis\u00e9es et intelligentes de vos portes. Gr\u00e2ce \u00e0 notre application gratuite, vous obtenez un aper\u00e7u parfait de l&#8217;\u00e9tat actuel de vos portes en temps r\u00e9el.<\/p>\n<\/p>\r\n                                                            <\/div>\r\n                                                            <div class=\"button-box\">\r\n                                                                                                                                                                                                                                                              <\/div>\r\n                                                        <\/div>\r\n                                                                                                                                                <\/div>\r\n                                        <\/div>\r\n                                    <\/div>\r\n                                <\/div>\r\n                            <\/div>\r\n\r\n                                    \r\n            \r\n\r\n        \r\n\r\n\r\n        <\/div>\r\n<\/div>\r\n\r\n<style>\r\n    .bild-text-modul {\r\n        scroll-margin-top: 143px;\r\n    }\r\n<\/style>\n\n\n<div style=\"height:200px\" aria-hidden=\"true\" class=\"wp-block-spacer\"><\/div>\n","protected":false},"excerpt":{"rendered":"","protected":false},"author":4,"featured_media":0,"parent":21142,"menu_order":0,"comment_status":"closed","ping_status":"closed","template":"","meta":{"_acf_changed":false,"footnotes":""},"categories":[],"tags":[],"class_list":["post-21146","page","type-page","status-publish","hentry"],"acf":[],"_links":{"self":[{"href":"https:\/\/www.efaflex.com\/fr\/wp-json\/wp\/v2\/pages\/21146","targetHints":{"allow":["GET"]}}],"collection":[{"href":"https:\/\/www.efaflex.com\/fr\/wp-json\/wp\/v2\/pages"}],"about":[{"href":"https:\/\/www.efaflex.com\/fr\/wp-json\/wp\/v2\/types\/page"}],"author":[{"embeddable":true,"href":"https:\/\/www.efaflex.com\/fr\/wp-json\/wp\/v2\/users\/4"}],"replies":[{"embeddable":true,"href":"https:\/\/www.efaflex.com\/fr\/wp-json\/wp\/v2\/comments?post=21146"}],"version-history":[{"count":7,"href":"https:\/\/www.efaflex.com\/fr\/wp-json\/wp\/v2\/pages\/21146\/revisions"}],"predecessor-version":[{"id":35658,"href":"https:\/\/www.efaflex.com\/fr\/wp-json\/wp\/v2\/pages\/21146\/revisions\/35658"}],"up":[{"embeddable":true,"href":"https:\/\/www.efaflex.com\/fr\/wp-json\/wp\/v2\/pages\/21142"}],"wp:attachment":[{"href":"https:\/\/www.efaflex.com\/fr\/wp-json\/wp\/v2\/media?parent=21146"}],"wp:term":[{"taxonomy":"category","embeddable":true,"href":"https:\/\/www.efaflex.com\/fr\/wp-json\/wp\/v2\/categories?post=21146"},{"taxonomy":"post_tag","embeddable":true,"href":"https:\/\/www.efaflex.com\/fr\/wp-json\/wp\/v2\/tags?post=21146"}],"curies":[{"name":"wp","href":"https:\/\/api.w.org\/{rel}","templated":true}]}}