{"id":21148,"date":"2022-06-27T17:43:26","date_gmt":"2022-06-27T15:43:26","guid":{"rendered":"https:\/\/www.efaflex.com\/service\/service-international\/spare-parts-management\/"},"modified":"2026-01-08T13:45:04","modified_gmt":"2026-01-08T12:45:04","slug":"gestion-des-pieces-de-rechange","status":"publish","type":"page","link":"https:\/\/www.efaflex.com\/fr\/service-apres-vente\/service-international\/gestion-des-pieces-de-rechange\/","title":{"rendered":"Gestion des pi\u00e8ces de rechange"},"content":{"rendered":"\r\n\r\n<div id=\"breadcrump-block_0ba9f3567606b07ec8fc91937d2e655d\" class=\"inner\">\r\n        <nav class=\"breadcrumb\"><a href=\"https:\/\/www.efaflex.com\/fr\/\">Page d&#8217;accueil<\/a> \/ <span class=\"current-page\">Page<\/span><\/nav>    <\/div>\n\n\n<div style=\"height:150px\" aria-hidden=\"true\" class=\"wp-block-spacer\"><\/div>\n\n\n\r\n\r\n<div id=\"textmodul-3-spalten-block_ad6d88e4610e5a5d009f18c79d5c923c\" class=\"textmodul-3-spalten\">\r\n    <div class=\"inner\">\r\n        <div class=\"custom-flex-box\">\r\n                            <h1 class=\"flex-box-thirty break headline-two\">Gestion des pi\u00e8ces de rechange &#8211; international.<\/h1>                        <div class=\"flex-box-thirty\"><p>M\u00eame des ann\u00e9es plus tard, gr\u00e2ce \u00e0 notre vaste stockage de donn\u00e9es, nous savons quelles pi\u00e8ces ont \u00e9t\u00e9 install\u00e9es \u00e0 l&#8217;origine dans votre syst\u00e8me de porte ou quelles transformations ont \u00e9t\u00e9 command\u00e9es par nos soins.<\/p>\n<p>Gr\u00e2ce \u00e0 notre approvisionnement s\u00fbr \u00e0 long terme en pi\u00e8ces de rechange, nous sommes toujours en mesure de fabriquer les pi\u00e8ces n\u00e9cessaires dans la bonne qualit\u00e9 et de les livrer le plus rapidement possible.<\/p>\n<\/div>\r\n            <div class=\"flex-box-thirty\"><\/div>\r\n        <\/div>\r\n    <\/div>\r\n<\/div>\r\n\n\n\n<div style=\"height:100px\" aria-hidden=\"true\" class=\"wp-block-spacer\"><\/div>\n\n\n\r\n<div id=\"bild-text-modul-links-rechts-block_ca0037d783c08dbff4995e1793ef5769\" class=\"bild-text-modul-container\">\r\n    <div class=\"inner\">\r\n                                                                                        <div id=\"\" class=\"bild-text-modul-links bild-text-modul\">\r\n                                <div class=\"custom-flex-box\">\r\n                                    <div class=\"flex-box-sixty bild-container\">\r\n                                                                                                                                                                                                                                                                                        <img decoding=\"async\" width=\"923\" height=\"556\" src=\"https:\/\/www.efaflex.com\/wp-content\/uploads\/2022\/07\/kuerzeste-ersatzteillieferzeiten-service-international-efaflex.jpg\" class=\"attachment-full size-full\" alt=\"\" srcset=\"https:\/\/www.efaflex.com\/wp-content\/uploads\/2022\/07\/kuerzeste-ersatzteillieferzeiten-service-international-efaflex.jpg 923w, https:\/\/www.efaflex.com\/wp-content\/uploads\/2022\/07\/kuerzeste-ersatzteillieferzeiten-service-international-efaflex-300x181.jpg 300w, https:\/\/www.efaflex.com\/wp-content\/uploads\/2022\/07\/kuerzeste-ersatzteillieferzeiten-service-international-efaflex-768x463.jpg 768w\" sizes=\"(max-width: 923px) 100vw, 923px\" \/>                                                                                                                                                                        <\/div>\r\n\r\n                                    <div class=\"flex-box-fourty text-container\">\r\n                                        <div class=\"text-container-flex\">\r\n                                            <div class=\"text-inner\">\r\n                                                                                                                                                            <div class=\"text-left-border\">\r\n                                                            <div class=\"text-cut\">\r\n                                                                \r\n\r\n                                                                                                                                          <h2 class=\"headline-two\">Les plus courts d\u00e9lais de livraison des pi\u00e8ces de rechange.<\/h2>                                                                   \r\n\r\n                                                                <p class=\"normal-font\"><p>Gr\u00e2ce \u00e0 nos entrep\u00f4ts de pi\u00e8ces de rechange d\u00e9centralis\u00e9s, nous vous approvisionnons non seulement \u00e0 partir de notre usine de montage de pi\u00e8ces de rechange en Allemagne, mais aussi directement \u00e0 partir des bases de nos filiales et partenaires de service dans le monde entier. Des coop\u00e9rations avec des prestataires de services de transport renomm\u00e9s garantissent le transport rapide de vos pi\u00e8ces n\u00e9cessaires.<\/p>\n<\/p>\r\n                                                            <\/div>\r\n                                                            <div class=\"button-box\">\r\n                                                                                                                                                                                                                                                              <\/div>\r\n                                                        <\/div>\r\n                                                                                                                                                <\/div>\r\n                                        <\/div>\r\n                                    <\/div>\r\n                                <\/div>\r\n                            <\/div>\r\n\r\n                                    \r\n            \r\n\r\n                    \r\n                                    \r\n                            <div id=\"\" class=\"bild-text-modul-rechts bild-text-modul\">\r\n                                <div class=\"custom-flex-box\">\r\n                                    <div class=\"flex-box-fourty text-container\">\r\n                                        <div class=\"text-container-flex\">\r\n                                            <div class=\"text-inner\">\r\n\r\n                                                                                                                                                            <div class=\"text-left-border\">\r\n                                                            <div class=\"text-cut\">\r\n                                                                \r\n\r\n                                                                                                                                    <h2 class=\"headline-two\">Pi\u00e8ces de rechange d&#8217;origine.<\/h2>                                                                \r\n\r\n                                                                <p class=\"normal-font full-text\"><p>Nos pi\u00e8ces de rechange d&#8217;origine de haute qualit\u00e9, sp\u00e9cialement con\u00e7ues pour nos portes rapides, garantissent la long\u00e9vit\u00e9 et la disponibilit\u00e9 op\u00e9rationnelle de votre porte. Gr\u00e2ce \u00e0 notre haut degr\u00e9 de production interne, une qualit\u00e9 \u00e9lev\u00e9e et constante est garantie m\u00eame apr\u00e8s de nombreuses ann\u00e9es.<\/p>\n<\/p>\r\n\r\n                                                            <\/div>\r\n                                                            <div class=\"button-box\">\r\n                                                                                                                                \r\n                                                                                                                                                                                                                                                                <\/div>\r\n                                                        <\/div>\r\n                                                                                                    \r\n                                            <\/div>\r\n                                        <\/div>\r\n                                    <\/div>\r\n                                    <div class=\"flex-box-sixty bild-container\">\r\n                                                                                                                                                                                                                                                                                        <img decoding=\"async\" width=\"922\" height=\"556\" src=\"https:\/\/www.efaflex.com\/wp-content\/uploads\/2022\/07\/Rectangle-51.jpg\" class=\"attachment-full size-full\" alt=\"\" srcset=\"https:\/\/www.efaflex.com\/wp-content\/uploads\/2022\/07\/Rectangle-51.jpg 922w, https:\/\/www.efaflex.com\/wp-content\/uploads\/2022\/07\/Rectangle-51-300x181.jpg 300w, https:\/\/www.efaflex.com\/wp-content\/uploads\/2022\/07\/Rectangle-51-768x463.jpg 768w, https:\/\/www.efaflex.com\/wp-content\/uploads\/2022\/07\/Rectangle-51-920x556.jpg 920w\" sizes=\"(max-width: 922px) 100vw, 922px\" \/>                                                                                                                                                                        <\/div>\r\n                                <\/div>\r\n                            <\/div>\r\n                                    \r\n            \r\n\r\n                                                                                    <div id=\"\" class=\"bild-text-modul-links bild-text-modul\">\r\n                                <div class=\"custom-flex-box\">\r\n                                    <div class=\"flex-box-sixty bild-container\">\r\n                                                                                                                                                                                                                                                                                        <img decoding=\"async\" width=\"923\" height=\"556\" src=\"https:\/\/www.efaflex.com\/wp-content\/uploads\/2022\/07\/ersatzteilepaket-service-international-ersatzteilmanagement-efaflex.jpg\" class=\"attachment-full size-full\" alt=\"\" srcset=\"https:\/\/www.efaflex.com\/wp-content\/uploads\/2022\/07\/ersatzteilepaket-service-international-ersatzteilmanagement-efaflex.jpg 923w, https:\/\/www.efaflex.com\/wp-content\/uploads\/2022\/07\/ersatzteilepaket-service-international-ersatzteilmanagement-efaflex-300x181.jpg 300w, https:\/\/www.efaflex.com\/wp-content\/uploads\/2022\/07\/ersatzteilepaket-service-international-ersatzteilmanagement-efaflex-768x463.jpg 768w\" sizes=\"(max-width: 923px) 100vw, 923px\" \/>                                                                                                                                                                        <\/div>\r\n\r\n                                    <div class=\"flex-box-fourty text-container\">\r\n                                        <div class=\"text-container-flex\">\r\n                                            <div class=\"text-inner\">\r\n                                                                                                                                                            <div class=\"text-left-border\">\r\n                                                            <div class=\"text-cut\">\r\n                                                                \r\n\r\n                                                                                                                                          <h2 class=\"headline-two\">Paquet de pi\u00e8ces de rechange.<\/h2>                                                                   \r\n\r\n                                                                <p class=\"normal-font\"><p>Votre porte a \u00e9t\u00e9 pr\u00e9cis\u00e9ment adapt\u00e9e \u00e0 vos besoins et \u00e0 l&#8217;utilisation pr\u00e9vue, produite et install\u00e9e de mani\u00e8re experte. Bien entendu, nos sp\u00e9cialistes du service apr\u00e8s-vente se feront un plaisir de s&#8217;occuper de vos pi\u00e8ces de rechange ou de votre lot de pi\u00e8ces d&#8217;usure adapt\u00e9s \u00e0 vos besoins \u2013 avec des composants sp\u00e9cifiques \u00e0 la porte pour un stockage sur site qui r\u00e9pond \u00e0 vos souhaits et \u00e0 vos crit\u00e8res budg\u00e9taires. Cela permet d&#8217;\u00e9viter les temps d&#8217;arr\u00eat ou de les r\u00e9duire au minimum.<\/p>\n<\/p>\r\n                                                            <\/div>\r\n                                                            <div class=\"button-box\">\r\n                                                                                                                                                                                                                                                              <\/div>\r\n                                                        <\/div>\r\n                                                                                                                                                <\/div>\r\n                                        <\/div>\r\n                                    <\/div>\r\n                                <\/div>\r\n                            <\/div>\r\n\r\n                                    \r\n            \r\n\r\n                    \r\n                                    \r\n                            <div id=\"\" class=\"bild-text-modul-rechts bild-text-modul\">\r\n                                <div class=\"custom-flex-box\">\r\n                                    <div class=\"flex-box-fourty text-container\">\r\n                                        <div class=\"text-container-flex\">\r\n                                            <div class=\"text-inner\">\r\n\r\n                                                                                                                                                            <div class=\"text-left-border\">\r\n                                                            <div class=\"text-cut\">\r\n                                                                \r\n\r\n                                                                                                                                    <h2 class=\"headline-two\">Conversions.<\/h2>                                                                \r\n\r\n                                                                <p class=\"normal-font full-text\"><p>Au cours de la dur\u00e9e de vie du syst\u00e8me de portes, l&#8217;utilisation pr\u00e9vue peut changer, par exemple en raison d&#8217;une disposition optimis\u00e9e du syst\u00e8me. Notre personnel de service expert se fera un plaisir de vous conseiller sur les mesures d&#8217;am\u00e9nagement de la porte qui conviennent \u00e0 vos besoins futurs.<\/p>\n<\/p>\r\n\r\n                                                            <\/div>\r\n                                                            <div class=\"button-box\">\r\n                                                                                                                                \r\n                                                                                                                                                                                                                                                                <\/div>\r\n                                                        <\/div>\r\n                                                                                                    \r\n                                            <\/div>\r\n                                        <\/div>\r\n                                    <\/div>\r\n                                    <div class=\"flex-box-sixty bild-container\">\r\n                                                                                                                                                                                                                                                                                        <img decoding=\"async\" width=\"923\" height=\"556\" src=\"https:\/\/www.efaflex.com\/wp-content\/uploads\/2022\/07\/umbauten-service-international-ersatzteilmanagement-efaflex.jpg\" class=\"attachment-full size-full\" alt=\"\" srcset=\"https:\/\/www.efaflex.com\/wp-content\/uploads\/2022\/07\/umbauten-service-international-ersatzteilmanagement-efaflex.jpg 923w, https:\/\/www.efaflex.com\/wp-content\/uploads\/2022\/07\/umbauten-service-international-ersatzteilmanagement-efaflex-300x181.jpg 300w, https:\/\/www.efaflex.com\/wp-content\/uploads\/2022\/07\/umbauten-service-international-ersatzteilmanagement-efaflex-768x463.jpg 768w\" sizes=\"(max-width: 923px) 100vw, 923px\" \/>                                                                                                                                                                        <\/div>\r\n                                <\/div>\r\n                            <\/div>\r\n                                    \r\n            \r\n\r\n                                                                                    <div id=\"\" class=\"bild-text-modul-links bild-text-modul\">\r\n                                <div class=\"custom-flex-box\">\r\n                                    <div class=\"flex-box-sixty bild-container\">\r\n                                                                                                                                                                                                                                                                                        <img decoding=\"async\" width=\"923\" height=\"556\" src=\"https:\/\/www.efaflex.com\/wp-content\/uploads\/2022\/07\/lebensdauer-nachhaltigkeit-service-international-efaflex.jpg\" class=\"attachment-full size-full\" alt=\"\" srcset=\"https:\/\/www.efaflex.com\/wp-content\/uploads\/2022\/07\/lebensdauer-nachhaltigkeit-service-international-efaflex.jpg 923w, https:\/\/www.efaflex.com\/wp-content\/uploads\/2022\/07\/lebensdauer-nachhaltigkeit-service-international-efaflex-300x181.jpg 300w, https:\/\/www.efaflex.com\/wp-content\/uploads\/2022\/07\/lebensdauer-nachhaltigkeit-service-international-efaflex-768x463.jpg 768w\" sizes=\"(max-width: 923px) 100vw, 923px\" \/>                                                                                                                                                                        <\/div>\r\n\r\n                                    <div class=\"flex-box-fourty text-container\">\r\n                                        <div class=\"text-container-flex\">\r\n                                            <div class=\"text-inner\">\r\n                                                                                                                                                            <div class=\"text-left-border\">\r\n                                                            <div class=\"text-cut\">\r\n                                                                \r\n\r\n                                                                                                                                          <h2 class=\"headline-two\">Durabilit\u00e9 \/ R\u00e9novation.<\/h2>                                                                   \r\n\r\n                                                                <p class=\"normal-font\"><p>Gr\u00e2ce \u00e0 l&#8217;utilisation de pi\u00e8ces de haute qualit\u00e9 et \u00e0 un entretien r\u00e9gulier, nos portes peuvent g\u00e9n\u00e9ralement fonctionner beaucoup plus longtemps que ce qui est indiqu\u00e9 dans notre documentation technique. Gr\u00e2ce \u00e0 une \u00e9valuation de l&#8217;\u00e9tat de la porte \u00e0 la fin du cycle de vie pr\u00e9vu du produit, nous pouvons vous \u00e9tablir une offre via notre r\u00e9seau de service afin de maintenir la porte en \u00e9tat de fonctionnement optimal pendant de nombreuses ann\u00e9es dans le \u00ab cycle de seconde vie \u00bb.<\/p>\n<p>De cette mani\u00e8re, nous pr\u00e9servons des ressources pr\u00e9cieuses et d\u00e9montrons nos comp\u00e9tences et notre responsabilit\u00e9 de durabilit\u00e9 en tant que fabricant.<\/p>\n<\/p>\r\n                                                            <\/div>\r\n                                                            <div class=\"button-box\">\r\n                                                                                                                                                                                                                                                              <\/div>\r\n                                                        <\/div>\r\n                                                                                                                                                <\/div>\r\n                                        <\/div>\r\n                                    <\/div>\r\n                                <\/div>\r\n                            <\/div>\r\n\r\n                                    \r\n            \r\n\r\n        \r\n\r\n\r\n        <\/div>\r\n<\/div>\r\n\r\n<style>\r\n    .bild-text-modul {\r\n        scroll-margin-top: 143px;\r\n    }\r\n<\/style>\n\n\n<div style=\"height:200px\" aria-hidden=\"true\" class=\"wp-block-spacer\"><\/div>\n","protected":false},"excerpt":{"rendered":"","protected":false},"author":4,"featured_media":0,"parent":21142,"menu_order":0,"comment_status":"closed","ping_status":"closed","template":"","meta":{"_acf_changed":false,"footnotes":""},"categories":[],"tags":[],"class_list":["post-21148","page","type-page","status-publish","hentry"],"acf":[],"_links":{"self":[{"href":"https:\/\/www.efaflex.com\/fr\/wp-json\/wp\/v2\/pages\/21148","targetHints":{"allow":["GET"]}}],"collection":[{"href":"https:\/\/www.efaflex.com\/fr\/wp-json\/wp\/v2\/pages"}],"about":[{"href":"https:\/\/www.efaflex.com\/fr\/wp-json\/wp\/v2\/types\/page"}],"author":[{"embeddable":true,"href":"https:\/\/www.efaflex.com\/fr\/wp-json\/wp\/v2\/users\/4"}],"replies":[{"embeddable":true,"href":"https:\/\/www.efaflex.com\/fr\/wp-json\/wp\/v2\/comments?post=21148"}],"version-history":[{"count":5,"href":"https:\/\/www.efaflex.com\/fr\/wp-json\/wp\/v2\/pages\/21148\/revisions"}],"predecessor-version":[{"id":35555,"href":"https:\/\/www.efaflex.com\/fr\/wp-json\/wp\/v2\/pages\/21148\/revisions\/35555"}],"up":[{"embeddable":true,"href":"https:\/\/www.efaflex.com\/fr\/wp-json\/wp\/v2\/pages\/21142"}],"wp:attachment":[{"href":"https:\/\/www.efaflex.com\/fr\/wp-json\/wp\/v2\/media?parent=21148"}],"wp:term":[{"taxonomy":"category","embeddable":true,"href":"https:\/\/www.efaflex.com\/fr\/wp-json\/wp\/v2\/categories?post=21148"},{"taxonomy":"post_tag","embeddable":true,"href":"https:\/\/www.efaflex.com\/fr\/wp-json\/wp\/v2\/tags?post=21148"}],"curies":[{"name":"wp","href":"https:\/\/api.w.org\/{rel}","templated":true}]}}