{"id":21150,"date":"2022-06-27T17:44:58","date_gmt":"2022-06-27T15:44:58","guid":{"rendered":"https:\/\/www.efaflex.com\/service\/service-international\/maintenance-inspection\/"},"modified":"2026-01-13T15:37:45","modified_gmt":"2026-01-13T14:37:45","slug":"maintenance-et-controle","status":"publish","type":"page","link":"https:\/\/www.efaflex.com\/fr\/service-apres-vente\/service-international\/maintenance-et-controle\/","title":{"rendered":"Maintenance et contr\u00f4le international"},"content":{"rendered":"\r\n\r\n<div id=\"breadcrump-block_c9598ec6bfb6540b78cb8cddea26397a\" class=\"inner\">\r\n        <nav class=\"breadcrumb\"><a href=\"https:\/\/www.efaflex.com\/fr\/\">Page d&#8217;accueil<\/a> \/ <span class=\"current-page\">Page<\/span><\/nav>    <\/div>\n\n\n<div style=\"height:150px\" aria-hidden=\"true\" class=\"wp-block-spacer\"><\/div>\n\n\n\r\n\r\n<div id=\"textmodul-3-spalten-block_123cefd17a17737d84ec40b1d1715e7c\" class=\"textmodul-3-spalten\">\r\n    <div class=\"inner\">\r\n        <div class=\"custom-flex-box\">\r\n                            <h1 class=\"flex-box-thirty break headline-two\">Maintenance et contr\u00f4le &#8211; international.<\/h1>                        <div class=\"flex-box-thirty\"><p>Profitez de notre savoir-faire pour maintenir la disponibilit\u00e9 de votre installation \u00e0 un niveau \u00e9lev\u00e9 et constant et pour pouvoir maintenir vos op\u00e9rations sans entrave et en toute s\u00e9curit\u00e9.<\/p>\n<p>Avec un entretien et des contr\u00f4les appropri\u00e9s, votre porte restera toujours fiable et s\u00fbre, m\u00eame avec un trafic \u00e9lev\u00e9 et de nombreuses ann\u00e9es d&#8217;utilisation.<\/p>\n<\/div>\r\n            <div class=\"flex-box-thirty\"><\/div>\r\n        <\/div>\r\n    <\/div>\r\n<\/div>\r\n\n\n\n<div style=\"height:100px\" aria-hidden=\"true\" class=\"wp-block-spacer\"><\/div>\n\n\n\r\n<div id=\"bild-text-modul-links-rechts-block_b0eb9b20514fa5a186efd87730cc1908\" class=\"bild-text-modul-container\">\r\n    <div class=\"inner\">\r\n                                                                                        <div id=\"\" class=\"bild-text-modul-links bild-text-modul\">\r\n                                <div class=\"custom-flex-box\">\r\n                                    <div class=\"flex-box-sixty bild-container\">\r\n                                                                                                                                                                                                                                                                                        <img decoding=\"async\" width=\"923\" height=\"556\" src=\"https:\/\/www.efaflex.com\/wp-content\/uploads\/2022\/07\/Digitales_Tor_Tablet_A3-1-2.jpg\" class=\"attachment-full size-full\" alt=\"\" srcset=\"https:\/\/www.efaflex.com\/wp-content\/uploads\/2022\/07\/Digitales_Tor_Tablet_A3-1-2.jpg 923w, https:\/\/www.efaflex.com\/wp-content\/uploads\/2022\/07\/Digitales_Tor_Tablet_A3-1-2-300x181.jpg 300w, https:\/\/www.efaflex.com\/wp-content\/uploads\/2022\/07\/Digitales_Tor_Tablet_A3-1-2-768x463.jpg 768w\" sizes=\"(max-width: 923px) 100vw, 923px\" \/>                                                                                                                                                                        <\/div>\r\n\r\n                                    <div class=\"flex-box-fourty text-container\">\r\n                                        <div class=\"text-container-flex\">\r\n                                            <div class=\"text-inner\">\r\n                                                                                                                                                            <div class=\"text-left-border\">\r\n                                                            <div class=\"text-cut\">\r\n                                                                \r\n\r\n                                                                                                                                          <h2 class=\"headline-two\">Pourquoi l&#8217;entretien est-il important.<\/h2>                                                                   \r\n\r\n                                                                <p class=\"normal-font\"><p>Pour garantir la pleine capacit\u00e9 op\u00e9rationnelle de votre porte, un entretien r\u00e9gulier est essentiel. C&#8217;est la seule fa\u00e7on d&#8217;\u00e9viter les dommages dus \u00e0 l&#8217;usure et les co\u00fbts de suivi qui en r\u00e9sultent \u00e0 long terme. Notre r\u00e9seau de service vous propose des offres de maintenance individuelles.<\/p>\n<\/p>\r\n                                                            <\/div>\r\n                                                            <div class=\"button-box\">\r\n                                                                                                                                                                                                                                                              <\/div>\r\n                                                        <\/div>\r\n                                                                                                                                                <\/div>\r\n                                        <\/div>\r\n                                    <\/div>\r\n                                <\/div>\r\n                            <\/div>\r\n\r\n                                    \r\n            \r\n\r\n                    \r\n                                    \r\n                            <div id=\"\" class=\"bild-text-modul-rechts bild-text-modul\">\r\n                                <div class=\"custom-flex-box\">\r\n                                    <div class=\"flex-box-fourty text-container\">\r\n                                        <div class=\"text-container-flex\">\r\n                                            <div class=\"text-inner\">\r\n\r\n                                                                                                                                                            <div class=\"text-left-border\">\r\n                                                            <div class=\"text-cut\">\r\n                                                                \r\n\r\n                                                                                                                                    <h2 class=\"headline-two\">Maintenance pr\u00e9ventive.<\/h2>                                                                \r\n\r\n                                                                <p class=\"normal-font full-text\"><p>Que se passe-t-il si vous n&#8217;avez pas d&#8217;entretien ? Tous les pays n&#8217;ont pas des r\u00e9glementations de s\u00e9curit\u00e9 aussi \u00e9tendues que l&#8217;UE. Dans certains pays, elles sont parfois encore plus strictes ; dans d&#8217;autres, en revanche, \u00e0 peine pris en compte.<\/p>\n<p>Une mentalit\u00e9 de \u00ab course \u00e0 la mort \u00bb peut non seulement entra\u00eener de graves d\u00e9fauts du produit et des co\u00fbts \u00e9lev\u00e9s, mais la s\u00e9curit\u00e9 du syst\u00e8me de porte n&#8217;est plus garantie \u2013 les blessures corporelles seraient le prix le plus \u00e9lev\u00e9 qui planerait alors sur l&#8217;op\u00e9rateur.<\/p>\n<\/p>\r\n\r\n                                                            <\/div>\r\n                                                            <div class=\"button-box\">\r\n                                                                                                                                \r\n                                                                                                                                                                                                                                                                <\/div>\r\n                                                        <\/div>\r\n                                                                                                    \r\n                                            <\/div>\r\n                                        <\/div>\r\n                                    <\/div>\r\n                                    <div class=\"flex-box-sixty bild-container\">\r\n                                                                                                                                                                                                                                                                                        <img decoding=\"async\" width=\"923\" height=\"556\" src=\"https:\/\/www.efaflex.com\/wp-content\/uploads\/2022\/07\/Digitales_Tor_Tablet_A3-14-e1704200845754.jpg\" class=\"attachment-full size-full\" alt=\"\" \/>                                                                                                                                                                        <\/div>\r\n                                <\/div>\r\n                            <\/div>\r\n                                    \r\n            \r\n\r\n                                                                                    <div id=\"\" class=\"bild-text-modul-links bild-text-modul\">\r\n                                <div class=\"custom-flex-box\">\r\n                                    <div class=\"flex-box-sixty bild-container\">\r\n                                                                                                                                                                                                                                                                                        <img decoding=\"async\" width=\"923\" height=\"556\" src=\"https:\/\/www.efaflex.com\/wp-content\/uploads\/2022\/07\/lebensdauer-nachhaltigkeit-service-international-efaflex.jpg\" class=\"attachment-full size-full\" alt=\"\" srcset=\"https:\/\/www.efaflex.com\/wp-content\/uploads\/2022\/07\/lebensdauer-nachhaltigkeit-service-international-efaflex.jpg 923w, https:\/\/www.efaflex.com\/wp-content\/uploads\/2022\/07\/lebensdauer-nachhaltigkeit-service-international-efaflex-300x181.jpg 300w, https:\/\/www.efaflex.com\/wp-content\/uploads\/2022\/07\/lebensdauer-nachhaltigkeit-service-international-efaflex-768x463.jpg 768w\" sizes=\"(max-width: 923px) 100vw, 923px\" \/>                                                                                                                                                                        <\/div>\r\n\r\n                                    <div class=\"flex-box-fourty text-container\">\r\n                                        <div class=\"text-container-flex\">\r\n                                            <div class=\"text-inner\">\r\n                                                                                                                                                            <div class=\"text-left-border\">\r\n                                                            <div class=\"text-cut\">\r\n                                                                \r\n\r\n                                                                                                                                          <h2 class=\"headline-two\">Dur\u00e9e de vie \/ Durabilit\u00e9.<\/h2>                                                                   \r\n\r\n                                                                <p class=\"normal-font\"><p>Gr\u00e2ce \u00e0 une inspection r\u00e9guli\u00e8re du syst\u00e8me de porte par des techniciens hautement qualifi\u00e9s, l&#8217;investissement du syst\u00e8me de porte est s\u00e9curis\u00e9 et les co\u00fbts qui s\u2019en suivent peuvent \u00eatre minimis\u00e9s.<\/p>\n<p>Gr\u00e2ce \u00e0 l&#8217;utilisation de composants de pi\u00e8ces de haute qualit\u00e9 et \u00e0 un entretien r\u00e9gulier, la dur\u00e9e de vie peut \u00eatre prolong\u00e9e et le remplacement des pi\u00e8ces peut \u00eatre r\u00e9duit.<\/p>\n<p>Gr\u00e2ce \u00e0 une \u00e9valuation de l&#8217;\u00e9tat de la porte \u00e0 la fin du cycle de vie pr\u00e9vu du produit, nous pouvons vous proposer une offre via notre r\u00e9seau de service afin de maintenir la porte en \u00e9tat de fonctionnement optimal pendant de nombreuses ann\u00e9es dans le \u00ab cycle de seconde vie \u00bb.<\/p>\n<p>De cette fa\u00e7on, nous pr\u00e9servons des ressources pr\u00e9cieuses et d\u00e9montrons nos comp\u00e9tences et notre responsabilit\u00e9 en tant que fabricant durable.<\/p>\n<\/p>\r\n                                                            <\/div>\r\n                                                            <div class=\"button-box\">\r\n                                                                                                                                                                                                                                                              <\/div>\r\n                                                        <\/div>\r\n                                                                                                                                                <\/div>\r\n                                        <\/div>\r\n                                    <\/div>\r\n                                <\/div>\r\n                            <\/div>\r\n\r\n                                    \r\n            \r\n\r\n        \r\n\r\n\r\n        <\/div>\r\n<\/div>\r\n\r\n<style>\r\n    .bild-text-modul {\r\n        scroll-margin-top: 143px;\r\n    }\r\n<\/style>\n\n\n<div style=\"height:200px\" aria-hidden=\"true\" class=\"wp-block-spacer\"><\/div>\n","protected":false},"excerpt":{"rendered":"","protected":false},"author":4,"featured_media":0,"parent":21142,"menu_order":0,"comment_status":"closed","ping_status":"closed","template":"","meta":{"_acf_changed":false,"footnotes":""},"categories":[],"tags":[],"class_list":["post-21150","page","type-page","status-publish","hentry"],"acf":[],"_links":{"self":[{"href":"https:\/\/www.efaflex.com\/fr\/wp-json\/wp\/v2\/pages\/21150","targetHints":{"allow":["GET"]}}],"collection":[{"href":"https:\/\/www.efaflex.com\/fr\/wp-json\/wp\/v2\/pages"}],"about":[{"href":"https:\/\/www.efaflex.com\/fr\/wp-json\/wp\/v2\/types\/page"}],"author":[{"embeddable":true,"href":"https:\/\/www.efaflex.com\/fr\/wp-json\/wp\/v2\/users\/4"}],"replies":[{"embeddable":true,"href":"https:\/\/www.efaflex.com\/fr\/wp-json\/wp\/v2\/comments?post=21150"}],"version-history":[{"count":6,"href":"https:\/\/www.efaflex.com\/fr\/wp-json\/wp\/v2\/pages\/21150\/revisions"}],"predecessor-version":[{"id":35661,"href":"https:\/\/www.efaflex.com\/fr\/wp-json\/wp\/v2\/pages\/21150\/revisions\/35661"}],"up":[{"embeddable":true,"href":"https:\/\/www.efaflex.com\/fr\/wp-json\/wp\/v2\/pages\/21142"}],"wp:attachment":[{"href":"https:\/\/www.efaflex.com\/fr\/wp-json\/wp\/v2\/media?parent=21150"}],"wp:term":[{"taxonomy":"category","embeddable":true,"href":"https:\/\/www.efaflex.com\/fr\/wp-json\/wp\/v2\/categories?post=21150"},{"taxonomy":"post_tag","embeddable":true,"href":"https:\/\/www.efaflex.com\/fr\/wp-json\/wp\/v2\/tags?post=21150"}],"curies":[{"name":"wp","href":"https:\/\/api.w.org\/{rel}","templated":true}]}}