{"id":21151,"date":"2022-06-27T17:45:50","date_gmt":"2022-06-27T15:45:50","guid":{"rendered":"https:\/\/www.efaflex.com\/service\/service-international\/training\/"},"modified":"2026-01-08T13:45:41","modified_gmt":"2026-01-08T12:45:41","slug":"formation","status":"publish","type":"page","link":"https:\/\/www.efaflex.com\/fr\/service-apres-vente\/service-international\/formation\/","title":{"rendered":"Formation"},"content":{"rendered":"\r\n\r\n<div id=\"breadcrump-block_a85a71ab9330324f73f7d2281837e441\" class=\"inner\">\r\n        <nav class=\"breadcrumb\"><a href=\"https:\/\/www.efaflex.com\/fr\/\">Page d&#8217;accueil<\/a> \/ <span class=\"current-page\">Page<\/span><\/nav>    <\/div>\n\n\n<div style=\"height:150px\" aria-hidden=\"true\" class=\"wp-block-spacer\"><\/div>\n\n\n\r\n\r\n<div id=\"textmodul-3-spalten-block_c60e36b1f98c155722ea57c510da24e6\" class=\"textmodul-3-spalten\">\r\n    <div class=\"inner\">\r\n        <div class=\"custom-flex-box\">\r\n                            <h1 class=\"flex-box-thirty break headline-two\">Formation &#8211; international.<\/h1>                        <div class=\"flex-box-thirty\"><p>La qualit\u00e9 \u00e9lev\u00e9e de nos produits et de notre service exige des employ\u00e9s hautement qualifi\u00e9s. Gr\u00e2ce \u00e0 des formations r\u00e9guli\u00e8res pour notre r\u00e9seau mondial de services, nous disposons du savoir-faire ad\u00e9quat pour r\u00e9pondre \u00e0 toutes vos pr\u00e9occupations et \u00e0 tous vos besoins \u00e0 tout moment en tant que fabricant haut de gamme.<\/p>\n<\/div>\r\n            <div class=\"flex-box-thirty\"><\/div>\r\n        <\/div>\r\n    <\/div>\r\n<\/div>\r\n\n\n\n<div style=\"height:100px\" aria-hidden=\"true\" class=\"wp-block-spacer\"><\/div>\n\n\n\r\n<div id=\"bild-text-modul-links-rechts-block_14db400286474247d1770cdb8f4a1239\" class=\"bild-text-modul-container\">\r\n    <div class=\"inner\">\r\n                                                                                        <div id=\"\" class=\"bild-text-modul-links bild-text-modul\">\r\n                                <div class=\"custom-flex-box\">\r\n                                    <div class=\"flex-box-sixty bild-container\">\r\n                                                                                                                                                                                                                                                                                        <img decoding=\"async\" width=\"1920\" height=\"1280\" src=\"https:\/\/www.efaflex.com\/wp-content\/uploads\/2022\/08\/geschultes-personal-service-international-efaflex.jpg\" class=\"attachment-full size-full\" alt=\"\" srcset=\"https:\/\/www.efaflex.com\/wp-content\/uploads\/2022\/08\/geschultes-personal-service-international-efaflex.jpg 1920w, https:\/\/www.efaflex.com\/wp-content\/uploads\/2022\/08\/geschultes-personal-service-international-efaflex-300x200.jpg 300w, https:\/\/www.efaflex.com\/wp-content\/uploads\/2022\/08\/geschultes-personal-service-international-efaflex-1024x683.jpg 1024w, https:\/\/www.efaflex.com\/wp-content\/uploads\/2022\/08\/geschultes-personal-service-international-efaflex-768x512.jpg 768w, https:\/\/www.efaflex.com\/wp-content\/uploads\/2022\/08\/geschultes-personal-service-international-efaflex-1536x1024.jpg 1536w, https:\/\/www.efaflex.com\/wp-content\/uploads\/2022\/08\/geschultes-personal-service-international-efaflex-382x254.jpg 382w\" sizes=\"(max-width: 1920px) 100vw, 1920px\" \/>                                                                                                                                                                        <\/div>\r\n\r\n                                    <div class=\"flex-box-fourty text-container\">\r\n                                        <div class=\"text-container-flex\">\r\n                                            <div class=\"text-inner\">\r\n                                                                                                                                                            <div class=\"text-left-border\">\r\n                                                            <div class=\"text-cut\">\r\n                                                                \r\n\r\n                                                                                                                                          <h2 class=\"headline-two\">Personnel qualifi\u00e9.<\/h2>                                                                   \r\n\r\n                                                                <p class=\"normal-font\"><p>Des formations r\u00e9guli\u00e8res dispens\u00e9es par notre r\u00e9seau mondial de services permettent d&#8217;obtenir un savoir-faire optimal pour chaque situation. Avec notre centre de formation \u00e0 notre si\u00e8ge social en Allemagne et d&#8217;autres salles de formation dans le monde entier, nous garantissons un niveau de comp\u00e9tence \u00e9lev\u00e9 et constant dans la manipulation de nos produits. Plus de 1 000 participants-es aux formations constituent chaque ann\u00e9e la base de notre strat\u00e9gie d&#8217;excellence du service.<\/p>\n<\/p>\r\n                                                            <\/div>\r\n                                                            <div class=\"button-box\">\r\n                                                                                                                                                                                                                                                              <\/div>\r\n                                                        <\/div>\r\n                                                                                                                                                <\/div>\r\n                                        <\/div>\r\n                                    <\/div>\r\n                                <\/div>\r\n                            <\/div>\r\n\r\n                                    \r\n            \r\n\r\n                    \r\n                                    \r\n                            <div id=\"\" class=\"bild-text-modul-rechts bild-text-modul\">\r\n                                <div class=\"custom-flex-box\">\r\n                                    <div class=\"flex-box-fourty text-container\">\r\n                                        <div class=\"text-container-flex\">\r\n                                            <div class=\"text-inner\">\r\n\r\n                                                                                                                                                            <div class=\"text-left-border\">\r\n                                                            <div class=\"text-cut\">\r\n                                                                \r\n\r\n                                                                                                                                    <h2 class=\"headline-two\">Formation des clients.<\/h2>                                                                \r\n\r\n                                                                <p class=\"normal-font full-text\"><p>Certaines analyses de rentabilisation n\u00e9cessitent une approche distincte. Il est tout \u00e0 fait possible que nous formions \u00e9galement d&#8217;autres partenaires de coop\u00e9ration en dehors de notre r\u00e9seau de service actuel sur des types de portes d\u00e9finis. En particulier dans la construction d&#8217;installations \u00e0 l\u2019\u00e9chelle internationale, cela peut conduire \u00e0 des mod\u00e8les commerciaux int\u00e9ressants, \u2013 n&#8217;h\u00e9sitez pas \u00e0 nous contacter !<\/p>\n<\/p>\r\n\r\n                                                            <\/div>\r\n                                                            <div class=\"button-box\">\r\n                                                                                                                                \r\n                                                                                                                                                                                                                                                                <\/div>\r\n                                                        <\/div>\r\n                                                                                                    \r\n                                            <\/div>\r\n                                        <\/div>\r\n                                    <\/div>\r\n                                    <div class=\"flex-box-sixty bild-container\">\r\n                                                                                                                                                                                                                                                                                        <img decoding=\"async\" width=\"1920\" height=\"1027\" src=\"https:\/\/www.efaflex.com\/wp-content\/uploads\/2022\/08\/kundenschulung-service-international-efaflex.jpg\" class=\"attachment-full size-full\" alt=\"\" srcset=\"https:\/\/www.efaflex.com\/wp-content\/uploads\/2022\/08\/kundenschulung-service-international-efaflex.jpg 1920w, https:\/\/www.efaflex.com\/wp-content\/uploads\/2022\/08\/kundenschulung-service-international-efaflex-300x160.jpg 300w, https:\/\/www.efaflex.com\/wp-content\/uploads\/2022\/08\/kundenschulung-service-international-efaflex-1024x548.jpg 1024w, https:\/\/www.efaflex.com\/wp-content\/uploads\/2022\/08\/kundenschulung-service-international-efaflex-768x411.jpg 768w, https:\/\/www.efaflex.com\/wp-content\/uploads\/2022\/08\/kundenschulung-service-international-efaflex-1536x822.jpg 1536w\" sizes=\"(max-width: 1920px) 100vw, 1920px\" \/>                                                                                                                                                                        <\/div>\r\n                                <\/div>\r\n                            <\/div>\r\n                                    \r\n            \r\n\r\n        \r\n\r\n\r\n        <\/div>\r\n<\/div>\r\n\r\n<style>\r\n    .bild-text-modul {\r\n        scroll-margin-top: 143px;\r\n    }\r\n<\/style>\n\n\n<div style=\"height:200px\" aria-hidden=\"true\" class=\"wp-block-spacer\"><\/div>\n","protected":false},"excerpt":{"rendered":"","protected":false},"author":4,"featured_media":0,"parent":21142,"menu_order":0,"comment_status":"closed","ping_status":"closed","template":"","meta":{"_acf_changed":false,"footnotes":""},"categories":[],"tags":[],"class_list":["post-21151","page","type-page","status-publish","hentry"],"acf":[],"_links":{"self":[{"href":"https:\/\/www.efaflex.com\/fr\/wp-json\/wp\/v2\/pages\/21151","targetHints":{"allow":["GET"]}}],"collection":[{"href":"https:\/\/www.efaflex.com\/fr\/wp-json\/wp\/v2\/pages"}],"about":[{"href":"https:\/\/www.efaflex.com\/fr\/wp-json\/wp\/v2\/types\/page"}],"author":[{"embeddable":true,"href":"https:\/\/www.efaflex.com\/fr\/wp-json\/wp\/v2\/users\/4"}],"replies":[{"embeddable":true,"href":"https:\/\/www.efaflex.com\/fr\/wp-json\/wp\/v2\/comments?post=21151"}],"version-history":[{"count":5,"href":"https:\/\/www.efaflex.com\/fr\/wp-json\/wp\/v2\/pages\/21151\/revisions"}],"predecessor-version":[{"id":35557,"href":"https:\/\/www.efaflex.com\/fr\/wp-json\/wp\/v2\/pages\/21151\/revisions\/35557"}],"up":[{"embeddable":true,"href":"https:\/\/www.efaflex.com\/fr\/wp-json\/wp\/v2\/pages\/21142"}],"wp:attachment":[{"href":"https:\/\/www.efaflex.com\/fr\/wp-json\/wp\/v2\/media?parent=21151"}],"wp:term":[{"taxonomy":"category","embeddable":true,"href":"https:\/\/www.efaflex.com\/fr\/wp-json\/wp\/v2\/categories?post=21151"},{"taxonomy":"post_tag","embeddable":true,"href":"https:\/\/www.efaflex.com\/fr\/wp-json\/wp\/v2\/tags?post=21151"}],"curies":[{"name":"wp","href":"https:\/\/api.w.org\/{rel}","templated":true}]}}