{"id":22205,"date":"2022-05-10T10:11:36","date_gmt":"2022-05-10T08:11:36","guid":{"rendered":"https:\/\/www.efaflex.com\/imprint\/"},"modified":"2026-01-13T10:39:01","modified_gmt":"2026-01-13T09:39:01","slug":"imprint","status":"publish","type":"page","link":"https:\/\/www.efaflex.com\/fr\/imprint\/","title":{"rendered":"Mentions l\u00e9gales"},"content":{"rendered":"\n<div style=\"height:100px\" aria-hidden=\"true\" class=\"wp-block-spacer\"><\/div>\n\n\n\n<h1 class=\"wp-block-heading\">Mentions l\u00e9gales de EFAFLEX<\/h1>\n\n\n\n<p>EFAFLEX Tor- und Sicherheitssysteme GmbH &amp; Co. KG<br>Fliederstra\u00dfe 14<br>84079 Bruckberg \/ Allemagne<br>Tel.: 0049 8765 820<br>E-mail: info@efaflex.com<br>Associ\u00e9 commandit\u00e9&nbsp;:<br>EFAFLEX Tor- und Sicherheitssysteme Verwaltungs GmbH<br>G\u00e9rants autoris\u00e9s \u00e0 repr\u00e9senter l\u2019entreprise&nbsp;: M.&nbsp;Hans-J\u00f6rg&nbsp;Kremser, M.&nbsp;Florian&nbsp;Anzeneder<\/p>\n\n\n\n<p><\/p>\n\n\n\n<p>Tribunal charg\u00e9 de la tenue du registre&nbsp;: Landshut<br>Num\u00e9ro d\u2019inscription au registre&nbsp;: HRB&nbsp;4706&nbsp;\/&nbsp;HRA&nbsp;8020<br>N\u00b0&nbsp;DEEE&nbsp;: DE&nbsp;57265556<br>Num\u00e9ro d\u2019identification TVA conform\u00e9ment \u00e0 l\u2019article&nbsp;27 de la UStG [l\u00e9gislation allemande sur la TVA]&nbsp;: DE&nbsp;812535764 <\/p>\n\n\n\n<p><strong>Responsable du contenu<br><\/strong>Responsable du contenu conform\u00e9ment \u00e0 l\u2019article&nbsp;5 de la DGG [l\u00e9gislation allemande sur les services num\u00e9riques]&nbsp;: EFAFLEX Tor- und Sicherheitssysteme GmbH&nbsp;&amp;&nbsp;Co.&nbsp;KG<\/p>\n\n\n\n<h2 class=\"wp-block-heading\">Conditions g\u00e9n\u00e9rales de vente<\/h2>\n\n\n\n<p>Vous trouverez nos CGV \u00e0 la\u00a0<a href=\"https:\/\/www.efaflex.com\/fr\/agb\/\">page\u00a0CGV<\/a>.<\/p>\n\n\n\n<h2 class=\"wp-block-heading\">Avis l\u00e9gal<\/h2>\n\n\n\n<p>La soci\u00e9t\u00e9 EFAFLEX Tor- und Sicherheitsssysteme GmbH&nbsp;&amp;&nbsp;Co.&nbsp;KG v\u00e9rifie et met \u00e0 jour en permanence les informations publi\u00e9es sur son site&nbsp;Web. Malgr\u00e9 tout le soin apport\u00e9, les donn\u00e9es peuvent avoir chang\u00e9. Nous ne sommes donc pas en mesure de garantir l\u2019actualit\u00e9, l\u2019exactitude et l\u2019exhaustivit\u00e9 des informations fournies.<br>Il en va de m\u00eame pour tous les autres sites&nbsp;Web auxquels il est fait r\u00e9f\u00e9rence par lien hypertexte. La soci\u00e9t\u00e9 EFAFLEX Tor- und Sicherheitsssysteme GmbH&nbsp;&amp;&nbsp;Co.&nbsp;KG n\u2019est pas responsable du contenu des sites&nbsp;Web accessibles via de tels liens.<br><br>En outre, la soci\u00e9t\u00e9 EFAFLEX Tor- und Sicherheitsssysteme GmbH&nbsp;&amp;&nbsp;Co.&nbsp;KG se r\u00e9serve le droit d\u2019apporter des modifications ou des ajouts aux informations fournies.<br><br>Le contenu et la structure du site&nbsp;Web EFAFLEX sont prot\u00e9g\u00e9s par le droit d\u2019auteur.<br><br>\u00a9 EFAFLEX Tor- und Sicherheitssysteme GmbH &amp; Co. KG, D-84079 Bruckberg<br><\/p>\n\n\n\n<h2 class=\"wp-block-heading\">Cr\u00e9dits d\u2019images<\/h2>\n\n\n\n<p><strong>iStock<\/strong><\/p>\n\n\n\n<p>\u00a9iStock.com\/industryview (942164000, 941391886)<br>\u00a9iStock.com\/eclipse_images (877709302)<br>\u00a9iStock.com\/GA161076 (970028456)<br>\u00a9iStock.com\/alvarez (1150572097, 1020484974, 1210182380)<br>\u00a9iStock.com\/7postman (186678868)<br>\u00a9iStock.com\/gilaxia (937775554)<br>\u00a9iStock.com\/Drazen-Zigic (1152648684, 1151857241)<br>\u00a9iStock.com\/Siam-Virachitevin (1330673199)<br>\u00a9iStock.com\/gorodenkoff (1367303257)<br>\u00a9iStock.com\/Jay-Yuno (1149529036)<br>\u00a9iStock.com\/skynesher (1329457625, 1002018094, 1364149635)<br>\u00a9iStock.com\/AzmanL (1338554612)<br>\u00a9iStock.com\/FG-Trade (1356386941)<br>\u00a9iStock.com\/Sam-Edwards (167890336)<br>\u00a9iStock.com\/ferrantraite (949490872)<br>\u00a9iStock.com\/Devenorr (1208877001)<br>\u00a9iStock.com\/gremlin (1179434300)<br>\u00a9iStock.com\/Morsa-Images (923222068)<br>\u00a9iStock.com\/AJ_Watt (612854434)<br>\u00a9iStock.com\/Warchi (1351472483)<br>\u00a9iStock.com\/RossHelen (1189488073)<br>\u00a9iStock.com\/hamzaturkkol (184141620)<br>\u00a9iStock.com\/metamorworks (1032516708)<br>\u00a9iStock.com\/Deklofenak (1145430146)<br>\u00a9iStock.com\/nd3000 (850817850)<br>\u00a9iStock.com\/TommL (1014150688)<br>\u00a9iStock.com\/Boris-Jovanovic (1192303836)<br>\u00a9iStock.com\/Halfpoint (1212543391)<br>\u00a9iStock.com\/VioletaStoimenova (1365436662)<br>\u00a9iStock.com\/shapecharge (1185859198)<br>\u00a9iStock.com\/Xavier-Arnau (607463118)<br>\u00a9iStock.com\/Drazen_ (1323558253)<\/p>\n","protected":false},"excerpt":{"rendered":"<p>Mentions l\u00e9gales de EFAFLEX EFAFLEX Tor- und Sicherheitssysteme GmbH &amp; Co. KGFliederstra\u00dfe 1484079 Bruckberg \/ AllemagneTel.: 0049 8765 820E-mail: info@efaflex.comAssoci\u00e9 commandit\u00e9&nbsp;:EFAFLEX Tor- und Sicherheitssysteme Verwaltungs GmbHG\u00e9rants autoris\u00e9s \u00e0 repr\u00e9senter l\u2019entreprise&nbsp;: M.&nbsp;Hans-J\u00f6rg&nbsp;Kremser, M.&nbsp;Florian&nbsp;Anzeneder Tribunal charg\u00e9 de la tenue du registre&nbsp;: LandshutNum\u00e9ro d\u2019inscription au registre&nbsp;: HRB&nbsp;4706&nbsp;\/&nbsp;HRA&nbsp;8020N\u00b0&nbsp;DEEE&nbsp;: DE&nbsp;57265556Num\u00e9ro d\u2019identification TVA conform\u00e9ment \u00e0 l\u2019article&nbsp;27 de la UStG [l\u00e9gislation allemande [&hellip;]<\/p>\n","protected":false},"author":4,"featured_media":0,"parent":0,"menu_order":109,"comment_status":"closed","ping_status":"closed","template":"","meta":{"_acf_changed":false,"footnotes":""},"categories":[],"tags":[],"class_list":["post-22205","page","type-page","status-publish","hentry"],"acf":[],"_links":{"self":[{"href":"https:\/\/www.efaflex.com\/fr\/wp-json\/wp\/v2\/pages\/22205","targetHints":{"allow":["GET"]}}],"collection":[{"href":"https:\/\/www.efaflex.com\/fr\/wp-json\/wp\/v2\/pages"}],"about":[{"href":"https:\/\/www.efaflex.com\/fr\/wp-json\/wp\/v2\/types\/page"}],"author":[{"embeddable":true,"href":"https:\/\/www.efaflex.com\/fr\/wp-json\/wp\/v2\/users\/4"}],"replies":[{"embeddable":true,"href":"https:\/\/www.efaflex.com\/fr\/wp-json\/wp\/v2\/comments?post=22205"}],"version-history":[{"count":6,"href":"https:\/\/www.efaflex.com\/fr\/wp-json\/wp\/v2\/pages\/22205\/revisions"}],"predecessor-version":[{"id":35623,"href":"https:\/\/www.efaflex.com\/fr\/wp-json\/wp\/v2\/pages\/22205\/revisions\/35623"}],"wp:attachment":[{"href":"https:\/\/www.efaflex.com\/fr\/wp-json\/wp\/v2\/media?parent=22205"}],"wp:term":[{"taxonomy":"category","embeddable":true,"href":"https:\/\/www.efaflex.com\/fr\/wp-json\/wp\/v2\/categories?post=22205"},{"taxonomy":"post_tag","embeddable":true,"href":"https:\/\/www.efaflex.com\/fr\/wp-json\/wp\/v2\/tags?post=22205"}],"curies":[{"name":"wp","href":"https:\/\/api.w.org\/{rel}","templated":true}]}}