{"id":26959,"date":"2023-04-13T11:59:18","date_gmt":"2023-04-13T09:59:18","guid":{"rendered":"https:\/\/www.efaflex.com\/pressebereich\/"},"modified":"2026-01-07T10:32:41","modified_gmt":"2026-01-07T09:32:41","slug":"presser","status":"publish","type":"page","link":"https:\/\/www.efaflex.com\/fr\/presser\/","title":{"rendered":"Presser"},"content":{"rendered":"\r\n\r\n<div id=\"breadcrump-block_a3cb69ca9c6b5587422d7f94108dc940\" class=\"inner\">\r\n        <nav class=\"breadcrumb\"><a href=\"https:\/\/www.efaflex.com\/fr\/\">Page d&#8217;accueil<\/a> \/ <span class=\"current-page\">Page<\/span><\/nav>    <\/div>\n\n\n<div style=\"height:100px\" aria-hidden=\"true\" class=\"wp-block-spacer\"><\/div>\n\n\n\r\n\r\n<div id=\"textmodul-3-spalten-block_7a925e390fd9091f2f8ab992e3c4c8fb\" class=\"textmodul-3-spalten\">\r\n    <div class=\"inner\">\r\n        <div class=\"custom-flex-box\">\r\n                            <h1 class=\"flex-box-thirty break headline-two\">Espace presse EFAFLEX.<\/h1>                        <div class=\"flex-box-thirty\"><p>Vous trouverez ici des communiqu\u00e9s de presse, des dossiers de presse et des photos de presse. Pour toute question ou remarque, n&#8217;h\u00e9sitez pas \u00e0 nous contacter \u00e0 l&#8217;adresse suivante <a href=\"mailto:news@efaflex.com\">news@efaflex.com<\/a>.<\/p>\n<\/div>\r\n            <div class=\"flex-box-thirty\"><\/div>\r\n        <\/div>\r\n    <\/div>\r\n<\/div>\r\n\n\n\n<div style=\"height:100px\" aria-hidden=\"true\" class=\"wp-block-spacer\"><\/div>\n\n\n\n<h2 class=\"wp-block-heading\">Derniers communiqu\u00e9s de presse<\/h2>\n\n\n\n<div style=\"height:100px\" aria-hidden=\"true\" class=\"wp-block-spacer\"><\/div>\n\n\n\r\n<div class=\"inner presse-blog-container\">\r\n    <section id=\"primary\">\r\n        <div id=\"content\" role=\"main\">\r\n            <div class=\"filter filter--news\">\r\n                <form action=\"\">\r\n\r\n                    <select name=\"jahr\" id=\"year\">\r\n                        <option value=\"*\" selected>\r\n                            Toutes les ann\u00e9es                        <\/option>\r\n                                                    <option value=\"2025\">2025<\/option>\r\n                                                    <option value=\"2024\">2024<\/option>\r\n                                            <\/select>\r\n\r\n                    <a class=\"button search-reset\" id=\"reset-filter-button\">\r\n                        R\u00e9initialiser la recherche                    <\/a>\r\n\r\n                <\/form>\r\n            <\/div>\r\n\r\n\t\t\t\r\n            <!-- Hier werden die per Ajax geladenen Artikel ausgegeben. Siehe Dateien in \"assets\/js\/blog-features\" -->\r\n            <div id='articles-target-container'><\/div>\r\n\r\n            <div class=\"load-more-articles-button-container\">\r\n                <button id=\"load-more-articles-button\" class=\"load-more-articles-button\">\r\n\t\t\t\t\tCharger plus                <\/button>\r\n            <\/div>\r\n\r\n        <\/div>\r\n    <\/section>\r\n<\/div>\n\n\r\n<div id=\"bild-modul-1-3-quicklink-block_dff541846aab648f3d035606faac0e88\" class=\"bild-modul-1-3-quicklink\">\r\n    <div class=\"inner\">\r\n                <h2>Zone de t\u00e9l\u00e9chargement<\/h2>\r\n                <div class=\"custom-flex-box\">\r\n                                                                                                                                    <div class=\"flex-box-thirty bild-modul\">\r\n                                                                                                                    <a class=\"bild-link\" href=\"https:\/\/www.efaflex.com\/fr\/presser\/images-de-presse\/\">\r\n                                                                                                                                                                                                            <img decoding=\"async\" width=\"520\" height=\"720\" src=\"https:\/\/www.efaflex.com\/wp-content\/uploads\/2022\/07\/Efaflex-_neues_bu\u0308rogeba\u0308ude_20-520x720.jpg\" class=\"attachment-bild-modul-1-3-quicklink size-bild-modul-1-3-quicklink\" alt=\"\" \/>                                                                                <h2>Images de presse<\/h2>\r\n                                                                                    <div class=\"bild-modul-1-3-quicklink--linktext load-more-button\">\r\n                                               Voir les images de presse                                            <\/div>\r\n                                                                                <div class=\"bild-modul-1-3-quicklink--background\"><\/div>\r\n                                                                                         <\/a>\r\n                                                                            <\/div>\r\n                                                    \r\n                                                                                                                                                <div class=\"flex-box-thirty bild-modul\">\r\n                                                                                                                    <a class=\"bild-link\" href=\"https:\/\/www.efaflex.com\/fr\/presser\/dossiers-de-presse-en-allemand\/\">\r\n                                                                                                                                                                                                            <img decoding=\"async\" width=\"520\" height=\"720\" src=\"https:\/\/www.efaflex.com\/wp-content\/uploads\/2022\/07\/titelbild-welt-der-tore-prospekt-520x720.jpg\" class=\"attachment-bild-modul-1-3-quicklink size-bild-modul-1-3-quicklink\" alt=\"\" \/>                                                                                <h2>Dossiers de presse en allemand<\/h2>\r\n                                                                                    <div class=\"bild-modul-1-3-quicklink--linktext load-more-button\">\r\n                                               Voir les dossiers de presse                                            <\/div>\r\n                                                                                <div class=\"bild-modul-1-3-quicklink--background\"><\/div>\r\n                                                                                         <\/a>\r\n                                                                            <\/div>\r\n                                                    \r\n                                                                                                                                                <div class=\"flex-box-thirty bild-modul\">\r\n                                                                                                                    <a class=\"bild-link\" href=\"https:\/\/www.efaflex.com\/fr\/presser\/dossiers-de-presse-en-anglais\/\">\r\n                                                                                                                                                                                                            <img decoding=\"async\" width=\"520\" height=\"720\" src=\"https:\/\/www.efaflex.com\/wp-content\/uploads\/2022\/07\/titelbild-welt-der-tore-prospekt-520x720.jpg\" class=\"attachment-bild-modul-1-3-quicklink size-bild-modul-1-3-quicklink\" alt=\"\" \/>                                                                                <h2>Dossiers de presse en anglais<\/h2>\r\n                                                                                    <div class=\"bild-modul-1-3-quicklink--linktext load-more-button\">\r\n                                               Voir les dossiers de presse                                            <\/div>\r\n                                                                                <div class=\"bild-modul-1-3-quicklink--background\"><\/div>\r\n                                                                                         <\/a>\r\n                                                                            <\/div>\r\n                                                    \r\n                                                            <\/div>\r\n    <\/div>\r\n<\/div>\n\n\n<div style=\"height:100px\" aria-hidden=\"true\" class=\"wp-block-spacer\"><\/div>\n","protected":false},"excerpt":{"rendered":"<p>Derniers communiqu\u00e9s de presse<\/p>\n","protected":false},"author":6,"featured_media":0,"parent":0,"menu_order":83,"comment_status":"closed","ping_status":"closed","template":"","meta":{"_acf_changed":false,"footnotes":""},"categories":[],"tags":[],"class_list":["post-26959","page","type-page","status-publish","hentry"],"acf":[],"_links":{"self":[{"href":"https:\/\/www.efaflex.com\/fr\/wp-json\/wp\/v2\/pages\/26959","targetHints":{"allow":["GET"]}}],"collection":[{"href":"https:\/\/www.efaflex.com\/fr\/wp-json\/wp\/v2\/pages"}],"about":[{"href":"https:\/\/www.efaflex.com\/fr\/wp-json\/wp\/v2\/types\/page"}],"author":[{"embeddable":true,"href":"https:\/\/www.efaflex.com\/fr\/wp-json\/wp\/v2\/users\/6"}],"replies":[{"embeddable":true,"href":"https:\/\/www.efaflex.com\/fr\/wp-json\/wp\/v2\/comments?post=26959"}],"version-history":[{"count":5,"href":"https:\/\/www.efaflex.com\/fr\/wp-json\/wp\/v2\/pages\/26959\/revisions"}],"predecessor-version":[{"id":33746,"href":"https:\/\/www.efaflex.com\/fr\/wp-json\/wp\/v2\/pages\/26959\/revisions\/33746"}],"wp:attachment":[{"href":"https:\/\/www.efaflex.com\/fr\/wp-json\/wp\/v2\/media?parent=26959"}],"wp:term":[{"taxonomy":"category","embeddable":true,"href":"https:\/\/www.efaflex.com\/fr\/wp-json\/wp\/v2\/categories?post=26959"},{"taxonomy":"post_tag","embeddable":true,"href":"https:\/\/www.efaflex.com\/fr\/wp-json\/wp\/v2\/tags?post=26959"}],"curies":[{"name":"wp","href":"https:\/\/api.w.org\/{rel}","templated":true}]}}