{"id":27146,"date":"2023-04-13T12:05:37","date_gmt":"2023-04-13T10:05:37","guid":{"rendered":"https:\/\/www.efaflex.com\/presser\/images-de-presse\/pressebilder-ausbildung\/"},"modified":"2026-01-12T11:24:02","modified_gmt":"2026-01-12T10:24:02","slug":"images-de-presse-education","status":"publish","type":"page","link":"https:\/\/www.efaflex.com\/fr\/presser\/images-de-presse\/images-de-presse-education\/","title":{"rendered":"Images de presse \u00e9ducation"},"content":{"rendered":"\r\n\r\n<div id=\"breadcrump-block_1da193ed78ad0f59806c12e193f68a7f\" class=\"inner\">\r\n        <nav class=\"breadcrumb\"><a href=\"https:\/\/www.efaflex.com\/fr\/\">Page d&#8217;accueil<\/a> \/ <span class=\"current-page\">Page<\/span><\/nav>    <\/div>\n\n\n<div style=\"height:100px\" aria-hidden=\"true\" class=\"wp-block-spacer\"><\/div>\n\n\n\r\n\r\n<div id=\"textmodul-3-spalten-block_7b9ebcb6ee3304e5cf4aa2d80ac41ea4\" class=\"textmodul-3-spalten\">\r\n    <div class=\"inner\">\r\n        <div class=\"custom-flex-box\">\r\n                            <h1 class=\"flex-box-thirty break headline-two\">Images de presse \u00e9ducation<\/h1>                        <div class=\"flex-box-thirty\"><p>Nos images et vid\u00e9os peuvent \u00eatre t\u00e9l\u00e9charg\u00e9es ici.<\/p>\n<\/div>\r\n            <div class=\"flex-box-thirty\"><\/div>\r\n        <\/div>\r\n    <\/div>\r\n<\/div>\r\n\n\n\n<div style=\"height:100px\" aria-hidden=\"true\" class=\"wp-block-spacer\"><\/div>\n\n\n\r\n<div class=\"inner\">\r\n    <div id=\"bild-text-modul-1-4-block_b9e30454b72be60ac70e51951d374cd5\" class=\"themen-container custom-flex-box\">\r\n                                    <div class=\"thema-box flex-box-twentyfive\">\r\n                                            <div class=\"bild-box\">\r\n                                                                                                                    <img decoding=\"async\" width=\"1243\" height=\"966\" src=\"https:\/\/www.efaflex.com\/wp-content\/uploads\/2022\/07\/karriere_header.jpg\" class=\"attachment-thementease-thumbnail size-thementease-thumbnail\" alt=\"\" srcset=\"https:\/\/www.efaflex.com\/wp-content\/uploads\/2022\/07\/karriere_header.jpg 1243w, https:\/\/www.efaflex.com\/wp-content\/uploads\/2022\/07\/karriere_header-300x233.jpg 300w, https:\/\/www.efaflex.com\/wp-content\/uploads\/2022\/07\/karriere_header-1024x796.jpg 1024w, https:\/\/www.efaflex.com\/wp-content\/uploads\/2022\/07\/karriere_header-768x597.jpg 768w\" sizes=\"(max-width: 1243px) 100vw, 1243px\" \/>                                                    <\/div>\r\n                                        <h2 class=\"headline-two\">\r\n                                                    <span>\u00c9ducation<\/span>\r\n                                                                    <\/h2>\r\n                    <p class=\"normal-font\"><\/p>\r\n                                                                                                                                                                                                        <a href=\"https:\/\/www.efaflex.com\/wp-content\/uploads\/2023\/04\/efaflex-ausbildung-kaufmaennisch-web.jpg\" class=\"load-more-button\">\r\n                                    T\u00e9l\u00e9charger Web (72dpi)                                <\/a>\r\n                                                                                                                                                                        <a href=\"https:\/\/www.efaflex.com\/wp-content\/uploads\/2023\/04\/efaflex-ausbildung-kaufmaennisch.jpg\" class=\"load-more-button\">\r\n                                    T\u00e9l\u00e9charger Print (300dpi)                                <\/a>\r\n                                                                                        <\/div>\r\n                            <div class=\"thema-box flex-box-twentyfive\">\r\n                                            <div class=\"bild-box\">\r\n                                                                                                                    <img decoding=\"async\" width=\"1920\" height=\"1280\" src=\"https:\/\/www.efaflex.com\/wp-content\/uploads\/2023\/04\/7I2A6458.jpg\" class=\"attachment-thementease-thumbnail size-thementease-thumbnail\" alt=\"\" srcset=\"https:\/\/www.efaflex.com\/wp-content\/uploads\/2023\/04\/7I2A6458.jpg 1920w, https:\/\/www.efaflex.com\/wp-content\/uploads\/2023\/04\/7I2A6458-300x200.jpg 300w, https:\/\/www.efaflex.com\/wp-content\/uploads\/2023\/04\/7I2A6458-1024x683.jpg 1024w, https:\/\/www.efaflex.com\/wp-content\/uploads\/2023\/04\/7I2A6458-768x512.jpg 768w, https:\/\/www.efaflex.com\/wp-content\/uploads\/2023\/04\/7I2A6458-1536x1024.jpg 1536w, https:\/\/www.efaflex.com\/wp-content\/uploads\/2023\/04\/7I2A6458-382x254.jpg 382w\" sizes=\"(max-width: 1920px) 100vw, 1920px\" \/>                                                    <\/div>\r\n                                        <h2 class=\"headline-two\">\r\n                                                    <span>\u00c9ducation<\/span>\r\n                                                                    <\/h2>\r\n                    <p class=\"normal-font\"><\/p>\r\n                                                                                                                                                                                                        <a href=\"https:\/\/www.efaflex.com\/wp-content\/uploads\/2023\/04\/efaflex-ausbildung-gewerblich-web.jpg\" class=\"load-more-button\">\r\n                                    T\u00e9l\u00e9charger Web (72dpi)                                <\/a>\r\n                                                                                                                                                                        <a href=\"https:\/\/www.efaflex.com\/wp-content\/uploads\/2023\/04\/efaflex-ausbildung-gewerblich.jpg\" class=\"load-more-button\">\r\n                                    T\u00e9l\u00e9charger Print (300dpi)                                <\/a>\r\n                                                                                        <\/div>\r\n                            <div class=\"thema-box flex-box-twentyfive\">\r\n                                            <div class=\"bild-box\">\r\n                                                                                                                    <img decoding=\"async\" width=\"518\" height=\"306\" src=\"https:\/\/www.efaflex.com\/wp-content\/uploads\/2022\/07\/Rectangle-451.jpg\" class=\"attachment-thementease-thumbnail size-thementease-thumbnail\" alt=\"\" srcset=\"https:\/\/www.efaflex.com\/wp-content\/uploads\/2022\/07\/Rectangle-451.jpg 518w, https:\/\/www.efaflex.com\/wp-content\/uploads\/2022\/07\/Rectangle-451-300x177.jpg 300w\" sizes=\"(max-width: 518px) 100vw, 518px\" \/>                                                    <\/div>\r\n                                        <h2 class=\"headline-two\">\r\n                                                    <span>\u00c9ducation<\/span>\r\n                                                                    <\/h2>\r\n                    <p class=\"normal-font\"><\/p>\r\n                                                                                                                                                                                                        <a href=\"https:\/\/www.efaflex.com\/wp-content\/uploads\/2023\/04\/efaflex-ausbildung-hr-web.jpg\" class=\"load-more-button\">\r\n                                    T\u00e9l\u00e9charger Web (72dpi)                                <\/a>\r\n                                                                                                                                                                        <a href=\"https:\/\/www.efaflex.com\/wp-content\/uploads\/2023\/04\/efaflex-ausbildung-hr.jpg\" class=\"load-more-button\">\r\n                                    T\u00e9l\u00e9charger Print (300dpi)                                <\/a>\r\n                                                                                        <\/div>\r\n                            <div class=\"thema-box flex-box-twentyfive\">\r\n                                            <div class=\"bild-box\">\r\n                                                                                                                    <img decoding=\"async\" width=\"1243\" height=\"966\" src=\"https:\/\/www.efaflex.com\/wp-content\/uploads\/2022\/07\/Digitales_Tor_Tablet_A3-9-1.jpg\" class=\"attachment-thementease-thumbnail size-thementease-thumbnail\" alt=\"\" srcset=\"https:\/\/www.efaflex.com\/wp-content\/uploads\/2022\/07\/Digitales_Tor_Tablet_A3-9-1.jpg 1243w, https:\/\/www.efaflex.com\/wp-content\/uploads\/2022\/07\/Digitales_Tor_Tablet_A3-9-1-300x233.jpg 300w, https:\/\/www.efaflex.com\/wp-content\/uploads\/2022\/07\/Digitales_Tor_Tablet_A3-9-1-1024x796.jpg 1024w, https:\/\/www.efaflex.com\/wp-content\/uploads\/2022\/07\/Digitales_Tor_Tablet_A3-9-1-768x597.jpg 768w\" sizes=\"(max-width: 1243px) 100vw, 1243px\" \/>                                                    <\/div>\r\n                                        <h2 class=\"headline-two\">\r\n                                                    <span>\u00c9ducation<\/span>\r\n                                                                    <\/h2>\r\n                    <p class=\"normal-font\"><\/p>\r\n                                                                                                                                                                                                        <a href=\"https:\/\/www.efaflex.com\/wp-content\/uploads\/2023\/04\/efaflex-ausbildung-hr2-web.jpg\" class=\"load-more-button\">\r\n                                    T\u00e9l\u00e9charger Web (72dpi)                                <\/a>\r\n                                                                                                                                                                        <a href=\"https:\/\/www.efaflex.com\/wp-content\/uploads\/2023\/04\/efaflex-ausbildung-hr2.jpg\" class=\"load-more-button\">\r\n                                    T\u00e9l\u00e9charger Print (300dpi)                                <\/a>\r\n                                                                                        <\/div>\r\n                            <div class=\"thema-box flex-box-twentyfive\">\r\n                                            <div class=\"bild-box\">\r\n                                                                                                                    <img decoding=\"async\" width=\"1920\" height=\"1280\" src=\"https:\/\/www.efaflex.com\/wp-content\/uploads\/2024\/11\/7i2a6774.jpg\" class=\"attachment-thementease-thumbnail size-thementease-thumbnail\" alt=\"\" srcset=\"https:\/\/www.efaflex.com\/wp-content\/uploads\/2024\/11\/7i2a6774.jpg 1920w, https:\/\/www.efaflex.com\/wp-content\/uploads\/2024\/11\/7i2a6774-300x200.jpg 300w, https:\/\/www.efaflex.com\/wp-content\/uploads\/2024\/11\/7i2a6774-768x512.jpg 768w, https:\/\/www.efaflex.com\/wp-content\/uploads\/2024\/11\/7i2a6774-1024x683.jpg 1024w, https:\/\/www.efaflex.com\/wp-content\/uploads\/2024\/11\/7i2a6774-1536x1024.jpg 1536w, https:\/\/www.efaflex.com\/wp-content\/uploads\/2024\/11\/7i2a6774-382x254.jpg 382w\" sizes=\"(max-width: 1920px) 100vw, 1920px\" \/>                                                    <\/div>\r\n                                        <h2 class=\"headline-two\">\r\n                                                    <span>\u00c9ducation<\/span>\r\n                                                                    <\/h2>\r\n                    <p class=\"normal-font\"><\/p>\r\n                                                                                                                                                                                                        <a href=\"https:\/\/www.efaflex.com\/wp-content\/uploads\/2023\/04\/efaflex-ausbildung-service-web.jpg\" class=\"load-more-button\">\r\n                                    T\u00e9l\u00e9charger Web (72dpi)                                <\/a>\r\n                                                                                                                                                                        <a href=\"https:\/\/www.efaflex.com\/wp-content\/uploads\/2023\/04\/efaflex-ausbildung-service.jpg\" class=\"load-more-button\">\r\n                                    T\u00e9l\u00e9charger Print (300dpi)                                <\/a>\r\n                                                                                        <\/div>\r\n                            <div class=\"thema-box flex-box-twentyfive\">\r\n                                            <div class=\"bild-box\">\r\n                                                                                                                    <img decoding=\"async\" width=\"1008\" height=\"663\" src=\"https:\/\/www.efaflex.com\/wp-content\/uploads\/2022\/08\/best-practice-service-international-support-efaflex-1-e1704201360698.jpg\" class=\"attachment-thementease-thumbnail size-thementease-thumbnail\" alt=\"\" srcset=\"https:\/\/www.efaflex.com\/wp-content\/uploads\/2022\/08\/best-practice-service-international-support-efaflex-1-e1704201360698.jpg 1008w, https:\/\/www.efaflex.com\/wp-content\/uploads\/2022\/08\/best-practice-service-international-support-efaflex-1-e1704201360698-300x197.jpg 300w, https:\/\/www.efaflex.com\/wp-content\/uploads\/2022\/08\/best-practice-service-international-support-efaflex-1-e1704201360698-768x505.jpg 768w\" sizes=\"(max-width: 1008px) 100vw, 1008px\" \/>                                                    <\/div>\r\n                                        <h2 class=\"headline-two\">\r\n                                                    <span>\u00c9ducation<\/span>\r\n                                                                    <\/h2>\r\n                    <p class=\"normal-font\"><\/p>\r\n                                                                                                                                                                                                        <a href=\"https:\/\/www.efaflex.com\/wp-content\/uploads\/2023\/04\/efaflex-ausbildung-service2-web.jpg\" class=\"load-more-button\">\r\n                                    T\u00e9l\u00e9charger Web (72dpi)                                <\/a>\r\n                                                                                                                                                                        <a href=\"https:\/\/www.efaflex.com\/wp-content\/uploads\/2023\/04\/efaflex-ausbildung-service2.jpg\" class=\"load-more-button\">\r\n                                    T\u00e9l\u00e9charger Print (300dpi)                                <\/a>\r\n                                                                                        <\/div>\r\n                            <div class=\"thema-box flex-box-twentyfive\">\r\n                                            <div class=\"bild-box\">\r\n                                                                                                                    <img decoding=\"async\" width=\"1920\" height=\"1092\" src=\"https:\/\/www.efaflex.com\/wp-content\/uploads\/2023\/04\/DSC_9822_ret.jpg\" class=\"attachment-thementease-thumbnail size-thementease-thumbnail\" alt=\"\" srcset=\"https:\/\/www.efaflex.com\/wp-content\/uploads\/2023\/04\/DSC_9822_ret.jpg 1920w, https:\/\/www.efaflex.com\/wp-content\/uploads\/2023\/04\/DSC_9822_ret-300x171.jpg 300w, https:\/\/www.efaflex.com\/wp-content\/uploads\/2023\/04\/DSC_9822_ret-1024x582.jpg 1024w, https:\/\/www.efaflex.com\/wp-content\/uploads\/2023\/04\/DSC_9822_ret-768x437.jpg 768w, https:\/\/www.efaflex.com\/wp-content\/uploads\/2023\/04\/DSC_9822_ret-1536x874.jpg 1536w\" sizes=\"(max-width: 1920px) 100vw, 1920px\" \/>                                                    <\/div>\r\n                                        <h2 class=\"headline-two\">\r\n                                                    <span>\u00c9ducation<\/span>\r\n                                                                    <\/h2>\r\n                    <p class=\"normal-font\"><\/p>\r\n                                                                                                                                                                                                        <a href=\"https:\/\/www.efaflex.com\/wp-content\/uploads\/2023\/04\/efaflex-ausbildung-it-web.jpg\" class=\"load-more-button\">\r\n                                    T\u00e9l\u00e9charger Web (72dpi)                                <\/a>\r\n                                                                                                                                                                        <a href=\"https:\/\/www.efaflex.com\/wp-content\/uploads\/2023\/04\/efaflex-ausbildung-it.jpg\" class=\"load-more-button\">\r\n                                    T\u00e9l\u00e9charger Print (300dpi)                                <\/a>\r\n                                                                                        <\/div>\r\n                            <div class=\"thema-box flex-box-twentyfive\">\r\n                                            <div class=\"bild-box\">\r\n                                                                                                                    <img decoding=\"async\" width=\"1488\" height=\"1281\" src=\"https:\/\/www.efaflex.com\/wp-content\/uploads\/2022\/10\/schueler-berufsausbildung-karriere-efaflex-headerbild-e1666099729376.jpg\" class=\"attachment-thementease-thumbnail size-thementease-thumbnail\" alt=\"Ausbildung bei Efaflex\" srcset=\"https:\/\/www.efaflex.com\/wp-content\/uploads\/2022\/10\/schueler-berufsausbildung-karriere-efaflex-headerbild-e1666099729376.jpg 1488w, https:\/\/www.efaflex.com\/wp-content\/uploads\/2022\/10\/schueler-berufsausbildung-karriere-efaflex-headerbild-e1666099729376-300x258.jpg 300w, https:\/\/www.efaflex.com\/wp-content\/uploads\/2022\/10\/schueler-berufsausbildung-karriere-efaflex-headerbild-e1666099729376-1024x882.jpg 1024w, https:\/\/www.efaflex.com\/wp-content\/uploads\/2022\/10\/schueler-berufsausbildung-karriere-efaflex-headerbild-e1666099729376-768x661.jpg 768w\" sizes=\"(max-width: 1488px) 100vw, 1488px\" \/>                                                    <\/div>\r\n                                        <h2 class=\"headline-two\">\r\n                                                    <span>\u00c9ducation<\/span>\r\n                                                                    <\/h2>\r\n                    <p class=\"normal-font\"><\/p>\r\n                                                                                                                                                                                                        <a href=\"https:\/\/www.efaflex.com\/wp-content\/uploads\/2023\/04\/efaflex-ausbildung-it-server-web.jpg\" class=\"load-more-button\">\r\n                                    T\u00e9l\u00e9charger Web (72dpi)                                <\/a>\r\n                                                                                                                                                                        <a href=\"https:\/\/www.efaflex.com\/wp-content\/uploads\/2023\/04\/efaflex-ausbildung-it-server.jpg\" class=\"load-more-button\">\r\n                                    T\u00e9l\u00e9charger Print (300dpi)                                <\/a>\r\n                                                                                        <\/div>\r\n                        <\/div>\r\n<\/div>\n\n\n<div style=\"height:100px\" aria-hidden=\"true\" class=\"wp-block-spacer\"><\/div>\n","protected":false},"excerpt":{"rendered":"","protected":false},"author":6,"featured_media":0,"parent":21033,"menu_order":0,"comment_status":"closed","ping_status":"closed","template":"","meta":{"_acf_changed":false,"footnotes":""},"categories":[],"tags":[],"class_list":["post-27146","page","type-page","status-publish","hentry"],"acf":[],"_links":{"self":[{"href":"https:\/\/www.efaflex.com\/fr\/wp-json\/wp\/v2\/pages\/27146","targetHints":{"allow":["GET"]}}],"collection":[{"href":"https:\/\/www.efaflex.com\/fr\/wp-json\/wp\/v2\/pages"}],"about":[{"href":"https:\/\/www.efaflex.com\/fr\/wp-json\/wp\/v2\/types\/page"}],"author":[{"embeddable":true,"href":"https:\/\/www.efaflex.com\/fr\/wp-json\/wp\/v2\/users\/6"}],"replies":[{"embeddable":true,"href":"https:\/\/www.efaflex.com\/fr\/wp-json\/wp\/v2\/comments?post=27146"}],"version-history":[{"count":3,"href":"https:\/\/www.efaflex.com\/fr\/wp-json\/wp\/v2\/pages\/27146\/revisions"}],"predecessor-version":[{"id":35603,"href":"https:\/\/www.efaflex.com\/fr\/wp-json\/wp\/v2\/pages\/27146\/revisions\/35603"}],"up":[{"embeddable":true,"href":"https:\/\/www.efaflex.com\/fr\/wp-json\/wp\/v2\/pages\/21033"}],"wp:attachment":[{"href":"https:\/\/www.efaflex.com\/fr\/wp-json\/wp\/v2\/media?parent=27146"}],"wp:term":[{"taxonomy":"category","embeddable":true,"href":"https:\/\/www.efaflex.com\/fr\/wp-json\/wp\/v2\/categories?post=27146"},{"taxonomy":"post_tag","embeddable":true,"href":"https:\/\/www.efaflex.com\/fr\/wp-json\/wp\/v2\/tags?post=27146"}],"curies":[{"name":"wp","href":"https:\/\/api.w.org\/{rel}","templated":true}]}}